{"id":6471,"date":"2026-04-30T17:45:19","date_gmt":"2026-04-30T09:45:19","guid":{"rendered":"https:\/\/yutaimachinery.com\/?post_type=product&#038;p=6471"},"modified":"2026-04-30T18:51:06","modified_gmt":"2026-04-30T10:51:06","slug":"ceramic-dry-machine","status":"publish","type":"product","link":"https:\/\/yutaimachinery.com\/pt\/product\/ceramic-dry-machine\/","title":{"rendered":"M\u00e1quina de secagem de cer\u00e2mica industrial para cer\u00e2mica de mesa galvanizada"},"content":{"rendered":"<div class=\"wp-block-columns is-layout-flex wp-container-core-columns-is-layout-9d6595d7 wp-block-columns-is-layout-flex\">\n<div class=\"wp-block-column is-layout-flow wp-block-column-is-layout-flow\">\n<h2 class=\"wp-block-heading\">M\u00e1quina de secagem de cer\u00e2mica Carater\u00edsticas:<\/h2>\n\n\n\n<p><strong>Optimizado para fluxos de trabalho de galvanoplastia:<\/strong> Concebido para lidar com os requisitos delicados de secagem de i\u00f5es met\u00e1licos e esmaltes condutores, evitando a oxida\u00e7\u00e3o ou manchas durante o processo de cura.<\/p>\n\n\n\n<p><strong>Controlo preciso da temperatura:<\/strong> Equipada com um sistema de controlo digital PID inteligente, proporciona uma distribui\u00e7\u00e3o uniforme do calor para garantir uma cor e uma ades\u00e3o consistentes em todas as pe\u00e7as.<\/p>\n\n\n\n<p><strong>Compatibilidade com racks rotativos de grande volume:<\/strong> O interior espa\u00e7oso foi concebido para acomodar estantes rotativas industriais (como mostrado nas imagens), permitindo uma circula\u00e7\u00e3o de ar de 360\u00b0 e um rendimento m\u00e1ximo.<\/p>\n\n\n\n<p><strong>Isolamento com efici\u00eancia energ\u00e9tica:<\/strong> Os pain\u00e9is de isolamento de alta densidade e resistentes minimizam a perda de calor, reduzindo os custos operacionais e mantendo um ambiente interno est\u00e1vel.<\/p>\n\n\n\n<p><strong>Constru\u00e7\u00e3o industrial robusta:<\/strong> Possui uma estrutura de a\u00e7o refor\u00e7ada e um mecanismo de bloqueio seguro, concebido para ambientes de produ\u00e7\u00e3o cont\u00ednua 24 horas por dia, 7 dias por semana.<\/p>\n\n\n\n<h2 class=\"wp-block-heading\">Aplica\u00e7\u00e3o da m\u00e1quina de secagem de cer\u00e2mica<\/h2>\n\n\n\n<ul class=\"wp-block-list\">\n<li>Ch\u00e1venas de caf\u00e9 expresso com acabamento dourado<\/li>\n\n\n\n<li>Servi\u00e7o de jantar em esmeralda com vidro met\u00e1lico<\/li>\n\n\n\n<li>Ta\u00e7as e travessas Luster-Ware<\/li>\n\n\n\n<li>Cura de camadas condutoras para galvanoplastia de cer\u00e2mica<\/li>\n<\/ul>\n<\/div>\n\n\n\n<div class=\"wp-block-column is-layout-flow wp-block-column-is-layout-flow\"><div class=\"wp-block-image\">\n<figure class=\"aligncenter size-full\"><img fetchpriority=\"high\" decoding=\"async\" width=\"800\" height=\"800\" src=\"https:\/\/yutaimachinery.com\/wp-content\/uploads\/2026\/04\/Ceramic-Drying-Machine-for-Electroplated-Tableware-Ceramics-1.webp\" alt=\"M\u00e1quina de secagem de cer\u00e2mica industrial para cer\u00e2mica de mesa galvanizada\" class=\"wp-image-6472\" title=\"\" srcset=\"https:\/\/yutaimachinery.com\/wp-content\/uploads\/2026\/04\/Ceramic-Drying-Machine-for-Electroplated-Tableware-Ceramics-1.webp 800w, https:\/\/yutaimachinery.com\/wp-content\/uploads\/2026\/04\/Ceramic-Drying-Machine-for-Electroplated-Tableware-Ceramics-1-300x300.webp 300w, https:\/\/yutaimachinery.com\/wp-content\/uploads\/2026\/04\/Ceramic-Drying-Machine-for-Electroplated-Tableware-Ceramics-1-150x150.webp 150w, https:\/\/yutaimachinery.com\/wp-content\/uploads\/2026\/04\/Ceramic-Drying-Machine-for-Electroplated-Tableware-Ceramics-1-768x768.webp 768w, https:\/\/yutaimachinery.com\/wp-content\/uploads\/2026\/04\/Ceramic-Drying-Machine-for-Electroplated-Tableware-Ceramics-1-12x12.webp 12w, https:\/\/yutaimachinery.com\/wp-content\/uploads\/2026\/04\/Ceramic-Drying-Machine-for-Electroplated-Tableware-Ceramics-1-285x285.webp 285w, https:\/\/yutaimachinery.com\/wp-content\/uploads\/2026\/04\/Ceramic-Drying-Machine-for-Electroplated-Tableware-Ceramics-1-270x270.webp 270w, https:\/\/yutaimachinery.com\/wp-content\/uploads\/2026\/04\/Ceramic-Drying-Machine-for-Electroplated-Tableware-Ceramics-1-540x540.webp 540w, https:\/\/yutaimachinery.com\/wp-content\/uploads\/2026\/04\/Ceramic-Drying-Machine-for-Electroplated-Tableware-Ceramics-1-660x660.webp 660w\" sizes=\"(max-width: 800px) 100vw, 800px\" \/><\/figure>\n<\/div><\/div>\n<\/div>\n\n\n\n<div class=\"wp-block-columns is-layout-flex wp-container-core-columns-is-layout-9d6595d7 wp-block-columns-is-layout-flex\">\n<div class=\"wp-block-column is-layout-flow wp-block-column-is-layout-flow\">\n<figure class=\"wp-block-image size-full\"><img decoding=\"async\" width=\"800\" height=\"800\" src=\"https:\/\/yutaimachinery.com\/wp-content\/uploads\/2026\/04\/Ceramic-Drying-Machine-for-Electroplated-Tableware-Ceramics-4.webp\" alt=\"M\u00e1quina de secagem de cer\u00e2mica industrial para cer\u00e2mica de mesa galvanizada\" class=\"wp-image-6475\" title=\"\" srcset=\"https:\/\/yutaimachinery.com\/wp-content\/uploads\/2026\/04\/Ceramic-Drying-Machine-for-Electroplated-Tableware-Ceramics-4.webp 800w, https:\/\/yutaimachinery.com\/wp-content\/uploads\/2026\/04\/Ceramic-Drying-Machine-for-Electroplated-Tableware-Ceramics-4-300x300.webp 300w, https:\/\/yutaimachinery.com\/wp-content\/uploads\/2026\/04\/Ceramic-Drying-Machine-for-Electroplated-Tableware-Ceramics-4-150x150.webp 150w, https:\/\/yutaimachinery.com\/wp-content\/uploads\/2026\/04\/Ceramic-Drying-Machine-for-Electroplated-Tableware-Ceramics-4-768x768.webp 768w, https:\/\/yutaimachinery.com\/wp-content\/uploads\/2026\/04\/Ceramic-Drying-Machine-for-Electroplated-Tableware-Ceramics-4-12x12.webp 12w, https:\/\/yutaimachinery.com\/wp-content\/uploads\/2026\/04\/Ceramic-Drying-Machine-for-Electroplated-Tableware-Ceramics-4-285x285.webp 285w, https:\/\/yutaimachinery.com\/wp-content\/uploads\/2026\/04\/Ceramic-Drying-Machine-for-Electroplated-Tableware-Ceramics-4-270x270.webp 270w, https:\/\/yutaimachinery.com\/wp-content\/uploads\/2026\/04\/Ceramic-Drying-Machine-for-Electroplated-Tableware-Ceramics-4-540x540.webp 540w, https:\/\/yutaimachinery.com\/wp-content\/uploads\/2026\/04\/Ceramic-Drying-Machine-for-Electroplated-Tableware-Ceramics-4-660x660.webp 660w\" sizes=\"(max-width: 800px) 100vw, 800px\" \/><\/figure>\n<\/div>\n\n\n\n<div class=\"wp-block-column is-layout-flow wp-block-column-is-layout-flow\">\n<figure class=\"wp-block-image size-full\"><img decoding=\"async\" width=\"800\" height=\"800\" src=\"https:\/\/yutaimachinery.com\/wp-content\/uploads\/2026\/04\/Ceramic-Drying-Machine-for-Electroplated-Tableware-Ceramics-5.webp\" alt=\"M\u00e1quina de secagem de cer\u00e2mica industrial para cer\u00e2mica de mesa galvanizada\" class=\"wp-image-6476\" title=\"\" srcset=\"https:\/\/yutaimachinery.com\/wp-content\/uploads\/2026\/04\/Ceramic-Drying-Machine-for-Electroplated-Tableware-Ceramics-5.webp 800w, https:\/\/yutaimachinery.com\/wp-content\/uploads\/2026\/04\/Ceramic-Drying-Machine-for-Electroplated-Tableware-Ceramics-5-300x300.webp 300w, https:\/\/yutaimachinery.com\/wp-content\/uploads\/2026\/04\/Ceramic-Drying-Machine-for-Electroplated-Tableware-Ceramics-5-150x150.webp 150w, https:\/\/yutaimachinery.com\/wp-content\/uploads\/2026\/04\/Ceramic-Drying-Machine-for-Electroplated-Tableware-Ceramics-5-768x768.webp 768w, https:\/\/yutaimachinery.com\/wp-content\/uploads\/2026\/04\/Ceramic-Drying-Machine-for-Electroplated-Tableware-Ceramics-5-12x12.webp 12w, https:\/\/yutaimachinery.com\/wp-content\/uploads\/2026\/04\/Ceramic-Drying-Machine-for-Electroplated-Tableware-Ceramics-5-285x285.webp 285w, https:\/\/yutaimachinery.com\/wp-content\/uploads\/2026\/04\/Ceramic-Drying-Machine-for-Electroplated-Tableware-Ceramics-5-270x270.webp 270w, https:\/\/yutaimachinery.com\/wp-content\/uploads\/2026\/04\/Ceramic-Drying-Machine-for-Electroplated-Tableware-Ceramics-5-540x540.webp 540w, https:\/\/yutaimachinery.com\/wp-content\/uploads\/2026\/04\/Ceramic-Drying-Machine-for-Electroplated-Tableware-Ceramics-5-660x660.webp 660w\" sizes=\"(max-width: 800px) 100vw, 800px\" \/><\/figure>\n<\/div>\n<\/div>\n\n\n\n<div class=\"wp-block-columns is-layout-flex wp-container-core-columns-is-layout-9d6595d7 wp-block-columns-is-layout-flex\">\n<div class=\"wp-block-column is-layout-flow wp-block-column-is-layout-flow\">\n<figure class=\"wp-block-image size-full\"><img loading=\"lazy\" decoding=\"async\" width=\"800\" height=\"800\" src=\"https:\/\/yutaimachinery.com\/wp-content\/uploads\/2026\/04\/Ceramic-Drying-Machine-for-Electroplated-Tableware-Ceramics-6.webp\" alt=\"M\u00e1quina de secagem de cer\u00e2mica industrial para cer\u00e2mica de mesa galvanizada\" class=\"wp-image-6477\" title=\"\" srcset=\"https:\/\/yutaimachinery.com\/wp-content\/uploads\/2026\/04\/Ceramic-Drying-Machine-for-Electroplated-Tableware-Ceramics-6.webp 800w, https:\/\/yutaimachinery.com\/wp-content\/uploads\/2026\/04\/Ceramic-Drying-Machine-for-Electroplated-Tableware-Ceramics-6-300x300.webp 300w, https:\/\/yutaimachinery.com\/wp-content\/uploads\/2026\/04\/Ceramic-Drying-Machine-for-Electroplated-Tableware-Ceramics-6-150x150.webp 150w, https:\/\/yutaimachinery.com\/wp-content\/uploads\/2026\/04\/Ceramic-Drying-Machine-for-Electroplated-Tableware-Ceramics-6-768x768.webp 768w, https:\/\/yutaimachinery.com\/wp-content\/uploads\/2026\/04\/Ceramic-Drying-Machine-for-Electroplated-Tableware-Ceramics-6-12x12.webp 12w, https:\/\/yutaimachinery.com\/wp-content\/uploads\/2026\/04\/Ceramic-Drying-Machine-for-Electroplated-Tableware-Ceramics-6-285x285.webp 285w, https:\/\/yutaimachinery.com\/wp-content\/uploads\/2026\/04\/Ceramic-Drying-Machine-for-Electroplated-Tableware-Ceramics-6-270x270.webp 270w, https:\/\/yutaimachinery.com\/wp-content\/uploads\/2026\/04\/Ceramic-Drying-Machine-for-Electroplated-Tableware-Ceramics-6-540x540.webp 540w, https:\/\/yutaimachinery.com\/wp-content\/uploads\/2026\/04\/Ceramic-Drying-Machine-for-Electroplated-Tableware-Ceramics-6-660x660.webp 660w\" sizes=\"(max-width: 800px) 100vw, 800px\" \/><\/figure>\n<\/div>\n\n\n\n<div class=\"wp-block-column is-layout-flow wp-block-column-is-layout-flow\">\n<figure class=\"wp-block-image size-full\"><img loading=\"lazy\" decoding=\"async\" width=\"800\" height=\"800\" src=\"https:\/\/yutaimachinery.com\/wp-content\/uploads\/2026\/04\/Ceramic-Drying-Machine-for-Electroplated-Tableware-Ceramics-7.webp\" alt=\"M\u00e1quina de secagem de cer\u00e2mica industrial para cer\u00e2mica de mesa galvanizada\" class=\"wp-image-6478\" title=\"\" srcset=\"https:\/\/yutaimachinery.com\/wp-content\/uploads\/2026\/04\/Ceramic-Drying-Machine-for-Electroplated-Tableware-Ceramics-7.webp 800w, https:\/\/yutaimachinery.com\/wp-content\/uploads\/2026\/04\/Ceramic-Drying-Machine-for-Electroplated-Tableware-Ceramics-7-300x300.webp 300w, https:\/\/yutaimachinery.com\/wp-content\/uploads\/2026\/04\/Ceramic-Drying-Machine-for-Electroplated-Tableware-Ceramics-7-150x150.webp 150w, https:\/\/yutaimachinery.com\/wp-content\/uploads\/2026\/04\/Ceramic-Drying-Machine-for-Electroplated-Tableware-Ceramics-7-768x768.webp 768w, https:\/\/yutaimachinery.com\/wp-content\/uploads\/2026\/04\/Ceramic-Drying-Machine-for-Electroplated-Tableware-Ceramics-7-12x12.webp 12w, https:\/\/yutaimachinery.com\/wp-content\/uploads\/2026\/04\/Ceramic-Drying-Machine-for-Electroplated-Tableware-Ceramics-7-285x285.webp 285w, https:\/\/yutaimachinery.com\/wp-content\/uploads\/2026\/04\/Ceramic-Drying-Machine-for-Electroplated-Tableware-Ceramics-7-270x270.webp 270w, https:\/\/yutaimachinery.com\/wp-content\/uploads\/2026\/04\/Ceramic-Drying-Machine-for-Electroplated-Tableware-Ceramics-7-540x540.webp 540w, https:\/\/yutaimachinery.com\/wp-content\/uploads\/2026\/04\/Ceramic-Drying-Machine-for-Electroplated-Tableware-Ceramics-7-660x660.webp 660w\" sizes=\"(max-width: 800px) 100vw, 800px\" \/><\/figure>\n<\/div>\n<\/div>","protected":false},"excerpt":{"rendered":"<p>Especificamente concebida para a ind\u00fastria de galvanoplastia, esta m\u00e1quina industrial de secagem de cer\u00e2mica de alta capacidade (forno de secagem) \u00e9 a companheira essencial para a produ\u00e7\u00e3o de lou\u00e7a de mesa de qualidade superior, com acabamento dourado e met\u00e1lico. Quer esteja a curar esmaltes de base ou a secar camadas de galvanoplastia de luxo, esta m\u00e1quina garante sempre um acabamento impec\u00e1vel e de alto brilho. Contacte-nos agora para obter um or\u00e7amento e solu\u00e7\u00f5es t\u00e9cnicas!<\/p>\n<h2>M\u00e1quina de secagem de cer\u00e2mica Par\u00e2metro:<\/h2>\n<table border=\"0\" width=\"144\" cellspacing=\"0\" cellpadding=\"0\">\n<tbody>\n<tr>\n<td width=\"72\" height=\"18\">Carater\u00edstica<\/td>\n<td width=\"72\">Descri\u00e7\u00e3o<\/td>\n<\/tr>\n<tr>\n<td height=\"18\">Aplica\u00e7\u00e3o<\/td>\n<td>Lou\u00e7a de cer\u00e2mica, Vidros galvanizados, Cura met\u00e1lica<\/td>\n<\/tr>\n<tr>\n<td height=\"18\">Fonte de aquecimento<\/td>\n<td>Compat\u00edvel com eletricidade \/ g\u00e1s (configur\u00e1vel)<\/td>\n<\/tr>\n<tr>\n<td height=\"18\">Sistema de controlo<\/td>\n<td>Controlador digital de temperatura PLC \/ PID<\/td>\n<\/tr>\n<tr>\n<td height=\"18\">Tipo de porta<\/td>\n<td>Balan\u00e7o manual para servi\u00e7o pesado com veda\u00e7\u00e3o industrial<\/td>\n<\/tr>\n<tr>\n<td height=\"18\">Circula\u00e7\u00e3o<\/td>\n<td>Convec\u00e7\u00e3o de ar for\u00e7ado para uniformidade<\/td>\n<\/tr>\n<tr>\n<td height=\"18\">Seguran\u00e7a<\/td>\n<td>Alarme de temperatura excessiva e desligamento autom\u00e1tico<\/td>\n<\/tr>\n<\/tbody>\n<\/table>\n<h2>Solu\u00e7\u00f5es personalizadas de m\u00e1quinas de limpeza por ultra-sons:<\/h2>\n<p><strong>Tamanhos personalizados<\/strong>: As dimens\u00f5es da caixa s\u00e3o personalizadas com base na altura da f\u00e1brica do cliente e nas necessidades di\u00e1rias de produ\u00e7\u00e3o.<\/p>\n<p><strong>Solu\u00e7\u00f5es de log\u00edstica<\/strong>: Para o com\u00e9rcio transfronteiri\u00e7o B2B, fornecemos embalagens refor\u00e7adas que cumprem as normas internacionais para garantir que n\u00e3o haja danos durante o transporte mar\u00edtimo.<\/p>\n<p><strong>Fornecimento de pe\u00e7as sobressalentes a longo prazo<\/strong>: Fornecemos um stock normalizado de pe\u00e7as facilmente danificadas, tais como elementos de aquecimento, motores de circula\u00e7\u00e3o e tiras de veda\u00e7\u00e3o, para garantir o funcionamento ininterrupto da linha de produ\u00e7\u00e3o do cliente 24 horas por dia, 7 dias por semana.<\/p>","protected":false},"featured_media":6473,"template":"","meta":{"_acf_changed":false},"product_brand":[],"product_cat":[56],"product_tag":[],"class_list":{"0":"post-6471","1":"product","2":"type-product","3":"status-publish","4":"has-post-thumbnail","6":"product_cat-ceramic-drying-machine","8":"first","9":"instock","10":"shipping-taxable","11":"product-type-simple"},"acf":{"customization_content":"<h2><\/h2>\r\n<div><\/div>","customization_content_source":{"label":"Customization Content","type":"wysiwyg","formatted_value":"<h2><\/h2>\n<div><\/div>\n"},"why_choose_us_content":"<h2 style=\"text-align: center;\">Why Choose Us as Your Ceramic Machine Supplier<\/h2>\r\n\r\n<hr \/>\r\n<p style=\"text-align: center;\">Yutai as a ceramic machine manufacturer, maintains strict quality standards and excellent service. Revolutionize your manufacturing processes with cutting-edge automation technology that streamlines forming and enhances efficiency.<\/p>","why_choose_us_content_source":{"label":"Why Choose Us Content","type":"wysiwyg","formatted_value":"<h2 style=\"text-align: center;\">Why Choose Us as Your Ceramic Machine Supplier<\/h2>\n<hr \/>\n<p style=\"text-align: center;\">Yutai as a ceramic machine manufacturer, maintains strict quality standards and excellent service. Revolutionize your manufacturing processes with cutting-edge automation technology that streamlines forming and enhances efficiency.<\/p>\n"}},"_links":{"self":[{"href":"https:\/\/yutaimachinery.com\/pt\/wp-json\/wp\/v2\/product\/6471","targetHints":{"allow":["GET"]}}],"collection":[{"href":"https:\/\/yutaimachinery.com\/pt\/wp-json\/wp\/v2\/product"}],"about":[{"href":"https:\/\/yutaimachinery.com\/pt\/wp-json\/wp\/v2\/types\/product"}],"version-history":[{"count":2,"href":"https:\/\/yutaimachinery.com\/pt\/wp-json\/wp\/v2\/product\/6471\/revisions"}],"predecessor-version":[{"id":6480,"href":"https:\/\/yutaimachinery.com\/pt\/wp-json\/wp\/v2\/product\/6471\/revisions\/6480"}],"wp:featuredmedia":[{"embeddable":true,"href":"https:\/\/yutaimachinery.com\/pt\/wp-json\/wp\/v2\/media\/6473"}],"wp:attachment":[{"href":"https:\/\/yutaimachinery.com\/pt\/wp-json\/wp\/v2\/media?parent=6471"}],"wp:term":[{"taxonomy":"product_brand","embeddable":true,"href":"https:\/\/yutaimachinery.com\/pt\/wp-json\/wp\/v2\/product_brand?post=6471"},{"taxonomy":"product_cat","embeddable":true,"href":"https:\/\/yutaimachinery.com\/pt\/wp-json\/wp\/v2\/product_cat?post=6471"},{"taxonomy":"product_tag","embeddable":true,"href":"https:\/\/yutaimachinery.com\/pt\/wp-json\/wp\/v2\/product_tag?post=6471"}],"curies":[{"name":"wp","href":"https:\/\/api.w.org\/{rel}","templated":true}]}}