{"id":6445,"date":"2026-04-23T15:43:37","date_gmt":"2026-04-23T07:43:37","guid":{"rendered":"https:\/\/yutaimachinery.com\/?post_type=product&#038;p=6445"},"modified":"2026-04-23T17:05:19","modified_gmt":"2026-04-23T09:05:19","slug":"industrial-ultrasonic-cleaning-machine","status":"publish","type":"product","link":"https:\/\/yutaimachinery.com\/pt\/product\/industrial-ultrasonic-cleaning-machine\/","title":{"rendered":"M\u00e1quina de limpeza por ultra-sons industrial para pe\u00e7as cer\u00e2micas galvanizadas"},"content":{"rendered":"<div class=\"wp-block-columns is-layout-flex wp-container-core-columns-is-layout-9d6595d7 wp-block-columns-is-layout-flex\">\n<div class=\"wp-block-column is-layout-flow wp-block-column-is-layout-flow\">\n<h2 class=\"wp-block-heading\">M\u00e1quina de limpeza por ultra-sons industrial Carater\u00edsticas:<\/h2>\n\n\n\n<p><strong>Limpeza de alta precis\u00e3o sem cantos mortos:<\/strong> A cavita\u00e7\u00e3o ultra-s\u00f3nica penetra profundamente em microporos, orif\u00edcios cegos, ranhuras e roscas, assegurando a limpeza completa de pe\u00e7as cer\u00e2micas complexas que os m\u00e9todos convencionais n\u00e3o conseguem alcan\u00e7ar.<\/p>\n\n\n\n<p><strong>Processo de limpeza sem danos: <\/strong>A limpeza sem contacto evita riscos ou danos no revestimento, protegendo substratos cer\u00e2micos fr\u00e1geis e camadas galv\u00e2nicas finas, garantindo superf\u00edcies cer\u00e2micas sem riscos e sem descascar ou danificar a camada galv\u00e2nica.<\/p>\n\n\n\n<p><strong>Alta efici\u00eancia para produ\u00e7\u00e3o em massa: <\/strong>O sistema de transporte automatizado e com v\u00e1rios tanques permite a limpeza em lotes, melhorando significativamente a efici\u00eancia da produ\u00e7\u00e3o.<\/p>\n\n\n\n<p><strong>Compatibilidade com processos flex\u00edveis:<\/strong> A frequ\u00eancia, pot\u00eancia e temperatura ajust\u00e1veis permitem a adapta\u00e7\u00e3o a diferentes fases de galvanoplastia sem afetar as propriedades do material.<\/p>\n\n\n\n<h2 class=\"wp-block-heading\">Aplica\u00e7\u00e3o da m\u00e1quina de limpeza por ultra-sons industrial<\/h2>\n\n\n\n<p>Esta m\u00e1quina de limpeza por ultra-sons industrial \u00e9 amplamente utilizada em:<\/p>\n\n\n\n<ul class=\"wp-block-list\">\n<li>Lou\u00e7a sanit\u00e1ria em cer\u00e2mica electrodepositada<\/li>\n\n\n\n<li>Ferragens para casa de banho em cer\u00e2mica<\/li>\n\n\n\n<li>Artesanato decorativo em cer\u00e2mica<\/li>\n\n\n\n<li>Componentes cer\u00e2micos electr\u00f3nicos<\/li>\n\n\n\n<li>Pe\u00e7as cer\u00e2micas de estrutura complexa (porosas, roscadas, ocas)<\/li>\n<\/ul>\n<\/div>\n\n\n\n<div class=\"wp-block-column is-layout-flow wp-block-column-is-layout-flow\"><div class=\"wp-block-image\">\n<figure class=\"aligncenter size-full\"><img fetchpriority=\"high\" decoding=\"async\" width=\"800\" height=\"800\" src=\"https:\/\/yutaimachinery.com\/wp-content\/uploads\/2026\/04\/Industrial-Ultrasonic-Cleaning-Machine-for-Electroplated-Ceramic-Parts-3.webp\" alt=\"M\u00e1quina de limpeza por ultra-sons industrial para pe\u00e7as cer\u00e2micas galvanizadas\" class=\"wp-image-6451\" title=\"\" srcset=\"https:\/\/yutaimachinery.com\/wp-content\/uploads\/2026\/04\/Industrial-Ultrasonic-Cleaning-Machine-for-Electroplated-Ceramic-Parts-3.webp 800w, https:\/\/yutaimachinery.com\/wp-content\/uploads\/2026\/04\/Industrial-Ultrasonic-Cleaning-Machine-for-Electroplated-Ceramic-Parts-3-300x300.webp 300w, https:\/\/yutaimachinery.com\/wp-content\/uploads\/2026\/04\/Industrial-Ultrasonic-Cleaning-Machine-for-Electroplated-Ceramic-Parts-3-150x150.webp 150w, https:\/\/yutaimachinery.com\/wp-content\/uploads\/2026\/04\/Industrial-Ultrasonic-Cleaning-Machine-for-Electroplated-Ceramic-Parts-3-768x768.webp 768w, https:\/\/yutaimachinery.com\/wp-content\/uploads\/2026\/04\/Industrial-Ultrasonic-Cleaning-Machine-for-Electroplated-Ceramic-Parts-3-12x12.webp 12w, https:\/\/yutaimachinery.com\/wp-content\/uploads\/2026\/04\/Industrial-Ultrasonic-Cleaning-Machine-for-Electroplated-Ceramic-Parts-3-285x285.webp 285w, https:\/\/yutaimachinery.com\/wp-content\/uploads\/2026\/04\/Industrial-Ultrasonic-Cleaning-Machine-for-Electroplated-Ceramic-Parts-3-270x270.webp 270w, https:\/\/yutaimachinery.com\/wp-content\/uploads\/2026\/04\/Industrial-Ultrasonic-Cleaning-Machine-for-Electroplated-Ceramic-Parts-3-540x540.webp 540w, https:\/\/yutaimachinery.com\/wp-content\/uploads\/2026\/04\/Industrial-Ultrasonic-Cleaning-Machine-for-Electroplated-Ceramic-Parts-3-660x660.webp 660w\" sizes=\"(max-width: 800px) 100vw, 800px\" \/><\/figure>\n<\/div><\/div>\n<\/div>\n\n\n\n<div class=\"wp-block-columns is-layout-flex wp-container-core-columns-is-layout-9d6595d7 wp-block-columns-is-layout-flex\">\n<div class=\"wp-block-column is-layout-flow wp-block-column-is-layout-flow\"><div class=\"wp-block-image\">\n<figure class=\"aligncenter size-full\"><img decoding=\"async\" width=\"800\" height=\"800\" src=\"https:\/\/yutaimachinery.com\/wp-content\/uploads\/2026\/04\/Industrial-Ultrasonic-Cleaning-Machine-for-Electroplated-Ceramic-Parts-7.webp\" alt=\"M\u00e1quina de limpeza por ultra-sons industrial para pe\u00e7as cer\u00e2micas galvanizadas\" class=\"wp-image-6455\" title=\"\" srcset=\"https:\/\/yutaimachinery.com\/wp-content\/uploads\/2026\/04\/Industrial-Ultrasonic-Cleaning-Machine-for-Electroplated-Ceramic-Parts-7.webp 800w, https:\/\/yutaimachinery.com\/wp-content\/uploads\/2026\/04\/Industrial-Ultrasonic-Cleaning-Machine-for-Electroplated-Ceramic-Parts-7-300x300.webp 300w, https:\/\/yutaimachinery.com\/wp-content\/uploads\/2026\/04\/Industrial-Ultrasonic-Cleaning-Machine-for-Electroplated-Ceramic-Parts-7-150x150.webp 150w, https:\/\/yutaimachinery.com\/wp-content\/uploads\/2026\/04\/Industrial-Ultrasonic-Cleaning-Machine-for-Electroplated-Ceramic-Parts-7-768x768.webp 768w, https:\/\/yutaimachinery.com\/wp-content\/uploads\/2026\/04\/Industrial-Ultrasonic-Cleaning-Machine-for-Electroplated-Ceramic-Parts-7-12x12.webp 12w, https:\/\/yutaimachinery.com\/wp-content\/uploads\/2026\/04\/Industrial-Ultrasonic-Cleaning-Machine-for-Electroplated-Ceramic-Parts-7-285x285.webp 285w, https:\/\/yutaimachinery.com\/wp-content\/uploads\/2026\/04\/Industrial-Ultrasonic-Cleaning-Machine-for-Electroplated-Ceramic-Parts-7-270x270.webp 270w, https:\/\/yutaimachinery.com\/wp-content\/uploads\/2026\/04\/Industrial-Ultrasonic-Cleaning-Machine-for-Electroplated-Ceramic-Parts-7-540x540.webp 540w, https:\/\/yutaimachinery.com\/wp-content\/uploads\/2026\/04\/Industrial-Ultrasonic-Cleaning-Machine-for-Electroplated-Ceramic-Parts-7-660x660.webp 660w\" sizes=\"(max-width: 800px) 100vw, 800px\" \/><\/figure>\n<\/div><\/div>\n\n\n\n<div class=\"wp-block-column is-layout-flow wp-block-column-is-layout-flow\">\n<h2 class=\"wp-block-heading\">Fun\u00e7\u00f5es e estrutura do sistema<\/h2>\n\n\n\n<h3 class=\"wp-block-heading\">Sistema de limpeza de v\u00e1rios tanques<\/h3>\n\n\n\n<ul class=\"wp-block-list\">\n<li>Limpeza do dep\u00f3sito<\/li>\n\n\n\n<li>Tanque de pulveriza\u00e7\u00e3o<\/li>\n\n\n\n<li>Dep\u00f3sito de enxaguamento<\/li>\n\n\n\n<li>Sec\u00e7\u00e3o de secagem ao ar<\/li>\n<\/ul>\n\n\n\n<h3 class=\"wp-block-heading\">Transportador e sistema de cestos<\/h3>\n\n\n\n<ul class=\"wp-block-list\">\n<li>Capacidade para 23 cestos<\/li>\n\n\n\n<li>Carga m\u00e1xima por cesto: 65 kg<\/li>\n\n\n\n<li>Sistema est\u00e1vel de transmiss\u00e3o por corrente<\/li>\n<\/ul>\n\n\n\n<h3 class=\"wp-block-heading\">Painel de controlo inteligente<\/h3>\n\n\n\n<ul class=\"wp-block-list\">\n<li>Frequ\u00eancia ajust\u00e1vel (28kHz standard)<\/li>\n\n\n\n<li>Controlo de pot\u00eancia (0-100%)<\/li>\n\n\n\n<li>Temporizador e monitoriza\u00e7\u00e3o da corrente<\/li>\n\n\n\n<li>Fun\u00e7\u00e3o de varrimento para uma limpeza uniforme<\/li>\n<\/ul>\n<\/div>\n<\/div>\n\n\n\n<div class=\"wp-block-columns is-layout-flex wp-container-core-columns-is-layout-9d6595d7 wp-block-columns-is-layout-flex\">\n<div class=\"wp-block-column is-layout-flow wp-block-column-is-layout-flow\">\n<figure class=\"wp-block-image size-full\"><img decoding=\"async\" width=\"721\" height=\"559\" src=\"https:\/\/yutaimachinery.com\/wp-content\/uploads\/2026\/04\/Industrial-Ultrasonic-Cleaning-Machine-for-Electroplated-Ceramic-Parts-1.webp\" alt=\"M\u00e1quina de limpeza por ultra-sons industrial para pe\u00e7as cer\u00e2micas galvanizadas\" class=\"wp-image-6446\" title=\"\" srcset=\"https:\/\/yutaimachinery.com\/wp-content\/uploads\/2026\/04\/Industrial-Ultrasonic-Cleaning-Machine-for-Electroplated-Ceramic-Parts-1.webp 721w, https:\/\/yutaimachinery.com\/wp-content\/uploads\/2026\/04\/Industrial-Ultrasonic-Cleaning-Machine-for-Electroplated-Ceramic-Parts-1-300x233.webp 300w, https:\/\/yutaimachinery.com\/wp-content\/uploads\/2026\/04\/Industrial-Ultrasonic-Cleaning-Machine-for-Electroplated-Ceramic-Parts-1-15x12.webp 15w, https:\/\/yutaimachinery.com\/wp-content\/uploads\/2026\/04\/Industrial-Ultrasonic-Cleaning-Machine-for-Electroplated-Ceramic-Parts-1-285x221.webp 285w, https:\/\/yutaimachinery.com\/wp-content\/uploads\/2026\/04\/Industrial-Ultrasonic-Cleaning-Machine-for-Electroplated-Ceramic-Parts-1-360x280.webp 360w, https:\/\/yutaimachinery.com\/wp-content\/uploads\/2026\/04\/Industrial-Ultrasonic-Cleaning-Machine-for-Electroplated-Ceramic-Parts-1-660x512.webp 660w, https:\/\/yutaimachinery.com\/wp-content\/uploads\/2026\/04\/Industrial-Ultrasonic-Cleaning-Machine-for-Electroplated-Ceramic-Parts-1-150x116.webp 150w\" sizes=\"(max-width: 721px) 100vw, 721px\" \/><\/figure>\n<\/div>\n\n\n\n<div class=\"wp-block-column is-layout-flow wp-block-column-is-layout-flow\">\n<figure class=\"wp-block-image size-full\"><img loading=\"lazy\" decoding=\"async\" width=\"721\" height=\"559\" src=\"https:\/\/yutaimachinery.com\/wp-content\/uploads\/2026\/04\/Industrial-Ultrasonic-Cleaning-Machine-for-Electroplated-Ceramic-Parts-2.webp\" alt=\"M\u00e1quina de limpeza por ultra-sons industrial para pe\u00e7as cer\u00e2micas galvanizadas\" class=\"wp-image-6447\" title=\"\" srcset=\"https:\/\/yutaimachinery.com\/wp-content\/uploads\/2026\/04\/Industrial-Ultrasonic-Cleaning-Machine-for-Electroplated-Ceramic-Parts-2.webp 721w, https:\/\/yutaimachinery.com\/wp-content\/uploads\/2026\/04\/Industrial-Ultrasonic-Cleaning-Machine-for-Electroplated-Ceramic-Parts-2-300x233.webp 300w, https:\/\/yutaimachinery.com\/wp-content\/uploads\/2026\/04\/Industrial-Ultrasonic-Cleaning-Machine-for-Electroplated-Ceramic-Parts-2-15x12.webp 15w, https:\/\/yutaimachinery.com\/wp-content\/uploads\/2026\/04\/Industrial-Ultrasonic-Cleaning-Machine-for-Electroplated-Ceramic-Parts-2-285x221.webp 285w, https:\/\/yutaimachinery.com\/wp-content\/uploads\/2026\/04\/Industrial-Ultrasonic-Cleaning-Machine-for-Electroplated-Ceramic-Parts-2-360x280.webp 360w, https:\/\/yutaimachinery.com\/wp-content\/uploads\/2026\/04\/Industrial-Ultrasonic-Cleaning-Machine-for-Electroplated-Ceramic-Parts-2-660x512.webp 660w, https:\/\/yutaimachinery.com\/wp-content\/uploads\/2026\/04\/Industrial-Ultrasonic-Cleaning-Machine-for-Electroplated-Ceramic-Parts-2-150x116.webp 150w\" sizes=\"(max-width: 721px) 100vw, 721px\" \/><\/figure>\n<\/div>\n<\/div>\n\n\n<div class=\"wp-block-image\">\n<figure class=\"aligncenter size-full\"><img loading=\"lazy\" decoding=\"async\" width=\"726\" height=\"520\" src=\"https:\/\/yutaimachinery.com\/wp-content\/uploads\/2026\/04\/Industrial-Ultrasonic-Cleaning-Machine-for-Electroplated-Ceramic-Parts.webp\" alt=\"M\u00e1quina de limpeza por ultra-sons industrial para pe\u00e7as cer\u00e2micas galvanizadas\" class=\"wp-image-6448\" title=\"\" srcset=\"https:\/\/yutaimachinery.com\/wp-content\/uploads\/2026\/04\/Industrial-Ultrasonic-Cleaning-Machine-for-Electroplated-Ceramic-Parts.webp 726w, https:\/\/yutaimachinery.com\/wp-content\/uploads\/2026\/04\/Industrial-Ultrasonic-Cleaning-Machine-for-Electroplated-Ceramic-Parts-300x215.webp 300w, https:\/\/yutaimachinery.com\/wp-content\/uploads\/2026\/04\/Industrial-Ultrasonic-Cleaning-Machine-for-Electroplated-Ceramic-Parts-18x12.webp 18w, https:\/\/yutaimachinery.com\/wp-content\/uploads\/2026\/04\/Industrial-Ultrasonic-Cleaning-Machine-for-Electroplated-Ceramic-Parts-285x204.webp 285w, https:\/\/yutaimachinery.com\/wp-content\/uploads\/2026\/04\/Industrial-Ultrasonic-Cleaning-Machine-for-Electroplated-Ceramic-Parts-660x473.webp 660w, https:\/\/yutaimachinery.com\/wp-content\/uploads\/2026\/04\/Industrial-Ultrasonic-Cleaning-Machine-for-Electroplated-Ceramic-Parts-150x107.webp 150w\" sizes=\"(max-width: 726px) 100vw, 726px\" \/><\/figure>\n<\/div>\n\n\n<p><\/p>","protected":false},"excerpt":{"rendered":"<p>A nossa M\u00e1quina de Limpeza Ultrass\u00f3nica Industrial foi concebida para a limpeza de alta precis\u00e3o de produtos cer\u00e2micos galvanizados. Utilizando cavita\u00e7\u00e3o ultra-s\u00f3nica avan\u00e7ada, chega \u00e0s fendas mais pequenas para remover poros, ranhuras, fios e estruturas em relevo que a limpeza manual n\u00e3o consegue tocar. Constru\u00edda com foco na durabilidade e na opera\u00e7\u00e3o f\u00e1cil de usar, esta m\u00e1quina \u00e9 um elemento b\u00e1sico para a produ\u00e7\u00e3o industrial de cer\u00e2mica. Contacte-nos para obter um or\u00e7amento e especifica\u00e7\u00f5es t\u00e9cnicas!<\/p>\n<h2>M\u00e1quina de limpeza por ultra-sons Par\u00e2metro:<\/h2>\n<table border=\"0\" width=\"370\" cellspacing=\"0\" cellpadding=\"0\">\n<tbody>\n<tr>\n<td width=\"185\" height=\"19\"><strong>Material<\/strong><\/td>\n<td width=\"185\">A\u00e7o inoxid\u00e1vel<\/td>\n<\/tr>\n<tr>\n<td width=\"185\" height=\"19\"><strong>Frequ\u00eancia ultra-s\u00f3nica<\/strong><\/td>\n<td width=\"185\">28 kHz<\/td>\n<\/tr>\n<tr>\n<td width=\"185\" height=\"38\"><strong>Gerador de energia<\/strong><\/td>\n<td width=\"185\">3000W \u00d7 6 conjuntos<\/td>\n<\/tr>\n<tr>\n<td width=\"185\" height=\"19\"><strong>Tens\u00e3o<\/strong><\/td>\n<td width=\"185\">AC 220V<\/td>\n<\/tr>\n<tr>\n<td width=\"185\" height=\"38\"><strong>Quantidade do cesto<\/strong><\/td>\n<td width=\"185\">23 unidades<\/td>\n<\/tr>\n<tr>\n<td width=\"185\" height=\"57\"><strong>Carga m\u00e1xima por cesto<\/strong><\/td>\n<td width=\"185\">65 kg<\/td>\n<\/tr>\n<tr>\n<td width=\"185\" height=\"57\"><strong>Tamanho do cesto<\/strong><\/td>\n<td width=\"185\">420 \u00d7 420 \u00d7 100 mm<\/td>\n<\/tr>\n<tr>\n<td width=\"185\" height=\"38\"><strong>Pot\u00eancia do ventilador<\/strong><\/td>\n<td width=\"185\">330W<\/td>\n<\/tr>\n<tr>\n<td width=\"185\" height=\"76\"><strong>Estrutura da m\u00e1quina<\/strong><\/td>\n<td width=\"185\">Linha autom\u00e1tica multi-tanque<\/td>\n<\/tr>\n<\/tbody>\n<\/table>\n<h2>Solu\u00e7\u00f5es OEM e personalizadas para m\u00e1quinas de limpeza por ultra-sons:<\/h2>\n<ol>\n<li>Personaliza\u00e7\u00e3o da quantidade e da disposi\u00e7\u00e3o dos tanques<\/li>\n<li>Ajuste de frequ\u00eancia e pot\u00eancia<\/li>\n<li>Atualiza\u00e7\u00e3o do n\u00edvel de automatiza\u00e7\u00e3o<\/li>\n<li>Integra\u00e7\u00e3o da linha de produ\u00e7\u00e3o<\/li>\n<li>Conce\u00e7\u00e3o de requisitos especiais de limpeza<\/li>\n<\/ol>","protected":false},"featured_media":6460,"template":"","meta":{"_acf_changed":false},"product_brand":[],"product_cat":[61],"product_tag":[],"class_list":{"0":"post-6445","1":"product","2":"type-product","3":"status-publish","4":"has-post-thumbnail","6":"product_cat-ceramic-machine-tool","8":"first","9":"instock","10":"shipping-taxable","11":"product-type-simple"},"acf":{"customization_content":"<h2><\/h2>\r\n<div><\/div>","customization_content_source":{"label":"Customization Content","type":"wysiwyg","formatted_value":"<h2><\/h2>\n<div><\/div>\n"},"why_choose_us_content":"<h2 style=\"text-align: center;\">Why Choose Us as Your Ceramic Machine Supplier<\/h2>\r\n\r\n<hr \/>\r\n<p style=\"text-align: center;\">Yutai as a ceramic machine manufacturer, maintains strict quality standards and excellent service. Revolutionize your manufacturing processes with cutting-edge automation technology that streamlines forming and enhances efficiency.<\/p>","why_choose_us_content_source":{"label":"Why Choose Us Content","type":"wysiwyg","formatted_value":"<h2 style=\"text-align: center;\">Why Choose Us as Your Ceramic Machine Supplier<\/h2>\n<hr \/>\n<p style=\"text-align: center;\">Yutai as a ceramic machine manufacturer, maintains strict quality standards and excellent service. Revolutionize your manufacturing processes with cutting-edge automation technology that streamlines forming and enhances efficiency.<\/p>\n"}},"_links":{"self":[{"href":"https:\/\/yutaimachinery.com\/pt\/wp-json\/wp\/v2\/product\/6445","targetHints":{"allow":["GET"]}}],"collection":[{"href":"https:\/\/yutaimachinery.com\/pt\/wp-json\/wp\/v2\/product"}],"about":[{"href":"https:\/\/yutaimachinery.com\/pt\/wp-json\/wp\/v2\/types\/product"}],"version-history":[{"count":3,"href":"https:\/\/yutaimachinery.com\/pt\/wp-json\/wp\/v2\/product\/6445\/revisions"}],"predecessor-version":[{"id":6464,"href":"https:\/\/yutaimachinery.com\/pt\/wp-json\/wp\/v2\/product\/6445\/revisions\/6464"}],"wp:featuredmedia":[{"embeddable":true,"href":"https:\/\/yutaimachinery.com\/pt\/wp-json\/wp\/v2\/media\/6460"}],"wp:attachment":[{"href":"https:\/\/yutaimachinery.com\/pt\/wp-json\/wp\/v2\/media?parent=6445"}],"wp:term":[{"taxonomy":"product_brand","embeddable":true,"href":"https:\/\/yutaimachinery.com\/pt\/wp-json\/wp\/v2\/product_brand?post=6445"},{"taxonomy":"product_cat","embeddable":true,"href":"https:\/\/yutaimachinery.com\/pt\/wp-json\/wp\/v2\/product_cat?post=6445"},{"taxonomy":"product_tag","embeddable":true,"href":"https:\/\/yutaimachinery.com\/pt\/wp-json\/wp\/v2\/product_tag?post=6445"}],"curies":[{"name":"wp","href":"https:\/\/api.w.org\/{rel}","templated":true}]}}