{"id":5832,"date":"2025-10-20T15:22:12","date_gmt":"2025-10-20T07:22:12","guid":{"rendered":"https:\/\/yutaimachinery.com\/?post_type=product&#038;p=5832"},"modified":"2025-10-21T10:56:28","modified_gmt":"2025-10-21T02:56:28","slug":"custom-floral-ceramic-decals","status":"publish","type":"product","link":"https:\/\/yutaimachinery.com\/pt\/product\/custom-floral-ceramic-decals\/","title":{"rendered":"Decalques florais personalizados em cer\u00e2mica para pratos Decalques pintados \u00e0 m\u00e3o em v\u00e1rias cores"},"content":{"rendered":"<div class=\"wp-block-columns is-layout-flex wp-container-core-columns-is-layout-9d6595d7 wp-block-columns-is-layout-flex\">\n<div class=\"wp-block-column is-layout-flow wp-block-column-is-layout-flow\">\n<h2 class=\"wp-block-heading\">Decalques de cer\u00e2mica florais Carater\u00edsticas:<\/h2>\n\n\n\n<p><strong>Design multicolorido vibrante<\/strong>: Uma mistura luxuosa de pe\u00f3nia, gerbera e flores tropicais com gradientes vibrantes e efeitos de p\u00e9talas de estilo natural, proporcionando um aspeto art\u00edstico e luxuoso.<\/p>\n\n\n\n<p><strong>Durabilidade a altas temperaturas<\/strong>: Com uma cozedura a alta temperatura, proporciona uma ader\u00eancia firme, um acabamento uniforme e uma reten\u00e7\u00e3o duradoura da cor sem desvanecer ou descascar.<\/p>\n\n\n\n<p><strong>Qualidade de impress\u00e3o excecional<\/strong>: A sofisticada tecnologia de impress\u00e3o preserva as linhas finas e os gradientes de cor naturais para um resultado realista e impressionante.<\/p>\n\n\n\n<p><strong>Utiliza\u00e7\u00e3o vers\u00e1til<\/strong>: Adequado para o fabrico de pratos, tigelas, canecas e pe\u00e7as decorativas em cer\u00e2mica, para produ\u00e7\u00e3o de mesa para aplica\u00e7\u00f5es dom\u00e9sticas e de hotelaria.<\/p>\n\n\n\n<p><strong>OEM e personaliza\u00e7\u00e3o em massa<\/strong>: A Yutai oferece desenhos personalizados, tamanhos e correspond\u00eancia de cores, com apoio tecnol\u00f3gico para produ\u00e7\u00e3o em massa, controlo de qualidade est\u00e1vel e orienta\u00e7\u00e3o.<\/p>\n<\/div>\n\n\n\n<div class=\"wp-block-column is-layout-flow wp-block-column-is-layout-flow\">\n<figure class=\"wp-block-image size-full\"><img fetchpriority=\"high\" decoding=\"async\" width=\"1080\" height=\"1080\" src=\"https:\/\/yutaimachinery.com\/wp-content\/uploads\/2025\/10\/custom-floral-ceramic-decals-2-1.webp\" alt=\"decalques florais personalizados em cer\u00e2mica (2)\" class=\"wp-image-5860\" title=\"\" srcset=\"https:\/\/yutaimachinery.com\/wp-content\/uploads\/2025\/10\/custom-floral-ceramic-decals-2-1.webp 1080w, https:\/\/yutaimachinery.com\/wp-content\/uploads\/2025\/10\/custom-floral-ceramic-decals-2-1-300x300.webp 300w, https:\/\/yutaimachinery.com\/wp-content\/uploads\/2025\/10\/custom-floral-ceramic-decals-2-1-150x150.webp 150w, https:\/\/yutaimachinery.com\/wp-content\/uploads\/2025\/10\/custom-floral-ceramic-decals-2-1-768x768.webp 768w, https:\/\/yutaimachinery.com\/wp-content\/uploads\/2025\/10\/custom-floral-ceramic-decals-2-1-12x12.webp 12w, https:\/\/yutaimachinery.com\/wp-content\/uploads\/2025\/10\/custom-floral-ceramic-decals-2-1-285x285.webp 285w, https:\/\/yutaimachinery.com\/wp-content\/uploads\/2025\/10\/custom-floral-ceramic-decals-2-1-270x270.webp 270w, https:\/\/yutaimachinery.com\/wp-content\/uploads\/2025\/10\/custom-floral-ceramic-decals-2-1-540x540.webp 540w, https:\/\/yutaimachinery.com\/wp-content\/uploads\/2025\/10\/custom-floral-ceramic-decals-2-1-660x660.webp 660w\" sizes=\"(max-width: 1080px) 100vw, 1080px\" \/><\/figure>\n<\/div>\n<\/div>","protected":false},"excerpt":{"rendered":"<p>Decalques de cer\u00e2mica floral personalizados com desenhos v\u00edvidos e resistentes ao desvanecimento e acabamentos suaves. Perfeitos para loi\u00e7a de mesa e cer\u00e2mica decorativa, oferecendo personaliza\u00e7\u00e3o OEM, fornecimento a granel e desempenho de queima fi\u00e1vel. Contacte-nos para obter amostras e or\u00e7amentos!<\/p>\n<h2>Solu\u00e7\u00e3o \u00fanica de autocolantes cer\u00e2micos di\u00e1rios para altas temperaturas:<\/h2>\n<ul>\n<li style=\"list-style-type: none;\">\n<ul>\n<li><strong>Op\u00e7\u00f5es personalizadas<\/strong>: Suporte para desenhos, padr\u00f5es, tamanhos e esquemas de cores personalizados de decalques de alta temperatura para corresponder \u00e0s suas colec\u00e7\u00f5es de loi\u00e7a e \u00e0 est\u00e9tica da marca.<\/li>\n<li><strong>Apoio \u00e0 conce\u00e7\u00e3o e \u00e0 aplica\u00e7\u00e3o<\/strong>: Fornecer orienta\u00e7\u00e3o especializada sobre a coloca\u00e7\u00e3o de decalques, coordena\u00e7\u00e3o de padr\u00f5es e par\u00e2metros de cozedura adequados a v\u00e1rios produtos cer\u00e2micos de utiliza\u00e7\u00e3o di\u00e1ria.<\/li>\n<li><strong>Qualidade e assist\u00eancia t\u00e9cnica<\/strong>: Garantem uma excelente estabilidade da cor, resist\u00eancia a altas temperaturas e uma ades\u00e3o duradoura para resultados duradouros e seguros na m\u00e1quina de lavar lou\u00e7a.<\/li>\n<li><strong>Servi\u00e7o dedicado:\u00a0 <\/strong> Enquanto fabricante de confian\u00e7a de decalques para cer\u00e2mica, a Yutai oferece solu\u00e7\u00f5es fi\u00e1veis, personaliz\u00e1veis e eficientes para a produ\u00e7\u00e3o de lou\u00e7a de mesa e cer\u00e2mica dom\u00e9stica em grande escala.<\/li>\n<\/ul>\n<\/li>\n<\/ul>","protected":false},"featured_media":5834,"template":"","meta":{"_acf_changed":false},"product_brand":[],"product_cat":[59,108],"product_tag":[],"class_list":{"0":"post-5832","1":"product","2":"type-product","3":"status-publish","4":"has-post-thumbnail","6":"product_cat-ceramic-printing-machine","7":"product_cat-custom-ceramic-decals-manufacturer","9":"first","10":"instock","11":"shipping-taxable","12":"product-type-simple"},"acf":{"customization_content":"","customization_content_source":{"label":"Customization Content","type":"wysiwyg","formatted_value":""},"why_choose_us_content":"<h2 style=\"text-align: center;\">Why Choose Us as Your Ceramic Decals Supplier<\/h2>\r\n\r\n<hr \/>\r\n<p style=\"text-align: center;\">We have advanced fully automatic decals printing machines that can mass-produce high-quality decals for daily ceramics, bathroom ceramics, glass tableware, etc., suitable for different processes, and provide customized services<\/p>","why_choose_us_content_source":{"label":"Why Choose Us Content","type":"wysiwyg","formatted_value":"<h2 style=\"text-align: center;\">Why Choose Us as Your Ceramic Decals Supplier<\/h2>\n<hr \/>\n<p style=\"text-align: center;\">We have advanced fully automatic decals printing machines that can mass-produce high-quality decals for daily ceramics, bathroom ceramics, glass tableware, etc., suitable for different processes, and provide customized services<\/p>\n"}},"_links":{"self":[{"href":"https:\/\/yutaimachinery.com\/pt\/wp-json\/wp\/v2\/product\/5832","targetHints":{"allow":["GET"]}}],"collection":[{"href":"https:\/\/yutaimachinery.com\/pt\/wp-json\/wp\/v2\/product"}],"about":[{"href":"https:\/\/yutaimachinery.com\/pt\/wp-json\/wp\/v2\/types\/product"}],"version-history":[{"count":0,"href":"https:\/\/yutaimachinery.com\/pt\/wp-json\/wp\/v2\/product\/5832\/revisions"}],"wp:featuredmedia":[{"embeddable":true,"href":"https:\/\/yutaimachinery.com\/pt\/wp-json\/wp\/v2\/media\/5834"}],"wp:attachment":[{"href":"https:\/\/yutaimachinery.com\/pt\/wp-json\/wp\/v2\/media?parent=5832"}],"wp:term":[{"taxonomy":"product_brand","embeddable":true,"href":"https:\/\/yutaimachinery.com\/pt\/wp-json\/wp\/v2\/product_brand?post=5832"},{"taxonomy":"product_cat","embeddable":true,"href":"https:\/\/yutaimachinery.com\/pt\/wp-json\/wp\/v2\/product_cat?post=5832"},{"taxonomy":"product_tag","embeddable":true,"href":"https:\/\/yutaimachinery.com\/pt\/wp-json\/wp\/v2\/product_tag?post=5832"}],"curies":[{"name":"wp","href":"https:\/\/api.w.org\/{rel}","templated":true}]}}