{"id":5824,"date":"2025-10-20T14:41:02","date_gmt":"2025-10-20T06:41:02","guid":{"rendered":"https:\/\/yutaimachinery.com\/?post_type=product&#038;p=5824"},"modified":"2025-10-20T18:21:48","modified_gmt":"2025-10-20T10:21:48","slug":"custom-floral-decals-for-ceramics","status":"publish","type":"product","link":"https:\/\/yutaimachinery.com\/pt\/product\/custom-floral-decals-for-ceramics\/","title":{"rendered":"Decalques florais personalizados para cer\u00e2mica Decalques de rosa em aguarela"},"content":{"rendered":"<div class=\"wp-block-columns is-layout-flex wp-container-core-columns-is-layout-9d6595d7 wp-block-columns-is-layout-flex\">\n<div class=\"wp-block-column is-layout-flow wp-block-column-is-layout-flow\">\n<h2 class=\"wp-block-heading\">Carater\u00edsticas de Decalques florais para cer\u00e2mica:<\/h2>\n\n\n\n<p><strong>Decalque rosa elegante<\/strong>: Com p\u00e9talas em degrad\u00e9 e rosas brilhantes, este decalque confere um ar de eleg\u00e2ncia e romantismo \u00e0 loi\u00e7a e \u00e0s pe\u00e7as decorativas em cer\u00e2mica.<\/p>\n\n\n\n<p><strong>Durabilidade a altas temperaturas<\/strong>: Cozido a altas temperaturas, garantindo uma ader\u00eancia duradoura, uma textura suave e uma resist\u00eancia ao desbotamento ou \u00e0 descama\u00e7\u00e3o.<\/p>\n\n\n\n<p><strong>Qualidade de impress\u00e3o fina<\/strong>: Os contornos finos e os pormenores delicados do texto mant\u00eam uma elevada nitidez mesmo ap\u00f3s a queima, aumentando a profundidade visual e o realismo.<\/p>\n\n\n\n<p><strong>Versatilidade de aplica\u00e7\u00e3o<\/strong>: Adequado para pratos de cer\u00e2mica, tigelas, canecas e produtos de oferta, tanto para aplica\u00e7\u00f5es dom\u00e9sticas como de hotelaria.<\/p>\n\n\n\n<p><strong>Servi\u00e7o OEM e ODM<\/strong>: Tamb\u00e9m oferecemos desenhos, estilos e cores personalizados para encomendas a granel para produtores de lou\u00e7a de mesa e produtos de cer\u00e2mica.<\/p>\n<\/div>\n\n\n\n<div class=\"wp-block-column is-layout-flow wp-block-column-is-layout-flow\">\n<figure class=\"wp-block-image size-full\"><img fetchpriority=\"high\" decoding=\"async\" width=\"1080\" height=\"1080\" src=\"https:\/\/yutaimachinery.com\/wp-content\/uploads\/2025\/10\/Custom-Floral-Decals-for-Ceramics-1-1.webp\" alt=\"Decalques florais personalizados para cer\u00e2mica (1)\" class=\"wp-image-5854\" title=\"\" srcset=\"https:\/\/yutaimachinery.com\/wp-content\/uploads\/2025\/10\/Custom-Floral-Decals-for-Ceramics-1-1.webp 1080w, https:\/\/yutaimachinery.com\/wp-content\/uploads\/2025\/10\/Custom-Floral-Decals-for-Ceramics-1-1-300x300.webp 300w, https:\/\/yutaimachinery.com\/wp-content\/uploads\/2025\/10\/Custom-Floral-Decals-for-Ceramics-1-1-150x150.webp 150w, https:\/\/yutaimachinery.com\/wp-content\/uploads\/2025\/10\/Custom-Floral-Decals-for-Ceramics-1-1-768x768.webp 768w, https:\/\/yutaimachinery.com\/wp-content\/uploads\/2025\/10\/Custom-Floral-Decals-for-Ceramics-1-1-12x12.webp 12w, https:\/\/yutaimachinery.com\/wp-content\/uploads\/2025\/10\/Custom-Floral-Decals-for-Ceramics-1-1-285x285.webp 285w, https:\/\/yutaimachinery.com\/wp-content\/uploads\/2025\/10\/Custom-Floral-Decals-for-Ceramics-1-1-270x270.webp 270w, https:\/\/yutaimachinery.com\/wp-content\/uploads\/2025\/10\/Custom-Floral-Decals-for-Ceramics-1-1-540x540.webp 540w, https:\/\/yutaimachinery.com\/wp-content\/uploads\/2025\/10\/Custom-Floral-Decals-for-Ceramics-1-1-660x660.webp 660w\" sizes=\"(max-width: 1080px) 100vw, 1080px\" \/><\/figure>\n<\/div>\n<\/div>","protected":false},"excerpt":{"rendered":"<p>Decalques florais personalizados Yutai para cer\u00e2mica, com padr\u00f5es de rosas vivas e acabamentos suaves. Perfeitos para loi\u00e7a de mesa e cer\u00e2mica decorativa, garantem uma ader\u00eancia duradoura, cores vivas e desenhos personaliz\u00e1veis. Contacte-nos para obter servi\u00e7o OEM e fornecimento a granel.<\/p>\n<h2>Solu\u00e7\u00e3o \u00fanica de autocolantes cer\u00e2micos di\u00e1rios para altas temperaturas:<\/h2>\n<ul>\n<li style=\"list-style-type: none;\">\n<ul>\n<li><strong>Op\u00e7\u00f5es personalizadas<\/strong>: Suporte para desenhos, padr\u00f5es, tamanhos e esquemas de cores personalizados de decalques de alta temperatura para corresponder \u00e0s suas colec\u00e7\u00f5es de loi\u00e7a e \u00e0 est\u00e9tica da marca.<\/li>\n<li><strong>Apoio \u00e0 conce\u00e7\u00e3o e \u00e0 aplica\u00e7\u00e3o<\/strong>: Fornecer orienta\u00e7\u00e3o especializada sobre a coloca\u00e7\u00e3o de decalques, coordena\u00e7\u00e3o de padr\u00f5es e par\u00e2metros de cozedura adequados a v\u00e1rios produtos cer\u00e2micos de utiliza\u00e7\u00e3o di\u00e1ria.<\/li>\n<li><strong>Qualidade e assist\u00eancia t\u00e9cnica<\/strong>: Garantem uma excelente estabilidade da cor, resist\u00eancia a altas temperaturas e uma ades\u00e3o duradoura para resultados duradouros e seguros na m\u00e1quina de lavar lou\u00e7a.<\/li>\n<li><strong>Servi\u00e7o dedicado:\u00a0 <\/strong> Enquanto fabricante de confian\u00e7a de decalques para cer\u00e2mica, a Yutai oferece solu\u00e7\u00f5es fi\u00e1veis, personaliz\u00e1veis e eficientes para a produ\u00e7\u00e3o de lou\u00e7a de mesa e cer\u00e2mica dom\u00e9stica em grande escala.<\/li>\n<\/ul>\n<\/li>\n<\/ul>","protected":false},"featured_media":5827,"template":"","meta":{"_acf_changed":false},"product_brand":[],"product_cat":[59,108],"product_tag":[],"class_list":{"0":"post-5824","1":"product","2":"type-product","3":"status-publish","4":"has-post-thumbnail","6":"product_cat-ceramic-printing-machine","7":"product_cat-custom-ceramic-decals-manufacturer","9":"first","10":"instock","11":"shipping-taxable","12":"product-type-simple"},"acf":{"customization_content":"","customization_content_source":{"label":"Customization Content","type":"wysiwyg","formatted_value":""},"why_choose_us_content":"<h2 style=\"text-align: center;\">Why Choose Us as Your Ceramic Decals Supplier<\/h2>\r\n\r\n<hr \/>\r\n<p style=\"text-align: center;\">We have advanced fully automatic decals printing machines that can mass-produce high-quality decals for daily ceramics, bathroom ceramics, glass tableware, etc., suitable for different processes, and provide customized services<\/p>","why_choose_us_content_source":{"label":"Why Choose Us Content","type":"wysiwyg","formatted_value":"<h2 style=\"text-align: center;\">Why Choose Us as Your Ceramic Decals Supplier<\/h2>\n<hr \/>\n<p style=\"text-align: center;\">We have advanced fully automatic decals printing machines that can mass-produce high-quality decals for daily ceramics, bathroom ceramics, glass tableware, etc., suitable for different processes, and provide customized services<\/p>\n"}},"_links":{"self":[{"href":"https:\/\/yutaimachinery.com\/pt\/wp-json\/wp\/v2\/product\/5824","targetHints":{"allow":["GET"]}}],"collection":[{"href":"https:\/\/yutaimachinery.com\/pt\/wp-json\/wp\/v2\/product"}],"about":[{"href":"https:\/\/yutaimachinery.com\/pt\/wp-json\/wp\/v2\/types\/product"}],"version-history":[{"count":0,"href":"https:\/\/yutaimachinery.com\/pt\/wp-json\/wp\/v2\/product\/5824\/revisions"}],"wp:featuredmedia":[{"embeddable":true,"href":"https:\/\/yutaimachinery.com\/pt\/wp-json\/wp\/v2\/media\/5827"}],"wp:attachment":[{"href":"https:\/\/yutaimachinery.com\/pt\/wp-json\/wp\/v2\/media?parent=5824"}],"wp:term":[{"taxonomy":"product_brand","embeddable":true,"href":"https:\/\/yutaimachinery.com\/pt\/wp-json\/wp\/v2\/product_brand?post=5824"},{"taxonomy":"product_cat","embeddable":true,"href":"https:\/\/yutaimachinery.com\/pt\/wp-json\/wp\/v2\/product_cat?post=5824"},{"taxonomy":"product_tag","embeddable":true,"href":"https:\/\/yutaimachinery.com\/pt\/wp-json\/wp\/v2\/product_tag?post=5824"}],"curies":[{"name":"wp","href":"https:\/\/api.w.org\/{rel}","templated":true}]}}