{"id":5812,"date":"2025-10-20T14:15:25","date_gmt":"2025-10-20T06:15:25","guid":{"rendered":"https:\/\/yutaimachinery.com\/?post_type=product&#038;p=5812"},"modified":"2025-10-20T18:21:48","modified_gmt":"2025-10-20T10:21:48","slug":"custom-decals-for-ceramic-plates","status":"publish","type":"product","link":"https:\/\/yutaimachinery.com\/pt\/product\/custom-decals-for-ceramic-plates\/","title":{"rendered":"Autocolantes personalizados para placas de cer\u00e2mica com autocolante de flores em l\u00e2mina de \u00e1gua"},"content":{"rendered":"<div class=\"wp-block-columns is-layout-flex wp-container-core-columns-is-layout-9d6595d7 wp-block-columns-is-layout-flex\">\n<div class=\"wp-block-column is-layout-flow wp-block-column-is-layout-flow\">\n<h2 class=\"wp-block-heading\">Carater\u00edsticas dos decalques para placas de cer\u00e2mica:<\/h2>\n\n\n\n<p><strong>Design de estilo rom\u00e2ntico europeu<\/strong>: O design incorpora elementos europeus, criando um estilo decorativo acolhedor, elegante e art\u00edstico.<\/p>\n\n\n\n<p><strong>Detalhes requintados<\/strong>: O design incorpora elementos como flores, livros, jogos de ch\u00e1, borboletas e fitas, criando pormenores ricos que melhoram a experi\u00eancia decorativa geral e o requinte.<\/p>\n\n\n\n<p><strong>Cor suave e refrescante<\/strong>: Utilizando tons suaves como o rosa, o azul, o verde e o amarelo, a combina\u00e7\u00e3o harmoniosa de cores cria uma experi\u00eancia visual agrad\u00e1vel e cria uma atmosfera rom\u00e2ntica e acolhedora.<\/p>\n\n\n\n<p><strong>Processo de alta temperatura<\/strong>: Adoptando a aplica\u00e7\u00e3o de decalques a alta temperatura, o design proporciona cores duradouras e duradouras. \u00c9 seguro e amigo do ambiente, o que o torna adequado tanto para refei\u00e7\u00f5es quotidianas como para uso dom\u00e9stico.<\/p>\n\n\n\n<p><strong>Adequado para uma variedade de formas de cer\u00e2mica<\/strong>: O design \u00e9 adequado para pratos quadrados, pratos redondos, tabuleiros, canecas e outros artigos decorativos, satisfazendo as necessidades decorativas de uma variedade de porcelana de uso di\u00e1rio e de oferta.<\/p>\n<\/div>\n\n\n\n<div class=\"wp-block-column is-layout-flow wp-block-column-is-layout-flow\">\n<figure class=\"wp-block-image size-full\"><img fetchpriority=\"high\" decoding=\"async\" width=\"530\" height=\"529\" src=\"https:\/\/yutaimachinery.com\/wp-content\/uploads\/2025\/10\/custom-decals-for-ceramic-plates-1-1.webp\" alt=\"decalques personalizados para placas de cer\u00e2mica (1)\" class=\"wp-image-5849\" title=\"\" srcset=\"https:\/\/yutaimachinery.com\/wp-content\/uploads\/2025\/10\/custom-decals-for-ceramic-plates-1-1.webp 530w, https:\/\/yutaimachinery.com\/wp-content\/uploads\/2025\/10\/custom-decals-for-ceramic-plates-1-1-300x300.webp 300w, https:\/\/yutaimachinery.com\/wp-content\/uploads\/2025\/10\/custom-decals-for-ceramic-plates-1-1-150x150.webp 150w, https:\/\/yutaimachinery.com\/wp-content\/uploads\/2025\/10\/custom-decals-for-ceramic-plates-1-1-12x12.webp 12w, https:\/\/yutaimachinery.com\/wp-content\/uploads\/2025\/10\/custom-decals-for-ceramic-plates-1-1-285x284.webp 285w, https:\/\/yutaimachinery.com\/wp-content\/uploads\/2025\/10\/custom-decals-for-ceramic-plates-1-1-270x270.webp 270w\" sizes=\"(max-width: 530px) 100vw, 530px\" \/><\/figure>\n<\/div>\n<\/div>","protected":false},"excerpt":{"rendered":"<p>Decalques personalizados para pratos de cer\u00e2mica com um estilo rom\u00e2ntico europeu, os padr\u00f5es requintados e as cores suaves e quentes, combinando arte e praticidade. Adequado para decalques a alta temperatura em pratos, tabuleiros, porcelana decorativa e muito mais, \u00e9 seguro, duradouro e elegante. Para quest\u00f5es sobre materiais, tamanhos ou personaliza\u00e7\u00e3o, n\u00e3o hesite em contactar-nos!<\/p>\n<h2>Solu\u00e7\u00e3o \u00fanica de autocolantes cer\u00e2micos di\u00e1rios para altas temperaturas:<\/h2>\n<ul>\n<li style=\"list-style-type: none;\">\n<ul>\n<li><strong>Op\u00e7\u00f5es personalizadas<\/strong>: Suporte para desenhos, padr\u00f5es, tamanhos e esquemas de cores personalizados de decalques de alta temperatura para corresponder \u00e0s suas colec\u00e7\u00f5es de loi\u00e7a e \u00e0 est\u00e9tica da marca.<\/li>\n<li><strong>Apoio \u00e0 conce\u00e7\u00e3o e \u00e0 aplica\u00e7\u00e3o<\/strong>: Fornecer orienta\u00e7\u00e3o especializada sobre a coloca\u00e7\u00e3o de decalques, coordena\u00e7\u00e3o de padr\u00f5es e par\u00e2metros de cozedura adequados a v\u00e1rios produtos cer\u00e2micos de utiliza\u00e7\u00e3o di\u00e1ria.<\/li>\n<li><strong>Qualidade e assist\u00eancia t\u00e9cnica<\/strong>: Garantem uma excelente estabilidade da cor, resist\u00eancia a altas temperaturas e uma ades\u00e3o duradoura para resultados duradouros e seguros na m\u00e1quina de lavar lou\u00e7a.<\/li>\n<li><strong>Servi\u00e7o dedicado:\u00a0 <\/strong> Enquanto fabricante de confian\u00e7a de decalques para cer\u00e2mica, a Yutai oferece solu\u00e7\u00f5es fi\u00e1veis, personaliz\u00e1veis e eficientes para a produ\u00e7\u00e3o de lou\u00e7a de mesa e cer\u00e2mica dom\u00e9stica em grande escala.<\/li>\n<\/ul>\n<\/li>\n<\/ul>","protected":false},"featured_media":5814,"template":"","meta":{"_acf_changed":false},"product_brand":[],"product_cat":[59,108],"product_tag":[],"class_list":{"0":"post-5812","1":"product","2":"type-product","3":"status-publish","4":"has-post-thumbnail","6":"product_cat-ceramic-printing-machine","7":"product_cat-custom-ceramic-decals-manufacturer","9":"first","10":"instock","11":"shipping-taxable","12":"product-type-simple"},"acf":{"customization_content":"","customization_content_source":{"label":"Customization Content","type":"wysiwyg","formatted_value":""},"why_choose_us_content":"<h2 style=\"text-align: center;\">Why Choose Us as Your Ceramic Decals Supplier<\/h2>\r\n\r\n<hr \/>\r\n<p style=\"text-align: center;\">We have advanced fully automatic decals printing machines that can mass-produce high-quality decals for daily ceramics, bathroom ceramics, glass tableware, etc., suitable for different processes, and provide customized services<\/p>","why_choose_us_content_source":{"label":"Why Choose Us Content","type":"wysiwyg","formatted_value":"<h2 style=\"text-align: center;\">Why Choose Us as Your Ceramic Decals Supplier<\/h2>\n<hr \/>\n<p style=\"text-align: center;\">We have advanced fully automatic decals printing machines that can mass-produce high-quality decals for daily ceramics, bathroom ceramics, glass tableware, etc., suitable for different processes, and provide customized services<\/p>\n"}},"_links":{"self":[{"href":"https:\/\/yutaimachinery.com\/pt\/wp-json\/wp\/v2\/product\/5812","targetHints":{"allow":["GET"]}}],"collection":[{"href":"https:\/\/yutaimachinery.com\/pt\/wp-json\/wp\/v2\/product"}],"about":[{"href":"https:\/\/yutaimachinery.com\/pt\/wp-json\/wp\/v2\/types\/product"}],"version-history":[{"count":0,"href":"https:\/\/yutaimachinery.com\/pt\/wp-json\/wp\/v2\/product\/5812\/revisions"}],"wp:featuredmedia":[{"embeddable":true,"href":"https:\/\/yutaimachinery.com\/pt\/wp-json\/wp\/v2\/media\/5814"}],"wp:attachment":[{"href":"https:\/\/yutaimachinery.com\/pt\/wp-json\/wp\/v2\/media?parent=5812"}],"wp:term":[{"taxonomy":"product_brand","embeddable":true,"href":"https:\/\/yutaimachinery.com\/pt\/wp-json\/wp\/v2\/product_brand?post=5812"},{"taxonomy":"product_cat","embeddable":true,"href":"https:\/\/yutaimachinery.com\/pt\/wp-json\/wp\/v2\/product_cat?post=5812"},{"taxonomy":"product_tag","embeddable":true,"href":"https:\/\/yutaimachinery.com\/pt\/wp-json\/wp\/v2\/product_tag?post=5812"}],"curies":[{"name":"wp","href":"https:\/\/api.w.org\/{rel}","templated":true}]}}