{"id":5795,"date":"2025-10-18T15:26:59","date_gmt":"2025-10-18T07:26:59","guid":{"rendered":"https:\/\/yutaimachinery.com\/?post_type=product&#038;p=5795"},"modified":"2025-10-20T18:21:49","modified_gmt":"2025-10-20T10:21:49","slug":"custom-decals-for-ceramics","status":"publish","type":"product","link":"https:\/\/yutaimachinery.com\/pt\/product\/custom-decals-for-ceramics\/","title":{"rendered":"Decalques personalizados para vasos de cer\u00e2mica, pratos de cer\u00e2mica, decalque elegante de veado natural de \u00e1rvore dourada"},"content":{"rendered":"<div class=\"wp-block-columns is-layout-flex wp-container-core-columns-is-layout-9d6595d7 wp-block-columns-is-layout-flex\">\n<div class=\"wp-block-column is-layout-flow wp-block-column-is-layout-flow\">\n<h2 class=\"wp-block-heading\">Carater\u00edsticas dos decalques para cer\u00e2mica:<\/h2>\n\n\n\n<p><strong>Decalques Premium:<\/strong> Um padr\u00e3o de \u00e1rvore com delicadas linhas pretas e detalhes dourados no tronco cria uma conce\u00e7\u00e3o art\u00edstica \u00fanica, real\u00e7ando uma sensa\u00e7\u00e3o de luxo na sua simplicidade.<\/p>\n\n\n\n<p><strong>Dynamic Blue Deer Design:<\/strong> Um corpo de veado azul decorado com flores cor de laranja, com chifres em forma de ramos, cria um cen\u00e1rio harmonioso e natural com o tronco vermelho p\u00e1lido, criando um forte toque art\u00edstico.<\/p>\n\n\n\n<p><strong>Artesanato de linhas requintadas:<\/strong> As linhas finas e suaves da \u00e1rvore, o corpo do veado e os padr\u00f5es florais criam um desenho realista e altamente realista.<\/p>\n\n\n\n<p><strong>Compatibilidade com v\u00e1rias cenas:<\/strong> Os decalques de cer\u00e2mica para \u00e1rvores e veados s\u00e3o muito vers\u00e1teis e adequados para cer\u00e2mica, vidro e outros materiais, satisfazendo v\u00e1rias necessidades dom\u00e9sticas e de presentes.<\/p>\n\n\n\n<p><strong>Cores vivas e duradouras:<\/strong> Utilizando tintas altamente saturadas e amigas do ambiente, as cores castanho, dourado, verde e laranja permanecem brilhantes e resistentes ao desbotamento, mesmo ap\u00f3s a cozedura a baixa temperatura, garantindo um apelo visual duradouro.<\/p>\n<\/div>\n\n\n\n<div class=\"wp-block-column is-layout-flow wp-block-column-is-layout-flow\">\n<figure class=\"wp-block-image size-full\"><img fetchpriority=\"high\" decoding=\"async\" width=\"800\" height=\"800\" src=\"https:\/\/yutaimachinery.com\/wp-content\/uploads\/2025\/10\/Custom-Decals-for-Ceramics-1.webp\" alt=\"Decalques personalizados para cer\u00e2mica (1)\" class=\"wp-image-5797\" title=\"\" srcset=\"https:\/\/yutaimachinery.com\/wp-content\/uploads\/2025\/10\/Custom-Decals-for-Ceramics-1.webp 800w, https:\/\/yutaimachinery.com\/wp-content\/uploads\/2025\/10\/Custom-Decals-for-Ceramics-1-300x300.webp 300w, https:\/\/yutaimachinery.com\/wp-content\/uploads\/2025\/10\/Custom-Decals-for-Ceramics-1-150x150.webp 150w, https:\/\/yutaimachinery.com\/wp-content\/uploads\/2025\/10\/Custom-Decals-for-Ceramics-1-768x768.webp 768w, https:\/\/yutaimachinery.com\/wp-content\/uploads\/2025\/10\/Custom-Decals-for-Ceramics-1-12x12.webp 12w, https:\/\/yutaimachinery.com\/wp-content\/uploads\/2025\/10\/Custom-Decals-for-Ceramics-1-285x285.webp 285w, https:\/\/yutaimachinery.com\/wp-content\/uploads\/2025\/10\/Custom-Decals-for-Ceramics-1-270x270.webp 270w, https:\/\/yutaimachinery.com\/wp-content\/uploads\/2025\/10\/Custom-Decals-for-Ceramics-1-540x540.webp 540w, https:\/\/yutaimachinery.com\/wp-content\/uploads\/2025\/10\/Custom-Decals-for-Ceramics-1-660x660.webp 660w\" sizes=\"(max-width: 800px) 100vw, 800px\" \/><\/figure>\n<\/div>\n<\/div>","protected":false},"excerpt":{"rendered":"<p>Os decalques personalizados Yutai para cer\u00e2mica, os decalques premium para cer\u00e2mica e vidro a baixa temperatura, com elegantes desenhos de veados e \u00e1rvores com cores vivas e resistentes ao desbotamento. Ideal para loi\u00e7a de mesa, cer\u00e2mica decorativa e artigos de vidro. Fornecemos personaliza\u00e7\u00e3o OEM, fornecimento a granel e apoio t\u00e9cnico. Contacte-nos para obter amostras e or\u00e7amentos.<\/p>\n<h2>Solu\u00e7\u00e3o \u00fanica de decalques cer\u00e2micos para baixas temperaturas:<\/h2>\n<ul>\n<li data-start=\"641\" data-end=\"1313\"><strong data-start=\"688\" data-end=\"707\">Op\u00e7\u00f5es personalizadas:<\/strong> Apoiamos projectos, padr\u00f5es, tamanhos e aplica\u00e7\u00f5es de baixa temperatura personalizados para produtos de cer\u00e2mica e vidro.<\/li>\n<li data-start=\"641\" data-end=\"1313\"><strong data-start=\"821\" data-end=\"854\">Apoio \u00e0 conce\u00e7\u00e3o e \u00e0 aplica\u00e7\u00e3o:<\/strong> Oferecer orienta\u00e7\u00e3o especializada sobre a sele\u00e7\u00e3o de decalques, o processo de transfer\u00eancia e as condi\u00e7\u00f5es de queima ideais para corresponder \u00e0 sua linha de produ\u00e7\u00e3o.<\/li>\n<li data-start=\"641\" data-end=\"1313\"><strong data-start=\"978\" data-end=\"1012\">Qualidade e garantia t\u00e9cnica:<\/strong> Garantem uma ader\u00eancia est\u00e1vel, cores vivas e uma excelente durabilidade sob cozedura a baixa temperatura.<\/li>\n<li data-start=\"641\" data-end=\"1313\"><strong data-start=\"1108\" data-end=\"1130\">Servi\u00e7o dedicado:<\/strong> A Yutai, enquanto fabricante profissional de maquinaria para cer\u00e2mica e de decalques, permite-lhe produzir decalques para cer\u00e2mica e vidro com solu\u00e7\u00f5es fi\u00e1veis, personaliz\u00e1veis e eficientes.<\/li>\n<\/ul>","protected":false},"featured_media":5796,"template":"","meta":{"_acf_changed":false},"product_brand":[],"product_cat":[59,108],"product_tag":[],"class_list":{"0":"post-5795","1":"product","2":"type-product","3":"status-publish","4":"has-post-thumbnail","6":"product_cat-ceramic-printing-machine","7":"product_cat-custom-ceramic-decals-manufacturer","9":"first","10":"instock","11":"shipping-taxable","12":"product-type-simple"},"acf":{"customization_content":"","customization_content_source":{"label":"Customization Content","type":"wysiwyg","formatted_value":""},"why_choose_us_content":"<h2 style=\"text-align: center;\">Why Choose Us as Your Ceramic Decals Supplier<\/h2>\r\n\r\n<hr \/>\r\n<p style=\"text-align: center;\">We have advanced fully automatic decals printing machines that can mass-produce high-quality decals for daily ceramics, bathroom ceramics, glass tableware, etc., suitable for different processes, and provide customized services<\/p>","why_choose_us_content_source":{"label":"Why Choose Us Content","type":"wysiwyg","formatted_value":"<h2 style=\"text-align: center;\">Why Choose Us as Your Ceramic Decals Supplier<\/h2>\n<hr \/>\n<p style=\"text-align: center;\">We have advanced fully automatic decals printing machines that can mass-produce high-quality decals for daily ceramics, bathroom ceramics, glass tableware, etc., suitable for different processes, and provide customized services<\/p>\n"}},"_links":{"self":[{"href":"https:\/\/yutaimachinery.com\/pt\/wp-json\/wp\/v2\/product\/5795","targetHints":{"allow":["GET"]}}],"collection":[{"href":"https:\/\/yutaimachinery.com\/pt\/wp-json\/wp\/v2\/product"}],"about":[{"href":"https:\/\/yutaimachinery.com\/pt\/wp-json\/wp\/v2\/types\/product"}],"version-history":[{"count":0,"href":"https:\/\/yutaimachinery.com\/pt\/wp-json\/wp\/v2\/product\/5795\/revisions"}],"wp:featuredmedia":[{"embeddable":true,"href":"https:\/\/yutaimachinery.com\/pt\/wp-json\/wp\/v2\/media\/5796"}],"wp:attachment":[{"href":"https:\/\/yutaimachinery.com\/pt\/wp-json\/wp\/v2\/media?parent=5795"}],"wp:term":[{"taxonomy":"product_brand","embeddable":true,"href":"https:\/\/yutaimachinery.com\/pt\/wp-json\/wp\/v2\/product_brand?post=5795"},{"taxonomy":"product_cat","embeddable":true,"href":"https:\/\/yutaimachinery.com\/pt\/wp-json\/wp\/v2\/product_cat?post=5795"},{"taxonomy":"product_tag","embeddable":true,"href":"https:\/\/yutaimachinery.com\/pt\/wp-json\/wp\/v2\/product_tag?post=5795"}],"curies":[{"name":"wp","href":"https:\/\/api.w.org\/{rel}","templated":true}]}}