{"id":5786,"date":"2025-10-18T14:40:19","date_gmt":"2025-10-18T06:40:19","guid":{"rendered":"https:\/\/yutaimachinery.com\/?post_type=product&#038;p=5786"},"modified":"2025-10-20T18:21:49","modified_gmt":"2025-10-20T10:21:49","slug":"custom-ceramic-decal-paper","status":"publish","type":"product","link":"https:\/\/yutaimachinery.com\/pt\/product\/custom-ceramic-decal-paper\/","title":{"rendered":"Papel de decalque para cer\u00e2mica personalizado Fornecedor de decalques florais coloridos para cer\u00e2mica di\u00e1ria"},"content":{"rendered":"<div class=\"wp-block-columns is-layout-flex wp-container-core-columns-is-layout-9d6595d7 wp-block-columns-is-layout-flex\">\n<div class=\"wp-block-column is-layout-flow wp-block-column-is-layout-flow\">\n<h2 class=\"wp-block-heading\">Papel para decalque em cer\u00e2mica Carater\u00edsticas:<\/h2>\n\n\n\n<p><strong>Padr\u00f5es florais ricos:<\/strong> Com predomin\u00e2ncia de rosas, pe\u00f3nias e margaridas, estes desenhos apresentam texturas de p\u00e9talas claras e transi\u00e7\u00f5es de cores naturais. Alguns padr\u00f5es incluem folhas verdes, frutos e linhas decorativas, criando uma atmosfera vibrante, rom\u00e2ntica e natural que real\u00e7a o atrativo decorativo dos produtos cer\u00e2micos.<\/p>\n\n\n\n<p><strong>Cores brilhantes:<\/strong> De <strong>rosas e p\u00farpuras suaves<\/strong> para <strong>vermelhos e amarelos vivos<\/strong>Esta s\u00e9rie oferece uma <strong>rico espetro de cores<\/strong> adapt\u00e1vel a v\u00e1rios estilos e ambientes cer\u00e2micos.<\/p>\n\n\n\n<p><strong>Adaptabilidade flex\u00edvel:<\/strong> Dispon\u00edveis em v\u00e1rios tamanhos e disposi\u00e7\u00f5es, desde flores individuais a grupos de flores, estes decalques s\u00e3o adequados para vasos de cer\u00e2mica, pratos e objectos decorativos de diferentes formas.<\/p>\n\n\n\n<p><strong>Impress\u00e3o de alta precis\u00e3o:<\/strong> Cada decalque preserva os pormenores finos das p\u00e9talas e as linhas decorativas delicadas. Produzidas atrav\u00e9s de um processo de baixa temperatura, s\u00e3o compat\u00edveis com as linhas de produ\u00e7\u00e3o normais de cer\u00e2mica e de decalques para artesanato, garantindo cores duradouras e resistentes ao desvanecimento.<\/p>\n\n\n\n<p><strong>Controlo est\u00e1vel da produ\u00e7\u00e3o em massa:<\/strong> Esta s\u00e9rie suporta o corte e a impress\u00e3o tipogr\u00e1fica em lote, garantindo um espa\u00e7amento consistente, arestas limpas e um alinhamento perfeito. Ideal para compras em grande escala, ajuda a reduzir os custos de produ\u00e7\u00e3o unit\u00e1rios, mantendo uma qualidade consistente.<\/p>\n<\/div>\n\n\n\n<div class=\"wp-block-column is-layout-flow wp-block-column-is-layout-flow\">\n<figure class=\"wp-block-image size-full\"><img fetchpriority=\"high\" decoding=\"async\" width=\"800\" height=\"800\" src=\"https:\/\/yutaimachinery.com\/wp-content\/uploads\/2025\/10\/Custom-Ceramic-Paper-Colorful-Floral-Decals-3.webp\" alt=\"Decalques florais coloridos de papel cer\u00e2mico personalizados (3)\" class=\"wp-image-5789\" title=\"\" srcset=\"https:\/\/yutaimachinery.com\/wp-content\/uploads\/2025\/10\/Custom-Ceramic-Paper-Colorful-Floral-Decals-3.webp 800w, https:\/\/yutaimachinery.com\/wp-content\/uploads\/2025\/10\/Custom-Ceramic-Paper-Colorful-Floral-Decals-3-300x300.webp 300w, https:\/\/yutaimachinery.com\/wp-content\/uploads\/2025\/10\/Custom-Ceramic-Paper-Colorful-Floral-Decals-3-150x150.webp 150w, https:\/\/yutaimachinery.com\/wp-content\/uploads\/2025\/10\/Custom-Ceramic-Paper-Colorful-Floral-Decals-3-768x768.webp 768w, https:\/\/yutaimachinery.com\/wp-content\/uploads\/2025\/10\/Custom-Ceramic-Paper-Colorful-Floral-Decals-3-12x12.webp 12w, https:\/\/yutaimachinery.com\/wp-content\/uploads\/2025\/10\/Custom-Ceramic-Paper-Colorful-Floral-Decals-3-285x285.webp 285w, https:\/\/yutaimachinery.com\/wp-content\/uploads\/2025\/10\/Custom-Ceramic-Paper-Colorful-Floral-Decals-3-270x270.webp 270w, https:\/\/yutaimachinery.com\/wp-content\/uploads\/2025\/10\/Custom-Ceramic-Paper-Colorful-Floral-Decals-3-540x540.webp 540w, https:\/\/yutaimachinery.com\/wp-content\/uploads\/2025\/10\/Custom-Ceramic-Paper-Colorful-Floral-Decals-3-660x660.webp 660w\" sizes=\"(max-width: 800px) 100vw, 800px\" \/><\/figure>\n<\/div>\n<\/div>","protected":false},"excerpt":{"rendered":"<p data-start=\"46\" data-end=\"401\">O papel autocolante para cer\u00e2mica personalizado da Yutai \u00e9 perfeito para a decora\u00e7\u00e3o de cer\u00e2mica e vidro. Com padr\u00f5es florais vivos e cores dur\u00e1veis e resistentes ao desbotamento, \u00e9 ideal para vasos, pratos e artesanato, com design personalizado e produ\u00e7\u00e3o a granel dispon\u00edvel. Contacte-nos para obter amostras e or\u00e7amentos!<\/p>\n<h2>Solu\u00e7\u00e3o \u00fanica de decalques cer\u00e2micos para baixas temperaturas:<\/h2>\n<ul>\n<li data-start=\"641\" data-end=\"1313\"><strong data-start=\"688\" data-end=\"707\">Op\u00e7\u00f5es personalizadas:<\/strong> Apoiamos projectos, padr\u00f5es, tamanhos e aplica\u00e7\u00f5es de baixa temperatura personalizados para produtos de cer\u00e2mica e vidro.<\/li>\n<li data-start=\"641\" data-end=\"1313\"><strong data-start=\"821\" data-end=\"854\">Apoio \u00e0 conce\u00e7\u00e3o e \u00e0 aplica\u00e7\u00e3o:<\/strong> Oferecer orienta\u00e7\u00e3o especializada sobre a sele\u00e7\u00e3o de decalques, o processo de transfer\u00eancia e as condi\u00e7\u00f5es de queima ideais para corresponder \u00e0 sua linha de produ\u00e7\u00e3o.<\/li>\n<li data-start=\"641\" data-end=\"1313\"><strong data-start=\"978\" data-end=\"1012\">Qualidade e garantia t\u00e9cnica:<\/strong> Garantem uma ader\u00eancia est\u00e1vel, cores vivas e uma excelente durabilidade sob cozedura a baixa temperatura.<\/li>\n<li data-start=\"641\" data-end=\"1313\"><strong data-start=\"1108\" data-end=\"1130\">Servi\u00e7o dedicado:<\/strong> A Yutai, enquanto fabricante profissional de maquinaria para cer\u00e2mica e de decalques, permite-lhe produzir decalques para cer\u00e2mica e vidro com solu\u00e7\u00f5es fi\u00e1veis, personaliz\u00e1veis e eficientes.<\/li>\n<\/ul>","protected":false},"featured_media":5788,"template":"","meta":{"_acf_changed":false},"product_brand":[],"product_cat":[59,108],"product_tag":[],"class_list":{"0":"post-5786","1":"product","2":"type-product","3":"status-publish","4":"has-post-thumbnail","6":"product_cat-ceramic-printing-machine","7":"product_cat-custom-ceramic-decals-manufacturer","9":"first","10":"instock","11":"shipping-taxable","12":"product-type-simple"},"acf":{"customization_content":"","customization_content_source":{"label":"Customization Content","type":"wysiwyg","formatted_value":""},"why_choose_us_content":"<h2 style=\"text-align: center;\">Why Choose Us as Your Ceramic Decals Supplier<\/h2>\r\n\r\n<hr \/>\r\n<p style=\"text-align: center;\">We have advanced fully automatic decals printing machines that can mass-produce high-quality decals for daily ceramics, bathroom ceramics, glass tableware, etc., suitable for different processes, and provide customized services<\/p>","why_choose_us_content_source":{"label":"Why Choose Us Content","type":"wysiwyg","formatted_value":"<h2 style=\"text-align: center;\">Why Choose Us as Your Ceramic Decals Supplier<\/h2>\n<hr \/>\n<p style=\"text-align: center;\">We have advanced fully automatic decals printing machines that can mass-produce high-quality decals for daily ceramics, bathroom ceramics, glass tableware, etc., suitable for different processes, and provide customized services<\/p>\n"}},"_links":{"self":[{"href":"https:\/\/yutaimachinery.com\/pt\/wp-json\/wp\/v2\/product\/5786","targetHints":{"allow":["GET"]}}],"collection":[{"href":"https:\/\/yutaimachinery.com\/pt\/wp-json\/wp\/v2\/product"}],"about":[{"href":"https:\/\/yutaimachinery.com\/pt\/wp-json\/wp\/v2\/types\/product"}],"version-history":[{"count":0,"href":"https:\/\/yutaimachinery.com\/pt\/wp-json\/wp\/v2\/product\/5786\/revisions"}],"wp:featuredmedia":[{"embeddable":true,"href":"https:\/\/yutaimachinery.com\/pt\/wp-json\/wp\/v2\/media\/5788"}],"wp:attachment":[{"href":"https:\/\/yutaimachinery.com\/pt\/wp-json\/wp\/v2\/media?parent=5786"}],"wp:term":[{"taxonomy":"product_brand","embeddable":true,"href":"https:\/\/yutaimachinery.com\/pt\/wp-json\/wp\/v2\/product_brand?post=5786"},{"taxonomy":"product_cat","embeddable":true,"href":"https:\/\/yutaimachinery.com\/pt\/wp-json\/wp\/v2\/product_cat?post=5786"},{"taxonomy":"product_tag","embeddable":true,"href":"https:\/\/yutaimachinery.com\/pt\/wp-json\/wp\/v2\/product_tag?post=5786"}],"curies":[{"name":"wp","href":"https:\/\/api.w.org\/{rel}","templated":true}]}}