{"id":5776,"date":"2025-10-18T11:45:27","date_gmt":"2025-10-18T03:45:27","guid":{"rendered":"https:\/\/yutaimachinery.com\/?post_type=product&#038;p=5776"},"modified":"2025-10-20T18:21:49","modified_gmt":"2025-10-20T10:21:49","slug":"custom-transfer-decals-for-ceramics","status":"publish","type":"product","link":"https:\/\/yutaimachinery.com\/pt\/product\/custom-transfer-decals-for-ceramics\/","title":{"rendered":"Decalques de transfer\u00eancia personalizados para decora\u00e7\u00e3o de cer\u00e2mica, p\u00e1ssaro, cena natural, estilo chin\u00eas Fornecedor de decalques"},"content":{"rendered":"<div class=\"wp-block-columns is-layout-flex wp-container-core-columns-is-layout-9d6595d7 wp-block-columns-is-layout-flex\">\n<div class=\"wp-block-column is-layout-flow wp-block-column-is-layout-flow\">\n<h2 class=\"wp-block-heading\">Carater\u00edsticas das decalcomanias de transfer\u00eancia para cer\u00e2mica:<\/h2>\n\n\n\n<p><strong>P\u00e1ssaros e flores requintados com pincel fino<\/strong>: O papel floral \u00e9 pintado com t\u00e9cnicas de pinceladas finas, com penas delicadas, gradientes naturais das p\u00e9talas e veios claros nos ramos e nas folhas. Decorado com borboletas, cria uma qualidade art\u00edstica pintada \u00e0 m\u00e3o, elevando a qualidade do produto cer\u00e2mico.<\/p>\n\n\n\n<p><strong>Simbolismo auspicioso adequado para v\u00e1rias cenas<\/strong>: Os elementos principais s\u00e3o os p\u00e1ssaros, que representam a vitalidade, as flores, que representam a beleza, e os pav\u00f5es, que representam a eleg\u00e2ncia. Estes elementos incorporam a est\u00e9tica oriental e respondem diretamente \u00e0 procura do mercado internacional de \"presentes de alta qualidade ao estilo chin\u00eas\". Adequados para decora\u00e7\u00e3o de casa, presentes festivos e ornamentos de hotel, estes artigos s\u00e3o adequados para uma variedade de ambientes.<\/p>\n\n\n\n<p><strong>Compatibilidade flex\u00edvel<\/strong>: Adequado para vasos, pratos e jarras, o esquema de padr\u00f5es suporta combina\u00e7\u00f5es verticais, radiais e sim\u00e9tricas, satisfazendo as necessidades de \"uma imagem para m\u00faltiplas utiliza\u00e7\u00f5es\" dos fabricantes de cer\u00e2mica e reduzindo os custos de sele\u00e7\u00e3o de produtos.<\/p>\n\n\n\n<p><strong>Queima a baixa temperatura<\/strong>: Ir consegue cores saturadas e resistentes ao desbotamento, adaptando-se \u00e0s linhas de produ\u00e7\u00e3o existentes, poupando energia e reduzindo custos, ao mesmo tempo que assegura um esmalte suave e padr\u00f5es duradouros. Cumpre as normas internacionais de seguran\u00e7a para exporta\u00e7\u00e3o.<\/p>\n<\/div>\n\n\n\n<div class=\"wp-block-column is-layout-flow wp-block-column-is-layout-flow\">\n<figure class=\"wp-block-image size-full\"><img fetchpriority=\"high\" decoding=\"async\" width=\"750\" height=\"750\" src=\"https:\/\/yutaimachinery.com\/wp-content\/uploads\/2025\/10\/custom-transfer-decals-for-ceramics-3.webp\" alt=\"decalques de transfer\u00eancia personalizados para cer\u00e2mica (3)\" class=\"wp-image-5779\" title=\"\" srcset=\"https:\/\/yutaimachinery.com\/wp-content\/uploads\/2025\/10\/custom-transfer-decals-for-ceramics-3.webp 750w, https:\/\/yutaimachinery.com\/wp-content\/uploads\/2025\/10\/custom-transfer-decals-for-ceramics-3-300x300.webp 300w, https:\/\/yutaimachinery.com\/wp-content\/uploads\/2025\/10\/custom-transfer-decals-for-ceramics-3-150x150.webp 150w, https:\/\/yutaimachinery.com\/wp-content\/uploads\/2025\/10\/custom-transfer-decals-for-ceramics-3-12x12.webp 12w, https:\/\/yutaimachinery.com\/wp-content\/uploads\/2025\/10\/custom-transfer-decals-for-ceramics-3-285x285.webp 285w, https:\/\/yutaimachinery.com\/wp-content\/uploads\/2025\/10\/custom-transfer-decals-for-ceramics-3-270x270.webp 270w, https:\/\/yutaimachinery.com\/wp-content\/uploads\/2025\/10\/custom-transfer-decals-for-ceramics-3-540x540.webp 540w, https:\/\/yutaimachinery.com\/wp-content\/uploads\/2025\/10\/custom-transfer-decals-for-ceramics-3-660x660.webp 660w\" sizes=\"(max-width: 750px) 100vw, 750px\" \/><\/figure>\n<\/div>\n<\/div>","protected":false},"excerpt":{"rendered":"<p>Decalques de transfer\u00eancia personalizados Yutai para cer\u00e2mica, padr\u00f5es de flores e p\u00e1ssaros com pinceladas finas, adequados para vasos, pratos e outras formas, queima a baixa temperatura para economizar custos, capacita\u00e7\u00e3o cultural para aumentar os pr\u00e9mios, apoio \u00e0 prova r\u00e1pida, clique para perguntar e criar um sucesso!<\/p>\n<h2>Solu\u00e7\u00e3o \u00fanica de decalques cer\u00e2micos para baixas temperaturas:<\/h2>\n<ul>\n<li data-start=\"641\" data-end=\"1313\"><strong data-start=\"688\" data-end=\"707\">Op\u00e7\u00f5es personalizadas:<\/strong> Apoiamos projectos, padr\u00f5es, tamanhos e aplica\u00e7\u00f5es de baixa temperatura personalizados para produtos de cer\u00e2mica e vidro.<\/li>\n<li data-start=\"641\" data-end=\"1313\"><strong data-start=\"821\" data-end=\"854\">Apoio \u00e0 conce\u00e7\u00e3o e \u00e0 aplica\u00e7\u00e3o:<\/strong> Oferecer orienta\u00e7\u00e3o especializada sobre a sele\u00e7\u00e3o de decalques, o processo de transfer\u00eancia e as condi\u00e7\u00f5es de queima ideais para corresponder \u00e0 sua linha de produ\u00e7\u00e3o.<\/li>\n<li data-start=\"641\" data-end=\"1313\"><strong data-start=\"978\" data-end=\"1012\">Qualidade e garantia t\u00e9cnica:<\/strong> Garantem uma ader\u00eancia est\u00e1vel, cores vivas e uma excelente durabilidade sob cozedura a baixa temperatura.<\/li>\n<li data-start=\"641\" data-end=\"1313\"><strong data-start=\"1108\" data-end=\"1130\">Servi\u00e7o dedicado:<\/strong> A Yutai, enquanto fabricante profissional de maquinaria para cer\u00e2mica e de decalques, permite-lhe produzir decalques para cer\u00e2mica e vidro com solu\u00e7\u00f5es fi\u00e1veis, personaliz\u00e1veis e eficientes.<\/li>\n<\/ul>","protected":false},"featured_media":5777,"template":"","meta":{"_acf_changed":false},"product_brand":[],"product_cat":[59,108],"product_tag":[],"class_list":{"0":"post-5776","1":"product","2":"type-product","3":"status-publish","4":"has-post-thumbnail","6":"product_cat-ceramic-printing-machine","7":"product_cat-custom-ceramic-decals-manufacturer","9":"first","10":"instock","11":"shipping-taxable","12":"product-type-simple"},"acf":{"customization_content":"","customization_content_source":{"label":"Customization Content","type":"wysiwyg","formatted_value":""},"why_choose_us_content":"<h2 style=\"text-align: center;\">Why Choose Us as Your Ceramic Decals Supplier<\/h2>\r\n\r\n<hr \/>\r\n<p style=\"text-align: center;\">We have advanced fully automatic decals printing machines that can mass-produce high-quality decals for daily ceramics, bathroom ceramics, glass tableware, etc., suitable for different processes, and provide customized services<\/p>","why_choose_us_content_source":{"label":"Why Choose Us Content","type":"wysiwyg","formatted_value":"<h2 style=\"text-align: center;\">Why Choose Us as Your Ceramic Decals Supplier<\/h2>\n<hr \/>\n<p style=\"text-align: center;\">We have advanced fully automatic decals printing machines that can mass-produce high-quality decals for daily ceramics, bathroom ceramics, glass tableware, etc., suitable for different processes, and provide customized services<\/p>\n"}},"_links":{"self":[{"href":"https:\/\/yutaimachinery.com\/pt\/wp-json\/wp\/v2\/product\/5776","targetHints":{"allow":["GET"]}}],"collection":[{"href":"https:\/\/yutaimachinery.com\/pt\/wp-json\/wp\/v2\/product"}],"about":[{"href":"https:\/\/yutaimachinery.com\/pt\/wp-json\/wp\/v2\/types\/product"}],"version-history":[{"count":0,"href":"https:\/\/yutaimachinery.com\/pt\/wp-json\/wp\/v2\/product\/5776\/revisions"}],"wp:featuredmedia":[{"embeddable":true,"href":"https:\/\/yutaimachinery.com\/pt\/wp-json\/wp\/v2\/media\/5777"}],"wp:attachment":[{"href":"https:\/\/yutaimachinery.com\/pt\/wp-json\/wp\/v2\/media?parent=5776"}],"wp:term":[{"taxonomy":"product_brand","embeddable":true,"href":"https:\/\/yutaimachinery.com\/pt\/wp-json\/wp\/v2\/product_brand?post=5776"},{"taxonomy":"product_cat","embeddable":true,"href":"https:\/\/yutaimachinery.com\/pt\/wp-json\/wp\/v2\/product_cat?post=5776"},{"taxonomy":"product_tag","embeddable":true,"href":"https:\/\/yutaimachinery.com\/pt\/wp-json\/wp\/v2\/product_tag?post=5776"}],"curies":[{"name":"wp","href":"https:\/\/api.w.org\/{rel}","templated":true}]}}