{"id":5767,"date":"2025-10-18T10:35:13","date_gmt":"2025-10-18T02:35:13","guid":{"rendered":"https:\/\/yutaimachinery.com\/?post_type=product&#038;p=5767"},"modified":"2025-10-20T18:21:49","modified_gmt":"2025-10-20T10:21:49","slug":"wholesale-ceramic-decal-transfers-pink-lotus","status":"publish","type":"product","link":"https:\/\/yutaimachinery.com\/pt\/product\/wholesale-ceramic-decal-transfers-pink-lotus\/","title":{"rendered":"Atacado Decalque de cer\u00e2mica transfere l\u00f3tus rosa tra\u00e7o de linha de ouro para vasos de cer\u00e2mica pratos"},"content":{"rendered":"<div class=\"wp-block-columns is-layout-flex wp-container-core-columns-is-layout-9d6595d7 wp-block-columns-is-layout-flex\">\n<div class=\"wp-block-column is-layout-flow wp-block-column-is-layout-flow\">\n<h2 class=\"wp-block-heading\">Ceramic Decal Transfers Pink Lotus Carater\u00edsticas:<\/h2>\n\n\n\n<p><strong>Design est\u00e9tico chin\u00eas cl\u00e1ssico<\/strong>: Utilizando uma pincelada meticulosa, o desenho representa flores de l\u00f3tus em flor, vagens de l\u00f3tus, lib\u00e9lulas e folhas de l\u00f3tus. As p\u00e9talas desvanecem-se num rosa delicado, enquanto as folhas s\u00e3o de um verde-esmeralda vibrante. Os contornos dourados acentuam o design, enquanto o padr\u00e3o em forma de cora\u00e7\u00e3o enquadra o exterior com uma moldura dourada. Este desenho evoca o encanto elegante das pinturas tradicionais de flores e p\u00e1ssaros. Adequado para cer\u00e2micas topo de gama, como jogos de ch\u00e1, jarras e loi\u00e7a de mesa, refor\u00e7ando o seu valor cultural.<\/p>\n\n\n\n<p><strong>Adaptabilidade precisa do tamanho<\/strong>: Dispon\u00edvel em tamanhos padr\u00e3o de 17,5 cm (para bases\/copos pequenos) e 19,2 cm (para vasos grandes\/bases longas), inclui arranjos de flores de l\u00f3tus grandes e individuais e v\u00e1rias filas de flores de l\u00f3tus mais pequenas. Suporta decalques de superf\u00edcie parcial ou total para v\u00e1rias formas de vasos, oferecendo uma compatibilidade flex\u00edvel.<\/p>\n\n\n\n<p><strong>Processo de poupan\u00e7a de energia<\/strong>: A cozedura a baixa temperatura reduz o consumo de energia em compara\u00e7\u00e3o com as decalcomanias convencionais a alta temperatura, reduzindo os custos de produ\u00e7\u00e3o e assegurando ao mesmo tempo a solidez da cor e um acabamento de esmalte suave, garantindo uma resist\u00eancia a longo prazo ao desbotamento e \u00e0 descama\u00e7\u00e3o.<\/p>\n\n\n\n<p><strong>Impress\u00e3o de alta precis\u00e3o<\/strong>: A textura das p\u00e9talas e das folhas de l\u00f3tus \u00e9 claramente vis\u00edvel, e o contorno dourado e o rebordo em forma de cora\u00e7\u00e3o s\u00e3o delicados e requintados. A resolu\u00e7\u00e3o de impress\u00e3o cumpre as normas mais exigentes do sector, o que confere aos produtos cer\u00e2micos uma textura \"pintada \u00e0 m\u00e3o\" ap\u00f3s a aplica\u00e7\u00e3o dos decalques.<\/p>\n\n\n\n<p><strong>Garantia de conformidade ambiental<\/strong>: Sem lixivia\u00e7\u00e3o de chumbo ou c\u00e1dmio, em conformidade com as normas internacionais de seguran\u00e7a da cer\u00e2mica, ajudando os grossistas e os compradores a evitar riscos de conformidade com as exporta\u00e7\u00f5es e a expandir os mercados.<\/p>\n<\/div>\n\n\n\n<div class=\"wp-block-column is-layout-flow wp-block-column-is-layout-flow\">\n<figure class=\"wp-block-image size-full\"><img fetchpriority=\"high\" decoding=\"async\" width=\"1006\" height=\"1006\" src=\"https:\/\/yutaimachinery.com\/wp-content\/uploads\/2025\/10\/Ceramic-Decal-Transfers-Lotus-Wholesale-1.webp\" alt=\"Transfer\u00eancias de autocolantes para cer\u00e2mica Lotus Wholesale (1)\" class=\"wp-image-5768\" title=\"\" srcset=\"https:\/\/yutaimachinery.com\/wp-content\/uploads\/2025\/10\/Ceramic-Decal-Transfers-Lotus-Wholesale-1.webp 1006w, https:\/\/yutaimachinery.com\/wp-content\/uploads\/2025\/10\/Ceramic-Decal-Transfers-Lotus-Wholesale-1-300x300.webp 300w, https:\/\/yutaimachinery.com\/wp-content\/uploads\/2025\/10\/Ceramic-Decal-Transfers-Lotus-Wholesale-1-150x150.webp 150w, https:\/\/yutaimachinery.com\/wp-content\/uploads\/2025\/10\/Ceramic-Decal-Transfers-Lotus-Wholesale-1-768x768.webp 768w, https:\/\/yutaimachinery.com\/wp-content\/uploads\/2025\/10\/Ceramic-Decal-Transfers-Lotus-Wholesale-1-12x12.webp 12w, https:\/\/yutaimachinery.com\/wp-content\/uploads\/2025\/10\/Ceramic-Decal-Transfers-Lotus-Wholesale-1-285x285.webp 285w, https:\/\/yutaimachinery.com\/wp-content\/uploads\/2025\/10\/Ceramic-Decal-Transfers-Lotus-Wholesale-1-270x270.webp 270w, https:\/\/yutaimachinery.com\/wp-content\/uploads\/2025\/10\/Ceramic-Decal-Transfers-Lotus-Wholesale-1-540x540.webp 540w, https:\/\/yutaimachinery.com\/wp-content\/uploads\/2025\/10\/Ceramic-Decal-Transfers-Lotus-Wholesale-1-660x660.webp 660w\" sizes=\"(max-width: 1006px) 100vw, 1006px\" \/><\/figure>\n<\/div>\n<\/div>","protected":false},"excerpt":{"rendered":"<p>Bem-vindo \u00e0s transfer\u00eancias de decalques de cer\u00e2mica por atacado, o padr\u00e3o de vagem de l\u00f3tus e lib\u00e9lula meticulosamente trabalhado, com sua est\u00e9tica chinesa, aumenta o pr\u00eamio do produto, perfeito para jogos de ch\u00e1, lou\u00e7as, vasos decorativos e muito mais. Dispon\u00edvel em v\u00e1rios tamanhos, com prova r\u00e1pida, contacte-nos para uma solu\u00e7\u00e3o personalizada!<\/p>\n<h2>Solu\u00e7\u00e3o \u00fanica de decalques cer\u00e2micos para baixas temperaturas:<\/h2>\n<ul>\n<li data-start=\"641\" data-end=\"1313\"><strong data-start=\"688\" data-end=\"707\">Op\u00e7\u00f5es personalizadas:<\/strong> Apoiamos projectos, padr\u00f5es, tamanhos e aplica\u00e7\u00f5es de baixa temperatura personalizados para produtos de cer\u00e2mica e vidro.<\/li>\n<li data-start=\"641\" data-end=\"1313\"><strong data-start=\"821\" data-end=\"854\">Apoio \u00e0 conce\u00e7\u00e3o e \u00e0 aplica\u00e7\u00e3o:<\/strong> Oferecer orienta\u00e7\u00e3o especializada sobre a sele\u00e7\u00e3o de decalques, o processo de transfer\u00eancia e as condi\u00e7\u00f5es de queima ideais para corresponder \u00e0 sua linha de produ\u00e7\u00e3o.<\/li>\n<li data-start=\"641\" data-end=\"1313\"><strong data-start=\"978\" data-end=\"1012\">Qualidade e garantia t\u00e9cnica:<\/strong> Garantem uma ader\u00eancia est\u00e1vel, cores vivas e uma excelente durabilidade sob cozedura a baixa temperatura.<\/li>\n<li data-start=\"641\" data-end=\"1313\"><strong data-start=\"1108\" data-end=\"1130\">Servi\u00e7o dedicado:<\/strong> A Yutai, enquanto fabricante profissional de maquinaria para cer\u00e2mica e de decalques, permite-lhe produzir decalques para cer\u00e2mica e vidro com solu\u00e7\u00f5es fi\u00e1veis, personaliz\u00e1veis e eficientes.<\/li>\n<\/ul>","protected":false},"featured_media":5768,"template":"","meta":{"_acf_changed":false},"product_brand":[],"product_cat":[59,108],"product_tag":[],"class_list":{"0":"post-5767","1":"product","2":"type-product","3":"status-publish","4":"has-post-thumbnail","6":"product_cat-ceramic-printing-machine","7":"product_cat-custom-ceramic-decals-manufacturer","9":"first","10":"instock","11":"shipping-taxable","12":"product-type-simple"},"acf":{"customization_content":"","customization_content_source":{"label":"Customization Content","type":"wysiwyg","formatted_value":""},"why_choose_us_content":"<h2 style=\"text-align: center;\">Why Choose Us as Your Ceramic Decals Supplier<\/h2>\r\n\r\n<hr \/>\r\n<p style=\"text-align: center;\">We have advanced fully automatic decals printing machines that can mass-produce high-quality decals for daily ceramics, bathroom ceramics, glass tableware, etc., suitable for different processes, and provide customized services<\/p>","why_choose_us_content_source":{"label":"Why Choose Us Content","type":"wysiwyg","formatted_value":"<h2 style=\"text-align: center;\">Why Choose Us as Your Ceramic Decals Supplier<\/h2>\n<hr \/>\n<p style=\"text-align: center;\">We have advanced fully automatic decals printing machines that can mass-produce high-quality decals for daily ceramics, bathroom ceramics, glass tableware, etc., suitable for different processes, and provide customized services<\/p>\n"}},"_links":{"self":[{"href":"https:\/\/yutaimachinery.com\/pt\/wp-json\/wp\/v2\/product\/5767","targetHints":{"allow":["GET"]}}],"collection":[{"href":"https:\/\/yutaimachinery.com\/pt\/wp-json\/wp\/v2\/product"}],"about":[{"href":"https:\/\/yutaimachinery.com\/pt\/wp-json\/wp\/v2\/types\/product"}],"version-history":[{"count":0,"href":"https:\/\/yutaimachinery.com\/pt\/wp-json\/wp\/v2\/product\/5767\/revisions"}],"wp:featuredmedia":[{"embeddable":true,"href":"https:\/\/yutaimachinery.com\/pt\/wp-json\/wp\/v2\/media\/5768"}],"wp:attachment":[{"href":"https:\/\/yutaimachinery.com\/pt\/wp-json\/wp\/v2\/media?parent=5767"}],"wp:term":[{"taxonomy":"product_brand","embeddable":true,"href":"https:\/\/yutaimachinery.com\/pt\/wp-json\/wp\/v2\/product_brand?post=5767"},{"taxonomy":"product_cat","embeddable":true,"href":"https:\/\/yutaimachinery.com\/pt\/wp-json\/wp\/v2\/product_cat?post=5767"},{"taxonomy":"product_tag","embeddable":true,"href":"https:\/\/yutaimachinery.com\/pt\/wp-json\/wp\/v2\/product_tag?post=5767"}],"curies":[{"name":"wp","href":"https:\/\/api.w.org\/{rel}","templated":true}]}}