{"id":5757,"date":"2025-10-18T09:57:08","date_gmt":"2025-10-18T01:57:08","guid":{"rendered":"https:\/\/yutaimachinery.com\/?post_type=product&#038;p=5757"},"modified":"2025-10-20T18:21:18","modified_gmt":"2025-10-20T10:21:18","slug":"custom-ceramic-transfer-decals-peacock","status":"publish","type":"product","link":"https:\/\/yutaimachinery.com\/pt\/product\/custom-ceramic-transfer-decals-peacock\/","title":{"rendered":"Decalques personalizados de transfer\u00eancia de cer\u00e2mica Decalque com padr\u00e3o floral de pav\u00e3o para produtos de vidro cer\u00e2mico a baixa temperatura"},"content":{"rendered":"<div class=\"wp-block-columns is-layout-flex wp-container-core-columns-is-layout-9d6595d7 wp-block-columns-is-layout-flex\">\n<div class=\"wp-block-column is-layout-flow wp-block-column-is-layout-flow\">\n<h2 class=\"wp-block-heading\">Carater\u00edsticas das decalcomanias de transfer\u00eancia de cer\u00e2mica com padr\u00e3o de pav\u00e3o:<\/h2>\n\n\n\n<p><strong>Beleza oriental cl\u00e1ssica<\/strong>: Inspirados em pinturas meticulosas de flores e p\u00e1ssaros, os desenhos de pav\u00f5es e flores personificam a prosperidade, evocam a beleza oriental e s\u00e3o adequados para produtos de cer\u00e2mica de luxo.<\/p>\n\n\n\n<p><strong>Reprodu\u00e7\u00e3o de padr\u00f5es de alta precis\u00e3o<\/strong>: Utilizando tecnologia de impress\u00e3o de alta defini\u00e7\u00e3o, os tra\u00e7os delicados e a grada\u00e7\u00e3o de cores das flores e dos pav\u00f5es s\u00e3o reproduzidos com precis\u00e3o, garantindo que cada decalque seja transparente e rico em cores.<\/p>\n\n\n\n<p><strong>Tecnologia de cura a baixa temperatura<\/strong>: \u00c9 energeticamente eficiente e altamente eficaz, poupando energia enquanto mant\u00e9m o esmalte liso e resistente ao desbotamento.<\/p>\n\n\n\n<p><strong>Material de forte ader\u00eancia<\/strong>: Com uma f\u00f3rmula de esmalte patenteada, existe uma ades\u00e3o firme entre o decalque e o material de base da cer\u00e2mica, garantindo a resist\u00eancia ao desgaste e aos riscos, cumprindo os requisitos de durabilidade exigidos pelas exporta\u00e7\u00f5es.<\/p>\n\n\n\n<p><strong>Multiusos<\/strong>: Adequado para utiliza\u00e7\u00e3o em vasos, loi\u00e7a de mesa, porcelana decorativa e muito mais, proporcionando um valor acrescentado aos produtos e satisfazendo as necessidades do mercado de presentes de qualidade e decora\u00e7\u00e3o para o lar.<\/p>\n\n\n\n<p><strong>Versatilidade de personaliza\u00e7\u00e3o<\/strong>: Permite ajustar o tamanho e a cor do padr\u00e3o de acordo com os requisitos de forma da cer\u00e2mica do cliente e fornece servi\u00e7os de prova r\u00e1pidos e em pequenos lotes.<\/p>\n<\/div>\n\n\n\n<div class=\"wp-block-column is-layout-flow wp-block-column-is-layout-flow\">\n<figure class=\"wp-block-image size-full\"><img fetchpriority=\"high\" decoding=\"async\" width=\"1080\" height=\"1440\" src=\"https:\/\/yutaimachinery.com\/wp-content\/uploads\/2025\/10\/Custom-Ceramic-Transfer-Decals-Peacock2.webp\" alt=\"Decalques personalizados em cer\u00e2mica Peacock(2)\" class=\"wp-image-5759\" title=\"\" srcset=\"https:\/\/yutaimachinery.com\/wp-content\/uploads\/2025\/10\/Custom-Ceramic-Transfer-Decals-Peacock2.webp 1080w, https:\/\/yutaimachinery.com\/wp-content\/uploads\/2025\/10\/Custom-Ceramic-Transfer-Decals-Peacock2-225x300.webp 225w, https:\/\/yutaimachinery.com\/wp-content\/uploads\/2025\/10\/Custom-Ceramic-Transfer-Decals-Peacock2-768x1024.webp 768w, https:\/\/yutaimachinery.com\/wp-content\/uploads\/2025\/10\/Custom-Ceramic-Transfer-Decals-Peacock2-9x12.webp 9w, https:\/\/yutaimachinery.com\/wp-content\/uploads\/2025\/10\/Custom-Ceramic-Transfer-Decals-Peacock2-285x380.webp 285w, https:\/\/yutaimachinery.com\/wp-content\/uploads\/2025\/10\/Custom-Ceramic-Transfer-Decals-Peacock2-495x660.webp 495w, https:\/\/yutaimachinery.com\/wp-content\/uploads\/2025\/10\/Custom-Ceramic-Transfer-Decals-Peacock2-113x150.webp 113w\" sizes=\"(max-width: 1080px) 100vw, 1080px\" \/><\/figure>\n<\/div>\n<\/div>\n\n\n\n<p><\/p>","protected":false},"excerpt":{"rendered":"<p>A Yutai oferece decalques de transfer\u00eancia de cer\u00e2mica personalizados com cozedura a baixa temperatura, padr\u00f5es vibrantes de pav\u00e3o, acabamentos suaves e forte ader\u00eancia. Perfeito para vasos, pratos e artigos decorativos. Personaliza\u00e7\u00e3o total e apoio t\u00e9cnico dispon\u00edveis, contacte-nos para obter amostras e or\u00e7amentos!<\/p>\n<h2>Solu\u00e7\u00e3o \u00fanica de decalques cer\u00e2micos para baixas temperaturas:<\/h2>\n<ul>\n<li data-start=\"641\" data-end=\"1313\"><strong data-start=\"688\" data-end=\"707\">Op\u00e7\u00f5es personalizadas:<\/strong> Apoiamos projectos, padr\u00f5es, tamanhos e aplica\u00e7\u00f5es de baixa temperatura personalizados para produtos de cer\u00e2mica e vidro.<\/li>\n<li data-start=\"641\" data-end=\"1313\"><strong data-start=\"821\" data-end=\"854\">Apoio \u00e0 conce\u00e7\u00e3o e \u00e0 aplica\u00e7\u00e3o:<\/strong> Oferecer orienta\u00e7\u00e3o especializada sobre a sele\u00e7\u00e3o de decalques, o processo de transfer\u00eancia e as condi\u00e7\u00f5es de queima ideais para corresponder \u00e0 sua linha de produ\u00e7\u00e3o.<\/li>\n<li data-start=\"641\" data-end=\"1313\"><strong data-start=\"978\" data-end=\"1012\">Qualidade e garantia t\u00e9cnica:<\/strong> Garantem uma ader\u00eancia est\u00e1vel, cores vivas e uma excelente durabilidade sob cozedura a baixa temperatura.<\/li>\n<li data-start=\"641\" data-end=\"1313\"><strong data-start=\"1108\" data-end=\"1130\">Servi\u00e7o dedicado:<\/strong> A Yutai, enquanto fabricante profissional de maquinaria para cer\u00e2mica e de decalques, permite-lhe produzir decalques para cer\u00e2mica e vidro com solu\u00e7\u00f5es fi\u00e1veis, personaliz\u00e1veis e eficientes.<\/li>\n<\/ul>","protected":false},"featured_media":5760,"template":"","meta":{"_acf_changed":false},"product_brand":[],"product_cat":[59],"product_tag":[],"class_list":{"0":"post-5757","1":"product","2":"type-product","3":"status-publish","4":"has-post-thumbnail","6":"product_cat-ceramic-printing-machine","8":"first","9":"instock","10":"shipping-taxable","11":"product-type-simple"},"acf":{"customization_content":"","customization_content_source":{"label":"Customization Content","type":"wysiwyg","formatted_value":""},"why_choose_us_content":"<h2 style=\"text-align: center;\">Why Choose Us as Your Ceramic Decals Supplier<\/h2>\r\n\r\n<hr \/>\r\n<p style=\"text-align: center;\">We have advanced fully automatic decals printing machines that can mass-produce high-quality decals for daily ceramics, bathroom ceramics, glass tableware, etc., suitable for different processes, and provide customized services<\/p>","why_choose_us_content_source":{"label":"Why Choose Us Content","type":"wysiwyg","formatted_value":"<h2 style=\"text-align: center;\">Why Choose Us as Your Ceramic Decals Supplier<\/h2>\n<hr \/>\n<p style=\"text-align: center;\">We have advanced fully automatic decals printing machines that can mass-produce high-quality decals for daily ceramics, bathroom ceramics, glass tableware, etc., suitable for different processes, and provide customized services<\/p>\n"}},"_links":{"self":[{"href":"https:\/\/yutaimachinery.com\/pt\/wp-json\/wp\/v2\/product\/5757","targetHints":{"allow":["GET"]}}],"collection":[{"href":"https:\/\/yutaimachinery.com\/pt\/wp-json\/wp\/v2\/product"}],"about":[{"href":"https:\/\/yutaimachinery.com\/pt\/wp-json\/wp\/v2\/types\/product"}],"version-history":[{"count":0,"href":"https:\/\/yutaimachinery.com\/pt\/wp-json\/wp\/v2\/product\/5757\/revisions"}],"wp:featuredmedia":[{"embeddable":true,"href":"https:\/\/yutaimachinery.com\/pt\/wp-json\/wp\/v2\/media\/5760"}],"wp:attachment":[{"href":"https:\/\/yutaimachinery.com\/pt\/wp-json\/wp\/v2\/media?parent=5757"}],"wp:term":[{"taxonomy":"product_brand","embeddable":true,"href":"https:\/\/yutaimachinery.com\/pt\/wp-json\/wp\/v2\/product_brand?post=5757"},{"taxonomy":"product_cat","embeddable":true,"href":"https:\/\/yutaimachinery.com\/pt\/wp-json\/wp\/v2\/product_cat?post=5757"},{"taxonomy":"product_tag","embeddable":true,"href":"https:\/\/yutaimachinery.com\/pt\/wp-json\/wp\/v2\/product_tag?post=5757"}],"curies":[{"name":"wp","href":"https:\/\/api.w.org\/{rel}","templated":true}]}}