{"id":5724,"date":"2025-09-30T17:29:09","date_gmt":"2025-09-30T09:29:09","guid":{"rendered":"https:\/\/yutaimachinery.com\/?post_type=product&#038;p=5724"},"modified":"2025-10-20T18:21:49","modified_gmt":"2025-10-20T10:21:49","slug":"ceramic-decals-wholesale","status":"publish","type":"product","link":"https:\/\/yutaimachinery.com\/pt\/product\/ceramic-decals-wholesale\/","title":{"rendered":"Decalques de cer\u00e2mica Decalque de padr\u00e3o de paisagem natural de ouro retangular por atacado para vaso sanit\u00e1rio personalizado"},"content":{"rendered":"<div class=\"wp-block-columns is-layout-flex wp-container-core-columns-is-layout-9d6595d7 wp-block-columns-is-layout-flex\">\n<div class=\"wp-block-column is-layout-flow wp-block-column-is-layout-flow\">\n<h2 class=\"wp-block-heading\">Carater\u00edsticas dos decalques para cer\u00e2mica por atacado:<\/h2>\n\n\n\n<p><strong>V\u00e1rios padr\u00f5es<\/strong>: Com uma variedade de paisagens naturais, animais, flores, plantas e padr\u00f5es geom\u00e9tricos, estes decalques adaptam-se ao estilo de casa de banho que possa ter.<\/p>\n\n\n\n<p><strong>Servi\u00e7o ODM\/OEM<\/strong>: Os clientes podem fornecer os seus pr\u00f3prios desenhos, fotografias e log\u00f3tipos de marca, para citar alguns, e a Yutai ir\u00e1 desenhar profissionalmente e depois conceber todos os desenhos com base nestes materiais, acrescentando a sua criatividade \u00fanica aos seus decalques de cer\u00e2mica.<\/p>\n\n\n\n<p><strong>Aplic\u00e1vel a v\u00e1rios artigos de cer\u00e2mica<\/strong>: Pode ser utilizado para lavat\u00f3rios, sanitas e acess\u00f3rios de casa de banho. Dispomos de autocolantes para as diferentes formas destes produtos, incluindo redondos, quadrados e algumas formas especiais, para se adaptarem.<\/p>\n\n\n\n<p><strong>Resist\u00eancia ao desgaste e durabilidade<\/strong>: Especialmente tratados para resistir ao desgaste, estes autocolantes s\u00e3o fortes contra o desgaste provocado pela fric\u00e7\u00e3o quotidiana e pela resist\u00eancia ao impacto, garantindo a sua durabilidade em \u00f3ptimas condi\u00e7\u00f5es.<\/p>\n\n\n\n<p><strong>Tecnologia de impress\u00e3o avan\u00e7ada:<\/strong> O m\u00e9todo de impress\u00e3o avan\u00e7ado permite a reprodu\u00e7\u00e3o precisa de padr\u00f5es e cores nos decalques.<\/p>\n\n\n\n<p><strong>Queima a alta temperatura<\/strong>: As decalcomanias s\u00e3o aderidas ao leito cer\u00e2mico e n\u00e3o se deformam, n\u00e3o racham nem descascam, garantindo um efeito decorativo est\u00e1vel.<\/p>\n<\/div>\n\n\n\n<div class=\"wp-block-column is-layout-flow wp-block-column-is-layout-flow\">\n<figure class=\"wp-block-image size-full\"><img fetchpriority=\"high\" decoding=\"async\" width=\"510\" height=\"511\" src=\"https:\/\/yutaimachinery.com\/wp-content\/uploads\/2025\/09\/ceramic-decals-wholesale-3.webp\" alt=\"decalques para cer\u00e2mica por atacado (3)\" class=\"wp-image-5727\" title=\"\" srcset=\"https:\/\/yutaimachinery.com\/wp-content\/uploads\/2025\/09\/ceramic-decals-wholesale-3.webp 510w, https:\/\/yutaimachinery.com\/wp-content\/uploads\/2025\/09\/ceramic-decals-wholesale-3-300x300.webp 300w, https:\/\/yutaimachinery.com\/wp-content\/uploads\/2025\/09\/ceramic-decals-wholesale-3-150x150.webp 150w, https:\/\/yutaimachinery.com\/wp-content\/uploads\/2025\/09\/ceramic-decals-wholesale-3-12x12.webp 12w, https:\/\/yutaimachinery.com\/wp-content\/uploads\/2025\/09\/ceramic-decals-wholesale-3-285x286.webp 285w, https:\/\/yutaimachinery.com\/wp-content\/uploads\/2025\/09\/ceramic-decals-wholesale-3-270x270.webp 270w\" sizes=\"(max-width: 510px) 100vw, 510px\" \/><\/figure>\n<\/div>\n<\/div>\n\n\n\n<p><\/p>","protected":false},"excerpt":{"rendered":"<p>Decalques de cer\u00e2mica por atacado, dispon\u00edveis em desenhos naturais como \u00e1rvores e veados, adequados para lavat\u00f3rios e cer\u00e2micas de casa de banho. Com tecnologia de impress\u00e3o avan\u00e7ada, \u00e9 imperme\u00e1vel e resistente ao desgaste, e f\u00e1cil de usar! Fornecimento direto da f\u00e1brica Yutai, apoio a desenhos personalizados, contacte-nos para um or\u00e7amento!<\/p>\n<h2>Solu\u00e7\u00e3o \u00fanica de decalques para cer\u00e2mica de lou\u00e7a sanit\u00e1ria:<\/h2>\n<ul>\n<li style=\"list-style-type: none;\">\n<ul>\n<li><strong>Op\u00e7\u00f5es personalizadas<\/strong>: Suporta padr\u00f5es, tamanhos e cores de decalques personalizados e aplica\u00e7\u00f5es a altas temperaturas.<\/li>\n<li><strong>Apoio \u00e0 conce\u00e7\u00e3o e \u00e0 aplica\u00e7\u00e3o<\/strong>: Oferecer orienta\u00e7\u00e3o especializada na sele\u00e7\u00e3o e aplica\u00e7\u00e3o de decalques, adaptada ao seu tipo de produto e processo de produ\u00e7\u00e3o.<\/li>\n<li><strong>Qualidade e assist\u00eancia t\u00e9cnica<\/strong>: Assegurar a durabilidade a altas temperaturas, padr\u00f5es vivos e desempenho fi\u00e1vel; orientar a queima e a utiliza\u00e7\u00e3o.<\/li>\n<li><strong>Servi\u00e7o dedicado:<\/strong> A Yutai, como fabricante l\u00edder de maquinaria e decalques para cer\u00e2mica, capacita a sua produ\u00e7\u00e3o de lou\u00e7a sanit\u00e1ria com decalques de alta qualidade e solu\u00e7\u00f5es \u00e0 medida.<\/li>\n<\/ul>\n<\/li>\n<\/ul>","protected":false},"featured_media":5725,"template":"","meta":{"_acf_changed":false},"product_brand":[],"product_cat":[59,108],"product_tag":[],"class_list":{"0":"post-5724","1":"product","2":"type-product","3":"status-publish","4":"has-post-thumbnail","6":"product_cat-ceramic-printing-machine","7":"product_cat-custom-ceramic-decals-manufacturer","9":"first","10":"instock","11":"shipping-taxable","12":"product-type-simple"},"acf":{"customization_content":"","customization_content_source":{"label":"Customization Content","type":"wysiwyg","formatted_value":""},"why_choose_us_content":"<h2 style=\"text-align: center;\">Why Choose Us as Your Ceramic Decals Supplier<\/h2>\r\n\r\n<hr \/>\r\n<p style=\"text-align: center;\">We have advanced fully automatic decals printing machines that can mass-produce high-quality decals for daily ceramics, bathroom ceramics, glass tableware, etc., suitable for different processes, and provide customized services<\/p>","why_choose_us_content_source":{"label":"Why Choose Us Content","type":"wysiwyg","formatted_value":"<h2 style=\"text-align: center;\">Why Choose Us as Your Ceramic Decals Supplier<\/h2>\n<hr \/>\n<p style=\"text-align: center;\">We have advanced fully automatic decals printing machines that can mass-produce high-quality decals for daily ceramics, bathroom ceramics, glass tableware, etc., suitable for different processes, and provide customized services<\/p>\n"}},"_links":{"self":[{"href":"https:\/\/yutaimachinery.com\/pt\/wp-json\/wp\/v2\/product\/5724","targetHints":{"allow":["GET"]}}],"collection":[{"href":"https:\/\/yutaimachinery.com\/pt\/wp-json\/wp\/v2\/product"}],"about":[{"href":"https:\/\/yutaimachinery.com\/pt\/wp-json\/wp\/v2\/types\/product"}],"version-history":[{"count":0,"href":"https:\/\/yutaimachinery.com\/pt\/wp-json\/wp\/v2\/product\/5724\/revisions"}],"wp:featuredmedia":[{"embeddable":true,"href":"https:\/\/yutaimachinery.com\/pt\/wp-json\/wp\/v2\/media\/5725"}],"wp:attachment":[{"href":"https:\/\/yutaimachinery.com\/pt\/wp-json\/wp\/v2\/media?parent=5724"}],"wp:term":[{"taxonomy":"product_brand","embeddable":true,"href":"https:\/\/yutaimachinery.com\/pt\/wp-json\/wp\/v2\/product_brand?post=5724"},{"taxonomy":"product_cat","embeddable":true,"href":"https:\/\/yutaimachinery.com\/pt\/wp-json\/wp\/v2\/product_cat?post=5724"},{"taxonomy":"product_tag","embeddable":true,"href":"https:\/\/yutaimachinery.com\/pt\/wp-json\/wp\/v2\/product_tag?post=5724"}],"curies":[{"name":"wp","href":"https:\/\/api.w.org\/{rel}","templated":true}]}}