{"id":5713,"date":"2025-09-29T18:09:56","date_gmt":"2025-09-29T10:09:56","guid":{"rendered":"https:\/\/yutaimachinery.com\/?post_type=product&#038;p=5713"},"modified":"2025-10-20T18:21:50","modified_gmt":"2025-10-20T10:21:50","slug":"ceramic-decals-custom","status":"publish","type":"product","link":"https:\/\/yutaimachinery.com\/pt\/product\/ceramic-decals-custom\/","title":{"rendered":"Decalques de cer\u00e2mica com padr\u00e3o de m\u00e1rmore personalizado para a bancada da bacia da casa de banho"},"content":{"rendered":"<div class=\"wp-block-columns is-layout-flex wp-container-core-columns-is-layout-9d6595d7 wp-block-columns-is-layout-flex\">\n<div class=\"wp-block-column is-layout-flow wp-block-column-is-layout-flow\">\n<h2 class=\"wp-block-heading\">Decalques de cer\u00e2mica de m\u00e1rmore para a bancada da bacia da casa de banho Carater\u00edsticas:<\/h2>\n\n\n\n<p><strong>Compatibilidade com uma variedade de cer\u00e2micas<\/strong>: O decalque de cer\u00e2mica foi especialmente concebido para lavat\u00f3rios e \u00e9 compat\u00edvel com v\u00e1rias formas de cer\u00e2mica, como a redonda e a quadrada, para combinar perfeitamente com a superf\u00edcie do seu produto.<\/p>\n\n\n\n<p><strong>Variedade de texturas art\u00edsticas<\/strong>: Apresenta uma gama de estilos, incluindo m\u00e1rmore, crepita\u00e7\u00e3o azul, manchas douradas e arte a preto e branco. Esta cole\u00e7\u00e3o complementar\u00e1 um estilo moderno e minimalista, um estilo de luxo leve ou um estilo de hotel de luxo.<\/p>\n\n\n\n<p><strong>Impress\u00e3o de autocolantes de alta precis\u00e3o<\/strong>: Combinamos papel autocolante de alta qualidade, cores vibrantes e durabilidade contra o desgaste e as altas temperaturas. Como ecossistema, produzimos uma impress\u00e3o clara e duradoura, valorizando o produto dos seus artigos de cer\u00e2mica.<\/p>\n\n\n\n<p><strong>Personaliza\u00e7\u00e3o dispon\u00edvel<\/strong>: Os desenhos ou log\u00f3tipos personalizados e os log\u00f3tipos de empresas podem ser personalizados para satisfazer as necessidades visuais da sua marca e a sua competitividade no mercado.<\/p>\n\n\n\n<p><strong>Amigo do ambiente e seguro<\/strong>: Cumprimos as normas ambientais internacionais; por conseguinte, os nossos produtos n\u00e3o s\u00e3o t\u00f3xicos e s\u00e3o seguros para utiliza\u00e7\u00e3o. Os nossos produtos podem ser utilizados em cer\u00e2mica dom\u00e9stica, hot\u00e9is, casas de banho de luxo e muito mais.<\/p>\n<\/div>\n\n\n\n<div class=\"wp-block-column is-layout-flow wp-block-column-is-layout-flow\"><div class=\"wp-block-image\">\n<figure class=\"aligncenter size-full\"><img fetchpriority=\"high\" decoding=\"async\" width=\"320\" height=\"320\" src=\"https:\/\/yutaimachinery.com\/wp-content\/uploads\/2025\/09\/ceramic-decals-custom-4.webp\" alt=\"decalques de cer\u00e2mica personalizados (4)\" class=\"wp-image-5717\" title=\"\" srcset=\"https:\/\/yutaimachinery.com\/wp-content\/uploads\/2025\/09\/ceramic-decals-custom-4.webp 320w, https:\/\/yutaimachinery.com\/wp-content\/uploads\/2025\/09\/ceramic-decals-custom-4-300x300.webp 300w, https:\/\/yutaimachinery.com\/wp-content\/uploads\/2025\/09\/ceramic-decals-custom-4-150x150.webp 150w, https:\/\/yutaimachinery.com\/wp-content\/uploads\/2025\/09\/ceramic-decals-custom-4-12x12.webp 12w, https:\/\/yutaimachinery.com\/wp-content\/uploads\/2025\/09\/ceramic-decals-custom-4-285x285.webp 285w, https:\/\/yutaimachinery.com\/wp-content\/uploads\/2025\/09\/ceramic-decals-custom-4-270x270.webp 270w\" sizes=\"(max-width: 320px) 100vw, 320px\" \/><\/figure>\n<\/div><\/div>\n<\/div>","protected":false},"excerpt":{"rendered":"<p>Decalques de cer\u00e2mica de alta qualidade Yutai personalizados, adequados para lavat\u00f3rios e acess\u00f3rios de casa de banho. Dispon\u00edveis numa variedade de estilos, incluindo m\u00e1rmore, texturas art\u00edsticas e detalhes dourados, oferecemos servi\u00e7os de design personalizados para elevar o seu produto! Fornecimento direto da f\u00e1brica, amigo do ambiente e dur\u00e1vel, contacte-nos para um or\u00e7amento!<\/p>\n<h2>Solu\u00e7\u00e3o \u00fanica de decalques para cer\u00e2mica de lou\u00e7a sanit\u00e1ria:<\/h2>\n<ul>\n<li style=\"list-style-type: none;\">\n<ul>\n<li><strong>Op\u00e7\u00f5es personalizadas<\/strong>: Suporta padr\u00f5es, tamanhos e cores de decalques personalizados e aplica\u00e7\u00f5es a altas temperaturas.<\/li>\n<li><strong>Apoio \u00e0 conce\u00e7\u00e3o e \u00e0 aplica\u00e7\u00e3o<\/strong>: Oferecer orienta\u00e7\u00e3o especializada na sele\u00e7\u00e3o e aplica\u00e7\u00e3o de decalques, adaptada ao seu tipo de produto e processo de produ\u00e7\u00e3o.<\/li>\n<li><strong>Qualidade e assist\u00eancia t\u00e9cnica<\/strong>: Assegurar a durabilidade a altas temperaturas, padr\u00f5es vivos e desempenho fi\u00e1vel; orientar a queima e a utiliza\u00e7\u00e3o.<\/li>\n<li><strong>Servi\u00e7o dedicado:<\/strong> A Yutai, um dos principais fornecedores de maquinaria e decalques para cer\u00e2mica, capacita a sua produ\u00e7\u00e3o de lou\u00e7a sanit\u00e1ria com decalques de alta qualidade e solu\u00e7\u00f5es personalizadas.<\/li>\n<\/ul>\n<\/li>\n<\/ul>","protected":false},"featured_media":5714,"template":"","meta":{"_acf_changed":false},"product_brand":[],"product_cat":[59,108],"product_tag":[],"class_list":{"0":"post-5713","1":"product","2":"type-product","3":"status-publish","4":"has-post-thumbnail","6":"product_cat-ceramic-printing-machine","7":"product_cat-custom-ceramic-decals-manufacturer","9":"first","10":"instock","11":"shipping-taxable","12":"product-type-simple"},"acf":{"customization_content":"","customization_content_source":{"label":"Customization Content","type":"wysiwyg","formatted_value":""},"why_choose_us_content":"<h2 style=\"text-align: center;\">Why Choose Us as Your Ceramic Decals Supplier<\/h2>\r\n\r\n<hr \/>\r\n<p style=\"text-align: center;\">We have advanced fully automatic decals printing machines that can mass-produce high-quality decals for daily ceramics, bathroom ceramics, glass tableware, etc., suitable for different processes, and provide customized services.<\/p>","why_choose_us_content_source":{"label":"Why Choose Us Content","type":"wysiwyg","formatted_value":"<h2 style=\"text-align: center;\">Why Choose Us as Your Ceramic Decals Supplier<\/h2>\n<hr \/>\n<p style=\"text-align: center;\">We have advanced fully automatic decals printing machines that can mass-produce high-quality decals for daily ceramics, bathroom ceramics, glass tableware, etc., suitable for different processes, and provide customized services.<\/p>\n"}},"_links":{"self":[{"href":"https:\/\/yutaimachinery.com\/pt\/wp-json\/wp\/v2\/product\/5713","targetHints":{"allow":["GET"]}}],"collection":[{"href":"https:\/\/yutaimachinery.com\/pt\/wp-json\/wp\/v2\/product"}],"about":[{"href":"https:\/\/yutaimachinery.com\/pt\/wp-json\/wp\/v2\/types\/product"}],"version-history":[{"count":0,"href":"https:\/\/yutaimachinery.com\/pt\/wp-json\/wp\/v2\/product\/5713\/revisions"}],"wp:featuredmedia":[{"embeddable":true,"href":"https:\/\/yutaimachinery.com\/pt\/wp-json\/wp\/v2\/media\/5714"}],"wp:attachment":[{"href":"https:\/\/yutaimachinery.com\/pt\/wp-json\/wp\/v2\/media?parent=5713"}],"wp:term":[{"taxonomy":"product_brand","embeddable":true,"href":"https:\/\/yutaimachinery.com\/pt\/wp-json\/wp\/v2\/product_brand?post=5713"},{"taxonomy":"product_cat","embeddable":true,"href":"https:\/\/yutaimachinery.com\/pt\/wp-json\/wp\/v2\/product_cat?post=5713"},{"taxonomy":"product_tag","embeddable":true,"href":"https:\/\/yutaimachinery.com\/pt\/wp-json\/wp\/v2\/product_tag?post=5713"}],"curies":[{"name":"wp","href":"https:\/\/api.w.org\/{rel}","templated":true}]}}