{"id":5697,"date":"2025-09-29T15:13:53","date_gmt":"2025-09-29T07:13:53","guid":{"rendered":"https:\/\/yutaimachinery.com\/?post_type=product&#038;p=5697"},"modified":"2025-10-20T18:21:50","modified_gmt":"2025-10-20T10:21:50","slug":"custom-ceramic-decals","status":"publish","type":"product","link":"https:\/\/yutaimachinery.com\/pt\/product\/custom-ceramic-decals\/","title":{"rendered":"Decalques cer\u00e2micos personalizados com padr\u00e3o geom\u00e9trico branco verde azul vermelho para artigos sanit\u00e1rios"},"content":{"rendered":"<div class=\"wp-block-columns is-layout-flex wp-container-core-columns-is-layout-9d6595d7 wp-block-columns-is-layout-flex\">\n<div class=\"wp-block-column is-layout-flow wp-block-column-is-layout-flow\">\n<h2 class=\"wp-block-heading\">Carater\u00edsticas dos decalques de cer\u00e2mica com padr\u00e3o geom\u00e9trico branco:<\/h2>\n\n\n\n<p><strong>Padr\u00f5es elegantes e diversificados<\/strong>: Os padr\u00f5es geom\u00e9tricos, radiais, de p\u00e9talas e sim\u00e9tricos oferecem um forte atrativo visual.<\/p>\n\n\n\n<p><strong>Cores elegantes e harmoniosas<\/strong>: O branco com vermelhos, pretos, azuis e verdes d\u00e1 um forte impacto visual e uma \u00f3ptima decora\u00e7\u00e3o.<\/p>\n\n\n\n<p><strong>Detalhes elegantes<\/strong>: O design de v\u00e1rios n\u00edveis, o centro que flui para o exterior e as arestas esculpidas indicam uma aten\u00e7\u00e3o cuidadosa a todos os pormenores.<\/p>\n\n\n\n<p>H<strong>queima a alta temperatura<\/strong>: Combina-se idealmente com o produto cer\u00e2mico, proporcionando uma durabilidade resistente ao desgaste, \u00e0 corros\u00e3o e ao desbotamento, adequado para ambientes de casa de banho com humidade.<\/p>\n\n\n\n<p><strong>Ajuste seguro<\/strong>: Deforma-se e descasca-se, com uma durabilidade sustentada e uma utiliza\u00e7\u00e3o a longo prazo.<\/p>\n\n\n\n<p><strong>Personaliz\u00e1vel<\/strong>: Os padr\u00f5es, as cores e os temas podem ser ajustados para responder a diversas necessidades.<\/p>\n<\/div>\n\n\n\n<div class=\"wp-block-column is-layout-flow wp-block-column-is-layout-flow\">\n<figure class=\"wp-block-image size-full\"><img fetchpriority=\"high\" decoding=\"async\" width=\"1279\" height=\"1166\" src=\"https:\/\/yutaimachinery.com\/wp-content\/uploads\/2025\/09\/custom-ceramic-decals-1.webp\" alt=\"decalques personalizados em cer\u00e2mica (1)\" class=\"wp-image-5698\" title=\"\" srcset=\"https:\/\/yutaimachinery.com\/wp-content\/uploads\/2025\/09\/custom-ceramic-decals-1.webp 1279w, https:\/\/yutaimachinery.com\/wp-content\/uploads\/2025\/09\/custom-ceramic-decals-1-300x273.webp 300w, https:\/\/yutaimachinery.com\/wp-content\/uploads\/2025\/09\/custom-ceramic-decals-1-768x700.webp 768w, https:\/\/yutaimachinery.com\/wp-content\/uploads\/2025\/09\/custom-ceramic-decals-1-13x12.webp 13w, https:\/\/yutaimachinery.com\/wp-content\/uploads\/2025\/09\/custom-ceramic-decals-1-396x360.webp 396w, https:\/\/yutaimachinery.com\/wp-content\/uploads\/2025\/09\/custom-ceramic-decals-1-285x260.webp 285w, https:\/\/yutaimachinery.com\/wp-content\/uploads\/2025\/09\/custom-ceramic-decals-1-660x602.webp 660w, https:\/\/yutaimachinery.com\/wp-content\/uploads\/2025\/09\/custom-ceramic-decals-1-150x137.webp 150w\" sizes=\"(max-width: 1279px) 100vw, 1279px\" \/><\/figure>\n<\/div>\n<\/div>\n\n\n\n<p><\/p>","protected":false},"excerpt":{"rendered":"<p>Decalques de cer\u00e2mica personalizados com padr\u00f5es geom\u00e9tricos art\u00edsticos, cores vibrantes e queima a alta temperatura garantem durabilidade e resist\u00eancia ao desgaste, perfeitos para lavat\u00f3rios de casa de banho, dando um toque art\u00edstico ao espa\u00e7o de banho. A Yutai oferece servi\u00e7os personalizados. Contacte-nos para obter amostras e or\u00e7amentos r\u00e1pidos!<\/p>\n<h2>Solu\u00e7\u00e3o \u00fanica de decalques para cer\u00e2mica de lou\u00e7a sanit\u00e1ria:<\/h2>\n<ul>\n<li style=\"list-style-type: none;\">\n<ul>\n<li><strong>Op\u00e7\u00f5es personalizadas<\/strong>: Suporta padr\u00f5es, tamanhos e cores de decalques personalizados e aplica\u00e7\u00f5es a altas temperaturas.<\/li>\n<li><strong>Apoio \u00e0 conce\u00e7\u00e3o e \u00e0 aplica\u00e7\u00e3o<\/strong>: Oferecer orienta\u00e7\u00e3o especializada na sele\u00e7\u00e3o e aplica\u00e7\u00e3o de decalques, adaptada ao seu tipo de produto e processo de produ\u00e7\u00e3o.<\/li>\n<li><strong>Qualidade e assist\u00eancia t\u00e9cnica<\/strong>: Assegurar a durabilidade a altas temperaturas, padr\u00f5es vivos e desempenho fi\u00e1vel; orientar a queima e a utiliza\u00e7\u00e3o.<\/li>\n<li><strong>Servi\u00e7o dedicado:<\/strong> A Yutai, como fabricante l\u00edder de maquinaria e decalques para cer\u00e2mica, capacita a sua produ\u00e7\u00e3o de lou\u00e7a sanit\u00e1ria com decalques de alta qualidade e solu\u00e7\u00f5es \u00e0 medida.<\/li>\n<\/ul>\n<\/li>\n<\/ul>","protected":false},"featured_media":5708,"template":"","meta":{"_acf_changed":false},"product_brand":[],"product_cat":[59,108],"product_tag":[],"class_list":{"0":"post-5697","1":"product","2":"type-product","3":"status-publish","4":"has-post-thumbnail","6":"product_cat-ceramic-printing-machine","7":"product_cat-custom-ceramic-decals-manufacturer","9":"first","10":"instock","11":"shipping-taxable","12":"product-type-simple"},"acf":{"customization_content":"","customization_content_source":{"label":"Customization Content","type":"wysiwyg","formatted_value":""},"why_choose_us_content":"<h2 style=\"text-align: center;\">Why Choose Us as Your Ceramic Decals Supplier<\/h2>\r\n\r\n<hr \/>\r\n<p style=\"text-align: center;\">We have advanced fully automatic decals printing machines that can mass-produce high-quality decals for daily ceramics, bathroom ceramics, glass tableware, etc., suitable for different processes, and provide customized services<\/p>","why_choose_us_content_source":{"label":"Why Choose Us Content","type":"wysiwyg","formatted_value":"<h2 style=\"text-align: center;\">Why Choose Us as Your Ceramic Decals Supplier<\/h2>\n<hr \/>\n<p style=\"text-align: center;\">We have advanced fully automatic decals printing machines that can mass-produce high-quality decals for daily ceramics, bathroom ceramics, glass tableware, etc., suitable for different processes, and provide customized services<\/p>\n"}},"_links":{"self":[{"href":"https:\/\/yutaimachinery.com\/pt\/wp-json\/wp\/v2\/product\/5697","targetHints":{"allow":["GET"]}}],"collection":[{"href":"https:\/\/yutaimachinery.com\/pt\/wp-json\/wp\/v2\/product"}],"about":[{"href":"https:\/\/yutaimachinery.com\/pt\/wp-json\/wp\/v2\/types\/product"}],"version-history":[{"count":0,"href":"https:\/\/yutaimachinery.com\/pt\/wp-json\/wp\/v2\/product\/5697\/revisions"}],"wp:featuredmedia":[{"embeddable":true,"href":"https:\/\/yutaimachinery.com\/pt\/wp-json\/wp\/v2\/media\/5708"}],"wp:attachment":[{"href":"https:\/\/yutaimachinery.com\/pt\/wp-json\/wp\/v2\/media?parent=5697"}],"wp:term":[{"taxonomy":"product_brand","embeddable":true,"href":"https:\/\/yutaimachinery.com\/pt\/wp-json\/wp\/v2\/product_brand?post=5697"},{"taxonomy":"product_cat","embeddable":true,"href":"https:\/\/yutaimachinery.com\/pt\/wp-json\/wp\/v2\/product_cat?post=5697"},{"taxonomy":"product_tag","embeddable":true,"href":"https:\/\/yutaimachinery.com\/pt\/wp-json\/wp\/v2\/product_tag?post=5697"}],"curies":[{"name":"wp","href":"https:\/\/api.w.org\/{rel}","templated":true}]}}