{"id":5391,"date":"2025-09-09T18:32:55","date_gmt":"2025-09-09T10:32:55","guid":{"rendered":"https:\/\/yutaimachinery.com\/?post_type=product&#038;p=5391"},"modified":"2026-01-15T09:29:30","modified_gmt":"2026-01-15T01:29:30","slug":"ceramic-insulator-machine","status":"publish","type":"product","link":"https:\/\/yutaimachinery.com\/pt\/product\/ceramic-insulator-machine\/","title":{"rendered":"M\u00e1quina para Isolador de Cer\u00e2mica, Equipamento de Produ\u00e7\u00e3o de Isolador de Porcelana El\u00e9trica"},"content":{"rendered":"<div class=\"wp-block-columns is-layout-flex wp-container-core-columns-is-layout-9d6595d7 wp-block-columns-is-layout-flex\">\n<div class=\"wp-block-column is-layout-flow wp-block-column-is-layout-flow\">\n<h2 class=\"wp-block-heading\">M\u00e1quina isoladora de cer\u00e2mica Carater\u00edsticas:<\/h2>\n\n\n\n<p><strong>Moldagem de alta precis\u00e3o:<\/strong> Garante uma forma e tamanho uniformes dos isoladores cer\u00e2micos e um desempenho el\u00e9trico fi\u00e1vel.<\/p>\n\n\n\n<p><strong>Sistema de controlo automatizado: <\/strong>Reduz o trabalho manual, melhora a efici\u00eancia e garante uma produ\u00e7\u00e3o est\u00e1vel.<\/p>\n\n\n\n<p><strong>Constru\u00e7\u00e3o duradoura:<\/strong> Constru\u00eddo a partir de materiais de elevada resist\u00eancia, suporta o funcionamento cont\u00ednuo e ambientes de produ\u00e7\u00e3o adversos.<\/p>\n\n\n\n<p><strong>Design flex\u00edvel: <\/strong>Adequado para produzir v\u00e1rios tipos e tamanhos de isoladores cer\u00e2micos utilizados em transformadores e sistemas de distribui\u00e7\u00e3o de energia.<\/p>\n\n\n\n<p><strong>Manuten\u00e7\u00e3o f\u00e1cil: <\/strong>O design de f\u00e1cil utiliza\u00e7\u00e3o permite um r\u00e1pido ajuste, limpeza e repara\u00e7\u00e3o.<\/p>\n<\/div>\n\n\n\n<div class=\"wp-block-column is-vertically-aligned-top is-layout-flow wp-block-column-is-layout-flow\">\n<figure class=\"wp-block-embed is-type-video is-provider-youtube wp-block-embed-youtube wp-embed-aspect-16-9 wp-has-aspect-ratio\"><div class=\"wp-block-embed__wrapper\">\n<iframe title=\"M\u00e1quina de fabrico de isoladores cer\u00e2micos #machine\" width=\"940\" height=\"529\" src=\"https:\/\/www.youtube.com\/embed\/d3dZH9CaWgQ?feature=oembed\" frameborder=\"0\" allow=\"accelerometer; autoplay; clipboard-write; encrypted-media; gyroscope; picture-in-picture; web-share\" referrerpolicy=\"strict-origin-when-cross-origin\" allowfullscreen><\/iframe>\n<\/div><\/figure>\n<\/div>\n<\/div>\n\n\n\n<div class=\"wp-block-columns is-layout-flex wp-container-core-columns-is-layout-9d6595d7 wp-block-columns-is-layout-flex\">\n<div class=\"wp-block-column is-layout-flow wp-block-column-is-layout-flow\">\n<figure class=\"wp-block-image size-full\"><img fetchpriority=\"high\" decoding=\"async\" width=\"800\" height=\"800\" src=\"https:\/\/yutaimachinery.com\/wp-content\/uploads\/2025\/09\/ceramic-insulator-machine-2.webp\" alt=\"m\u00e1quina isoladora de cer\u00e2mica\" class=\"wp-image-5394\" title=\"\" srcset=\"https:\/\/yutaimachinery.com\/wp-content\/uploads\/2025\/09\/ceramic-insulator-machine-2.webp 800w, https:\/\/yutaimachinery.com\/wp-content\/uploads\/2025\/09\/ceramic-insulator-machine-2-300x300.webp 300w, https:\/\/yutaimachinery.com\/wp-content\/uploads\/2025\/09\/ceramic-insulator-machine-2-150x150.webp 150w, https:\/\/yutaimachinery.com\/wp-content\/uploads\/2025\/09\/ceramic-insulator-machine-2-768x768.webp 768w, https:\/\/yutaimachinery.com\/wp-content\/uploads\/2025\/09\/ceramic-insulator-machine-2-12x12.webp 12w, https:\/\/yutaimachinery.com\/wp-content\/uploads\/2025\/09\/ceramic-insulator-machine-2-285x285.webp 285w, https:\/\/yutaimachinery.com\/wp-content\/uploads\/2025\/09\/ceramic-insulator-machine-2-270x270.webp 270w, https:\/\/yutaimachinery.com\/wp-content\/uploads\/2025\/09\/ceramic-insulator-machine-2-540x540.webp 540w, https:\/\/yutaimachinery.com\/wp-content\/uploads\/2025\/09\/ceramic-insulator-machine-2-660x660.webp 660w\" sizes=\"(max-width: 800px) 100vw, 800px\" \/><\/figure>\n<\/div>\n\n\n\n<div class=\"wp-block-column is-layout-flow wp-block-column-is-layout-flow\">\n<figure class=\"wp-block-image size-full\"><img decoding=\"async\" width=\"800\" height=\"800\" src=\"https:\/\/yutaimachinery.com\/wp-content\/uploads\/2025\/09\/electrical-insulator-machine-2.webp\" alt=\"m\u00e1quina de isolamento el\u00e9trico\" class=\"wp-image-5398\" style=\"aspect-ratio:1;object-fit:cover\" title=\"\" srcset=\"https:\/\/yutaimachinery.com\/wp-content\/uploads\/2025\/09\/electrical-insulator-machine-2.webp 800w, https:\/\/yutaimachinery.com\/wp-content\/uploads\/2025\/09\/electrical-insulator-machine-2-300x300.webp 300w, https:\/\/yutaimachinery.com\/wp-content\/uploads\/2025\/09\/electrical-insulator-machine-2-150x150.webp 150w, https:\/\/yutaimachinery.com\/wp-content\/uploads\/2025\/09\/electrical-insulator-machine-2-768x768.webp 768w, https:\/\/yutaimachinery.com\/wp-content\/uploads\/2025\/09\/electrical-insulator-machine-2-12x12.webp 12w, https:\/\/yutaimachinery.com\/wp-content\/uploads\/2025\/09\/electrical-insulator-machine-2-285x285.webp 285w, https:\/\/yutaimachinery.com\/wp-content\/uploads\/2025\/09\/electrical-insulator-machine-2-270x270.webp 270w, https:\/\/yutaimachinery.com\/wp-content\/uploads\/2025\/09\/electrical-insulator-machine-2-540x540.webp 540w, https:\/\/yutaimachinery.com\/wp-content\/uploads\/2025\/09\/electrical-insulator-machine-2-660x660.webp 660w\" sizes=\"(max-width: 800px) 100vw, 800px\" \/><\/figure>\n<\/div>\n<\/div>\n\n\n\n<div class=\"wp-block-columns is-layout-flex wp-container-core-columns-is-layout-9d6595d7 wp-block-columns-is-layout-flex\">\n<div class=\"wp-block-column is-layout-flow wp-block-column-is-layout-flow\">\n<figure class=\"wp-block-image size-full\"><img decoding=\"async\" width=\"511\" height=\"511\" src=\"https:\/\/yutaimachinery.com\/wp-content\/uploads\/2025\/09\/porcelain-insulator-production-machine-1.webp\" alt=\"m\u00e1quina de produ\u00e7\u00e3o de isoladores de porcelana\" class=\"wp-image-5401\" style=\"aspect-ratio:1;object-fit:cover\" title=\"\" srcset=\"https:\/\/yutaimachinery.com\/wp-content\/uploads\/2025\/09\/porcelain-insulator-production-machine-1.webp 511w, https:\/\/yutaimachinery.com\/wp-content\/uploads\/2025\/09\/porcelain-insulator-production-machine-1-300x300.webp 300w, https:\/\/yutaimachinery.com\/wp-content\/uploads\/2025\/09\/porcelain-insulator-production-machine-1-150x150.webp 150w, https:\/\/yutaimachinery.com\/wp-content\/uploads\/2025\/09\/porcelain-insulator-production-machine-1-12x12.webp 12w, https:\/\/yutaimachinery.com\/wp-content\/uploads\/2025\/09\/porcelain-insulator-production-machine-1-285x285.webp 285w, https:\/\/yutaimachinery.com\/wp-content\/uploads\/2025\/09\/porcelain-insulator-production-machine-1-270x270.webp 270w\" sizes=\"(max-width: 511px) 100vw, 511px\" \/><\/figure>\n<\/div>\n\n\n\n<div class=\"wp-block-column is-layout-flow wp-block-column-is-layout-flow\">\n<figure class=\"wp-block-image size-full\"><img loading=\"lazy\" decoding=\"async\" width=\"668\" height=\"668\" src=\"https:\/\/yutaimachinery.com\/wp-content\/uploads\/2025\/09\/ceramic-insulator-forming-machine-3.webp\" alt=\"m\u00e1quina de moldagem de isoladores de cer\u00e2mica\" class=\"wp-image-5406\" title=\"\" srcset=\"https:\/\/yutaimachinery.com\/wp-content\/uploads\/2025\/09\/ceramic-insulator-forming-machine-3.webp 668w, https:\/\/yutaimachinery.com\/wp-content\/uploads\/2025\/09\/ceramic-insulator-forming-machine-3-300x300.webp 300w, https:\/\/yutaimachinery.com\/wp-content\/uploads\/2025\/09\/ceramic-insulator-forming-machine-3-150x150.webp 150w, https:\/\/yutaimachinery.com\/wp-content\/uploads\/2025\/09\/ceramic-insulator-forming-machine-3-12x12.webp 12w, https:\/\/yutaimachinery.com\/wp-content\/uploads\/2025\/09\/ceramic-insulator-forming-machine-3-285x285.webp 285w, https:\/\/yutaimachinery.com\/wp-content\/uploads\/2025\/09\/ceramic-insulator-forming-machine-3-270x270.webp 270w, https:\/\/yutaimachinery.com\/wp-content\/uploads\/2025\/09\/ceramic-insulator-forming-machine-3-540x540.webp 540w, https:\/\/yutaimachinery.com\/wp-content\/uploads\/2025\/09\/ceramic-insulator-forming-machine-3-660x660.webp 660w\" sizes=\"(max-width: 668px) 100vw, 668px\" \/><\/figure>\n<\/div>\n<\/div>\n\n\n\n<p><\/p>","protected":false},"excerpt":{"rendered":"<p>A M\u00e1quina Formadora de Isoladores de Cer\u00e2mica foi concebida para produzir isoladores de cer\u00e2mica de alta qualidade utilizados em sistemas de energia, especialmente para transformadores e aplica\u00e7\u00f5es de alta tens\u00e3o. Com tecnologia de conforma\u00e7\u00e3o avan\u00e7ada, funcionamento est\u00e1vel e controlo preciso, esta m\u00e1quina assegura dimens\u00f5es consistentes do produto, elevada resist\u00eancia mec\u00e2nica e excelente desempenho de isolamento el\u00e9trico. Contacte-nos para obter um or\u00e7amento e apoio t\u00e9cnico!<\/p>\n<h2>Solu\u00e7\u00e3o de m\u00e1quina isoladora de cer\u00e2mica de uma paragem:<\/h2>\n<ol>\n<li><strong>Personaliza\u00e7\u00e3o do equipamento:<\/strong> Projeto de m\u00e1quina personalizado com base no tipo de isolador, dimens\u00f5es, classe de tens\u00e3o e capacidade de produ\u00e7\u00e3o.<\/li>\n<li><strong>Suporte ao design e ferramentas de moldagem:<\/strong> Desenvolvimento de moldes de precis\u00e3o para isoladores do tipo pino, isoladores de poste, buchas e projetos especiais de isoladores.<\/li>\n<li><strong>Instala\u00e7\u00e3o e coloca\u00e7\u00e3o em funcionamento:<\/strong> Suporte t\u00e9cnico no local ou remoto para garantir o funcionamento est\u00e1vel e preciso da m\u00e1quina.<\/li>\n<li><strong>Forma\u00e7\u00e3o de operadores e orienta\u00e7\u00e3o t\u00e9cnica:<\/strong> Programas de forma\u00e7\u00e3o que abrangem normas de opera\u00e7\u00e3o, manuten\u00e7\u00e3o e controlo de qualidade.<\/li>\n<li><strong>Servi\u00e7o p\u00f3s-venda e fornecimento de pe\u00e7as sobressalentes:<\/strong> Suporte t\u00e9cnico de resposta r\u00e1pida, manuten\u00e7\u00e3o preventiva e disponibilidade confi\u00e1vel de pe\u00e7as sobressalentes.<\/li>\n<li><strong>Solu\u00e7\u00f5es para consist\u00eancia de qualidade e melhoria do rendimento:<\/strong> Suporte para reduzir defeitos, melhorar a precis\u00e3o dimensional e aumentar a confiabilidade do produto a longo prazo.<\/li>\n<\/ol>","protected":false},"featured_media":6266,"template":"","meta":{"_acf_changed":false},"product_brand":[],"product_cat":[55],"product_tag":[],"class_list":{"0":"post-5391","1":"product","2":"type-product","3":"status-publish","4":"has-post-thumbnail","6":"product_cat-ceramic-forming-machine","8":"first","9":"instock","10":"shipping-taxable","11":"product-type-simple"},"acf":{"customization_content":"","customization_content_source":{"label":"Customization Content","type":"wysiwyg","formatted_value":""},"why_choose_us_content":"<h2 style=\"text-align: center;\">Why Choose Us as Your Ceramic Insulator Machine Supplier<\/h2>\r\n\r\n<hr \/>\r\n<p style=\"text-align: center;\">Yutai is a ceramic machine manufacturer that maintains strict quality standards and excellent service. Revolutionize your manufacturing processes with cutting-edge automation technology that streamlines forming and enhances efficiency.<\/p>","why_choose_us_content_source":{"label":"Why Choose Us Content","type":"wysiwyg","formatted_value":"<h2 style=\"text-align: center;\">Why Choose Us as Your Ceramic Insulator Machine Supplier<\/h2>\n<hr \/>\n<p style=\"text-align: center;\">Yutai is a ceramic machine manufacturer that maintains strict quality standards and excellent service. Revolutionize your manufacturing processes with cutting-edge automation technology that streamlines forming and enhances efficiency.<\/p>\n"}},"_links":{"self":[{"href":"https:\/\/yutaimachinery.com\/pt\/wp-json\/wp\/v2\/product\/5391","targetHints":{"allow":["GET"]}}],"collection":[{"href":"https:\/\/yutaimachinery.com\/pt\/wp-json\/wp\/v2\/product"}],"about":[{"href":"https:\/\/yutaimachinery.com\/pt\/wp-json\/wp\/v2\/types\/product"}],"version-history":[{"count":0,"href":"https:\/\/yutaimachinery.com\/pt\/wp-json\/wp\/v2\/product\/5391\/revisions"}],"wp:featuredmedia":[{"embeddable":true,"href":"https:\/\/yutaimachinery.com\/pt\/wp-json\/wp\/v2\/media\/6266"}],"wp:attachment":[{"href":"https:\/\/yutaimachinery.com\/pt\/wp-json\/wp\/v2\/media?parent=5391"}],"wp:term":[{"taxonomy":"product_brand","embeddable":true,"href":"https:\/\/yutaimachinery.com\/pt\/wp-json\/wp\/v2\/product_brand?post=5391"},{"taxonomy":"product_cat","embeddable":true,"href":"https:\/\/yutaimachinery.com\/pt\/wp-json\/wp\/v2\/product_cat?post=5391"},{"taxonomy":"product_tag","embeddable":true,"href":"https:\/\/yutaimachinery.com\/pt\/wp-json\/wp\/v2\/product_tag?post=5391"}],"curies":[{"name":"wp","href":"https:\/\/api.w.org\/{rel}","templated":true}]}}