{"id":5374,"date":"2025-09-03T18:48:21","date_gmt":"2025-09-03T10:48:21","guid":{"rendered":"https:\/\/yutaimachinery.com\/?post_type=product&#038;p=5374"},"modified":"2025-12-14T14:55:10","modified_gmt":"2025-12-14T06:55:10","slug":"slip-casting-machine-for-sanitary-ware","status":"publish","type":"product","link":"https:\/\/yutaimachinery.com\/pt\/product\/slip-casting-machine-for-sanitary-ware\/","title":{"rendered":"M\u00e1quina de moldagem por vazamento para lou\u00e7as sanit\u00e1rias, vasos sanit\u00e1rios de cer\u00e2mica e m\u00e1quina para fabrica\u00e7\u00e3o de lavat\u00f3rios"},"content":{"rendered":"<div class=\"wp-block-columns is-layout-flex wp-container-core-columns-is-layout-9d6595d7 wp-block-columns-is-layout-flex\">\n<div class=\"wp-block-column is-layout-flow wp-block-column-is-layout-flow\">\n<h2 class=\"wp-block-heading\">Carater\u00edsticas da M\u00e1quina de fundi\u00e7\u00e3o por deslizamento para lou\u00e7a sanit\u00e1ria<\/h2>\n\n\n\n<p><strong>Processo de fundi\u00e7\u00e3o totalmente automatizado: <\/strong>Integra a inje\u00e7\u00e3o de lama, a descarga, a consolida\u00e7\u00e3o por micro-press\u00e3o e a eleva\u00e7\u00e3o do molde. O controlo el\u00e9trico PLC e um sistema hidr\u00e1ulico de eleva\u00e7\u00e3o do molde permitem defini\u00e7\u00f5es precisas dos par\u00e2metros, assegurando uma abertura e fecho suaves do molde e minimizando a interven\u00e7\u00e3o manual.<\/p>\n\n\n\n<p><strong>Tecnologia de moldes sem costuras<\/strong>: A fundi\u00e7\u00e3o a 360\u00b0 e a distribui\u00e7\u00e3o uniforme da press\u00e3o garantem pe\u00e7as sem bolhas e sem deforma\u00e7\u00f5es. Isto elimina os defeitos causados pelas juntas do molde, melhorando o acabamento da superf\u00edcie e a integridade estrutural.<\/p>\n\n\n\n<p><strong>Comprimento ajust\u00e1vel da bancada de trabalho (18-30 metros):<\/strong> Adapta-se a v\u00e1rios layouts de f\u00e1brica e escalas de produ\u00e7\u00e3o.<\/p>\n\n\n\n<p><strong>Aplica\u00e7\u00f5es ideais:<\/strong> Sanitas de uma s\u00f3 pe\u00e7a (aro e cuba fundidos separadamente), bacias e lavat\u00f3rios de cer\u00e2mica, bacias e bases de duche, lou\u00e7a sanit\u00e1ria art\u00edstica de cer\u00e2mica<\/p>\n\n\n\n<p><strong>Baixos custos de manuten\u00e7\u00e3o e de m\u00e3o de obra:<\/strong> Materiais dur\u00e1veis e um sistema hidr\u00e1ulico e pneum\u00e1tico reduzem o desgaste, prolongam a vida \u00fatil do equipamento e minimizam o uso de m\u00e3o de obra.<\/p>\n\n\n\n<p><strong>Personaliza\u00e7\u00e3o e escalabilidade: <\/strong>Cada bancada de trabalho suporta 25-30 moldes de trabalho, adaptando-se a diversos projectos de produtos.<\/p>\n<\/div>\n\n\n\n<div class=\"wp-block-column is-vertically-aligned-top is-layout-flow wp-block-column-is-layout-flow\">\n<figure class=\"wp-block-embed is-type-video is-provider-youtube wp-block-embed-youtube wp-embed-aspect-16-9 wp-has-aspect-ratio\"><div class=\"wp-block-embed__wrapper\">\n<iframe title=\"Como fazer Tolilet\" width=\"940\" height=\"529\" src=\"https:\/\/www.youtube.com\/embed\/VXMTyHb0gmA?feature=oembed\" frameborder=\"0\" allow=\"accelerometer; autoplay; clipboard-write; encrypted-media; gyroscope; picture-in-picture; web-share\" referrerpolicy=\"strict-origin-when-cross-origin\" allowfullscreen><\/iframe>\n<\/div><\/figure>\n<\/div>\n<\/div>","protected":false},"excerpt":{"rendered":"<p>A m\u00e1quina de fundi\u00e7\u00e3o por deslizamento (fundi\u00e7\u00e3o de baixa press\u00e3o sem espiga) \u00e9 uma solu\u00e7\u00e3o de ponta concebida para o fabrico de sanitas de uma s\u00f3 pe\u00e7a, bacias de cer\u00e2mica e outros artigos sanit\u00e1rios. Tirando partido da tecnologia de moldes sem soldadura (spagless) e dos sistemas hidr\u00e1ulicos de eleva\u00e7\u00e3o de fundas, esta m\u00e1quina assegura uma fundi\u00e7\u00e3o de alta precis\u00e3o, uma intensidade de trabalho reduzida e uma qualidade superior do produto. Contacte-nos para obter um or\u00e7amento e apoio t\u00e9cnico!<\/p>\n<h2>Solu\u00e7\u00e3o completa para m\u00e1quinas de moldagem por vazamento de lou\u00e7as sanit\u00e1rias:<\/h2>\n<ol>\n<li><strong>Solu\u00e7\u00f5es completas para linhas de fundi\u00e7\u00e3o de lou\u00e7as sanit\u00e1rias:<\/strong> Suporte completo desde a sele\u00e7\u00e3o de equipamentos, planeamento do layout da linha at\u00e9 a integra\u00e7\u00e3o completa da linha de produ\u00e7\u00e3o.<\/li>\n<li><strong>Personaliza\u00e7\u00e3o do equipamento:<\/strong> Configura\u00e7\u00f5es de m\u00e1quinas adaptadas a diferentes produtos sanit\u00e1rios, como sanitas, lavat\u00f3rios, pedestais e urin\u00f3is, com base no tamanho, forma e capacidade de produ\u00e7\u00e3o.<\/li>\n<li><strong>Suporte ao design e ferramentas de moldagem:<\/strong> Desenvolvimento de moldes de precis\u00e3o para estruturas ocas complexas e produtos sanit\u00e1rios de grande porte.<\/li>\n<li><strong>Instala\u00e7\u00e3o e coloca\u00e7\u00e3o em funcionamento:<\/strong> Orienta\u00e7\u00e3o t\u00e9cnica no local ou remota para garantir uma opera\u00e7\u00e3o est\u00e1vel e resultados de fundi\u00e7\u00e3o precisos.<\/li>\n<li><strong>Forma\u00e7\u00e3o de operadores e suporte t\u00e9cnico:<\/strong> Forma\u00e7\u00e3o abrangente que cobre a opera\u00e7\u00e3o da m\u00e1quina, manuten\u00e7\u00e3o e controlo de qualidade.<\/li>\n<li><strong>Servi\u00e7o p\u00f3s-venda e fornecimento de pe\u00e7as sobressalentes:<\/strong> Servi\u00e7o t\u00e9cnico de resposta r\u00e1pida, programas de manuten\u00e7\u00e3o preventiva e disponibilidade confi\u00e1vel de pe\u00e7as sobressalentes.<\/li>\n<li><strong>Melhoria da qualidade e otimiza\u00e7\u00e3o do rendimento:<\/strong> Solu\u00e7\u00f5es para reduzir defeitos, melhorar a consist\u00eancia da fundi\u00e7\u00e3o e aumentar a efici\u00eancia da produ\u00e7\u00e3o.<\/li>\n<\/ol>","protected":false},"featured_media":5375,"template":"","meta":{"_acf_changed":false},"product_brand":[],"product_cat":[55],"product_tag":[],"class_list":{"0":"post-5374","1":"product","2":"type-product","3":"status-publish","4":"has-post-thumbnail","6":"product_cat-ceramic-forming-machine","8":"first","9":"instock","10":"shipping-taxable","11":"product-type-simple"},"acf":{"customization_content":"","customization_content_source":{"label":"Customization Content","type":"wysiwyg","formatted_value":""},"why_choose_us_content":"<h2 style=\"text-align: center;\">Why Choose Us as Your Ceramic Sanitary Ware Machine Supplier<\/h2>\r\n\r\n<hr \/>\r\n<p style=\"text-align: center;\">Yutai is a ceramic machine manufacturer, maintains strict quality standards and excellent service. Revolutionize your manufacturing processes with cutting-edge automation technology that streamlines forming and enhances efficiency.<\/p>","why_choose_us_content_source":{"label":"Why Choose Us Content","type":"wysiwyg","formatted_value":"<h2 style=\"text-align: center;\">Why Choose Us as Your Ceramic Sanitary Ware Machine Supplier<\/h2>\n<hr \/>\n<p style=\"text-align: center;\">Yutai is a ceramic machine manufacturer, maintains strict quality standards and excellent service. Revolutionize your manufacturing processes with cutting-edge automation technology that streamlines forming and enhances efficiency.<\/p>\n"}},"_links":{"self":[{"href":"https:\/\/yutaimachinery.com\/pt\/wp-json\/wp\/v2\/product\/5374","targetHints":{"allow":["GET"]}}],"collection":[{"href":"https:\/\/yutaimachinery.com\/pt\/wp-json\/wp\/v2\/product"}],"about":[{"href":"https:\/\/yutaimachinery.com\/pt\/wp-json\/wp\/v2\/types\/product"}],"version-history":[{"count":0,"href":"https:\/\/yutaimachinery.com\/pt\/wp-json\/wp\/v2\/product\/5374\/revisions"}],"wp:featuredmedia":[{"embeddable":true,"href":"https:\/\/yutaimachinery.com\/pt\/wp-json\/wp\/v2\/media\/5375"}],"wp:attachment":[{"href":"https:\/\/yutaimachinery.com\/pt\/wp-json\/wp\/v2\/media?parent=5374"}],"wp:term":[{"taxonomy":"product_brand","embeddable":true,"href":"https:\/\/yutaimachinery.com\/pt\/wp-json\/wp\/v2\/product_brand?post=5374"},{"taxonomy":"product_cat","embeddable":true,"href":"https:\/\/yutaimachinery.com\/pt\/wp-json\/wp\/v2\/product_cat?post=5374"},{"taxonomy":"product_tag","embeddable":true,"href":"https:\/\/yutaimachinery.com\/pt\/wp-json\/wp\/v2\/product_tag?post=5374"}],"curies":[{"name":"wp","href":"https:\/\/api.w.org\/{rel}","templated":true}]}}