{"id":5353,"date":"2025-09-03T15:21:36","date_gmt":"2025-09-03T07:21:36","guid":{"rendered":"https:\/\/yutaimachinery.com\/?post_type=product&#038;p=5353"},"modified":"2025-12-14T14:54:57","modified_gmt":"2025-12-14T06:54:57","slug":"sanitary-ware-casting-machine","status":"publish","type":"product","link":"https:\/\/yutaimachinery.com\/pt\/product\/sanitary-ware-casting-machine\/","title":{"rendered":"M\u00e1quina de fundi\u00e7\u00e3o de lou\u00e7as sanit\u00e1rias de alta press\u00e3o, lavat\u00f3rio cer\u00e2mico e m\u00e1quinas de moldagem de vasos sanit\u00e1rios"},"content":{"rendered":"<div class=\"wp-block-columns is-layout-flex wp-container-core-columns-is-layout-9d6595d7 wp-block-columns-is-layout-flex\">\n<div class=\"wp-block-column is-layout-flow wp-block-column-is-layout-flow\">\n<h2 class=\"wp-block-heading\">Par\u00e2metros da m\u00e1quina de fundi\u00e7\u00e3o de lou\u00e7as sanit\u00e1rias<\/h2>\n\n\n\n<figure class=\"wp-block-table\"><table class=\"has-fixed-layout\"><tbody><tr><td><strong>Modelo<\/strong><\/td><td>YT-GYJ<\/td><\/tr><tr><td><strong>Capacidade<\/strong><\/td><td>20-30 pe\u00e7as\/hora<\/td><\/tr><tr><td><strong>Pot\u00eancia total<\/strong><\/td><td>15kW<\/td><\/tr><tr><td><strong>Dimens\u00f5es (L\u00d7L\u00d7A)<\/strong><\/td><td>200cm \u00d7 2000cm \u00d7 280cm<\/td><\/tr><tr><td><strong>Peso<\/strong><\/td><td>5.200 kg<\/td><\/tr><tr><td><strong>Capacidade do molde<\/strong><\/td><td>12 conjuntos<\/td><\/tr><tr><td><strong>Tecnologia<\/strong><\/td><td>Sistemas hidr\u00e1ulicos e de v\u00e1cuo<\/td><\/tr><tr><td><strong>Aplica\u00e7\u00e3o<\/strong><\/td><td>Sanitas, lavat\u00f3rios, bases de duche, bacias de agachamento<\/td><\/tr><\/tbody><\/table><\/figure>\n<\/div>\n\n\n\n<div class=\"wp-block-column is-vertically-aligned-top is-layout-flow wp-block-column-is-layout-flow\">\n<figure class=\"wp-block-embed is-type-video is-provider-youtube wp-block-embed-youtube wp-embed-aspect-16-9 wp-has-aspect-ratio\"><div class=\"wp-block-embed__wrapper\">\n<iframe title=\"como fazer lavat\u00f3rio e sanita de cer\u00e2mica\" width=\"940\" height=\"529\" src=\"https:\/\/www.youtube.com\/embed\/X1ke45U0zTk?feature=oembed\" frameborder=\"0\" allow=\"accelerometer; autoplay; clipboard-write; encrypted-media; gyroscope; picture-in-picture; web-share\" referrerpolicy=\"strict-origin-when-cross-origin\" allowfullscreen><\/iframe>\n<\/div><\/figure>\n<\/div>\n<\/div>\n\n\n\n<div class=\"wp-block-columns is-layout-flex wp-container-core-columns-is-layout-9d6595d7 wp-block-columns-is-layout-flex\">\n<div class=\"wp-block-column is-layout-flow wp-block-column-is-layout-flow\"><div class=\"wp-block-image\">\n<figure class=\"aligncenter size-full\"><img fetchpriority=\"high\" decoding=\"async\" width=\"720\" height=\"720\" src=\"https:\/\/yutaimachinery.com\/wp-content\/uploads\/2025\/09\/High-pressure-Sanitary-Ware-Casting-Machine-5.webp\" alt=\"M\u00e1quina de fundi\u00e7\u00e3o de alta press\u00e3o para lou\u00e7a sanit\u00e1ria\" class=\"wp-image-5363\" title=\"\" srcset=\"https:\/\/yutaimachinery.com\/wp-content\/uploads\/2025\/09\/High-pressure-Sanitary-Ware-Casting-Machine-5.webp 720w, https:\/\/yutaimachinery.com\/wp-content\/uploads\/2025\/09\/High-pressure-Sanitary-Ware-Casting-Machine-5-300x300.webp 300w, https:\/\/yutaimachinery.com\/wp-content\/uploads\/2025\/09\/High-pressure-Sanitary-Ware-Casting-Machine-5-150x150.webp 150w, https:\/\/yutaimachinery.com\/wp-content\/uploads\/2025\/09\/High-pressure-Sanitary-Ware-Casting-Machine-5-12x12.webp 12w, https:\/\/yutaimachinery.com\/wp-content\/uploads\/2025\/09\/High-pressure-Sanitary-Ware-Casting-Machine-5-285x285.webp 285w, https:\/\/yutaimachinery.com\/wp-content\/uploads\/2025\/09\/High-pressure-Sanitary-Ware-Casting-Machine-5-270x270.webp 270w, https:\/\/yutaimachinery.com\/wp-content\/uploads\/2025\/09\/High-pressure-Sanitary-Ware-Casting-Machine-5-540x540.webp 540w, https:\/\/yutaimachinery.com\/wp-content\/uploads\/2025\/09\/High-pressure-Sanitary-Ware-Casting-Machine-5-660x660.webp 660w\" sizes=\"(max-width: 720px) 100vw, 720px\" \/><\/figure>\n<\/div><\/div>\n\n\n\n<div class=\"wp-block-column is-layout-flow wp-block-column-is-layout-flow\">\n<h2 class=\"wp-block-heading\">Carater\u00edsticas da M\u00e1quina de fundi\u00e7\u00e3o de alta press\u00e3o para lou\u00e7a sanit\u00e1ria<\/h2>\n\n\n\n<p><strong>Processo de fundi\u00e7\u00e3o totalmente autom\u00e1tico:<\/strong> A nossa m\u00e1quina de fundi\u00e7\u00e3o de lou\u00e7a sanit\u00e1ria de alta press\u00e3o integra sistemas de \u00e1gua, eletricidade e ar comprimido para automatizar todo o processo de fundi\u00e7\u00e3o, desde a alimenta\u00e7\u00e3o do material at\u00e9 ao enchimento do molde, garantindo uma qualidade consistente e reduzindo a interven\u00e7\u00e3o manual.<\/p>\n\n\n\n<p><strong>Qualidade superior do produto:<\/strong> A tecnologia avan\u00e7ada de alta press\u00e3o elimina eficazmente as bolhas na superf\u00edcie, resultando num acabamento mais suave e esteticamente mais agrad\u00e1vel. A press\u00e3o e o fluxo de fundi\u00e7\u00e3o controlados com precis\u00e3o asseguram uma distribui\u00e7\u00e3o uniforme do material, evitam a deforma\u00e7\u00e3o do produto e garantem a exatid\u00e3o dimensional.<\/p>\n\n\n\n<p><strong>Ampla aplica\u00e7\u00e3o: <\/strong>Adequado para a fundi\u00e7\u00e3o de uma vasta gama de produtos cer\u00e2micos sanit\u00e1rios, incluindo sanitas (de parede e de ch\u00e3o), bacias de bancada e de sub-bancada, lavat\u00f3rios, tampas de bacias de agachamento e bases de duche.<\/p>\n\n\n\n<p><strong>Elevada capacidade de produ\u00e7\u00e3o:<\/strong> 20-30 pe\u00e7as por hora satisfazem as necessidades das instala\u00e7\u00f5es de produ\u00e7\u00e3o de m\u00e9dia e grande escala. O funcionamento automatizado cont\u00ednuo garante um tempo de inatividade m\u00ednimo e um rendimento m\u00e1ximo.<\/p>\n\n\n\n<p><strong>Efici\u00eancia energ\u00e9tica:<\/strong> Esta m\u00e1quina oferece um desempenho superior e um menor consumo de energia. O seu consumo total de energia de 15 kW \u00e9 relativamente baixo em compara\u00e7\u00e3o com m\u00e1quinas semelhantes no mercado, resultando numa poupan\u00e7a significativa de energia a longo prazo.<\/p>\n\n\n\n<p><strong>Constru\u00e7\u00e3o compacta e duradoura:<\/strong> Adequado para v\u00e1rias configura\u00e7\u00f5es de f\u00e1brica. Suporta at\u00e9 12 conjuntos de moldes, permitindo uma programa\u00e7\u00e3o flex\u00edvel da produ\u00e7\u00e3o e mudan\u00e7as r\u00e1pidas entre diferentes modelos de produtos<\/p>\n\n\n\n<p><strong>Interface de f\u00e1cil utiliza\u00e7\u00e3o: <\/strong>A m\u00e1quina possui um painel de controlo intuitivo e fun\u00e7\u00f5es f\u00e1ceis de utilizar, permitindo que os operadores monitorizem e ajustem o processo de betuma\u00e7\u00e3o com um m\u00ednimo de forma\u00e7\u00e3o.<\/p>\n\n\n\n<p><strong>Suporte t\u00e9cnico fi\u00e1vel:<\/strong> Oferecemos um servi\u00e7o p\u00f3s-venda completo, incluindo instala\u00e7\u00e3o, forma\u00e7\u00e3o, manuten\u00e7\u00e3o e fornecimento de pe\u00e7as sobresselentes. A nossa equipa t\u00e9cnica profissional est\u00e1 sempre pronta para o ajudar a garantir o bom funcionamento da m\u00e1quina e a maximizar a sua vida \u00fatil.<\/p>\n<\/div>\n<\/div>","protected":false},"excerpt":{"rendered":"<p>A m\u00e1quina de fundi\u00e7\u00e3o de lou\u00e7a sanit\u00e1ria de alta press\u00e3o \u00e9 uma solu\u00e7\u00e3o avan\u00e7ada e totalmente automatizada para a produ\u00e7\u00e3o de cer\u00e2mica sanit\u00e1ria (sanitas, bacias, bases de duche). Com tecnologia hidr\u00e1ulica e de v\u00e1cuo, garante superf\u00edcies sem bolhas, evita deforma\u00e7\u00f5es e aumenta a efici\u00eancia com uma produ\u00e7\u00e3o de 20-30 pe\u00e7as\/hora e suporta 12 moldes. \u00c9 ideal para fabricantes de m\u00e9dia a grande escala que procuram precis\u00e3o e redu\u00e7\u00e3o de custos.<\/p>\n<h2>Solu\u00e7\u00e3o completa para m\u00e1quinas de fundi\u00e7\u00e3o de lou\u00e7a sanit\u00e1ria:<\/h2>\n<ol>\n<li><strong>Solu\u00e7\u00f5es completas para linhas de fundi\u00e7\u00e3o de lou\u00e7as sanit\u00e1rias:<\/strong> Suporte completo desde a sele\u00e7\u00e3o de equipamentos, planeamento do layout da linha at\u00e9 a integra\u00e7\u00e3o completa da linha de produ\u00e7\u00e3o.<\/li>\n<li><strong>Personaliza\u00e7\u00e3o do equipamento:<\/strong> Configura\u00e7\u00f5es de m\u00e1quinas adaptadas a diferentes produtos sanit\u00e1rios, como sanitas, lavat\u00f3rios, pedestais e urin\u00f3is, com base no tamanho, forma e capacidade de produ\u00e7\u00e3o.<\/li>\n<li><strong>Suporte ao design e ferramentas de moldagem:<\/strong> Desenvolvimento de moldes de precis\u00e3o para estruturas ocas complexas e produtos sanit\u00e1rios de grande porte.<\/li>\n<li><strong>Instala\u00e7\u00e3o e coloca\u00e7\u00e3o em funcionamento:<\/strong> Orienta\u00e7\u00e3o t\u00e9cnica no local ou remota para garantir uma opera\u00e7\u00e3o est\u00e1vel e resultados de fundi\u00e7\u00e3o precisos.<\/li>\n<li><strong>Forma\u00e7\u00e3o de operadores e suporte t\u00e9cnico:<\/strong> Forma\u00e7\u00e3o abrangente que cobre a opera\u00e7\u00e3o da m\u00e1quina, manuten\u00e7\u00e3o e controlo de qualidade.<\/li>\n<li><strong>Servi\u00e7o p\u00f3s-venda e fornecimento de pe\u00e7as sobressalentes:<\/strong> Servi\u00e7o t\u00e9cnico de resposta r\u00e1pida, programas de manuten\u00e7\u00e3o preventiva e disponibilidade confi\u00e1vel de pe\u00e7as sobressalentes.<\/li>\n<li><strong>Melhoria da qualidade e otimiza\u00e7\u00e3o do rendimento:<\/strong> Solu\u00e7\u00f5es para reduzir defeitos, melhorar a consist\u00eancia da fundi\u00e7\u00e3o e aumentar a efici\u00eancia da produ\u00e7\u00e3o.<\/li>\n<\/ol>","protected":false},"featured_media":5358,"template":"","meta":{"_acf_changed":false},"product_brand":[],"product_cat":[55],"product_tag":[],"class_list":{"0":"post-5353","1":"product","2":"type-product","3":"status-publish","4":"has-post-thumbnail","6":"product_cat-ceramic-forming-machine","8":"first","9":"instock","10":"shipping-taxable","11":"product-type-simple"},"acf":{"customization_content":"","customization_content_source":{"label":"Customization Content","type":"wysiwyg","formatted_value":""},"why_choose_us_content":"<h2 style=\"text-align: center;\">Why Choose Us as Your Ceramic Sanitary Ware Machine Supplier<\/h2>\r\n\r\n<hr \/>\r\n<p style=\"text-align: center;\">Yutai is a ceramic machine manufacturer, maintains strict quality standards and excellent service. Revolutionize your manufacturing processes with cutting-edge automation technology that streamlines forming and enhances efficiency.<\/p>","why_choose_us_content_source":{"label":"Why Choose Us Content","type":"wysiwyg","formatted_value":"<h2 style=\"text-align: center;\">Why Choose Us as Your Ceramic Sanitary Ware Machine Supplier<\/h2>\n<hr \/>\n<p style=\"text-align: center;\">Yutai is a ceramic machine manufacturer, maintains strict quality standards and excellent service. Revolutionize your manufacturing processes with cutting-edge automation technology that streamlines forming and enhances efficiency.<\/p>\n"}},"_links":{"self":[{"href":"https:\/\/yutaimachinery.com\/pt\/wp-json\/wp\/v2\/product\/5353","targetHints":{"allow":["GET"]}}],"collection":[{"href":"https:\/\/yutaimachinery.com\/pt\/wp-json\/wp\/v2\/product"}],"about":[{"href":"https:\/\/yutaimachinery.com\/pt\/wp-json\/wp\/v2\/types\/product"}],"version-history":[{"count":0,"href":"https:\/\/yutaimachinery.com\/pt\/wp-json\/wp\/v2\/product\/5353\/revisions"}],"wp:featuredmedia":[{"embeddable":true,"href":"https:\/\/yutaimachinery.com\/pt\/wp-json\/wp\/v2\/media\/5358"}],"wp:attachment":[{"href":"https:\/\/yutaimachinery.com\/pt\/wp-json\/wp\/v2\/media?parent=5353"}],"wp:term":[{"taxonomy":"product_brand","embeddable":true,"href":"https:\/\/yutaimachinery.com\/pt\/wp-json\/wp\/v2\/product_brand?post=5353"},{"taxonomy":"product_cat","embeddable":true,"href":"https:\/\/yutaimachinery.com\/pt\/wp-json\/wp\/v2\/product_cat?post=5353"},{"taxonomy":"product_tag","embeddable":true,"href":"https:\/\/yutaimachinery.com\/pt\/wp-json\/wp\/v2\/product_tag?post=5353"}],"curies":[{"name":"wp","href":"https:\/\/api.w.org\/{rel}","templated":true}]}}