{"id":5139,"date":"2025-06-13T16:52:41","date_gmt":"2025-06-13T08:52:41","guid":{"rendered":"https:\/\/yutaimachinery.com\/?post_type=product&#038;p=5139"},"modified":"2026-01-15T11:21:29","modified_gmt":"2026-01-15T03:21:29","slug":"automatic-hollow-casting-machine","status":"publish","type":"product","link":"https:\/\/yutaimachinery.com\/pt\/product\/automatic-hollow-casting-machine\/","title":{"rendered":"M\u00e1quina autom\u00e1tica de fundi\u00e7\u00e3o oca para garrafas de cer\u00e2mica, linha de forma\u00e7\u00e3o de potes"},"content":{"rendered":"<div class=\"wp-block-columns is-layout-flex wp-container-core-columns-is-layout-9d6595d7 wp-block-columns-is-layout-flex\">\n<div class=\"wp-block-column is-layout-flow wp-block-column-is-layout-flow\">\n<h2 class=\"wp-block-heading\">Caracter\u00edsticas da m\u00e1quina autom\u00e1tica de fundi\u00e7\u00e3o oca:<\/h2>\n\n\n\n<p><strong>Processo autom\u00e1tico de fundi\u00e7\u00e3o oca<\/strong><br>Integra o vazamento por deslizamento, a rota\u00e7\u00e3o do molde e a desmoldagem para uma produ\u00e7\u00e3o cont\u00ednua com o m\u00ednimo de interven\u00e7\u00e3o manual.<\/p>\n\n\n\n<p><strong>Optimizado para garrafas de cer\u00e2mica<\/strong><br>Especialmente adaptada para a produ\u00e7\u00e3o de garrafas de cer\u00e2mica, com suportes de moldes concebidos para manter formas complexas de garrafas de forma segura e est\u00e1vel.<\/p>\n\n\n\n<p><strong>Transportador acionado por corrente<\/strong><br>Equipada com um sistema robusto de transmiss\u00e3o por corrente de a\u00e7o que assegura um movimento preciso do molde e um ritmo de produ\u00e7\u00e3o constante.<\/p>\n\n\n\n<p><strong>Elevada efici\u00eancia de produ\u00e7\u00e3o<\/strong><br>Capaz de suportar v\u00e1rios moldes em simult\u00e2neo, aumentando significativamente a produ\u00e7\u00e3o para o fabrico de grandes volumes.<\/p>\n\n\n\n<p><strong>Estrutura industrial duradoura<\/strong><br>Constru\u00eddo com estruturas de a\u00e7o para trabalhos pesados e componentes resistentes ao desgaste para um funcionamento est\u00e1vel e a longo prazo em f\u00e1bricas de cer\u00e2mica.<\/p>\n\n\n\n<p><strong>Porta-moldes personaliz\u00e1veis<\/strong><br>Um sistema flex\u00edvel de montagem de moldes permite mudan\u00e7as r\u00e1pidas e adapta\u00e7\u00e3o a diferentes tamanhos e formas de garrafas.<\/p>\n\n\n\n<p><strong>Manuten\u00e7\u00e3o f\u00e1cil<\/strong><br>Design modular com componentes acess\u00edveis para limpeza, lubrifica\u00e7\u00e3o e substitui\u00e7\u00e3o de pe\u00e7as.<\/p>\n<\/div>\n\n\n\n<div class=\"wp-block-column is-layout-flow wp-block-column-is-layout-flow\">\n<figure class=\"wp-block-embed is-type-video is-provider-youtube wp-block-embed-youtube wp-embed-aspect-16-9 wp-has-aspect-ratio\"><div class=\"wp-block-embed__wrapper\">\n<iframe title=\"Garrafa de \u00f3leo em cer\u00e2mica M\u00e1quina de fundi\u00e7\u00e3o autom\u00e1tica (oca)\" width=\"940\" height=\"529\" src=\"https:\/\/www.youtube.com\/embed\/SvCGDQYC9lU?feature=oembed\" frameborder=\"0\" allow=\"accelerometer; autoplay; clipboard-write; encrypted-media; gyroscope; picture-in-picture; web-share\" referrerpolicy=\"strict-origin-when-cross-origin\" allowfullscreen><\/iframe>\n<\/div><\/figure>\n<\/div>\n<\/div>\n\n\n\n<div class=\"wp-block-columns is-layout-flex wp-container-core-columns-is-layout-9d6595d7 wp-block-columns-is-layout-flex\">\n<div class=\"wp-block-column is-layout-flow wp-block-column-is-layout-flow\">\n<figure class=\"wp-block-image size-full\"><img fetchpriority=\"high\" decoding=\"async\" width=\"800\" height=\"800\" src=\"https:\/\/yutaimachinery.com\/wp-content\/uploads\/2025\/06\/Oil-Bottle-slip-casting-machine.png\" alt=\"M\u00e1quina de fundi\u00e7\u00e3o por deslizamento para garrafas de \u00f3leo\" class=\"wp-image-6297\" title=\"\" srcset=\"https:\/\/yutaimachinery.com\/wp-content\/uploads\/2025\/06\/Oil-Bottle-slip-casting-machine.png 800w, https:\/\/yutaimachinery.com\/wp-content\/uploads\/2025\/06\/Oil-Bottle-slip-casting-machine-300x300.png 300w, https:\/\/yutaimachinery.com\/wp-content\/uploads\/2025\/06\/Oil-Bottle-slip-casting-machine-150x150.png 150w, https:\/\/yutaimachinery.com\/wp-content\/uploads\/2025\/06\/Oil-Bottle-slip-casting-machine-768x768.png 768w, https:\/\/yutaimachinery.com\/wp-content\/uploads\/2025\/06\/Oil-Bottle-slip-casting-machine-12x12.png 12w, https:\/\/yutaimachinery.com\/wp-content\/uploads\/2025\/06\/Oil-Bottle-slip-casting-machine-285x285.png 285w, https:\/\/yutaimachinery.com\/wp-content\/uploads\/2025\/06\/Oil-Bottle-slip-casting-machine-270x270.png 270w, https:\/\/yutaimachinery.com\/wp-content\/uploads\/2025\/06\/Oil-Bottle-slip-casting-machine-540x540.png 540w, https:\/\/yutaimachinery.com\/wp-content\/uploads\/2025\/06\/Oil-Bottle-slip-casting-machine-660x660.png 660w\" sizes=\"(max-width: 800px) 100vw, 800px\" \/><\/figure>\n<\/div>\n\n\n\n<div class=\"wp-block-column is-layout-flow wp-block-column-is-layout-flow\">\n<figure class=\"wp-block-image size-full\"><img decoding=\"async\" width=\"757\" height=\"757\" src=\"https:\/\/yutaimachinery.com\/wp-content\/uploads\/2026\/01\/teapot-slip-casting-machine-2-edited.png\" alt=\"m\u00e1quina de fundi\u00e7\u00e3o por deslizamento para bules\" class=\"wp-image-6294\" title=\"\" srcset=\"https:\/\/yutaimachinery.com\/wp-content\/uploads\/2026\/01\/teapot-slip-casting-machine-2-edited.png 757w, https:\/\/yutaimachinery.com\/wp-content\/uploads\/2026\/01\/teapot-slip-casting-machine-2-edited-300x300.png 300w, https:\/\/yutaimachinery.com\/wp-content\/uploads\/2026\/01\/teapot-slip-casting-machine-2-edited-150x150.png 150w, https:\/\/yutaimachinery.com\/wp-content\/uploads\/2026\/01\/teapot-slip-casting-machine-2-edited-12x12.png 12w, https:\/\/yutaimachinery.com\/wp-content\/uploads\/2026\/01\/teapot-slip-casting-machine-2-edited-285x285.png 285w, https:\/\/yutaimachinery.com\/wp-content\/uploads\/2026\/01\/teapot-slip-casting-machine-2-edited-270x270.png 270w, https:\/\/yutaimachinery.com\/wp-content\/uploads\/2026\/01\/teapot-slip-casting-machine-2-edited-540x540.png 540w, https:\/\/yutaimachinery.com\/wp-content\/uploads\/2026\/01\/teapot-slip-casting-machine-2-edited-660x660.png 660w\" sizes=\"(max-width: 757px) 100vw, 757px\" \/><\/figure>\n<\/div>\n\n\n\n<div class=\"wp-block-column is-layout-flow wp-block-column-is-layout-flow\">\n<figure class=\"wp-block-image size-full\"><img decoding=\"async\" width=\"1500\" height=\"1500\" src=\"https:\/\/yutaimachinery.com\/wp-content\/uploads\/2024\/04\/Slip-Casting-Machine-for-Ceramic-Bottle-Pot-Vase-Homerware-Production-5.webp\" alt=\"M\u00e1quina de moldagem por vazamento para produ\u00e7\u00e3o de vasos, jarros e artigos para o lar em cer\u00e2mica\" class=\"wp-image-6148\" title=\"\" srcset=\"https:\/\/yutaimachinery.com\/wp-content\/uploads\/2024\/04\/Slip-Casting-Machine-for-Ceramic-Bottle-Pot-Vase-Homerware-Production-5.webp 1500w, https:\/\/yutaimachinery.com\/wp-content\/uploads\/2024\/04\/Slip-Casting-Machine-for-Ceramic-Bottle-Pot-Vase-Homerware-Production-5-300x300.webp 300w, https:\/\/yutaimachinery.com\/wp-content\/uploads\/2024\/04\/Slip-Casting-Machine-for-Ceramic-Bottle-Pot-Vase-Homerware-Production-5-150x150.webp 150w, https:\/\/yutaimachinery.com\/wp-content\/uploads\/2024\/04\/Slip-Casting-Machine-for-Ceramic-Bottle-Pot-Vase-Homerware-Production-5-768x768.webp 768w, https:\/\/yutaimachinery.com\/wp-content\/uploads\/2024\/04\/Slip-Casting-Machine-for-Ceramic-Bottle-Pot-Vase-Homerware-Production-5-12x12.webp 12w, https:\/\/yutaimachinery.com\/wp-content\/uploads\/2024\/04\/Slip-Casting-Machine-for-Ceramic-Bottle-Pot-Vase-Homerware-Production-5-285x285.webp 285w, https:\/\/yutaimachinery.com\/wp-content\/uploads\/2024\/04\/Slip-Casting-Machine-for-Ceramic-Bottle-Pot-Vase-Homerware-Production-5-270x270.webp 270w, https:\/\/yutaimachinery.com\/wp-content\/uploads\/2024\/04\/Slip-Casting-Machine-for-Ceramic-Bottle-Pot-Vase-Homerware-Production-5-540x540.webp 540w, https:\/\/yutaimachinery.com\/wp-content\/uploads\/2024\/04\/Slip-Casting-Machine-for-Ceramic-Bottle-Pot-Vase-Homerware-Production-5-660x660.webp 660w\" sizes=\"(max-width: 1500px) 100vw, 1500px\" \/><\/figure>\n<\/div>\n<\/div>\n\n\n\n<p><\/p>","protected":false},"excerpt":{"rendered":"<p>A nossa m\u00e1quina autom\u00e1tica de fundi\u00e7\u00e3o oca pode produzir garrafas de cer\u00e2mica, vasos, potes e decora\u00e7\u00f5es de cer\u00e2mica para casa, etc. A m\u00e1quina tem um sistema de transmiss\u00e3o de cadeia cont\u00ednua para rota\u00e7\u00e3o e transporte de moldes, adequado para a produ\u00e7\u00e3o eficiente de produtos cer\u00e2micos estruturais ocos. A f\u00e1brica Yutai fornece personaliza\u00e7\u00e3o de m\u00e1quinas de cer\u00e2mica e suporte t\u00e9cnico. Por favor, n\u00e3o hesite em contactar-nos!<\/p>\n<h2>Solu\u00e7\u00e3o completa para m\u00e1quinas de fundi\u00e7\u00e3o oca:<\/h2>\n<ol>\n<li><strong>Solu\u00e7\u00f5es completas para linhas de cer\u00e2mica<\/strong>: Suporte completo desde a sele\u00e7\u00e3o de equipamentos, planeamento do layout da linha at\u00e9 a integra\u00e7\u00e3o completa da linha de produ\u00e7\u00e3o.<\/li>\n<li><strong>Personaliza\u00e7\u00e3o do equipamento:<\/strong> Configura\u00e7\u00f5es de m\u00e1quinas adaptadas a diferentes produtos cer\u00e2micos, como pratos, tigelas, canecas e ch\u00e1venas, com base no tamanho, formato e capacidade de produ\u00e7\u00e3o.<\/li>\n<li><strong>Instala\u00e7\u00e3o e coloca\u00e7\u00e3o em funcionamento:<\/strong> Orienta\u00e7\u00e3o t\u00e9cnica no local ou remota para garantir uma opera\u00e7\u00e3o est\u00e1vel e resultados de fundi\u00e7\u00e3o precisos.<\/li>\n<li><strong>Forma\u00e7\u00e3o de operadores e suporte t\u00e9cnico:<\/strong> Forma\u00e7\u00e3o abrangente que cobre a opera\u00e7\u00e3o da m\u00e1quina, manuten\u00e7\u00e3o e controlo de qualidade.<\/li>\n<li><strong>Servi\u00e7o p\u00f3s-venda e fornecimento de pe\u00e7as sobressalentes:<\/strong> Servi\u00e7o t\u00e9cnico de resposta r\u00e1pida, programas de manuten\u00e7\u00e3o preventiva e disponibilidade confi\u00e1vel de pe\u00e7as sobressalentes.<\/li>\n<li><strong>Melhoria da qualidade e otimiza\u00e7\u00e3o do rendimento: S<\/strong>Solu\u00e7\u00f5es para reduzir defeitos, melhorar a consist\u00eancia da fundi\u00e7\u00e3o e aumentar a efici\u00eancia da produ\u00e7\u00e3o.<\/li>\n<\/ol>","protected":false},"featured_media":5145,"template":"","meta":{"_acf_changed":false},"product_brand":[],"product_cat":[55],"product_tag":[],"class_list":{"0":"post-5139","1":"product","2":"type-product","3":"status-publish","4":"has-post-thumbnail","6":"product_cat-ceramic-forming-machine","8":"first","9":"instock","10":"shipping-taxable","11":"product-type-simple"},"acf":{"customization_content":"","customization_content_source":{"label":"Customization Content","type":"wysiwyg","formatted_value":""},"why_choose_us_content":"<h2 style=\"text-align: center;\">Why Choose Us as Your Ceramic Forming Line Supplier<\/h2>\r\n\r\n<hr \/>\r\n<p style=\"text-align: center;\">Yutai is a ceramic machine manufacturer, maintains strict quality standards and excellent service. Revolutionize your manufacturing processes with cutting-edge automation technology that streamlines forming and enhances efficiency.<\/p>","why_choose_us_content_source":{"label":"Why Choose Us Content","type":"wysiwyg","formatted_value":"<h2 style=\"text-align: center;\">Why Choose Us as Your Ceramic Forming Line Supplier<\/h2>\n<hr \/>\n<p style=\"text-align: center;\">Yutai is a ceramic machine manufacturer, maintains strict quality standards and excellent service. Revolutionize your manufacturing processes with cutting-edge automation technology that streamlines forming and enhances efficiency.<\/p>\n"}},"_links":{"self":[{"href":"https:\/\/yutaimachinery.com\/pt\/wp-json\/wp\/v2\/product\/5139","targetHints":{"allow":["GET"]}}],"collection":[{"href":"https:\/\/yutaimachinery.com\/pt\/wp-json\/wp\/v2\/product"}],"about":[{"href":"https:\/\/yutaimachinery.com\/pt\/wp-json\/wp\/v2\/types\/product"}],"version-history":[{"count":0,"href":"https:\/\/yutaimachinery.com\/pt\/wp-json\/wp\/v2\/product\/5139\/revisions"}],"wp:featuredmedia":[{"embeddable":true,"href":"https:\/\/yutaimachinery.com\/pt\/wp-json\/wp\/v2\/media\/5145"}],"wp:attachment":[{"href":"https:\/\/yutaimachinery.com\/pt\/wp-json\/wp\/v2\/media?parent=5139"}],"wp:term":[{"taxonomy":"product_brand","embeddable":true,"href":"https:\/\/yutaimachinery.com\/pt\/wp-json\/wp\/v2\/product_brand?post=5139"},{"taxonomy":"product_cat","embeddable":true,"href":"https:\/\/yutaimachinery.com\/pt\/wp-json\/wp\/v2\/product_cat?post=5139"},{"taxonomy":"product_tag","embeddable":true,"href":"https:\/\/yutaimachinery.com\/pt\/wp-json\/wp\/v2\/product_tag?post=5139"}],"curies":[{"name":"wp","href":"https:\/\/api.w.org\/{rel}","templated":true}]}}