{"id":5127,"date":"2025-06-13T16:26:03","date_gmt":"2025-06-13T08:26:03","guid":{"rendered":"https:\/\/yutaimachinery.com\/?post_type=product&#038;p=5127"},"modified":"2026-01-15T11:24:32","modified_gmt":"2026-01-15T03:24:32","slug":"ceramic-jiggering-machine","status":"publish","type":"product","link":"https:\/\/yutaimachinery.com\/pt\/product\/ceramic-jiggering-machine\/","title":{"rendered":"M\u00e1quina Autom\u00e1tica de Jiggering para Canecas e Copos de Cer\u00e2mica com Punho"},"content":{"rendered":"<div class=\"wp-block-columns is-layout-flex wp-container-core-columns-is-layout-9d6595d7 wp-block-columns-is-layout-flex\">\n<div class=\"wp-block-column is-layout-flow wp-block-column-is-layout-flow\">\n<h2 class=\"wp-block-heading\">Carater\u00edsticas da m\u00e1quina de jiggering para cer\u00e2mica<\/h2>\n\n\n\n<p><strong>Sistema integrado de moldagem, secagem e desmoldagem<\/strong>: A linha automatizada combina transportadores de moldes, uma unidade de jiggering, um secador e controlo CNC, e pode ser ligada a equipamento de vitrifica\u00e7\u00e3o e de cozedura. Esta linha simplifica o fluxo de trabalho e melhora significativamente a efici\u00eancia da produ\u00e7\u00e3o.<\/p>\n\n\n\n<p><strong>Moldagem em uma \u00fanica etapa para canecas com al\u00e7a<\/strong>: O design especial do molde e os bra\u00e7os rob\u00f3ticos permitem que o corpo do copo e a pega sejam formados num \u00fanico processo.<\/p>\n\n\n\n<p><strong>Sa\u00edda est\u00e1vel com espessura uniforme<\/strong>: Assegura superf\u00edcies lisas, peso consistente e qualidade fi\u00e1vel de produ\u00e7\u00e3o em massa.<\/p>\n\n\n\n<p><strong>Ampla gama de aplica\u00e7\u00f5es<\/strong>: Adequado para tigelas, pratos, ch\u00e1venas, pires e v\u00e1rias formas e tamanhos de cer\u00e2mica. Ideal para artigos de grandes dimens\u00f5es, como vasos de flores, ta\u00e7as grandes e loi\u00e7a de grandes dimens\u00f5es que exijam uma maior for\u00e7a de moldagem.<\/p>\n\n\n\n<p><strong>Constru\u00e7\u00e3o duradoura<\/strong>: Constru\u00eddo com a\u00e7o de alta resist\u00eancia e componentes resistentes \u00e0 corros\u00e3o para uma longa vida \u00fatil.<\/p>\n\n\n\n<p><strong>Estrutura e especifica\u00e7\u00f5es personaliz\u00e1veis<\/strong>: As dimens\u00f5es do molde, as dimens\u00f5es da m\u00e1quina, as defini\u00e7\u00f5es de velocidade e as op\u00e7\u00f5es de automatiza\u00e7\u00e3o podem ser adaptadas \u00e0s necessidades do cliente.<\/p>\n\n\n\n<p><strong>Economia de tempo e alta efici\u00eancia<\/strong>: Minimiza o manuseamento manual, mantendo uma precis\u00e3o de forma\u00e7\u00e3o consistente.<\/p>\n<\/div>\n\n\n\n<div class=\"wp-block-column is-layout-flow wp-block-column-is-layout-flow\">\n<figure class=\"wp-block-embed aligncenter is-type-video is-provider-youtube wp-block-embed-youtube wp-embed-aspect-16-9 wp-has-aspect-ratio\"><div class=\"wp-block-embed__wrapper\">\n<iframe title=\"M\u00e1quina para produ\u00e7\u00e3o de canecas de cer\u00e2mica com al\u00e7a\" width=\"940\" height=\"529\" src=\"https:\/\/www.youtube.com\/embed\/BHIx1WBU9Tc?feature=oembed\" frameborder=\"0\" allow=\"accelerometer; autoplay; clipboard-write; encrypted-media; gyroscope; picture-in-picture; web-share\" referrerpolicy=\"strict-origin-when-cross-origin\" allowfullscreen><\/iframe>\n<\/div><\/figure>\n<\/div>\n<\/div>\n\n\n\n<div class=\"wp-block-columns is-layout-flex wp-container-core-columns-is-layout-9d6595d7 wp-block-columns-is-layout-flex\">\n<div class=\"wp-block-column is-layout-flow wp-block-column-is-layout-flow\">\n<figure class=\"wp-block-image size-full\"><img fetchpriority=\"high\" decoding=\"async\" width=\"800\" height=\"600\" src=\"https:\/\/yutaimachinery.com\/wp-content\/uploads\/2025\/06\/Automated-Jigger-Machine-vs.-Manual-Handle-Attaching.jpg\" alt=\"M\u00e1quina automatizada de pun\u00e7\u00e3o vs. fixa\u00e7\u00e3o manual do punho\" class=\"wp-image-6282\" title=\"\" srcset=\"https:\/\/yutaimachinery.com\/wp-content\/uploads\/2025\/06\/Automated-Jigger-Machine-vs.-Manual-Handle-Attaching.jpg 800w, https:\/\/yutaimachinery.com\/wp-content\/uploads\/2025\/06\/Automated-Jigger-Machine-vs.-Manual-Handle-Attaching-300x225.jpg 300w, https:\/\/yutaimachinery.com\/wp-content\/uploads\/2025\/06\/Automated-Jigger-Machine-vs.-Manual-Handle-Attaching-768x576.jpg 768w, https:\/\/yutaimachinery.com\/wp-content\/uploads\/2025\/06\/Automated-Jigger-Machine-vs.-Manual-Handle-Attaching-16x12.jpg 16w, https:\/\/yutaimachinery.com\/wp-content\/uploads\/2025\/06\/Automated-Jigger-Machine-vs.-Manual-Handle-Attaching-285x214.jpg 285w, https:\/\/yutaimachinery.com\/wp-content\/uploads\/2025\/06\/Automated-Jigger-Machine-vs.-Manual-Handle-Attaching-660x495.jpg 660w, https:\/\/yutaimachinery.com\/wp-content\/uploads\/2025\/06\/Automated-Jigger-Machine-vs.-Manual-Handle-Attaching-150x113.jpg 150w\" sizes=\"(max-width: 800px) 100vw, 800px\" \/><\/figure>\n<\/div>\n\n\n\n<div class=\"wp-block-column is-layout-flow wp-block-column-is-layout-flow\">\n<h2 class=\"wp-block-heading\">Vantagens da m\u00e1quina Jigger no fabrico de copos com cabo<\/h2>\n\n\n\n<p>Em compara\u00e7\u00e3o com a fixa\u00e7\u00e3o manual tradicional do punho, um <strong>m\u00e1quina autom\u00e1tica de sacudir canecas e ch\u00e1venas com asas<\/strong> permite um processo de produ\u00e7\u00e3o mais eficiente, est\u00e1vel e consistente.<\/p>\n\n\n\n<p>A fixa\u00e7\u00e3o manual de pegas depende em grande medida de m\u00e3o de obra especializada, resultando frequentemente num posicionamento inconsistente das pegas, numa for\u00e7a de colagem vari\u00e1vel e em taxas de defeitos mais elevadas.<\/p>\n\n\n\n<p>Ao utilizar uma m\u00e1quina de jigger com um sistema de manuseamento automatizado, os fabricantes podem alcan\u00e7ar:<\/p>\n\n\n\n<ul class=\"wp-block-list\">\n<li>Posicionamento preciso e repet\u00edvel do punho<\/li>\n\n\n\n<li>Forma uniforme do cabo e qualidade de liga\u00e7\u00e3o forte<\/li>\n\n\n\n<li>Redu\u00e7\u00e3o da depend\u00eancia de m\u00e3o de obra e dos custos de produ\u00e7\u00e3o<\/li>\n\n\n\n<li>Produ\u00e7\u00e3o est\u00e1vel adequada para a produ\u00e7\u00e3o de canecas e ch\u00e1venas em grande escala<\/li>\n<\/ul>\n\n\n\n<p>Isto faz com que a m\u00e1quina de jigger seja a solu\u00e7\u00e3o ideal para f\u00e1bricas que produzem canecas de cer\u00e2mica, ch\u00e1venas e outros utens\u00edlios de mesa manuseados.<\/p>\n<\/div>\n<\/div>\n\n\n\n<div class=\"wp-block-columns is-layout-flex wp-container-core-columns-is-layout-9d6595d7 wp-block-columns-is-layout-flex\">\n<div class=\"wp-block-column is-layout-flow wp-block-column-is-layout-flow\">\n<figure class=\"wp-block-image size-full is-resized\"><img decoding=\"async\" width=\"1000\" height=\"750\" src=\"https:\/\/yutaimachinery.com\/wp-content\/uploads\/2025\/06\/ceramic-jigger-machine-for-mugs-bowls-plates-cups-making-11.webp\" alt=\"m\u00e1quina de cer\u00e2mica para fabrico de canecas, tigelas, pratos e ch\u00e1venas\" class=\"wp-image-6113\" style=\"width:731px;height:auto\" title=\"\" srcset=\"https:\/\/yutaimachinery.com\/wp-content\/uploads\/2025\/06\/ceramic-jigger-machine-for-mugs-bowls-plates-cups-making-11.webp 1000w, https:\/\/yutaimachinery.com\/wp-content\/uploads\/2025\/06\/ceramic-jigger-machine-for-mugs-bowls-plates-cups-making-11-300x225.webp 300w, https:\/\/yutaimachinery.com\/wp-content\/uploads\/2025\/06\/ceramic-jigger-machine-for-mugs-bowls-plates-cups-making-11-768x576.webp 768w, https:\/\/yutaimachinery.com\/wp-content\/uploads\/2025\/06\/ceramic-jigger-machine-for-mugs-bowls-plates-cups-making-11-16x12.webp 16w, https:\/\/yutaimachinery.com\/wp-content\/uploads\/2025\/06\/ceramic-jigger-machine-for-mugs-bowls-plates-cups-making-11-285x214.webp 285w, https:\/\/yutaimachinery.com\/wp-content\/uploads\/2025\/06\/ceramic-jigger-machine-for-mugs-bowls-plates-cups-making-11-800x600.webp 800w, https:\/\/yutaimachinery.com\/wp-content\/uploads\/2025\/06\/ceramic-jigger-machine-for-mugs-bowls-plates-cups-making-11-660x495.webp 660w, https:\/\/yutaimachinery.com\/wp-content\/uploads\/2025\/06\/ceramic-jigger-machine-for-mugs-bowls-plates-cups-making-11-150x113.webp 150w\" sizes=\"(max-width: 1000px) 100vw, 1000px\" \/><\/figure>\n<\/div>\n\n\n\n<div class=\"wp-block-column is-layout-flow wp-block-column-is-layout-flow\">\n<figure class=\"wp-block-image size-full\"><img decoding=\"async\" width=\"1000\" height=\"750\" src=\"https:\/\/yutaimachinery.com\/wp-content\/uploads\/2025\/12\/ceramic-jigger-machine-for-mugs-bowls-plates-cups-making-18-edited.webp\" alt=\"m\u00e1quina de cer\u00e2mica para fabrico de canecas, tigelas, pratos e ch\u00e1venas\" class=\"wp-image-6131\" title=\"\" srcset=\"https:\/\/yutaimachinery.com\/wp-content\/uploads\/2025\/12\/ceramic-jigger-machine-for-mugs-bowls-plates-cups-making-18-edited.webp 1000w, https:\/\/yutaimachinery.com\/wp-content\/uploads\/2025\/12\/ceramic-jigger-machine-for-mugs-bowls-plates-cups-making-18-edited-300x225.webp 300w, https:\/\/yutaimachinery.com\/wp-content\/uploads\/2025\/12\/ceramic-jigger-machine-for-mugs-bowls-plates-cups-making-18-edited-768x576.webp 768w, https:\/\/yutaimachinery.com\/wp-content\/uploads\/2025\/12\/ceramic-jigger-machine-for-mugs-bowls-plates-cups-making-18-edited-16x12.webp 16w, https:\/\/yutaimachinery.com\/wp-content\/uploads\/2025\/12\/ceramic-jigger-machine-for-mugs-bowls-plates-cups-making-18-edited-285x214.webp 285w, https:\/\/yutaimachinery.com\/wp-content\/uploads\/2025\/12\/ceramic-jigger-machine-for-mugs-bowls-plates-cups-making-18-edited-800x600.webp 800w, https:\/\/yutaimachinery.com\/wp-content\/uploads\/2025\/12\/ceramic-jigger-machine-for-mugs-bowls-plates-cups-making-18-edited-660x495.webp 660w, https:\/\/yutaimachinery.com\/wp-content\/uploads\/2025\/12\/ceramic-jigger-machine-for-mugs-bowls-plates-cups-making-18-edited-150x113.webp 150w\" sizes=\"(max-width: 1000px) 100vw, 1000px\" \/><\/figure>\n<\/div>\n<\/div>","protected":false},"excerpt":{"rendered":"<p data-start=\"90\" data-end=\"556\"><strong data-start=\"90\" data-end=\"122\">M\u00e1quina de moldagem cer\u00e2mica YUTAI<\/strong> \u00e9 uma linha de moldagem totalmente autom\u00e1tica que integra o transporte de moldes, o jiggering e a secagem, controlada por um sistema CNC para um funcionamento est\u00e1vel e preciso.<br data-start=\"268\" data-end=\"271\" \/>\u00c9 especialmente adequado para <strong data-start=\"301\" data-end=\"331\">ch\u00e1venas e canecas com pegas<\/strong>, A empresa tem um sistema de controlo de qualidade que garante uma moldagem consistente e uma produ\u00e7\u00e3o eficiente em grande escala, bem como tigelas, pratos, pires, vasos de flores e outros artigos de cer\u00e2mica de v\u00e1rios tamanhos.<br data-start=\"487\" data-end=\"490\" \/>As especifica\u00e7\u00f5es da m\u00e1quina podem ser personalizadas de acordo com os requisitos do cliente.<\/p>\n<h2>Aplica\u00e7\u00e3o da m\u00e1quina de moldagem cer\u00e2mica:<\/h2>\n<ul>\n<li>Fabrica\u00e7\u00e3o de lou\u00e7as para uso di\u00e1rio<\/li>\n<li>Produtos cer\u00e2micos para hot\u00e9is e restaura\u00e7\u00e3o<\/li>\n<li>Produ\u00e7\u00e3o de cer\u00e2mica de grande porte<\/li>\n<li>Linhas de produtos cer\u00e2micos OEM\/ODM<\/li>\n<\/ul>\n<h2>Solu\u00e7\u00e3o \u00fanica de m\u00e1quina de jiggering para cer\u00e2mica:<\/h2>\n<ol>\n<li><strong>Apoio a projetos chave na m\u00e3o:<\/strong> desde a sele\u00e7\u00e3o do equipamento at\u00e9 o planeamento do layout.<\/li>\n<li><strong>Concep\u00e7\u00e3o e personaliza\u00e7\u00e3o de moldes:<\/strong> adaptado \u00e0s formas e tamanhos dos seus produtos.<\/li>\n<li><strong>Integra\u00e7\u00e3o da linha de produ\u00e7\u00e3o:<\/strong> coordena\u00e7\u00e3o da moldagem, secagem, esmalta\u00e7\u00e3o e cozedura.<\/li>\n<li><strong>Instala\u00e7\u00e3o e coloca\u00e7\u00e3o em funcionamento:<\/strong> orienta\u00e7\u00e3o t\u00e9cnica no local ou remota.<\/li>\n<li><strong>Forma\u00e7\u00e3o para operadores:<\/strong> garantindo um funcionamento di\u00e1rio suave e eficiente.<\/li>\n<li><strong>Suporte t\u00e9cnico p\u00f3s-venda:<\/strong> resposta r\u00e1pida para manuten\u00e7\u00e3o e pe\u00e7as sobressalentes.<\/li>\n<li><strong>Assist\u00eancia na otimiza\u00e7\u00e3o de processos:<\/strong> melhorar a taxa de rendimento e a consist\u00eancia do produto.<\/li>\n<\/ol>","protected":false},"featured_media":6267,"template":"","meta":{"_acf_changed":false},"product_brand":[],"product_cat":[55],"product_tag":[],"class_list":{"0":"post-5127","1":"product","2":"type-product","3":"status-publish","4":"has-post-thumbnail","6":"product_cat-ceramic-forming-machine","8":"first","9":"instock","10":"shipping-taxable","11":"product-type-simple"},"acf":{"customization_content":"","customization_content_source":{"label":"Customization Content","type":"wysiwyg","formatted_value":""},"why_choose_us_content":"<h2 style=\"text-align: center;\">Why Choose Us as Your Ceramic Automatic Forming Line Supplier<\/h2>\r\n\r\n<hr \/>\r\n<p style=\"text-align: center;\">Yutai as a ceramic tableware manufacturer, maintains strict quality standards and excellent service. Revolutionize your manufacturing processes with cutting-edge automation technology that streamlines forming and enhances efficiency.<\/p>","why_choose_us_content_source":{"label":"Why Choose Us Content","type":"wysiwyg","formatted_value":"<h2 style=\"text-align: center;\">Why Choose Us as Your Ceramic Automatic Forming Line Supplier<\/h2>\n<hr \/>\n<p style=\"text-align: center;\">Yutai as a ceramic tableware manufacturer, maintains strict quality standards and excellent service. Revolutionize your manufacturing processes with cutting-edge automation technology that streamlines forming and enhances efficiency.<\/p>\n"}},"_links":{"self":[{"href":"https:\/\/yutaimachinery.com\/pt\/wp-json\/wp\/v2\/product\/5127","targetHints":{"allow":["GET"]}}],"collection":[{"href":"https:\/\/yutaimachinery.com\/pt\/wp-json\/wp\/v2\/product"}],"about":[{"href":"https:\/\/yutaimachinery.com\/pt\/wp-json\/wp\/v2\/types\/product"}],"version-history":[{"count":0,"href":"https:\/\/yutaimachinery.com\/pt\/wp-json\/wp\/v2\/product\/5127\/revisions"}],"wp:featuredmedia":[{"embeddable":true,"href":"https:\/\/yutaimachinery.com\/pt\/wp-json\/wp\/v2\/media\/6267"}],"wp:attachment":[{"href":"https:\/\/yutaimachinery.com\/pt\/wp-json\/wp\/v2\/media?parent=5127"}],"wp:term":[{"taxonomy":"product_brand","embeddable":true,"href":"https:\/\/yutaimachinery.com\/pt\/wp-json\/wp\/v2\/product_brand?post=5127"},{"taxonomy":"product_cat","embeddable":true,"href":"https:\/\/yutaimachinery.com\/pt\/wp-json\/wp\/v2\/product_cat?post=5127"},{"taxonomy":"product_tag","embeddable":true,"href":"https:\/\/yutaimachinery.com\/pt\/wp-json\/wp\/v2\/product_tag?post=5127"}],"curies":[{"name":"wp","href":"https:\/\/api.w.org\/{rel}","templated":true}]}}