{"id":5115,"date":"2025-06-13T15:50:32","date_gmt":"2025-06-13T07:50:32","guid":{"rendered":"https:\/\/yutaimachinery.com\/?post_type=product&#038;p=5115"},"modified":"2025-06-17T11:28:05","modified_gmt":"2025-06-17T03:28:05","slug":"automatic-conveyor-belt","status":"publish","type":"product","link":"https:\/\/yutaimachinery.com\/pt\/product\/automatic-conveyor-belt\/","title":{"rendered":"Correia transportadora autom\u00e1tica para linha de produ\u00e7\u00e3o de cer\u00e2mica"},"content":{"rendered":"<div class=\"wp-block-columns is-layout-flex wp-container-core-columns-is-layout-9d6595d7 wp-block-columns-is-layout-flex\">\n<div class=\"wp-block-column is-layout-flow wp-block-column-is-layout-flow\" style=\"flex-basis:50%\"><div class=\"wp-block-image\">\n<figure class=\"aligncenter size-full\"><img fetchpriority=\"high\" decoding=\"async\" width=\"800\" height=\"800\" src=\"https:\/\/yutaimachinery.com\/wp-content\/uploads\/2025\/06\/Automatic-Conveyor-Belt-for-Ceramic-Production-Line-4.webp\" alt=\"Correia transportadora autom\u00e1tica para linha de produ\u00e7\u00e3o de cer\u00e2mica (4)\" class=\"wp-image-5120\" title=\"\" srcset=\"https:\/\/yutaimachinery.com\/wp-content\/uploads\/2025\/06\/Automatic-Conveyor-Belt-for-Ceramic-Production-Line-4.webp 800w, https:\/\/yutaimachinery.com\/wp-content\/uploads\/2025\/06\/Automatic-Conveyor-Belt-for-Ceramic-Production-Line-4-300x300.webp 300w, https:\/\/yutaimachinery.com\/wp-content\/uploads\/2025\/06\/Automatic-Conveyor-Belt-for-Ceramic-Production-Line-4-150x150.webp 150w, https:\/\/yutaimachinery.com\/wp-content\/uploads\/2025\/06\/Automatic-Conveyor-Belt-for-Ceramic-Production-Line-4-768x768.webp 768w, https:\/\/yutaimachinery.com\/wp-content\/uploads\/2025\/06\/Automatic-Conveyor-Belt-for-Ceramic-Production-Line-4-12x12.webp 12w, https:\/\/yutaimachinery.com\/wp-content\/uploads\/2025\/06\/Automatic-Conveyor-Belt-for-Ceramic-Production-Line-4-285x285.webp 285w, https:\/\/yutaimachinery.com\/wp-content\/uploads\/2025\/06\/Automatic-Conveyor-Belt-for-Ceramic-Production-Line-4-270x270.webp 270w, https:\/\/yutaimachinery.com\/wp-content\/uploads\/2025\/06\/Automatic-Conveyor-Belt-for-Ceramic-Production-Line-4-540x540.webp 540w, https:\/\/yutaimachinery.com\/wp-content\/uploads\/2025\/06\/Automatic-Conveyor-Belt-for-Ceramic-Production-Line-4-660x660.webp 660w\" sizes=\"(max-width: 800px) 100vw, 800px\" \/><\/figure>\n<\/div><\/div>\n\n\n\n<div class=\"wp-block-column is-layout-flow wp-block-column-is-layout-flow\">\n<h2 class=\"wp-block-heading\">Carater\u00edsticas da correia transportadora:<\/h2>\n\n\n\n<p><strong>Cinto com padr\u00e3o Chevron<\/strong><br>A superf\u00edcie em forma de V aumenta a fric\u00e7\u00e3o e evita o deslizamento do produto durante o transporte inclinado.<\/p>\n\n\n\n<p><strong>Constru\u00e7\u00e3o duradoura<\/strong><br>Fabricado com uma estrutura de a\u00e7o de alta resist\u00eancia e uma correia de borracha resistente ao desgaste, garantindo uma longa vida \u00fatil em ambientes com muita poeira e muita carga.<\/p>\n\n\n\n<p><strong>Dimens\u00f5es personaliz\u00e1veis<\/strong><br>Dispon\u00edvel em v\u00e1rias larguras, comprimentos e \u00e2ngulos de inclina\u00e7\u00e3o para satisfazer diferentes layouts de linhas de produ\u00e7\u00e3o.<\/p>\n\n\n\n<p><strong>Acionamento de motor com efici\u00eancia energ\u00e9tica<\/strong><br>Equipada com um sistema de acionamento el\u00e9trico fi\u00e1vel para um controlo est\u00e1vel da velocidade e um consumo de energia reduzido.<\/p>\n\n\n\n<p><strong>F\u00e1cil de manter<\/strong><br>O design modular dos rolos permite uma r\u00e1pida inspe\u00e7\u00e3o, limpeza e substitui\u00e7\u00e3o de pe\u00e7as, minimizando o tempo de inatividade.<\/p>\n<\/div>\n<\/div>\n\n\n\n<div class=\"wp-block-columns is-layout-flex wp-container-core-columns-is-layout-9d6595d7 wp-block-columns-is-layout-flex\">\n<div class=\"wp-block-column is-layout-flow wp-block-column-is-layout-flow\"><\/div>\n\n\n\n<div class=\"wp-block-column is-layout-flow wp-block-column-is-layout-flow\"><\/div>\n<\/div>\n\n\n\n<p><\/p>","protected":false},"excerpt":{"rendered":"<p data-start=\"123\" data-end=\"429\">Esta correia transportadora autom\u00e1tica \u00e9 projetada especificamente para f\u00e1bricas de cer\u00e2mica, \u00e9 adequada para o transporte autom\u00e1tico de mat\u00e9rias-primas de produ\u00e7\u00e3o de cer\u00e2mica, melhorando efetivamente a efici\u00eancia da produ\u00e7\u00e3o e reduzindo os custos de m\u00e3o de obra. O tamanho pode ser personalizado de acordo com as necessidades do cliente. \u00c9 uma parte importante da moderna linha de produ\u00e7\u00e3o automatizada de cer\u00e2mica.<\/p>\n<h2>Solu\u00e7\u00e3o \u00fanica de maquinaria para cer\u00e2mica:<\/h2>\n<ol>\n<li>Personalizado: Suporta pe\u00e7as de equipamento personalizadas, acess\u00f3rios personalizados e aplica\u00e7\u00f5es personalizadas<\/li>\n<li>Apoio \u00e0 conce\u00e7\u00e3o da disposi\u00e7\u00e3o:  De acordo com a \u00e1rea da f\u00e1brica, o plano de produ\u00e7\u00e3o e o investimento de capital, fornecemos servi\u00e7os profissionais de design e layout.<\/li>\n<li>Assist\u00eancia t\u00e9cnica e servi\u00e7o: T\u00e9cnicos altamente qualificados montam as suas m\u00e1quinas e fornecem forma\u00e7\u00e3o em v\u00eddeo e apoio t\u00e9cnico.<\/li>\n<\/ol>","protected":false},"featured_media":5120,"template":"","meta":{"_acf_changed":false},"product_brand":[],"product_cat":[54],"product_tag":[],"class_list":{"0":"post-5115","1":"product","2":"type-product","3":"status-publish","4":"has-post-thumbnail","6":"product_cat-clay-making-machine","8":"first","9":"instock","10":"shipping-taxable","11":"product-type-simple"},"acf":{"customization_content":"","customization_content_source":{"label":"Customization Content","type":"wysiwyg","formatted_value":""},"why_choose_us_content":"<h2 style=\"text-align: center;\">Why Choose Us as Your Ceramic Machine Supplier<\/h2>\r\n\r\n<hr \/>\r\n<p style=\"text-align: center;\">Yutai is a ceramic machine manufacturer, maintains strict quality standards and excellent service. Revolutionize your manufacturing processes with cutting-edge automation technology that streamlines forming and enhances efficiency.<\/p>","why_choose_us_content_source":{"label":"Why Choose Us Content","type":"wysiwyg","formatted_value":"<h2 style=\"text-align: center;\">Why Choose Us as Your Ceramic Machine Supplier<\/h2>\n<hr \/>\n<p style=\"text-align: center;\">Yutai is a ceramic machine manufacturer, maintains strict quality standards and excellent service. Revolutionize your manufacturing processes with cutting-edge automation technology that streamlines forming and enhances efficiency.<\/p>\n"}},"_links":{"self":[{"href":"https:\/\/yutaimachinery.com\/pt\/wp-json\/wp\/v2\/product\/5115","targetHints":{"allow":["GET"]}}],"collection":[{"href":"https:\/\/yutaimachinery.com\/pt\/wp-json\/wp\/v2\/product"}],"about":[{"href":"https:\/\/yutaimachinery.com\/pt\/wp-json\/wp\/v2\/types\/product"}],"version-history":[{"count":0,"href":"https:\/\/yutaimachinery.com\/pt\/wp-json\/wp\/v2\/product\/5115\/revisions"}],"wp:featuredmedia":[{"embeddable":true,"href":"https:\/\/yutaimachinery.com\/pt\/wp-json\/wp\/v2\/media\/5120"}],"wp:attachment":[{"href":"https:\/\/yutaimachinery.com\/pt\/wp-json\/wp\/v2\/media?parent=5115"}],"wp:term":[{"taxonomy":"product_brand","embeddable":true,"href":"https:\/\/yutaimachinery.com\/pt\/wp-json\/wp\/v2\/product_brand?post=5115"},{"taxonomy":"product_cat","embeddable":true,"href":"https:\/\/yutaimachinery.com\/pt\/wp-json\/wp\/v2\/product_cat?post=5115"},{"taxonomy":"product_tag","embeddable":true,"href":"https:\/\/yutaimachinery.com\/pt\/wp-json\/wp\/v2\/product_tag?post=5115"}],"curies":[{"name":"wp","href":"https:\/\/api.w.org\/{rel}","templated":true}]}}