{"id":4471,"date":"2024-08-23T14:59:40","date_gmt":"2024-08-23T06:59:40","guid":{"rendered":"https:\/\/yutaimachinery.com\/?post_type=product&#038;p=4471"},"modified":"2024-08-23T15:23:08","modified_gmt":"2024-08-23T07:23:08","slug":"cabina-de-projecao-de-esmalte-11","status":"publish","type":"product","link":"https:\/\/yutaimachinery.com\/pt\/product\/pneumatic-screen-stretching-machine\/","title":{"rendered":"M\u00e1quina pneum\u00e1tica para esticar telas M\u00e1quina pneum\u00e1tica para puxar o mosto"},"content":{"rendered":"<div class=\"wp-block-columns is-layout-flex wp-container-core-columns-is-layout-9d6595d7 wp-block-columns-is-layout-flex\">\n<div class=\"wp-block-column is-layout-flow wp-block-column-is-layout-flow\">\n<h2 class=\"wp-block-heading\"><strong><strong>M\u00e1quina pneum\u00e1tica para esticar ecr\u00e3s<\/strong><\/strong> <strong>Caracter\u00edsticas:<\/strong><\/h2>\n\n\n\n<p>A m\u00e1quina pneum\u00e1tica para esticar telas \u00e9 uma ferramenta utilizada na serigrafia para fixar firmemente as telas. Funciona com um compressor de ar e utiliza v\u00e1rias rodas tensoras ligadas entre si para apertar uniformemente a tela.<\/p>\n\n\n\n<p>O curso de tra\u00e7\u00e3o da rede pode atingir 7,5 cm, e as t\u00e1buas grandes e pequenas podem ser puxadas livremente. Cada pin\u00e7a de rede tem 300 mm de comprimento.<\/p>\n<\/div>\n<\/div>","protected":false},"excerpt":{"rendered":"<p>A m\u00e1quina de esticar ecr\u00e3 pneum\u00e1tica torna o ecr\u00e3 mais apertado e mais est\u00e1vel. \u00c9 fabricado e vendido por atacado pela Yutai Factory, oferecendo pre\u00e7os acess\u00edveis e servi\u00e7os de entrega r\u00e1pida. Para mais solu\u00e7\u00f5es de m\u00e1quinas de impress\u00e3o da tela, entre em contato com Yutai fabricante de m\u00e1quinas de cer\u00e2mica.<\/p>\n<h2>Solu\u00e7\u00e3o \u00fanica para a m\u00e1quina de esticar ecr\u00e3 pneum\u00e1tico:<\/h2>\n<ol>\n<li>\n<p>Pre\u00e7o de f\u00e1brica: Como um fabricante de m\u00e1quinas de impress\u00e3o em cer\u00e2mica, n\u00f3s fornecemos m\u00e1quinas de estiramento de tela pneum\u00e1tica rent\u00e1vel, bem-vindo a contactar-nos para obter o pre\u00e7o de f\u00e1brica.<\/p>\n<\/li>\n<li>\n<p>Apoio t\u00e9cnico: Fornecer orienta\u00e7\u00e3o t\u00e9cnica profissional e instala\u00e7\u00e3o mec\u00e2nica, com guias em v\u00eddeo para garantir uma utiliza\u00e7\u00e3o r\u00e1pida do produto.<\/p>\n<\/li>\n<li>\n<p>Pe\u00e7as de substitui\u00e7\u00e3o: Fornecimento de uma gama de pe\u00e7as sobresselentes originais.<\/p>\n<\/li>\n<li>\n<p>Apoio p\u00f3s-venda: Ajuda online 24 horas por dia para garantir que est\u00e1 satisfeito com as m\u00e1quinas de esticar crivos pneum\u00e1ticos e que estas s\u00e3o utilizadas sem problemas na sua linha de produ\u00e7\u00e3o.<\/p>\n<\/li>\n<\/ol>","protected":false},"featured_media":4472,"template":"","meta":{"_acf_changed":false},"product_brand":[],"product_cat":[59],"product_tag":[],"class_list":{"0":"post-4471","1":"product","2":"type-product","3":"status-publish","4":"has-post-thumbnail","6":"product_cat-ceramic-printing-machine","8":"first","9":"instock","10":"shipping-taxable","11":"product-type-simple"},"acf":{"customization_content":"<h2><\/h2>\r\n<div><\/div>","customization_content_source":{"label":"Customization Content","type":"wysiwyg","formatted_value":"<h2><\/h2>\n<div><\/div>\n"},"why_choose_us_content":"<h2 style=\"text-align: center;\">Why Choose Us as Your Ceramic Printing Machine Supplier<\/h2>\r\n\r\n<hr \/>\r\n<p style=\"text-align: center;\">\u00a0Yutai as a ceramic printing machine manufacturer, maintains strict quality standards and excellent service. Revolutionize your manufacturing processes with cutting-edge automation technology that streamlines forming and enhances efficiency.<\/p>","why_choose_us_content_source":{"label":"Why Choose Us Content","type":"wysiwyg","formatted_value":"<h2 style=\"text-align: center;\">Why Choose Us as Your Ceramic Printing Machine Supplier<\/h2>\n<hr \/>\n<p style=\"text-align: center;\">\u00a0Yutai as a ceramic printing machine manufacturer, maintains strict quality standards and excellent service. Revolutionize your manufacturing processes with cutting-edge automation technology that streamlines forming and enhances efficiency.<\/p>\n"}},"_links":{"self":[{"href":"https:\/\/yutaimachinery.com\/pt\/wp-json\/wp\/v2\/product\/4471","targetHints":{"allow":["GET"]}}],"collection":[{"href":"https:\/\/yutaimachinery.com\/pt\/wp-json\/wp\/v2\/product"}],"about":[{"href":"https:\/\/yutaimachinery.com\/pt\/wp-json\/wp\/v2\/types\/product"}],"version-history":[{"count":0,"href":"https:\/\/yutaimachinery.com\/pt\/wp-json\/wp\/v2\/product\/4471\/revisions"}],"wp:featuredmedia":[{"embeddable":true,"href":"https:\/\/yutaimachinery.com\/pt\/wp-json\/wp\/v2\/media\/4472"}],"wp:attachment":[{"href":"https:\/\/yutaimachinery.com\/pt\/wp-json\/wp\/v2\/media?parent=4471"}],"wp:term":[{"taxonomy":"product_brand","embeddable":true,"href":"https:\/\/yutaimachinery.com\/pt\/wp-json\/wp\/v2\/product_brand?post=4471"},{"taxonomy":"product_cat","embeddable":true,"href":"https:\/\/yutaimachinery.com\/pt\/wp-json\/wp\/v2\/product_cat?post=4471"},{"taxonomy":"product_tag","embeddable":true,"href":"https:\/\/yutaimachinery.com\/pt\/wp-json\/wp\/v2\/product_tag?post=4471"}],"curies":[{"name":"wp","href":"https:\/\/api.w.org\/{rel}","templated":true}]}}