{"id":4462,"date":"2024-08-20T11:28:36","date_gmt":"2024-08-20T03:28:36","guid":{"rendered":"https:\/\/yutaimachinery.com\/?post_type=product&#038;p=4462"},"modified":"2024-08-20T11:49:11","modified_gmt":"2024-08-20T03:49:11","slug":"cabina-de-projecao-de-esmalte-9","status":"publish","type":"product","link":"https:\/\/yutaimachinery.com\/pt\/product\/screen-exposing-machine\/","title":{"rendered":"M\u00e1quina de exposi\u00e7\u00e3o de ecr\u00e3 Controlo autom\u00e1tico por computador sob v\u00e1cuo"},"content":{"rendered":"<div class=\"wp-block-columns is-layout-flex wp-container-core-columns-is-layout-9d6595d7 wp-block-columns-is-layout-flex\">\n<div class=\"wp-block-column is-layout-flow wp-block-column-is-layout-flow\">\n<h2 class=\"wp-block-heading\"><strong><strong>M\u00e1quina de exposi\u00e7\u00e3o de ecr\u00e3<\/strong><\/strong> <strong>Caracter\u00edsticas:<\/strong><\/h2>\n\n\n\n<p>Bomba de v\u00e1cuo seca de alta pot\u00eancia, tecido de borracha de alta tens\u00e3o.<\/p>\n\n\n\n<p>A aspira\u00e7\u00e3o autom\u00e1tica e a exposi\u00e7\u00e3o autom\u00e1tica podem expor continuamente a placa, adequada para fabricantes com grande volume de exposi\u00e7\u00e3o.<\/p>\n\n\n\n<p>Controlo por microcomputador, utilizando balastro de alta qualidade, gatilho, l\u00e2mpada de exposi\u00e7\u00e3o<\/p>\n<\/div>\n\n\n\n<div class=\"wp-block-column is-layout-flow wp-block-column-is-layout-flow\">\n<h2 class=\"wp-block-heading\">M\u00e1quina de exposi\u00e7\u00e3o de ecr\u00e3 <strong>Par\u00e2metro:<\/strong><\/h2>\n\n\n\n<figure class=\"wp-block-table\"><table class=\"has-fixed-layout\"><tbody><tr><td>Espec.<\/td><td>1113<\/td><td>1215<\/td><\/tr><tr><td>\u00c1rea m\u00e1xima de impress\u00e3o<\/td><td>1000x1200mm<\/td><td>1100x1400mm<\/td><\/tr><tr><td>Poder de ilumina\u00e7\u00e3o<\/td><td>2Kw\/220V<\/td><td>3Kw1380V<\/td><\/tr><tr><td>Fonte de alimenta\u00e7\u00e3o aplic\u00e1vel<\/td><td>220V<\/td><td>220V\/380V<\/td><\/tr><\/tbody><\/table><\/figure>\n<\/div>\n<\/div>","protected":false},"excerpt":{"rendered":"<p>A F\u00e1brica de m\u00e1quinas de impress\u00e3o de tela Yutai \u00e9 um fabricante e grossista de m\u00e1quinas de impress\u00e3o de tela, m\u00e1quinas de exposi\u00e7\u00e3o de tela, m\u00e1quinas de secagem de tela, m\u00e1quinas de cer\u00e2mica, etc. Nossa f\u00e1brica tem uma equipa t\u00e9cnica avan\u00e7ada e servi\u00e7o p\u00f3s-venda, fornecendo solu\u00e7\u00f5es personalizadas one-stop. Bem-vindo a contactar-nos para mais informa\u00e7\u00f5es\uff01<\/p>\n<h2>Solu\u00e7\u00e3o \u00fanica para m\u00e1quina de exposi\u00e7\u00e3o de ecr\u00e3:<\/h2>\n<ol>\n<li>\n<p>Pre\u00e7o de f\u00e1brica: Como um fabricante de m\u00e1quinas de impress\u00e3o de cer\u00e2mica, n\u00f3s fornecemos m\u00e1quinas de exposi\u00e7\u00e3o de tela rent\u00e1vel, bem-vindo a contactar-nos para obter o pre\u00e7o de f\u00e1brica.<\/p>\n<\/li>\n<li>\n<p>Apoio t\u00e9cnico: Fornecer orienta\u00e7\u00e3o t\u00e9cnica profissional e instala\u00e7\u00e3o mec\u00e2nica, com guias em v\u00eddeo para garantir uma utiliza\u00e7\u00e3o r\u00e1pida do produto.<\/p>\n<\/li>\n<li>\n<p>Pe\u00e7as de substitui\u00e7\u00e3o: Fornecimento de uma gama de pe\u00e7as sobresselentes originais.<\/p>\n<\/li>\n<li>\n<p>Apoio p\u00f3s-venda: Ajuda online 24 horas por dia para garantir que est\u00e1 satisfeito com as m\u00e1quinas de exposi\u00e7\u00e3o de ecr\u00e3 e que estas s\u00e3o utilizadas sem problemas na sua linha de produ\u00e7\u00e3o.<\/p>\n<\/li>\n<\/ol>","protected":false},"featured_media":4463,"template":"","meta":{"_acf_changed":false},"product_brand":[],"product_cat":[59],"product_tag":[],"class_list":{"0":"post-4462","1":"product","2":"type-product","3":"status-publish","4":"has-post-thumbnail","6":"product_cat-ceramic-printing-machine","8":"first","9":"instock","10":"shipping-taxable","11":"product-type-simple"},"acf":{"customization_content":"<h2><\/h2>\r\n<div><\/div>","customization_content_source":{"label":"Customization Content","type":"wysiwyg","formatted_value":"<h2><\/h2>\n<div><\/div>\n"},"why_choose_us_content":"<h2 style=\"text-align: center;\">Why Choose Us as Your Ceramic Printing Machine Supplier<\/h2>\r\n\r\n<hr \/>\r\n<p style=\"text-align: center;\">\u00a0Yutai as a ceramic printing machine manufacturer, maintains strict quality standards and excellent service. Revolutionize your manufacturing processes with cutting-edge automation technology that streamlines forming and enhances efficiency.<\/p>","why_choose_us_content_source":{"label":"Why Choose Us Content","type":"wysiwyg","formatted_value":"<h2 style=\"text-align: center;\">Why Choose Us as Your Ceramic Printing Machine Supplier<\/h2>\n<hr \/>\n<p style=\"text-align: center;\">\u00a0Yutai as a ceramic printing machine manufacturer, maintains strict quality standards and excellent service. Revolutionize your manufacturing processes with cutting-edge automation technology that streamlines forming and enhances efficiency.<\/p>\n"}},"_links":{"self":[{"href":"https:\/\/yutaimachinery.com\/pt\/wp-json\/wp\/v2\/product\/4462","targetHints":{"allow":["GET"]}}],"collection":[{"href":"https:\/\/yutaimachinery.com\/pt\/wp-json\/wp\/v2\/product"}],"about":[{"href":"https:\/\/yutaimachinery.com\/pt\/wp-json\/wp\/v2\/types\/product"}],"version-history":[{"count":0,"href":"https:\/\/yutaimachinery.com\/pt\/wp-json\/wp\/v2\/product\/4462\/revisions"}],"wp:featuredmedia":[{"embeddable":true,"href":"https:\/\/yutaimachinery.com\/pt\/wp-json\/wp\/v2\/media\/4463"}],"wp:attachment":[{"href":"https:\/\/yutaimachinery.com\/pt\/wp-json\/wp\/v2\/media?parent=4462"}],"wp:term":[{"taxonomy":"product_brand","embeddable":true,"href":"https:\/\/yutaimachinery.com\/pt\/wp-json\/wp\/v2\/product_brand?post=4462"},{"taxonomy":"product_cat","embeddable":true,"href":"https:\/\/yutaimachinery.com\/pt\/wp-json\/wp\/v2\/product_cat?post=4462"},{"taxonomy":"product_tag","embeddable":true,"href":"https:\/\/yutaimachinery.com\/pt\/wp-json\/wp\/v2\/product_tag?post=4462"}],"curies":[{"name":"wp","href":"https:\/\/api.w.org\/{rel}","templated":true}]}}