{"id":4453,"date":"2024-08-20T10:45:22","date_gmt":"2024-08-20T02:45:22","guid":{"rendered":"https:\/\/yutaimachinery.com\/?post_type=product&#038;p=4453"},"modified":"2024-08-20T11:15:56","modified_gmt":"2024-08-20T03:15:56","slug":"cabina-de-projecao-de-esmalte-8","status":"publish","type":"product","link":"https:\/\/yutaimachinery.com\/pt\/product\/screen-drying-cabinet\/","title":{"rendered":"Arm\u00e1rio de secagem de tela vertical e horizontal"},"content":{"rendered":"<div class=\"wp-block-columns is-layout-flex wp-container-core-columns-is-layout-9d6595d7 wp-block-columns-is-layout-flex\">\n<div class=\"wp-block-column is-layout-flow wp-block-column-is-layout-flow\">\n<h2 class=\"wp-block-heading\"><strong><strong>Arm\u00e1rio de secagem de tela<\/strong><\/strong> <strong>Caracter\u00edsticas:<\/strong><\/h2>\n\n\n\n<p>O arm\u00e1rio de secagem de ecr\u00e3s \u00e9 utilizado para secar ecr\u00e3s ap\u00f3s a lavagem e a colagem. Tem dois modelos, horizontal e vertical. O equipamento de temperatura constante \u00e9 instalado no interior para tornar a temperatura uniforme e o efeito de secagem bom. A m\u00e1quina adopta uma estrutura do tipo gaveta, que \u00e9 f\u00e1cil de empurrar e puxar. A caixa el\u00e9ctrica resistente a altas temperaturas garante a durabilidade do equipamento.<\/p>\n<\/div>\n\n\n\n<div class=\"wp-block-column is-layout-flow wp-block-column-is-layout-flow\">\n<h2 class=\"wp-block-heading\">Arm\u00e1rio de secagem de tela <strong>Par\u00e2metro:<\/strong><\/h2>\n\n\n\n<figure class=\"wp-block-table\"><table class=\"has-fixed-layout\"><tbody><tr><td>Especifica\u00e7\u00f5es<\/td><td>1113<\/td><td>1215<\/td><\/tr><tr><td>Tamanho m\u00e1ximo do ecr\u00e3<\/td><td>1000x1200mm<\/td><td>1100x1400mm<\/td><\/tr><tr><td>Pot\u00eancia<\/td><td>4KW<\/td><td>6KW<\/td><\/tr><tr><td>Fonte de alimenta\u00e7\u00e3o aplic\u00e1vel<\/td><td>220V<\/td><td>220v<\/td><\/tr><\/tbody><\/table><\/figure>\n<\/div>\n<\/div>","protected":false},"excerpt":{"rendered":"<p>O arm\u00e1rio de secagem de tela de venda direta da f\u00e1brica \u00e9 usado para secar a tela a uma temperatura constante, o calor \u00e9 uniforme, de alta qualidade e dur\u00e1vel. Pre\u00e7o de f\u00e1brica, gama completa de solu\u00e7\u00f5es de m\u00e1quinas de impress\u00e3o de tela s\u00e3o fornecidos a voc\u00ea.<\/p>\n<h2>Solu\u00e7\u00e3o \u00fanica para o arm\u00e1rio de secagem de tela:<\/h2>\n<ol>\n<li>\n<p>Pre\u00e7o de f\u00e1brica: Como um fabricante de m\u00e1quinas de impress\u00e3o em cer\u00e2mica, n\u00f3s fornecemos arm\u00e1rios de secagem de tela rent\u00e1vel, bem-vindo a contactar-nos para obter o pre\u00e7o de f\u00e1brica.<\/p>\n<\/li>\n<li>\n<p>Apoio t\u00e9cnico: Fornecer orienta\u00e7\u00e3o t\u00e9cnica profissional e instala\u00e7\u00e3o mec\u00e2nica, com guias em v\u00eddeo para garantir uma utiliza\u00e7\u00e3o r\u00e1pida do produto.<\/p>\n<\/li>\n<li>\n<p>Pe\u00e7as de substitui\u00e7\u00e3o: Fornecimento de uma gama de pe\u00e7as sobresselentes originais.<\/p>\n<\/li>\n<li>\n<p>Apoio p\u00f3s-venda: Ajuda online 24 horas por dia para garantir que est\u00e1 satisfeito com os arm\u00e1rios de secagem de ecr\u00e3 e que estes s\u00e3o utilizados sem problemas na sua linha de produ\u00e7\u00e3o.<\/p>\n<\/li>\n<\/ol>","protected":false},"featured_media":4457,"template":"","meta":{"_acf_changed":false},"product_brand":[],"product_cat":[59],"product_tag":[],"class_list":{"0":"post-4453","1":"product","2":"type-product","3":"status-publish","4":"has-post-thumbnail","6":"product_cat-ceramic-printing-machine","8":"first","9":"instock","10":"shipping-taxable","11":"product-type-simple"},"acf":{"customization_content":"<h2><\/h2>\r\n<div><\/div>","customization_content_source":{"label":"Customization Content","type":"wysiwyg","formatted_value":"<h2><\/h2>\n<div><\/div>\n"},"why_choose_us_content":"<h2 style=\"text-align: center;\">Why Choose Us as Your Ceramic Printing Machine Supplier<\/h2>\r\n\r\n<hr \/>\r\n<p style=\"text-align: center;\">\u00a0Yutai as a ceramic printing machine manufacturer, maintains strict quality standards and excellent service. Revolutionize your manufacturing processes with cutting-edge automation technology that streamlines forming and enhances efficiency.<\/p>","why_choose_us_content_source":{"label":"Why Choose Us Content","type":"wysiwyg","formatted_value":"<h2 style=\"text-align: center;\">Why Choose Us as Your Ceramic Printing Machine Supplier<\/h2>\n<hr \/>\n<p style=\"text-align: center;\">\u00a0Yutai as a ceramic printing machine manufacturer, maintains strict quality standards and excellent service. Revolutionize your manufacturing processes with cutting-edge automation technology that streamlines forming and enhances efficiency.<\/p>\n"}},"_links":{"self":[{"href":"https:\/\/yutaimachinery.com\/pt\/wp-json\/wp\/v2\/product\/4453","targetHints":{"allow":["GET"]}}],"collection":[{"href":"https:\/\/yutaimachinery.com\/pt\/wp-json\/wp\/v2\/product"}],"about":[{"href":"https:\/\/yutaimachinery.com\/pt\/wp-json\/wp\/v2\/types\/product"}],"version-history":[{"count":0,"href":"https:\/\/yutaimachinery.com\/pt\/wp-json\/wp\/v2\/product\/4453\/revisions"}],"wp:featuredmedia":[{"embeddable":true,"href":"https:\/\/yutaimachinery.com\/pt\/wp-json\/wp\/v2\/media\/4457"}],"wp:attachment":[{"href":"https:\/\/yutaimachinery.com\/pt\/wp-json\/wp\/v2\/media?parent=4453"}],"wp:term":[{"taxonomy":"product_brand","embeddable":true,"href":"https:\/\/yutaimachinery.com\/pt\/wp-json\/wp\/v2\/product_brand?post=4453"},{"taxonomy":"product_cat","embeddable":true,"href":"https:\/\/yutaimachinery.com\/pt\/wp-json\/wp\/v2\/product_cat?post=4453"},{"taxonomy":"product_tag","embeddable":true,"href":"https:\/\/yutaimachinery.com\/pt\/wp-json\/wp\/v2\/product_tag?post=4453"}],"curies":[{"name":"wp","href":"https:\/\/api.w.org\/{rel}","templated":true}]}}