{"id":4435,"date":"2024-08-17T14:16:41","date_gmt":"2024-08-17T06:16:41","guid":{"rendered":"https:\/\/yutaimachinery.com\/?post_type=product&#038;p=4435"},"modified":"2024-08-17T16:00:23","modified_gmt":"2024-08-17T08:00:23","slug":"cabina-de-projecao-de-esmalte-7","status":"publish","type":"product","link":"https:\/\/yutaimachinery.com\/pt\/product\/triple-roll-mill-machine\/","title":{"rendered":"M\u00e1quina de Moinho de Rolo Triplo para Pigmentos de Tinta Pre\u00e7o de F\u00e1brica"},"content":{"rendered":"<div class=\"wp-block-columns is-layout-flex wp-container-core-columns-is-layout-9d6595d7 wp-block-columns-is-layout-flex\">\n<div class=\"wp-block-column is-layout-flow wp-block-column-is-layout-flow\">\n<h2 class=\"wp-block-heading\"><strong><strong>M\u00e1quina de moagem de rolo triplo<\/strong><\/strong> <strong>Caracter\u00edsticas:<\/strong><\/h2>\n\n\n\n<p>A m\u00e1quina de moagem de rolo triplo \u00e9 usada principalmente para moer v\u00e1rias tintas, \u00f3leos, sab\u00f5es, cosm\u00e9ticos, revestimentos, pigmentos qu\u00edmicos, medicamentos, alimentos e outras part\u00edculas. Tem muitas fun\u00e7\u00f5es, tais como esmagamento, dispers\u00e3o, amolecimento, homogeneiza\u00e7\u00e3o e tonifica\u00e7\u00e3o. \u00c9 um equipamento ideal para a ind\u00fastria de impress\u00e3o, ind\u00fastria qu\u00edmica, produ\u00e7\u00e3o.<\/p>\n<\/div>\n\n\n\n<div class=\"wp-block-column is-layout-flow wp-block-column-is-layout-flow\">\n<h2 class=\"wp-block-heading\"><strong><strong>M\u00e1quina de moagem de rolo triplo<\/strong><\/strong> <strong>Par\u00e2metro:<\/strong><\/h2>\n\n\n\n<figure class=\"wp-block-table\"><table class=\"has-fixed-layout\"><tbody><tr><td>Especifica\u00e7\u00f5es:<\/td><td>70<\/td><td>120<\/td><td>160<\/td><td>260<\/td><\/tr><tr><td>R\u00e1cio de velocidade do rolo:<\/td><td>1: 2: 5<\/td><td>1: 3: 9<\/td><td>1: 2: 4.98<\/td><td>1: 2: 5: 25<\/td><\/tr><tr><td>Finura de moagem:<\/td><td>15 micr\u00f3metros<\/td><td>15 micr\u00f3metros<\/td><td>15 micr\u00f3metros<\/td><td>15 micr\u00f3metros<\/td><\/tr><tr><td>Motor:<\/td><td>0,75 kw<\/td><td>1. 5 kw<\/td><td>2,2 kw<\/td><td>7. 5 kw<\/td><\/tr><tr><td>Dureza do rolo:<\/td><td>Carbono m\u00e9dio 55\u00b0<\/td><td>Carbono m\u00e9dio 55\u00b0<\/td><td>Carbono m\u00e9dio 55\u00b0<\/td><td>Carbono m\u00e9dio 55\u00b0<\/td><\/tr><\/tbody><\/table><\/figure>\n<\/div>\n<\/div>","protected":false},"excerpt":{"rendered":"<p>A m\u00e1quina de moagem de rolo triplo tem m\u00faltiplas fun\u00e7\u00f5es, tais como tritura\u00e7\u00e3o e amolecimento. Adequado para ind\u00fastrias gr\u00e1ficas e qu\u00edmicas para moer produtos com requisitos de alta viscosidade e finura. O moinho fabricado por n\u00f3s \u00e9 de alta qualidade e tem pre\u00e7o de f\u00e1brica. Bem-vindo a contactar-nos para mais informa\u00e7\u00f5es.<\/p>\n<h2>Solu\u00e7\u00e3o \u00fanica para m\u00e1quina de lamina\u00e7\u00e3o de rolo triplo:<\/h2>\n<ol>\n<li>\n<p>Pre\u00e7o de f\u00e1brica: Como um fabricante de m\u00e1quinas de impress\u00e3o em cer\u00e2mica, n\u00f3s fornecemos m\u00e1quinas de moagem de rolo triplo rent\u00e1veis, bem-vindo a contactar-nos para obter o pre\u00e7o de f\u00e1brica.<\/p>\n<\/li>\n<li>\n<p>Apoio t\u00e9cnico: Fornecer orienta\u00e7\u00e3o t\u00e9cnica profissional e instala\u00e7\u00e3o mec\u00e2nica, com guias em v\u00eddeo para garantir uma utiliza\u00e7\u00e3o r\u00e1pida do produto.<\/p>\n<\/li>\n<li>\n<p>Pe\u00e7as de substitui\u00e7\u00e3o: Fornecimento de uma gama de pe\u00e7as sobresselentes originais.<\/p>\n<\/li>\n<li>\n<p>Apoio p\u00f3s-venda: Ajuda online 24 horas por dia para garantir que est\u00e1 satisfeito com as m\u00e1quinas de laminagem de rolos triplos e que estas s\u00e3o utilizadas sem problemas na sua linha de produ\u00e7\u00e3o.<\/p>\n<\/li>\n<\/ol>","protected":false},"featured_media":4441,"template":"","meta":{"_acf_changed":false},"product_brand":[],"product_cat":[59],"product_tag":[],"class_list":{"0":"post-4435","1":"product","2":"type-product","3":"status-publish","4":"has-post-thumbnail","6":"product_cat-ceramic-printing-machine","8":"first","9":"instock","10":"shipping-taxable","11":"product-type-simple"},"acf":{"customization_content":"<h2><\/h2>\r\n<div><\/div>","customization_content_source":{"label":"Customization Content","type":"wysiwyg","formatted_value":"<h2><\/h2>\n<div><\/div>\n"},"why_choose_us_content":"<h2 style=\"text-align: center;\">Why Choose Us as Your Ceramic Print Machine Supplier<\/h2>\r\n\r\n<hr \/>\r\n<p style=\"text-align: center;\">\u00a0Yutai as a ceramic printing machine manufacturer, maintains strict quality standards and excellent service. Revolutionize your manufacturing processes with cutting-edge automation technology that streamlines forming and enhances efficiency.<\/p>","why_choose_us_content_source":{"label":"Why Choose Us Content","type":"wysiwyg","formatted_value":"<h2 style=\"text-align: center;\">Why Choose Us as Your Ceramic Print Machine Supplier<\/h2>\n<hr \/>\n<p style=\"text-align: center;\">\u00a0Yutai as a ceramic printing machine manufacturer, maintains strict quality standards and excellent service. Revolutionize your manufacturing processes with cutting-edge automation technology that streamlines forming and enhances efficiency.<\/p>\n"}},"_links":{"self":[{"href":"https:\/\/yutaimachinery.com\/pt\/wp-json\/wp\/v2\/product\/4435","targetHints":{"allow":["GET"]}}],"collection":[{"href":"https:\/\/yutaimachinery.com\/pt\/wp-json\/wp\/v2\/product"}],"about":[{"href":"https:\/\/yutaimachinery.com\/pt\/wp-json\/wp\/v2\/types\/product"}],"version-history":[{"count":0,"href":"https:\/\/yutaimachinery.com\/pt\/wp-json\/wp\/v2\/product\/4435\/revisions"}],"wp:featuredmedia":[{"embeddable":true,"href":"https:\/\/yutaimachinery.com\/pt\/wp-json\/wp\/v2\/media\/4441"}],"wp:attachment":[{"href":"https:\/\/yutaimachinery.com\/pt\/wp-json\/wp\/v2\/media?parent=4435"}],"wp:term":[{"taxonomy":"product_brand","embeddable":true,"href":"https:\/\/yutaimachinery.com\/pt\/wp-json\/wp\/v2\/product_brand?post=4435"},{"taxonomy":"product_cat","embeddable":true,"href":"https:\/\/yutaimachinery.com\/pt\/wp-json\/wp\/v2\/product_cat?post=4435"},{"taxonomy":"product_tag","embeddable":true,"href":"https:\/\/yutaimachinery.com\/pt\/wp-json\/wp\/v2\/product_tag?post=4435"}],"curies":[{"name":"wp","href":"https:\/\/api.w.org\/{rel}","templated":true}]}}