{"id":4431,"date":"2024-08-13T17:20:19","date_gmt":"2024-08-13T09:20:19","guid":{"rendered":"https:\/\/yutaimachinery.com\/?post_type=product&#038;p=4431"},"modified":"2024-08-13T18:24:10","modified_gmt":"2024-08-13T10:24:10","slug":"cabina-de-projecao-de-esmalte-6","status":"publish","type":"product","link":"https:\/\/yutaimachinery.com\/pt\/product\/glass-manual-screen-printing-table-factory-direct-sales\/","title":{"rendered":"Mesa de serigrafia manual de vidro Vendas diretas da f\u00e1brica"},"content":{"rendered":"<div class=\"wp-block-columns is-layout-flex wp-container-core-columns-is-layout-9d6595d7 wp-block-columns-is-layout-flex\">\n<div class=\"wp-block-column is-layout-flow wp-block-column-is-layout-flow\">\n<h2 class=\"wp-block-heading\"><strong><strong>Mesa de serigrafia manual<\/strong><\/strong> <strong>Caracter\u00edsticas:<\/strong><\/h2>\n\n\n\n<p>Mesa de vidro, instalar tubo de luz na mesa, boa transmiss\u00e3o de luz, f\u00e1cil de registar.<\/p>\n\n\n\n<p>Os clipes de tela utilizados na fixa\u00e7\u00e3o de quadros de tela podem ser esticados e recuados livremente, permitindo a impress\u00e3o de tela em qualquer tamanho.<\/p>\n\n\n\n<p>A cabe\u00e7a do clip de ecr\u00e3 pode ser levantada e baixada: dispon\u00edvel para suportar artigos com diferentes espessuras.<\/p>\n\n\n\n<p>Os mecanismos de cremalheira podem regular a velocidade do registo de forma r\u00e1pida e precisa.<\/p>\n\n\n\n<p>Dispositivo de prote\u00e7\u00e3o autom\u00e1tica de seguran\u00e7a.<\/p>\n\n\n\n<p>Especifica\u00e7\u00e3o: 6070 (Podemos ter produtos com outras especifica\u00e7\u00f5es feitas por encomenda).<\/p>\n\n\n\n<p>\u00c1rea m\u00e1xima de impress\u00e3o: 550\u00d7650 mm<br>Pot\u00eancia do tubo de luz: 20 W<br>Pot\u00eancia da ventoinha: 800W\/1220V<br>Fonte de alimenta\u00e7\u00e3o aplic\u00e1vel: 220V<\/p>\n<\/div>\n\n\n\n<div class=\"wp-block-column is-layout-flow wp-block-column-is-layout-flow\">\n<figure class=\"wp-block-image size-full\"><img fetchpriority=\"high\" decoding=\"async\" width=\"800\" height=\"800\" src=\"https:\/\/yutaimachinery.com\/wp-content\/uploads\/2024\/08\/manual-screen-printing-table-2.jpg\" alt=\"mesa de serigrafia manual\" class=\"wp-image-4424\" title=\"\" srcset=\"https:\/\/yutaimachinery.com\/wp-content\/uploads\/2024\/08\/manual-screen-printing-table-2.jpg 800w, https:\/\/yutaimachinery.com\/wp-content\/uploads\/2024\/08\/manual-screen-printing-table-2-300x300.jpg 300w, https:\/\/yutaimachinery.com\/wp-content\/uploads\/2024\/08\/manual-screen-printing-table-2-150x150.jpg 150w, https:\/\/yutaimachinery.com\/wp-content\/uploads\/2024\/08\/manual-screen-printing-table-2-768x768.jpg 768w, https:\/\/yutaimachinery.com\/wp-content\/uploads\/2024\/08\/manual-screen-printing-table-2-12x12.jpg 12w, https:\/\/yutaimachinery.com\/wp-content\/uploads\/2024\/08\/manual-screen-printing-table-2-285x285.jpg 285w, https:\/\/yutaimachinery.com\/wp-content\/uploads\/2024\/08\/manual-screen-printing-table-2-270x270.jpg 270w, https:\/\/yutaimachinery.com\/wp-content\/uploads\/2024\/08\/manual-screen-printing-table-2-540x540.jpg 540w, https:\/\/yutaimachinery.com\/wp-content\/uploads\/2024\/08\/manual-screen-printing-table-2-660x660.jpg 660w\" sizes=\"(max-width: 800px) 100vw, 800px\" \/><\/figure>\n<\/div>\n<\/div>","protected":false},"excerpt":{"rendered":"<p>Mesa de serigrafia manual em vidro, pode imprimir ecr\u00e3s de qualquer tamanho, transportar objectos de diferentes espessuras, vendas diretas da f\u00e1brica, uma variedade de m\u00e1quinas de serigrafia \u00e0 escolha, bem-vindo a contactar o fabricante Yutai para obter um or\u00e7amento gratuito e uma solu\u00e7\u00e3o personalizada!<\/p>\n<h2>Solu\u00e7\u00e3o \u00fanica para manuais <strong>mesa de serigrafia<\/strong>:<\/h2>\n<ol>\n<li>\n<p>Pre\u00e7o de f\u00e1brica: Como fabricante de m\u00e1quinas de serigrafia, fornecemos mesas de serigrafia manual com boa rela\u00e7\u00e3o custo-benef\u00edcio, entre em contato conosco para obter o pre\u00e7o de f\u00e1brica.<\/p>\n<\/li>\n<li>\n<p>Apoio t\u00e9cnico: Fornecer orienta\u00e7\u00e3o t\u00e9cnica profissional e instala\u00e7\u00e3o mec\u00e2nica, com guias em v\u00eddeo para garantir uma utiliza\u00e7\u00e3o r\u00e1pida do produto.<\/p>\n<\/li>\n<li>\n<p>Pe\u00e7as de substitui\u00e7\u00e3o: Fornecimento de uma gama de pe\u00e7as sobresselentes originais.<\/p>\n<\/li>\n<li>\n<p>Apoio p\u00f3s-venda: Ajuda online 24 horas por dia para garantir que est\u00e1 satisfeito com as m\u00e1quinas de impress\u00e3o serigr\u00e1fica e que estas s\u00e3o utilizadas sem problemas na sua linha de produ\u00e7\u00e3o.<\/p>\n<\/li>\n<\/ol>","protected":false},"featured_media":4424,"template":"","meta":{"_acf_changed":false},"product_brand":[],"product_cat":[59],"product_tag":[],"class_list":{"0":"post-4431","1":"product","2":"type-product","3":"status-publish","4":"has-post-thumbnail","6":"product_cat-ceramic-printing-machine","8":"first","9":"instock","10":"shipping-taxable","11":"product-type-simple"},"acf":{"customization_content":"<h2><\/h2>\r\n<div><\/div>","customization_content_source":{"label":"Customization Content","type":"wysiwyg","formatted_value":"<h2><\/h2>\n<div><\/div>\n"},"why_choose_us_content":"<h2 style=\"text-align: center;\">Why Choose Us as Your Screen Print Machine Supplier<\/h2>\r\n\r\n<hr \/>\r\n<p style=\"text-align: center;\">\u00a0Yutai as a screen printing machine manufacturer, maintains strict quality standards and excellent service. Revolutionize your manufacturing processes with cutting-edge automation technology that streamlines forming and enhances efficiency.<\/p>","why_choose_us_content_source":{"label":"Why Choose Us Content","type":"wysiwyg","formatted_value":"<h2 style=\"text-align: center;\">Why Choose Us as Your Screen Print Machine Supplier<\/h2>\n<hr \/>\n<p style=\"text-align: center;\">\u00a0Yutai as a screen printing machine manufacturer, maintains strict quality standards and excellent service. Revolutionize your manufacturing processes with cutting-edge automation technology that streamlines forming and enhances efficiency.<\/p>\n"}},"_links":{"self":[{"href":"https:\/\/yutaimachinery.com\/pt\/wp-json\/wp\/v2\/product\/4431","targetHints":{"allow":["GET"]}}],"collection":[{"href":"https:\/\/yutaimachinery.com\/pt\/wp-json\/wp\/v2\/product"}],"about":[{"href":"https:\/\/yutaimachinery.com\/pt\/wp-json\/wp\/v2\/types\/product"}],"version-history":[{"count":0,"href":"https:\/\/yutaimachinery.com\/pt\/wp-json\/wp\/v2\/product\/4431\/revisions"}],"wp:featuredmedia":[{"embeddable":true,"href":"https:\/\/yutaimachinery.com\/pt\/wp-json\/wp\/v2\/media\/4424"}],"wp:attachment":[{"href":"https:\/\/yutaimachinery.com\/pt\/wp-json\/wp\/v2\/media?parent=4431"}],"wp:term":[{"taxonomy":"product_brand","embeddable":true,"href":"https:\/\/yutaimachinery.com\/pt\/wp-json\/wp\/v2\/product_brand?post=4431"},{"taxonomy":"product_cat","embeddable":true,"href":"https:\/\/yutaimachinery.com\/pt\/wp-json\/wp\/v2\/product_cat?post=4431"},{"taxonomy":"product_tag","embeddable":true,"href":"https:\/\/yutaimachinery.com\/pt\/wp-json\/wp\/v2\/product_tag?post=4431"}],"curies":[{"name":"wp","href":"https:\/\/api.w.org\/{rel}","templated":true}]}}