{"id":4412,"date":"2024-08-10T19:33:03","date_gmt":"2024-08-10T11:33:03","guid":{"rendered":"https:\/\/yutaimachinery.com\/?post_type=product&#038;p=4412"},"modified":"2024-08-10T19:52:08","modified_gmt":"2024-08-10T11:52:08","slug":"cabina-de-projecao-de-esmalte-5","status":"publish","type":"product","link":"https:\/\/yutaimachinery.com\/pt\/product\/screen-printing-squeegee-sharpener\/","title":{"rendered":"Afiador de rodos de correia manual para impress\u00e3o serigr\u00e1fica"},"content":{"rendered":"<div class=\"wp-block-columns is-layout-flex wp-container-core-columns-is-layout-9d6595d7 wp-block-columns-is-layout-flex\">\n<div class=\"wp-block-column is-layout-flow wp-block-column-is-layout-flow\">\n<h2 class=\"wp-block-heading\"><strong><strong>Afiador de rodos Impress\u00e3o serigr\u00e1fica<\/strong><\/strong> <strong>Caracter\u00edsticas:<\/strong><\/h2>\n\n\n\n<p>O raspador manual com cinta de lixa utiliza uma cinta de lixa e uma polia para formar uma linha reta, o que pode garantir a planicidade da l\u00e2mina do raspador<\/p>\n\n\n\n<p>A via utiliza rolamentos importados para deslizar, permitindo aos operadores empurrar facilmente.<\/p>\n\n\n\n<p>Este modelo \u00e9 f\u00e1cil de utilizar e de manter.<\/p>\n\n\n\n<p>O \u00e2ngulo do raspador na ranhura de fecho \u00e9 mantido na horizontal e a press\u00e3o de moagem \u00e9 uniforme, garantindo uma impress\u00e3o est\u00e1vel e de boa qualidade.<\/p>\n<\/div>\n<\/div>\n\n\n\n<h2 class=\"wp-block-heading\"><strong><strong>Afiador de rodos Impress\u00e3o serigr\u00e1fica<\/strong><\/strong> Par\u00e2metro<\/h2>\n\n\n\n<figure class=\"wp-block-table\"><table class=\"has-fixed-layout\"><tbody><tr><td>Dimens\u00f5es<\/td><td>1500\u00d7350\u00d7600 mm<\/td><\/tr><tr><td>Peso<\/td><td>100 kg<\/td><\/tr><tr><td>Curso de retifica\u00e7\u00e3o&nbsp;<\/td><td>400-1200 mm<\/td><\/tr><tr><td>Pot\u00eancia<\/td><td>220V\/370W<\/td><\/tr><\/tbody><\/table><\/figure>","protected":false},"excerpt":{"rendered":"<p>A Yutai Machinery \u00e9 especializada na produ\u00e7\u00e3o de raspadores de rodo, com mais de 20 anos de experi\u00eancia t\u00e9cnica, actuando como agente de fabricantes de m\u00e1quinas de serigrafia em mais de 50 pa\u00edses, com pre\u00e7os preferenciais e garantia de qualidade. Bem-vindo a consultar e servi-lo sinceramente.<\/p>\n<h2>Solu\u00e7\u00e3o \u00fanica para o afiador de rodos:<\/h2>\n<ol>\n<li>\n<p>Pre\u00e7o de f\u00e1brica: Como um fabricante de m\u00e1quinas de impress\u00e3o de tela, n\u00f3s fornecemos m\u00e1quinas de impress\u00e3o de tela rent\u00e1vel, entre em contato conosco para obter o pre\u00e7o de f\u00e1brica.<\/p>\n<\/li>\n<li>\n<p>Apoio t\u00e9cnico: Fornecer orienta\u00e7\u00e3o t\u00e9cnica profissional e instala\u00e7\u00e3o mec\u00e2nica, com guias em v\u00eddeo para garantir uma utiliza\u00e7\u00e3o r\u00e1pida do produto.<\/p>\n<\/li>\n<li>\n<p>Pe\u00e7as de substitui\u00e7\u00e3o: Fornecimento de uma gama de pe\u00e7as sobresselentes originais.<\/p>\n<\/li>\n<li>\n<p>Apoio p\u00f3s-venda: Ajuda online 24 horas por dia para garantir que est\u00e1 satisfeito com as m\u00e1quinas de impress\u00e3o serigr\u00e1fica e que estas s\u00e3o utilizadas sem problemas na sua linha de produ\u00e7\u00e3o.<\/p>\n<\/li>\n<\/ol>","protected":false},"featured_media":4413,"template":"","meta":{"_acf_changed":false},"product_brand":[],"product_cat":[59],"product_tag":[],"class_list":{"0":"post-4412","1":"product","2":"type-product","3":"status-publish","4":"has-post-thumbnail","6":"product_cat-ceramic-printing-machine","8":"first","9":"instock","10":"shipping-taxable","11":"product-type-simple"},"acf":{"customization_content":"<h2><\/h2>\r\n<div><\/div>","customization_content_source":{"label":"Customization Content","type":"wysiwyg","formatted_value":"<h2><\/h2>\n<div><\/div>\n"},"why_choose_us_content":"<h2 style=\"text-align: center;\">Why Choose Us as Your Screen Print Machine Supplier<\/h2>\r\n\r\n<hr \/>\r\n<p style=\"text-align: center;\">\u00a0Yutai as a screen printing machine manufacturer, maintains strict quality standards and excellent service. Revolutionize your manufacturing processes with cutting-edge automation technology that streamlines forming and enhances efficiency.<\/p>","why_choose_us_content_source":{"label":"Why Choose Us Content","type":"wysiwyg","formatted_value":"<h2 style=\"text-align: center;\">Why Choose Us as Your Screen Print Machine Supplier<\/h2>\n<hr \/>\n<p style=\"text-align: center;\">\u00a0Yutai as a screen printing machine manufacturer, maintains strict quality standards and excellent service. Revolutionize your manufacturing processes with cutting-edge automation technology that streamlines forming and enhances efficiency.<\/p>\n"}},"_links":{"self":[{"href":"https:\/\/yutaimachinery.com\/pt\/wp-json\/wp\/v2\/product\/4412","targetHints":{"allow":["GET"]}}],"collection":[{"href":"https:\/\/yutaimachinery.com\/pt\/wp-json\/wp\/v2\/product"}],"about":[{"href":"https:\/\/yutaimachinery.com\/pt\/wp-json\/wp\/v2\/types\/product"}],"version-history":[{"count":0,"href":"https:\/\/yutaimachinery.com\/pt\/wp-json\/wp\/v2\/product\/4412\/revisions"}],"wp:featuredmedia":[{"embeddable":true,"href":"https:\/\/yutaimachinery.com\/pt\/wp-json\/wp\/v2\/media\/4413"}],"wp:attachment":[{"href":"https:\/\/yutaimachinery.com\/pt\/wp-json\/wp\/v2\/media?parent=4412"}],"wp:term":[{"taxonomy":"product_brand","embeddable":true,"href":"https:\/\/yutaimachinery.com\/pt\/wp-json\/wp\/v2\/product_brand?post=4412"},{"taxonomy":"product_cat","embeddable":true,"href":"https:\/\/yutaimachinery.com\/pt\/wp-json\/wp\/v2\/product_cat?post=4412"},{"taxonomy":"product_tag","embeddable":true,"href":"https:\/\/yutaimachinery.com\/pt\/wp-json\/wp\/v2\/product_tag?post=4412"}],"curies":[{"name":"wp","href":"https:\/\/api.w.org\/{rel}","templated":true}]}}