{"id":4376,"date":"2024-08-07T14:58:27","date_gmt":"2024-08-07T06:58:27","guid":{"rendered":"https:\/\/yutaimachinery.com\/?post_type=product&#038;p=4376"},"modified":"2024-08-07T17:07:18","modified_gmt":"2024-08-07T09:07:18","slug":"cabina-de-projecao-de-esmalte-3","status":"publish","type":"product","link":"https:\/\/yutaimachinery.com\/pt\/product\/screen-print-machine\/","title":{"rendered":"M\u00e1quina de serigrafia autom\u00e1tica M\u00e1quina de impress\u00e3o de copos com superf\u00edcie curva"},"content":{"rendered":"<div class=\"wp-block-columns is-layout-flex wp-container-core-columns-is-layout-9d6595d7 wp-block-columns-is-layout-flex\">\n<div class=\"wp-block-column is-layout-flow wp-block-column-is-layout-flow\">\n<h2 class=\"wp-block-heading\"><strong><strong>M\u00e1quina de serigrafia<\/strong><\/strong> <strong>Caracter\u00edsticas:<\/strong><\/h2>\n\n\n\n<p>Controlo do ecr\u00e3 t\u00e1til do microcomputador PLC, opera\u00e7\u00e3o simples<\/p>\n\n\n\n<p>O curso e a velocidade de impress\u00e3o s\u00e3o ajust\u00e1veis para satisfazer diferentes requisitos de impress\u00e3o.<\/p>\n\n\n\n<p>A bancada de trabalho pode ser ajustada para cima e para baixo, para a esquerda e para a direita, e o \u00e2ngulo do plano pode ser ajustado para uma impress\u00e3o precisa.<\/p>\n\n\n\n<p>Raspa automaticamente a tinta, devolve a tinta, levanta a bancada de trabalho, etc., o que n\u00e3o s\u00f3 simplifica a opera\u00e7\u00e3o como tamb\u00e9m garante a estabilidade da qualidade de impress\u00e3o.<\/p>\n<\/div>\n\n\n\n<div class=\"wp-block-column is-layout-flow wp-block-column-is-layout-flow\">\n<figure class=\"wp-block-image size-full\"><img fetchpriority=\"high\" decoding=\"async\" width=\"480\" height=\"480\" src=\"https:\/\/yutaimachinery.com\/wp-content\/uploads\/2024\/08\/screen-print-machine-1.webp\" alt=\"m\u00e1quina de serigrafia\" class=\"wp-image-4377\" title=\"\" srcset=\"https:\/\/yutaimachinery.com\/wp-content\/uploads\/2024\/08\/screen-print-machine-1.webp 480w, https:\/\/yutaimachinery.com\/wp-content\/uploads\/2024\/08\/screen-print-machine-1-300x300.webp 300w, https:\/\/yutaimachinery.com\/wp-content\/uploads\/2024\/08\/screen-print-machine-1-150x150.webp 150w, https:\/\/yutaimachinery.com\/wp-content\/uploads\/2024\/08\/screen-print-machine-1-12x12.webp 12w, https:\/\/yutaimachinery.com\/wp-content\/uploads\/2024\/08\/screen-print-machine-1-285x285.webp 285w, https:\/\/yutaimachinery.com\/wp-content\/uploads\/2024\/08\/screen-print-machine-1-270x270.webp 270w\" sizes=\"(max-width: 480px) 100vw, 480px\" \/><\/figure>\n<\/div>\n<\/div>\n\n\n\n<div class=\"wp-block-columns is-layout-flex wp-container-core-columns-is-layout-9d6595d7 wp-block-columns-is-layout-flex\">\n<div class=\"wp-block-column is-layout-flow wp-block-column-is-layout-flow\">\n<figure class=\"wp-block-image size-full\"><img decoding=\"async\" width=\"1080\" height=\"1440\" src=\"https:\/\/yutaimachinery.com\/wp-content\/uploads\/2024\/08\/screen-print-machine-3-edited.webp\" alt=\"m\u00e1quina de serigrafia para ch\u00e1venas\" class=\"wp-image-4391\" title=\"\" srcset=\"https:\/\/yutaimachinery.com\/wp-content\/uploads\/2024\/08\/screen-print-machine-3-edited.webp 1080w, https:\/\/yutaimachinery.com\/wp-content\/uploads\/2024\/08\/screen-print-machine-3-edited-225x300.webp 225w, https:\/\/yutaimachinery.com\/wp-content\/uploads\/2024\/08\/screen-print-machine-3-edited-768x1024.webp 768w, https:\/\/yutaimachinery.com\/wp-content\/uploads\/2024\/08\/screen-print-machine-3-edited-9x12.webp 9w, https:\/\/yutaimachinery.com\/wp-content\/uploads\/2024\/08\/screen-print-machine-3-edited-285x380.webp 285w, https:\/\/yutaimachinery.com\/wp-content\/uploads\/2024\/08\/screen-print-machine-3-edited-495x660.webp 495w, https:\/\/yutaimachinery.com\/wp-content\/uploads\/2024\/08\/screen-print-machine-3-edited-113x150.webp 113w\" sizes=\"(max-width: 1080px) 100vw, 1080px\" \/><\/figure>\n<\/div>\n\n\n\n<div class=\"wp-block-column is-layout-flow wp-block-column-is-layout-flow\">\n<figure class=\"wp-block-image size-full\"><img decoding=\"async\" width=\"899\" height=\"1199\" src=\"https:\/\/yutaimachinery.com\/wp-content\/uploads\/2024\/08\/screen-print-machine-2-1-edited.webp\" alt=\"m\u00e1quina de serigrafia para ch\u00e1venas\" class=\"wp-image-4392\" title=\"\" srcset=\"https:\/\/yutaimachinery.com\/wp-content\/uploads\/2024\/08\/screen-print-machine-2-1-edited.webp 899w, https:\/\/yutaimachinery.com\/wp-content\/uploads\/2024\/08\/screen-print-machine-2-1-edited-225x300.webp 225w, https:\/\/yutaimachinery.com\/wp-content\/uploads\/2024\/08\/screen-print-machine-2-1-edited-768x1024.webp 768w, https:\/\/yutaimachinery.com\/wp-content\/uploads\/2024\/08\/screen-print-machine-2-1-edited-9x12.webp 9w, https:\/\/yutaimachinery.com\/wp-content\/uploads\/2024\/08\/screen-print-machine-2-1-edited-285x380.webp 285w, https:\/\/yutaimachinery.com\/wp-content\/uploads\/2024\/08\/screen-print-machine-2-1-edited-495x660.webp 495w, https:\/\/yutaimachinery.com\/wp-content\/uploads\/2024\/08\/screen-print-machine-2-1-edited-112x150.webp 112w\" sizes=\"(max-width: 899px) 100vw, 899px\" \/><\/figure>\n<\/div>\n\n\n\n<div class=\"wp-block-column is-layout-flow wp-block-column-is-layout-flow\">\n<figure class=\"wp-block-image size-full is-resized\"><img loading=\"lazy\" decoding=\"async\" width=\"1146\" height=\"1146\" src=\"https:\/\/yutaimachinery.com\/wp-content\/uploads\/2024\/08\/screen-print-machine-4-edited.webp\" alt=\"m\u00e1quina de serigrafia para ch\u00e1venas\" class=\"wp-image-4387\" style=\"width:166px;height:auto\" title=\"\" srcset=\"https:\/\/yutaimachinery.com\/wp-content\/uploads\/2024\/08\/screen-print-machine-4-edited.webp 1146w, https:\/\/yutaimachinery.com\/wp-content\/uploads\/2024\/08\/screen-print-machine-4-edited-300x300.webp 300w, https:\/\/yutaimachinery.com\/wp-content\/uploads\/2024\/08\/screen-print-machine-4-edited-150x150.webp 150w, https:\/\/yutaimachinery.com\/wp-content\/uploads\/2024\/08\/screen-print-machine-4-edited-768x768.webp 768w, https:\/\/yutaimachinery.com\/wp-content\/uploads\/2024\/08\/screen-print-machine-4-edited-12x12.webp 12w, https:\/\/yutaimachinery.com\/wp-content\/uploads\/2024\/08\/screen-print-machine-4-edited-285x285.webp 285w, https:\/\/yutaimachinery.com\/wp-content\/uploads\/2024\/08\/screen-print-machine-4-edited-270x270.webp 270w, https:\/\/yutaimachinery.com\/wp-content\/uploads\/2024\/08\/screen-print-machine-4-edited-540x540.webp 540w, https:\/\/yutaimachinery.com\/wp-content\/uploads\/2024\/08\/screen-print-machine-4-edited-660x660.webp 660w\" sizes=\"(max-width: 1146px) 100vw, 1146px\" \/><\/figure>\n\n\n\n<figure class=\"wp-block-image size-full is-resized\"><img loading=\"lazy\" decoding=\"async\" width=\"955\" height=\"955\" src=\"https:\/\/yutaimachinery.com\/wp-content\/uploads\/2024\/08\/screen-print-machine-5-edited.webp\" alt=\"m\u00e1quina de serigrafia para ch\u00e1venas\" class=\"wp-image-4388\" style=\"width:163px;height:auto\" title=\"\" srcset=\"https:\/\/yutaimachinery.com\/wp-content\/uploads\/2024\/08\/screen-print-machine-5-edited.webp 955w, https:\/\/yutaimachinery.com\/wp-content\/uploads\/2024\/08\/screen-print-machine-5-edited-300x300.webp 300w, https:\/\/yutaimachinery.com\/wp-content\/uploads\/2024\/08\/screen-print-machine-5-edited-150x150.webp 150w, https:\/\/yutaimachinery.com\/wp-content\/uploads\/2024\/08\/screen-print-machine-5-edited-768x768.webp 768w, https:\/\/yutaimachinery.com\/wp-content\/uploads\/2024\/08\/screen-print-machine-5-edited-12x12.webp 12w, https:\/\/yutaimachinery.com\/wp-content\/uploads\/2024\/08\/screen-print-machine-5-edited-285x285.webp 285w, https:\/\/yutaimachinery.com\/wp-content\/uploads\/2024\/08\/screen-print-machine-5-edited-270x270.webp 270w, https:\/\/yutaimachinery.com\/wp-content\/uploads\/2024\/08\/screen-print-machine-5-edited-540x540.webp 540w, https:\/\/yutaimachinery.com\/wp-content\/uploads\/2024\/08\/screen-print-machine-5-edited-660x660.webp 660w\" sizes=\"(max-width: 955px) 100vw, 955px\" \/><\/figure>\n<\/div>\n<\/div>\n\n\n\n<h2 class=\"wp-block-heading\"><strong><strong>M\u00e1quina de serigrafia<\/strong><\/strong> Par\u00e2metros<\/h2>\n\n\n\n<figure class=\"wp-block-table\"><table class=\"has-fixed-layout\"><tbody><tr><td>Modelo<\/td><td>YT-250<\/td><td>YT-400<\/td><td>YT-800<\/td><\/tr><tr><td>Tamanho m\u00e1ximo de impress\u00e3o<\/td><td>70\u00d7200 mm<\/td><td>120\u00d7400 mm<\/td><td>254\u00d7800 mm<\/td><\/tr><tr><td>Dimens\u00e3o<\/td><td>75x58x128 mm<\/td><td>96x99x138 mm<\/td><td><\/td><\/tr><tr><td>Tens\u00e3o<\/td><td>220V\/50Hz 60W<\/td><td>220V\/50Hz 60W<\/td><td>220V\/50Hz 60W<\/td><\/tr><tr><td>Luz branca<\/td><td>100 kg<\/td><td>138 kg<\/td><td>180 kg<\/td><\/tr><tr><td>Velocidade<\/td><td>25 vezes\/min<\/td><td>20 vezes\/min<\/td><td>15 vezes\/min<\/td><\/tr><tr><td>Press\u00e3o do ar<\/td><td>5bar<\/td><td>5bar<\/td><td>5bar<\/td><\/tr><\/tbody><\/table><\/figure>\n\n\n\n<p><\/p>","protected":false},"excerpt":{"rendered":"<p>M\u00e1quina de serigrafia autom\u00e1tica de superf\u00edcie curva, efeito de impress\u00e3o brilhante, velocidade r\u00e1pida, economia de trabalho, pre\u00e7o favor\u00e1vel, adequada para impress\u00e3o em grande escala de copos, canecas, copos de pl\u00e1stico, copos de vidro, etc.<\/p>\n<h2>Solu\u00e7\u00e3o completa para m\u00e1quinas de serigrafia:<\/h2>\n<ol>\n<li>\n<p>Pre\u00e7o de f\u00e1brica: Como um fabricante de m\u00e1quinas de impress\u00e3o de tela, n\u00f3s fornecemos m\u00e1quinas de impress\u00e3o de tela rent\u00e1vel, entre em contato conosco para obter o pre\u00e7o de f\u00e1brica.<\/p>\n<\/li>\n<li>\n<p>Apoio t\u00e9cnico: Fornecer orienta\u00e7\u00e3o t\u00e9cnica profissional e instala\u00e7\u00e3o mec\u00e2nica, com guias em v\u00eddeo para garantir uma utiliza\u00e7\u00e3o r\u00e1pida do produto.<\/p>\n<\/li>\n<li>\n<p>Pe\u00e7as de substitui\u00e7\u00e3o: Fornecimento de uma gama de pe\u00e7as sobresselentes originais.<\/p>\n<\/li>\n<li>\n<p>Apoio p\u00f3s-venda: Ajuda online 24 horas por dia para garantir que est\u00e1 satisfeito com as m\u00e1quinas de impress\u00e3o serigr\u00e1fica e que estas s\u00e3o utilizadas sem problemas na sua linha de produ\u00e7\u00e3o.<\/p>\n<\/li>\n<\/ol>","protected":false},"featured_media":4377,"template":"","meta":{"_acf_changed":false},"product_brand":[],"product_cat":[59],"product_tag":[],"class_list":{"0":"post-4376","1":"product","2":"type-product","3":"status-publish","4":"has-post-thumbnail","6":"product_cat-ceramic-printing-machine","8":"first","9":"instock","10":"shipping-taxable","11":"product-type-simple"},"acf":{"customization_content":"<h2><\/h2>\r\n<div><\/div>","customization_content_source":{"label":"Customization Content","type":"wysiwyg","formatted_value":"<h2><\/h2>\n<div><\/div>\n"},"why_choose_us_content":"<h2 style=\"text-align: center;\">Why Choose Us as Your Screen Print Machine Supplier<\/h2>\r\n\r\n<hr \/>\r\n<p style=\"text-align: center;\">\u00a0Yutai as a screen printing machine manufacturer, maintains strict quality standards and excellent service. Revolutionize your manufacturing processes with cutting-edge automation technology that streamlines forming and enhances efficiency.<\/p>","why_choose_us_content_source":{"label":"Why Choose Us Content","type":"wysiwyg","formatted_value":"<h2 style=\"text-align: center;\">Why Choose Us as Your Screen Print Machine Supplier<\/h2>\n<hr \/>\n<p style=\"text-align: center;\">\u00a0Yutai as a screen printing machine manufacturer, maintains strict quality standards and excellent service. Revolutionize your manufacturing processes with cutting-edge automation technology that streamlines forming and enhances efficiency.<\/p>\n"}},"_links":{"self":[{"href":"https:\/\/yutaimachinery.com\/pt\/wp-json\/wp\/v2\/product\/4376","targetHints":{"allow":["GET"]}}],"collection":[{"href":"https:\/\/yutaimachinery.com\/pt\/wp-json\/wp\/v2\/product"}],"about":[{"href":"https:\/\/yutaimachinery.com\/pt\/wp-json\/wp\/v2\/types\/product"}],"version-history":[{"count":0,"href":"https:\/\/yutaimachinery.com\/pt\/wp-json\/wp\/v2\/product\/4376\/revisions"}],"wp:featuredmedia":[{"embeddable":true,"href":"https:\/\/yutaimachinery.com\/pt\/wp-json\/wp\/v2\/media\/4377"}],"wp:attachment":[{"href":"https:\/\/yutaimachinery.com\/pt\/wp-json\/wp\/v2\/media?parent=4376"}],"wp:term":[{"taxonomy":"product_brand","embeddable":true,"href":"https:\/\/yutaimachinery.com\/pt\/wp-json\/wp\/v2\/product_brand?post=4376"},{"taxonomy":"product_cat","embeddable":true,"href":"https:\/\/yutaimachinery.com\/pt\/wp-json\/wp\/v2\/product_cat?post=4376"},{"taxonomy":"product_tag","embeddable":true,"href":"https:\/\/yutaimachinery.com\/pt\/wp-json\/wp\/v2\/product_tag?post=4376"}],"curies":[{"name":"wp","href":"https:\/\/api.w.org\/{rel}","templated":true}]}}