{"id":4368,"date":"2024-08-06T10:03:26","date_gmt":"2024-08-06T02:03:26","guid":{"rendered":"https:\/\/yutaimachinery.com\/?post_type=product&#038;p=4368"},"modified":"2024-08-10T18:23:36","modified_gmt":"2024-08-10T10:23:36","slug":"cabina-de-projecao-de-esmalte-2","status":"publish","type":"product","link":"https:\/\/yutaimachinery.com\/pt\/product\/screen-printing-machine\/","title":{"rendered":"M\u00e1quina de impress\u00e3o de tela plana vertical de alta precis\u00e3o"},"content":{"rendered":"<div class=\"wp-block-columns is-layout-flex wp-container-core-columns-is-layout-9d6595d7 wp-block-columns-is-layout-flex\">\n<div class=\"wp-block-column is-layout-flow wp-block-column-is-layout-flow\">\n<h2 class=\"wp-block-heading\"><strong><strong>M\u00e1quina de impress\u00e3o serigr\u00e1fica<\/strong><\/strong> <strong>Caracter\u00edsticas:<\/strong><\/h2>\n\n\n\n<p>A placa do ecr\u00e3 pode subir e descer por a\u00e7\u00e3o eletromotriz, a tinta flui sem deflex\u00e3o, impress\u00e3o com deflex\u00e3o zero.<\/p>\n\n\n\n<p>Controlo por microcomputador, a eleva\u00e7\u00e3o e a descida s\u00e3o controladas por transdutor Adderley e impress\u00e3o<\/p>\n\n\n\n<p>Adopta calha de guia importada, cilindro SMC e \u00f3rg\u00e3o pneum\u00e1tico, garantia de qualidade<\/p>\n\n\n\n<p>O contraplacado \u00e9 controlado por equipamento autom\u00e1tico e assegura a sua imobilidade.<\/p>\n\n\n\n<p>Adequado para v\u00e1rias impress\u00f5es, tais como placas de circuito de interrutor de membrana, decalques de cer\u00e2mica, vidro met\u00e1lico e todos os materiais de folha de gordura.<\/p>\n<\/div>\n\n\n\n<div class=\"wp-block-column is-layout-flow wp-block-column-is-layout-flow\"><div class=\"wp-block-image\">\n<figure class=\"aligncenter size-full is-resized\"><img fetchpriority=\"high\" decoding=\"async\" width=\"568\" height=\"642\" src=\"https:\/\/yutaimachinery.com\/wp-content\/uploads\/2024\/08\/screen-printing-machine-3.jpg\" alt=\"m\u00e1quina de impress\u00e3o serigr\u00e1fica\" class=\"wp-image-4370\" style=\"width:333px;height:auto\" title=\"\" srcset=\"https:\/\/yutaimachinery.com\/wp-content\/uploads\/2024\/08\/screen-printing-machine-3.jpg 568w, https:\/\/yutaimachinery.com\/wp-content\/uploads\/2024\/08\/screen-printing-machine-3-265x300.jpg 265w, https:\/\/yutaimachinery.com\/wp-content\/uploads\/2024\/08\/screen-printing-machine-3-11x12.jpg 11w, https:\/\/yutaimachinery.com\/wp-content\/uploads\/2024\/08\/screen-printing-machine-3-285x322.jpg 285w, https:\/\/yutaimachinery.com\/wp-content\/uploads\/2024\/08\/screen-printing-machine-3-133x150.jpg 133w\" sizes=\"(max-width: 568px) 100vw, 568px\" \/><\/figure>\n<\/div><\/div>\n<\/div>\n\n\n\n<div class=\"wp-block-columns is-layout-flex wp-container-core-columns-is-layout-9d6595d7 wp-block-columns-is-layout-flex\">\n<div class=\"wp-block-column is-layout-flow wp-block-column-is-layout-flow\">\n<figure class=\"wp-block-embed is-type-video is-provider-youtube wp-block-embed-youtube wp-embed-aspect-4-3 wp-has-aspect-ratio\"><div class=\"wp-block-embed__wrapper\">\n<iframe title=\"M\u00e1quina de prensagem de ecr\u00e3 vertical plano YT\" width=\"940\" height=\"705\" src=\"https:\/\/www.youtube.com\/embed\/KB9A3u5zQF0?feature=oembed\" frameborder=\"0\" allow=\"accelerometer; autoplay; clipboard-write; encrypted-media; gyroscope; picture-in-picture; web-share\" referrerpolicy=\"strict-origin-when-cross-origin\" allowfullscreen><\/iframe>\n<\/div><\/figure>\n<\/div>\n\n\n\n<div class=\"wp-block-column is-layout-flow wp-block-column-is-layout-flow\">\n<h2 class=\"wp-block-heading\"><strong><strong>M\u00e1quina de impress\u00e3o serigr\u00e1fica<\/strong><\/strong> <strong>Caracter\u00edsticas:<\/strong><\/h2>\n\n\n\n<figure class=\"wp-block-table\"><table class=\"has-fixed-layout\"><tbody><tr><td>MODELO<\/td><td>YT4060<\/td><td>YT6090<\/td><td>YT80120<\/td><td>YT1218<\/td><\/tr><tr><td>MAX. \u00c1REA DE IMPRESS\u00c3O<\/td><td>400\u00d7600 mm<\/td><td>600\u00d7900 mm<\/td><td>800\u00d71200 mm<\/td><td>1200\u00d71800 mm<\/td><\/tr><tr><td>MAX. TAMANHO DA MOLDURA DO ECR\u00c3<\/td><td>700\u00d7900 mm<\/td><td>800\u00d71100 mm<\/td><td>1000\u00d71400 mm<\/td><td>1400\u00d72000 mm<\/td><\/tr><tr><td>MAX. VELOCIDADE DE IMPRESS\u00c3O<\/td><td>1000 vezes<\/td><td>1000 vezes<\/td><td>800 vezes<\/td><td>600 vezes<\/td><\/tr><tr><td>PRESS\u00c3O DE AR DE TRABALHO<\/td><td>0,5-0,7 mpa<\/td><td>0,5-0,7 mpa<\/td><td>0,6-0,9 mpa<\/td><td>0,6-0,9 mpa<\/td><\/tr><tr><td>TENS\u00c3O DE ALIMENTA\u00c7\u00c3O<\/td><td>220v\/13KW<\/td><td>220v\/14 KW<\/td><td>380V\/4KW<\/td><td>380v\/4KW<\/td><\/tr><\/tbody><\/table><\/figure>\n<\/div>\n<\/div>","protected":false},"excerpt":{"rendered":"<p>M\u00e1quina de serigrafia de venda direta da f\u00e1brica, eleva\u00e7\u00e3o el\u00e9ctrica, alta precis\u00e3o e alta qualidade, adequada para v\u00e1rias impress\u00f5es, tais como decalques de cer\u00e2mica, vidro met\u00e1lico, placas de circuito de comuta\u00e7\u00e3o, etc. Fornecer orienta\u00e7\u00e3o t\u00e9cnica de pre\u00e7o de f\u00e1brica, bem-vindo a contactar-nos para cota\u00e7\u00e3o livre!<\/p>\n<h2>Solu\u00e7\u00e3o completa para m\u00e1quinas de serigrafia:<\/h2>\n<ol>\n<li>\n<p>Pre\u00e7o de f\u00e1brica: Como fabricante de m\u00e1quinas de serigrafia, fornecemos m\u00e1quinas de serigrafia com boa rela\u00e7\u00e3o custo-benef\u00edcio, entre em contato conosco para obter o pre\u00e7o de f\u00e1brica.<\/p>\n<\/li>\n<li>\n<p>Apoio t\u00e9cnico: Fornecer orienta\u00e7\u00e3o t\u00e9cnica profissional e instala\u00e7\u00e3o mec\u00e2nica, com guias em v\u00eddeo para garantir uma utiliza\u00e7\u00e3o r\u00e1pida do produto.<\/p>\n<\/li>\n<li>\n<p>Pe\u00e7as de substitui\u00e7\u00e3o: Fornecimento de uma gama de pe\u00e7as sobresselentes originais.<\/p>\n<\/li>\n<li>\n<p>Apoio p\u00f3s-venda: Ajuda online 24 horas por dia para garantir que est\u00e1 satisfeito com as m\u00e1quinas de impress\u00e3o serigr\u00e1fica e que estas s\u00e3o utilizadas sem problemas na sua linha de produ\u00e7\u00e3o.<\/p>\n<\/li>\n<\/ol>","protected":false},"featured_media":4373,"template":"","meta":{"_acf_changed":false},"product_brand":[],"product_cat":[59],"product_tag":[86],"class_list":{"0":"post-4368","1":"product","2":"type-product","3":"status-publish","4":"has-post-thumbnail","6":"product_cat-ceramic-printing-machine","7":"product_tag-glazing-spray-machine","9":"first","10":"instock","11":"shipping-taxable","12":"product-type-simple"},"acf":{"customization_content":"<h2><\/h2>\r\n<div><\/div>","customization_content_source":{"label":"Customization Content","type":"wysiwyg","formatted_value":"<h2><\/h2>\n<div><\/div>\n"},"why_choose_us_content":"<h2 style=\"text-align: center;\">Why Choose Us as Your Screen Printing Machine Supplier<\/h2>\r\n\r\n<hr \/>\r\n<p style=\"text-align: center;\">\u00a0Yutai as a screen printing machine manufacturer, maintains strict quality standards and excellent service. Revolutionize your manufacturing processes with cutting-edge automation technology that streamlines forming and enhances efficiency.<\/p>","why_choose_us_content_source":{"label":"Why Choose Us Content","type":"wysiwyg","formatted_value":"<h2 style=\"text-align: center;\">Why Choose Us as Your Screen Printing Machine Supplier<\/h2>\n<hr \/>\n<p style=\"text-align: center;\">\u00a0Yutai as a screen printing machine manufacturer, maintains strict quality standards and excellent service. Revolutionize your manufacturing processes with cutting-edge automation technology that streamlines forming and enhances efficiency.<\/p>\n"}},"_links":{"self":[{"href":"https:\/\/yutaimachinery.com\/pt\/wp-json\/wp\/v2\/product\/4368","targetHints":{"allow":["GET"]}}],"collection":[{"href":"https:\/\/yutaimachinery.com\/pt\/wp-json\/wp\/v2\/product"}],"about":[{"href":"https:\/\/yutaimachinery.com\/pt\/wp-json\/wp\/v2\/types\/product"}],"version-history":[{"count":0,"href":"https:\/\/yutaimachinery.com\/pt\/wp-json\/wp\/v2\/product\/4368\/revisions"}],"wp:featuredmedia":[{"embeddable":true,"href":"https:\/\/yutaimachinery.com\/pt\/wp-json\/wp\/v2\/media\/4373"}],"wp:attachment":[{"href":"https:\/\/yutaimachinery.com\/pt\/wp-json\/wp\/v2\/media?parent=4368"}],"wp:term":[{"taxonomy":"product_brand","embeddable":true,"href":"https:\/\/yutaimachinery.com\/pt\/wp-json\/wp\/v2\/product_brand?post=4368"},{"taxonomy":"product_cat","embeddable":true,"href":"https:\/\/yutaimachinery.com\/pt\/wp-json\/wp\/v2\/product_cat?post=4368"},{"taxonomy":"product_tag","embeddable":true,"href":"https:\/\/yutaimachinery.com\/pt\/wp-json\/wp\/v2\/product_tag?post=4368"}],"curies":[{"name":"wp","href":"https:\/\/api.w.org\/{rel}","templated":true}]}}