{"id":4214,"date":"2024-06-18T16:05:31","date_gmt":"2024-06-18T08:05:31","guid":{"rendered":"https:\/\/yutaimachinery.com\/?post_type=product&#038;p=4214"},"modified":"2024-06-18T16:20:35","modified_gmt":"2024-06-18T08:20:35","slug":"casting-moulds-tie","status":"publish","type":"product","link":"https:\/\/yutaimachinery.com\/pt\/product\/casting-moulds-tie\/","title":{"rendered":"Moldes de fundi\u00e7\u00e3o Gravata"},"content":{"rendered":"","protected":false},"excerpt":{"rendered":"<p>A Gravata para Moldes de Fundi\u00e7\u00e3o \u00e9 utilizada para segurar e estabilizar o molde durante o processo de fundi\u00e7\u00e3o, assegurando que todas as partes do molde se encaixam firmemente, evitando fugas de pasta e desalinhamento do molde.<\/p>","protected":false},"featured_media":4216,"template":"","meta":{"_acf_changed":false},"product_brand":[],"product_cat":[61],"product_tag":[],"class_list":{"0":"post-4214","1":"product","2":"type-product","3":"status-publish","4":"has-post-thumbnail","6":"product_cat-ceramic-machine-tool","8":"first","9":"instock","10":"shipping-taxable","11":"product-type-simple"},"acf":{"customization_content":"<h2 style=\"text-align: center;\">Why Choose Us as Your Ceramic Machine Supplier<\/h2>\r\n\r\n<hr \/>\r\n<p style=\"text-align: center;\">Yutai as a ceramic tableware manufacturer, maintains strict quality standards and excellent service. Revolutionize your manufacturing processes with cutting-edge automation technology that streamlines forming and enhances efficiency.<\/p>","customization_content_source":{"label":"Customization Content","type":"wysiwyg","formatted_value":"<h2 style=\"text-align: center;\">Why Choose Us as Your Ceramic Machine Supplier<\/h2>\n<hr \/>\n<p style=\"text-align: center;\">Yutai as a ceramic tableware manufacturer, maintains strict quality standards and excellent service. Revolutionize your manufacturing processes with cutting-edge automation technology that streamlines forming and enhances efficiency.<\/p>\n"},"why_choose_us_content":"","why_choose_us_content_source":{"label":"Why Choose Us Content","type":"wysiwyg","formatted_value":""}},"_links":{"self":[{"href":"https:\/\/yutaimachinery.com\/pt\/wp-json\/wp\/v2\/product\/4214","targetHints":{"allow":["GET"]}}],"collection":[{"href":"https:\/\/yutaimachinery.com\/pt\/wp-json\/wp\/v2\/product"}],"about":[{"href":"https:\/\/yutaimachinery.com\/pt\/wp-json\/wp\/v2\/types\/product"}],"version-history":[{"count":0,"href":"https:\/\/yutaimachinery.com\/pt\/wp-json\/wp\/v2\/product\/4214\/revisions"}],"wp:featuredmedia":[{"embeddable":true,"href":"https:\/\/yutaimachinery.com\/pt\/wp-json\/wp\/v2\/media\/4216"}],"wp:attachment":[{"href":"https:\/\/yutaimachinery.com\/pt\/wp-json\/wp\/v2\/media?parent=4214"}],"wp:term":[{"taxonomy":"product_brand","embeddable":true,"href":"https:\/\/yutaimachinery.com\/pt\/wp-json\/wp\/v2\/product_brand?post=4214"},{"taxonomy":"product_cat","embeddable":true,"href":"https:\/\/yutaimachinery.com\/pt\/wp-json\/wp\/v2\/product_cat?post=4214"},{"taxonomy":"product_tag","embeddable":true,"href":"https:\/\/yutaimachinery.com\/pt\/wp-json\/wp\/v2\/product_tag?post=4214"}],"curies":[{"name":"wp","href":"https:\/\/api.w.org\/{rel}","templated":true}]}}