{"id":4212,"date":"2024-06-18T15:56:45","date_gmt":"2024-06-18T07:56:45","guid":{"rendered":"https:\/\/yutaimachinery.com\/?post_type=product&#038;p=4212"},"modified":"2024-06-18T16:19:26","modified_gmt":"2024-06-18T08:19:26","slug":"pistola-de-fundicao-2","status":"publish","type":"product","link":"https:\/\/yutaimachinery.com\/pt\/product\/casting-gun\/","title":{"rendered":"Pistola de fundi\u00e7\u00e3o\u00a0"},"content":{"rendered":"","protected":false},"excerpt":{"rendered":"<p>A pistola de fundi\u00e7\u00e3o controla o fluxo e a velocidade da pasta e injecta a pasta no molde para formar formas cer\u00e2micas e tamb\u00e9m para preencher \u00e1reas defeituosas. Nas linhas de produ\u00e7\u00e3o automatizadas de cer\u00e2mica, a pistola de inje\u00e7\u00e3o de pasta funciona em conjunto com outro equipamento mec\u00e2nico para obter um processo de moldagem por inje\u00e7\u00e3o de pasta totalmente automatizado, melhorando ainda mais a efici\u00eancia da produ\u00e7\u00e3o e a qualidade do produto.<\/p>","protected":false},"featured_media":4203,"template":"","meta":{"_acf_changed":false},"product_brand":[],"product_cat":[61],"product_tag":[],"class_list":{"0":"post-4212","1":"product","2":"type-product","3":"status-publish","4":"has-post-thumbnail","6":"product_cat-ceramic-machine-tool","8":"first","9":"instock","10":"shipping-taxable","11":"product-type-simple"},"acf":{"customization_content":"","customization_content_source":{"label":"Customization Content","type":"wysiwyg","formatted_value":""},"why_choose_us_content":"<h2 style=\"text-align: center;\">Why Choose Us as Your Ceramic Machine Supplier<\/h2>\r\n\r\n<hr \/>\r\n<p style=\"text-align: center;\">Yutai as a ceramic tableware manufacturer, maintains strict quality standards and excellent service. Revolutionize your manufacturing processes with cutting-edge automation technology that streamlines forming and enhances efficiency.<\/p>","why_choose_us_content_source":{"label":"Why Choose Us Content","type":"wysiwyg","formatted_value":"<h2 style=\"text-align: center;\">Why Choose Us as Your Ceramic Machine Supplier<\/h2>\n<hr \/>\n<p style=\"text-align: center;\">Yutai as a ceramic tableware manufacturer, maintains strict quality standards and excellent service. Revolutionize your manufacturing processes with cutting-edge automation technology that streamlines forming and enhances efficiency.<\/p>\n"}},"_links":{"self":[{"href":"https:\/\/yutaimachinery.com\/pt\/wp-json\/wp\/v2\/product\/4212","targetHints":{"allow":["GET"]}}],"collection":[{"href":"https:\/\/yutaimachinery.com\/pt\/wp-json\/wp\/v2\/product"}],"about":[{"href":"https:\/\/yutaimachinery.com\/pt\/wp-json\/wp\/v2\/types\/product"}],"version-history":[{"count":0,"href":"https:\/\/yutaimachinery.com\/pt\/wp-json\/wp\/v2\/product\/4212\/revisions"}],"wp:featuredmedia":[{"embeddable":true,"href":"https:\/\/yutaimachinery.com\/pt\/wp-json\/wp\/v2\/media\/4203"}],"wp:attachment":[{"href":"https:\/\/yutaimachinery.com\/pt\/wp-json\/wp\/v2\/media?parent=4212"}],"wp:term":[{"taxonomy":"product_brand","embeddable":true,"href":"https:\/\/yutaimachinery.com\/pt\/wp-json\/wp\/v2\/product_brand?post=4212"},{"taxonomy":"product_cat","embeddable":true,"href":"https:\/\/yutaimachinery.com\/pt\/wp-json\/wp\/v2\/product_cat?post=4212"},{"taxonomy":"product_tag","embeddable":true,"href":"https:\/\/yutaimachinery.com\/pt\/wp-json\/wp\/v2\/product_tag?post=4212"}],"curies":[{"name":"wp","href":"https:\/\/api.w.org\/{rel}","templated":true}]}}