{"id":4195,"date":"2024-06-14T22:21:55","date_gmt":"2024-06-14T14:21:55","guid":{"rendered":"https:\/\/yutaimachinery.com\/?post_type=product&#038;p=4195"},"modified":"2024-06-14T23:18:35","modified_gmt":"2024-06-14T15:18:35","slug":"ceramic-tunnel-kiln","status":"publish","type":"product","link":"https:\/\/yutaimachinery.com\/pt\/product\/ceramic-tunnel-kiln\/","title":{"rendered":"Forno Autom\u00e1tico de T\u00fanel para Cer\u00e2mica \u00d3rbita Circular para Decalques em Cer\u00e2mica"},"content":{"rendered":"<div class=\"wp-block-columns is-layout-flex wp-container-core-columns-is-layout-9d6595d7 wp-block-columns-is-layout-flex\">\n<div class=\"wp-block-column is-layout-flow wp-block-column-is-layout-flow\">\n<figure class=\"wp-block-image size-full\"><img fetchpriority=\"high\" decoding=\"async\" width=\"2129\" height=\"2129\" src=\"https:\/\/yutaimachinery.com\/wp-content\/uploads\/2024\/06\/ceramic-tunnel-kiln6.webp\" alt=\"forno de t\u00fanel para cer\u00e2mica\" class=\"wp-image-4186\" title=\"\" srcset=\"https:\/\/yutaimachinery.com\/wp-content\/uploads\/2024\/06\/ceramic-tunnel-kiln6.webp 2129w, https:\/\/yutaimachinery.com\/wp-content\/uploads\/2024\/06\/ceramic-tunnel-kiln6-300x300.webp 300w, https:\/\/yutaimachinery.com\/wp-content\/uploads\/2024\/06\/ceramic-tunnel-kiln6-150x150.webp 150w, https:\/\/yutaimachinery.com\/wp-content\/uploads\/2024\/06\/ceramic-tunnel-kiln6-768x768.webp 768w, https:\/\/yutaimachinery.com\/wp-content\/uploads\/2024\/06\/ceramic-tunnel-kiln6-285x285.webp 285w, https:\/\/yutaimachinery.com\/wp-content\/uploads\/2024\/06\/ceramic-tunnel-kiln6-1600x1600.webp 1600w, https:\/\/yutaimachinery.com\/wp-content\/uploads\/2024\/06\/ceramic-tunnel-kiln6-270x270.webp 270w, https:\/\/yutaimachinery.com\/wp-content\/uploads\/2024\/06\/ceramic-tunnel-kiln6-540x540.webp 540w, https:\/\/yutaimachinery.com\/wp-content\/uploads\/2024\/06\/ceramic-tunnel-kiln6-660x660.webp 660w\" sizes=\"(max-width: 2129px) 100vw, 2129px\" \/><\/figure>\n<\/div>\n\n\n\n<div class=\"wp-block-column is-layout-flow wp-block-column-is-layout-flow\">\n<h2 class=\"wp-block-heading\"><strong>Carater\u00edsticas de<\/strong> Forno de t\u00fanel para cer\u00e2mica<\/h2>\n\n\n\n<p>Elevada utiliza\u00e7\u00e3o do espa\u00e7o: O design em anel torna o forno mais compacto e ocupa uma \u00e1rea mais pequena, utilizando eficazmente o espa\u00e7o da f\u00e1brica, especialmente para empresas com espa\u00e7o de f\u00e1brica limitado.<\/p>\n\n\n\n<p>Produ\u00e7\u00e3o cont\u00ednua: O design da calha de anel suporta uma verdadeira produ\u00e7\u00e3o cont\u00ednua, em que o material pode mover-se na calha de anel sem parar, aumentando ainda mais a produtividade e reduzindo o tempo de inatividade.<\/p>\n\n\n\n<p>Uniformidade de temperatura: O desenho da pista circular facilita a distribui\u00e7\u00e3o uniforme da temperatura dentro do forno, evitando as temperaturas irregulares que podem ocorrer nos fornos lineares tradicionais, melhorando assim a estabilidade e consist\u00eancia da qualidade do produto.<\/p>\n\n\n\n<p>Facilidade de opera\u00e7\u00e3o: Os fornos de anel est\u00e3o normalmente equipados com sistemas automatizados de transporte e controlo, que simplificam o processo de opera\u00e7\u00e3o, reduzem os custos de m\u00e3o de obra e melhoram o n\u00edvel de automatiza\u00e7\u00e3o da produ\u00e7\u00e3o.<\/p>\n<\/div>\n<\/div>\n\n\n\n<div class=\"wp-block-columns is-layout-flex wp-container-core-columns-is-layout-9d6595d7 wp-block-columns-is-layout-flex\">\n<div class=\"wp-block-column is-layout-flow wp-block-column-is-layout-flow\"><\/div>\n\n\n\n<div class=\"wp-block-column is-layout-flow wp-block-column-is-layout-flow\"><\/div>\n<\/div>","protected":false},"excerpt":{"rendered":"<p>O design de pista circular do forno de t\u00fanel para cer\u00e2mica consegue uma maior utiliza\u00e7\u00e3o do espa\u00e7o e produtividade, bem como uma opera\u00e7\u00e3o e manuten\u00e7\u00e3o mais f\u00e1ceis, tornando-o o equipamento preferido para a produ\u00e7\u00e3o moderna de cer\u00e2mica.<\/p>\n<h2>Solu\u00e7\u00e3o \u00fanica para forno de t\u00fanel para cer\u00e2mica:<\/h2>\n<ol>\n<li>\n<p>Solu\u00e7\u00e3o de layout de f\u00e1brica: De acordo com o espa\u00e7o da f\u00e1brica e o plano de produ\u00e7\u00e3o, fornecer sugest\u00f5es profissionais de layout de m\u00e1quinas de cer\u00e2mica.<\/p>\n<\/li>\n<li>\n<p>Suporte t\u00e9cnico: Fornecer orienta\u00e7\u00e3o e assist\u00eancia t\u00e9cnica profissional, com guias em v\u00eddeo para garantir uma utiliza\u00e7\u00e3o r\u00e1pida do produto<\/p>\n<\/li>\n<li>\n<p>Pe\u00e7as de substitui\u00e7\u00e3o: Fornecimento de uma gama de pe\u00e7as sobresselentes originais.<\/p>\n<\/li>\n<li>\n<p>Apoio p\u00f3s-venda: Ajuda em linha 24 horas por dia para garantir que est\u00e1 satisfeito com o forno de t\u00fanel para cer\u00e2mica e que este \u00e9 utilizado sem problemas na sua linha de produ\u00e7\u00e3o.<\/p>\n<\/li>\n<\/ol>","protected":false},"featured_media":4191,"template":"","meta":{"_acf_changed":false},"product_brand":[],"product_cat":[58],"product_tag":[65],"class_list":{"0":"post-4195","1":"product","2":"type-product","3":"status-publish","4":"has-post-thumbnail","6":"product_cat-ceramic-kiln","7":"product_tag-tunnel-kiln","9":"first","10":"instock","11":"shipping-taxable","12":"product-type-simple"},"acf":{"customization_content":"<h2><\/h2>\r\n<div><\/div>","customization_content_source":{"label":"Customization Content","type":"wysiwyg","formatted_value":"<h2><\/h2>\n<div><\/div>\n"},"why_choose_us_content":"<h2 style=\"text-align: center;\">Why Choose Us as Your Ceramic Kiln\u00a0Supplier<\/h2>\r\n\r\n<hr \/>\r\n<p style=\"text-align: center;\">Yutai as a ceramic tableware manufacturer, maintains strict quality standards and excellent service. Revolutionize your manufacturing processes with cutting-edge automation technology that streamlines forming and enhances efficiency.<\/p>","why_choose_us_content_source":{"label":"Why Choose Us Content","type":"wysiwyg","formatted_value":"<h2 style=\"text-align: center;\">Why Choose Us as Your Ceramic Kiln\u00a0Supplier<\/h2>\n<hr \/>\n<p style=\"text-align: center;\">Yutai as a ceramic tableware manufacturer, maintains strict quality standards and excellent service. Revolutionize your manufacturing processes with cutting-edge automation technology that streamlines forming and enhances efficiency.<\/p>\n"}},"_links":{"self":[{"href":"https:\/\/yutaimachinery.com\/pt\/wp-json\/wp\/v2\/product\/4195","targetHints":{"allow":["GET"]}}],"collection":[{"href":"https:\/\/yutaimachinery.com\/pt\/wp-json\/wp\/v2\/product"}],"about":[{"href":"https:\/\/yutaimachinery.com\/pt\/wp-json\/wp\/v2\/types\/product"}],"version-history":[{"count":0,"href":"https:\/\/yutaimachinery.com\/pt\/wp-json\/wp\/v2\/product\/4195\/revisions"}],"wp:featuredmedia":[{"embeddable":true,"href":"https:\/\/yutaimachinery.com\/pt\/wp-json\/wp\/v2\/media\/4191"}],"wp:attachment":[{"href":"https:\/\/yutaimachinery.com\/pt\/wp-json\/wp\/v2\/media?parent=4195"}],"wp:term":[{"taxonomy":"product_brand","embeddable":true,"href":"https:\/\/yutaimachinery.com\/pt\/wp-json\/wp\/v2\/product_brand?post=4195"},{"taxonomy":"product_cat","embeddable":true,"href":"https:\/\/yutaimachinery.com\/pt\/wp-json\/wp\/v2\/product_cat?post=4195"},{"taxonomy":"product_tag","embeddable":true,"href":"https:\/\/yutaimachinery.com\/pt\/wp-json\/wp\/v2\/product_tag?post=4195"}],"curies":[{"name":"wp","href":"https:\/\/api.w.org\/{rel}","templated":true}]}}