{"id":4182,"date":"2024-06-14T22:21:43","date_gmt":"2024-06-14T14:21:43","guid":{"rendered":"https:\/\/yutaimachinery.com\/?post_type=product&#038;p=4182"},"modified":"2024-06-14T22:21:44","modified_gmt":"2024-06-14T14:21:44","slug":"fornos-de-vaivem","status":"publish","type":"product","link":"https:\/\/yutaimachinery.com\/pt\/product\/shuttle-kilns\/","title":{"rendered":"Fornos de vaiv\u00e9m pequenos para canecas de cer\u00e2mica Placa Decalque Forno"},"content":{"rendered":"<div class=\"wp-block-columns is-layout-flex wp-container-core-columns-is-layout-9d6595d7 wp-block-columns-is-layout-flex\">\n<div class=\"wp-block-column is-layout-flow wp-block-column-is-layout-flow\">\n<h2 class=\"wp-block-heading\">Caracter\u00edsticas dos fornos de vaiv\u00e9m<\/h2>\n\n\n\n<p>Forno de vaiv\u00e9m pequeno com elevada flexibilidade, dimens\u00f5es reduzidas, f\u00e1cil de operar, f\u00e1cil manuten\u00e7\u00e3o e muitas outras vantagens, adequado para pequenos lotes, modo de produ\u00e7\u00e3o de cer\u00e2mica multi-esp\u00e9cies. O seu moderno sistema de controlo garante a qualidade do produto e reduz eficazmente o consumo de energia e o impacto ambiental, especialmente adequado para ambientes de trabalho com espa\u00e7o limitado.<\/p>\n<\/div>\n\n\n\n<div class=\"wp-block-column is-layout-flow wp-block-column-is-layout-flow\">\n<figure class=\"wp-block-image size-full is-resized\"><img fetchpriority=\"high\" decoding=\"async\" width=\"3024\" height=\"3024\" src=\"https:\/\/yutaimachinery.com\/wp-content\/uploads\/2024\/06\/shuttle-kiln2.webp\" alt=\"forno de vaiv\u00e9m\" class=\"wp-image-4183\" style=\"width:365px;height:auto\" title=\"\" srcset=\"https:\/\/yutaimachinery.com\/wp-content\/uploads\/2024\/06\/shuttle-kiln2.webp 3024w, https:\/\/yutaimachinery.com\/wp-content\/uploads\/2024\/06\/shuttle-kiln2-300x300.webp 300w, https:\/\/yutaimachinery.com\/wp-content\/uploads\/2024\/06\/shuttle-kiln2-150x150.webp 150w, https:\/\/yutaimachinery.com\/wp-content\/uploads\/2024\/06\/shuttle-kiln2-768x768.webp 768w, https:\/\/yutaimachinery.com\/wp-content\/uploads\/2024\/06\/shuttle-kiln2-285x285.webp 285w, https:\/\/yutaimachinery.com\/wp-content\/uploads\/2024\/06\/shuttle-kiln2-1600x1600.webp 1600w, https:\/\/yutaimachinery.com\/wp-content\/uploads\/2024\/06\/shuttle-kiln2-270x270.webp 270w, https:\/\/yutaimachinery.com\/wp-content\/uploads\/2024\/06\/shuttle-kiln2-540x540.webp 540w, https:\/\/yutaimachinery.com\/wp-content\/uploads\/2024\/06\/shuttle-kiln2-660x660.webp 660w\" sizes=\"(max-width: 3024px) 100vw, 3024px\" \/><\/figure>\n<\/div>\n<\/div>","protected":false},"excerpt":{"rendered":"<p>Forno de vaiv\u00e9m pequeno tipo arm\u00e1rio com a sua elevada efici\u00eancia e poupan\u00e7a de energia, caracter\u00edsticas flex\u00edveis, adequado para pequenas quantidades de tigelas de cer\u00e2mica, pratos e copos de fornos de cozedura de decalque.<\/p>\n<h2>Solu\u00e7\u00e3o \u00fanica para fornos de vaiv\u00e9m:<\/h2>\n<ol>\n<li>Pre\u00e7o de f\u00e1brica: Somos fabricantes de m\u00e1quinas de cer\u00e2mica, fornecendo fornos de cer\u00e2mica com boa rela\u00e7\u00e3o custo-benef\u00edcio, entre em contato conosco para obter o pre\u00e7o de f\u00e1brica.<\/li>\n<li>Suporte t\u00e9cnico: Fornecer orienta\u00e7\u00e3o e assist\u00eancia t\u00e9cnica profissional, com guias em v\u00eddeo para garantir uma utiliza\u00e7\u00e3o r\u00e1pida do produto<\/li>\n<li>Pe\u00e7as de substitui\u00e7\u00e3o: Fornecimento de uma gama de pe\u00e7as sobresselentes originais.<\/li>\n<li>Apoio p\u00f3s-venda: Ajuda online 24 horas por dia para garantir a sua satisfa\u00e7\u00e3o com os fornos e a sua utiliza\u00e7\u00e3o sem problemas na sua linha de produ\u00e7\u00e3o.<\/li>\n<\/ol>","protected":false},"featured_media":4184,"template":"","meta":{"_acf_changed":false},"product_brand":[],"product_cat":[58],"product_tag":[79],"class_list":{"0":"post-4182","1":"product","2":"type-product","3":"status-publish","4":"has-post-thumbnail","6":"product_cat-ceramic-kiln","7":"product_tag-shuttle-kiln","9":"first","10":"instock","11":"shipping-taxable","12":"product-type-simple"},"acf":{"customization_content":"","customization_content_source":{"label":"Customization Content","type":"wysiwyg","formatted_value":""},"why_choose_us_content":"<h2 style=\"text-align: center;\">Why Choose Us as Your <strong>Shuttle Kil<\/strong>ns Supplier<\/h2>\r\n\r\n<hr \/>\r\n<p style=\"text-align: center;\">Yutai as a ceramic tableware manufacturer, maintains strict quality standards and excellent service. Revolutionize your manufacturing processes with cutting-edge automation technology streamlining forming and enhancing efficiency.<\/p>","why_choose_us_content_source":{"label":"Why Choose Us Content","type":"wysiwyg","formatted_value":"<h2 style=\"text-align: center;\">Why Choose Us as Your <strong>Shuttle Kil<\/strong>ns Supplier<\/h2>\n<hr \/>\n<p style=\"text-align: center;\">Yutai as a ceramic tableware manufacturer, maintains strict quality standards and excellent service. Revolutionize your manufacturing processes with cutting-edge automation technology streamlining forming and enhancing efficiency.<\/p>\n"}},"_links":{"self":[{"href":"https:\/\/yutaimachinery.com\/pt\/wp-json\/wp\/v2\/product\/4182","targetHints":{"allow":["GET"]}}],"collection":[{"href":"https:\/\/yutaimachinery.com\/pt\/wp-json\/wp\/v2\/product"}],"about":[{"href":"https:\/\/yutaimachinery.com\/pt\/wp-json\/wp\/v2\/types\/product"}],"version-history":[{"count":0,"href":"https:\/\/yutaimachinery.com\/pt\/wp-json\/wp\/v2\/product\/4182\/revisions"}],"wp:featuredmedia":[{"embeddable":true,"href":"https:\/\/yutaimachinery.com\/pt\/wp-json\/wp\/v2\/media\/4184"}],"wp:attachment":[{"href":"https:\/\/yutaimachinery.com\/pt\/wp-json\/wp\/v2\/media?parent=4182"}],"wp:term":[{"taxonomy":"product_brand","embeddable":true,"href":"https:\/\/yutaimachinery.com\/pt\/wp-json\/wp\/v2\/product_brand?post=4182"},{"taxonomy":"product_cat","embeddable":true,"href":"https:\/\/yutaimachinery.com\/pt\/wp-json\/wp\/v2\/product_cat?post=4182"},{"taxonomy":"product_tag","embeddable":true,"href":"https:\/\/yutaimachinery.com\/pt\/wp-json\/wp\/v2\/product_tag?post=4182"}],"curies":[{"name":"wp","href":"https:\/\/api.w.org\/{rel}","templated":true}]}}