{"id":4128,"date":"2024-05-23T18:41:45","date_gmt":"2024-05-23T10:41:45","guid":{"rendered":"https:\/\/yutaimachinery.com\/?post_type=product&#038;p=4128"},"modified":"2024-05-23T19:09:50","modified_gmt":"2024-05-23T11:09:50","slug":"linha-de-esmalte-2","status":"publish","type":"product","link":"https:\/\/yutaimachinery.com\/pt\/product\/glaze-line\/","title":{"rendered":"Linha Autom\u00e1tica de Esmaltagem para Esmaltagem em Spray de Cer\u00e2mica"},"content":{"rendered":"<div class=\"wp-block-columns is-layout-flex wp-container-core-columns-is-layout-9d6595d7 wp-block-columns-is-layout-flex\">\n<div class=\"wp-block-column is-layout-flow wp-block-column-is-layout-flow\">\n<h2 class=\"wp-block-heading\"><strong><strong>Linha de esmaltes<\/strong><\/strong> <strong>Caracter\u00edsticas:<\/strong><\/h2>\n\n\n\n<p>Ao pr\u00e9-aquecer o produto e ao rodar no processo de trabalho, a linha de esmalte autom\u00e1tico \u00e9 utilizada para pulverizar o esmalte em todos os \u00e2ngulos do produto, o que \u00e9 adequado para toda a porcelana e osso da China e para danos secund\u00e1rios na cer\u00e2mica cozida, bem como para os primeiros danos na lama cozida. O esmalte em spray \u00e9 uniforme, de alta efici\u00eancia e reduz os custos de m\u00e3o de obra.<\/p>\n\n\n\n<h2 class=\"wp-block-heading\"><strong>Par\u00e2metro da linha de esmalte<\/strong> <\/h2>\n\n\n\n<figure class=\"wp-block-table\"><table><tbody><tr><td>Modelo<\/td><td>12<\/td><\/tr><tr><td>Tamanho m\u00e1ximo de forma\u00e7\u00e3o (cm)<\/td><td>Dia 35 x 20cm (h)<\/td><\/tr><tr><td>Capacidade<\/td><td>900-1800pcs\/h<\/td><\/tr><tr><td>Pot\u00eancia (kw)<\/td><td>15kw<\/td><\/tr><tr><td>Dimens\u00e3o (lxwxh)<\/td><td>11,5\u00d74,5\u00d73 m(h)<\/td><\/tr><tr><td>Peso (kg)<\/td><td>5000<\/td><\/tr><\/tbody><\/table><\/figure>\n<\/div>\n\n\n\n<div class=\"wp-block-column is-layout-flow wp-block-column-is-layout-flow\">\n<figure class=\"wp-block-image size-full is-resized\"><img fetchpriority=\"high\" decoding=\"async\" width=\"1014\" height=\"1014\" src=\"https:\/\/yutaimachinery.com\/wp-content\/uploads\/2024\/05\/auto-glaze-line3.webp\" alt=\"linha de esmaltes para autom\u00f3veis\" class=\"wp-image-4132\" style=\"width:343px;height:auto\" title=\"\" srcset=\"https:\/\/yutaimachinery.com\/wp-content\/uploads\/2024\/05\/auto-glaze-line3.webp 1014w, https:\/\/yutaimachinery.com\/wp-content\/uploads\/2024\/05\/auto-glaze-line3-300x300.webp 300w, https:\/\/yutaimachinery.com\/wp-content\/uploads\/2024\/05\/auto-glaze-line3-150x150.webp 150w, https:\/\/yutaimachinery.com\/wp-content\/uploads\/2024\/05\/auto-glaze-line3-768x768.webp 768w, https:\/\/yutaimachinery.com\/wp-content\/uploads\/2024\/05\/auto-glaze-line3-285x285.webp 285w, https:\/\/yutaimachinery.com\/wp-content\/uploads\/2024\/05\/auto-glaze-line3-270x270.webp 270w, https:\/\/yutaimachinery.com\/wp-content\/uploads\/2024\/05\/auto-glaze-line3-540x540.webp 540w, https:\/\/yutaimachinery.com\/wp-content\/uploads\/2024\/05\/auto-glaze-line3-660x660.webp 660w\" sizes=\"(max-width: 1014px) 100vw, 1014px\" \/><\/figure>\n\n\n\n<figure class=\"wp-block-image size-full is-resized\"><img decoding=\"async\" width=\"730\" height=\"732\" src=\"https:\/\/yutaimachinery.com\/wp-content\/uploads\/2024\/05\/auto-glaze-line.webp\" alt=\"linha de esmaltes para autom\u00f3veis\" class=\"wp-image-4131\" style=\"width:361px;height:auto\" title=\"\" srcset=\"https:\/\/yutaimachinery.com\/wp-content\/uploads\/2024\/05\/auto-glaze-line.webp 730w, https:\/\/yutaimachinery.com\/wp-content\/uploads\/2024\/05\/auto-glaze-line-300x300.webp 300w, https:\/\/yutaimachinery.com\/wp-content\/uploads\/2024\/05\/auto-glaze-line-150x150.webp 150w, https:\/\/yutaimachinery.com\/wp-content\/uploads\/2024\/05\/auto-glaze-line-285x286.webp 285w, https:\/\/yutaimachinery.com\/wp-content\/uploads\/2024\/05\/auto-glaze-line-270x270.webp 270w, https:\/\/yutaimachinery.com\/wp-content\/uploads\/2024\/05\/auto-glaze-line-540x540.webp 540w, https:\/\/yutaimachinery.com\/wp-content\/uploads\/2024\/05\/auto-glaze-line-658x660.webp 658w\" sizes=\"(max-width: 730px) 100vw, 730px\" \/><\/figure>\n<\/div>\n<\/div>","protected":false},"excerpt":{"rendered":"<p>Linha de esmaltagem autom\u00e1tica, para realizar o pr\u00e9-aquecimento, pulveriza\u00e7\u00e3o de esmalte e processo de secagem de produtos cer\u00e2micos. Yutai Ceramic Machine Factory fornece servi\u00e7os de personaliza\u00e7\u00e3o e instala\u00e7\u00e3o a pre\u00e7os preferenciais para cada cliente.<\/p>\n<h2>Solu\u00e7\u00e3o \u00fanica para a linha de esmaltes:<\/h2>\n<ol>\n<li>\n<p>Pre\u00e7o de f\u00e1brica: Como um fabricante de m\u00e1quinas de cer\u00e2mica, n\u00f3s fornecemos linha de esmalte rent\u00e1vel, bem-vindo a contactar-nos para obter o pre\u00e7o de f\u00e1brica.<\/p>\n<\/li>\n<li>\n<p>Apoio t\u00e9cnico: Fornecer orienta\u00e7\u00e3o t\u00e9cnica profissional e instala\u00e7\u00e3o mec\u00e2nica, com guias em v\u00eddeo para garantir uma utiliza\u00e7\u00e3o r\u00e1pida do produto<\/p>\n<\/li>\n<li>\n<p>Pe\u00e7as de substitui\u00e7\u00e3o: Fornecimento de uma gama de pe\u00e7as sobresselentes originais.<\/p>\n<\/li>\n<li>\n<p>Apoio p\u00f3s-venda: Ajuda online 24 horas por dia para garantir que est\u00e1 satisfeito com a linha de esmaltagem e que esta \u00e9 utilizada sem problemas na sua linha de produ\u00e7\u00e3o.<\/p>\n<\/li>\n<\/ol>","protected":false},"featured_media":4132,"template":"","meta":{"_acf_changed":false},"product_brand":[],"product_cat":[57],"product_tag":[86],"class_list":{"0":"post-4128","1":"product","2":"type-product","3":"status-publish","4":"has-post-thumbnail","6":"product_cat-ceramic-glazing-machine","7":"product_tag-glazing-spray-machine","9":"first","10":"instock","11":"shipping-taxable","12":"product-type-simple"},"acf":{"customization_content":"<h2><\/h2>\r\n<div><\/div>","customization_content_source":{"label":"Customization Content","type":"wysiwyg","formatted_value":"<h2><\/h2>\n<div><\/div>\n"},"why_choose_us_content":"<h2 style=\"text-align: center;\">Why Choose Us as Your Glaze line Supplier<\/h2>\r\n\r\n<hr \/>\r\n<p style=\"text-align: center;\">\u00a0Yutai as a ceramic machine manufacturer, maintains strict quality standards and excellent service. Revolutionize your manufacturing processes with cutting-edge automation technology that streamlines forming and enhances efficiency.<\/p>","why_choose_us_content_source":{"label":"Why Choose Us Content","type":"wysiwyg","formatted_value":"<h2 style=\"text-align: center;\">Why Choose Us as Your Glaze line Supplier<\/h2>\n<hr \/>\n<p style=\"text-align: center;\">\u00a0Yutai as a ceramic machine manufacturer, maintains strict quality standards and excellent service. Revolutionize your manufacturing processes with cutting-edge automation technology that streamlines forming and enhances efficiency.<\/p>\n"}},"_links":{"self":[{"href":"https:\/\/yutaimachinery.com\/pt\/wp-json\/wp\/v2\/product\/4128","targetHints":{"allow":["GET"]}}],"collection":[{"href":"https:\/\/yutaimachinery.com\/pt\/wp-json\/wp\/v2\/product"}],"about":[{"href":"https:\/\/yutaimachinery.com\/pt\/wp-json\/wp\/v2\/types\/product"}],"version-history":[{"count":0,"href":"https:\/\/yutaimachinery.com\/pt\/wp-json\/wp\/v2\/product\/4128\/revisions"}],"wp:featuredmedia":[{"embeddable":true,"href":"https:\/\/yutaimachinery.com\/pt\/wp-json\/wp\/v2\/media\/4132"}],"wp:attachment":[{"href":"https:\/\/yutaimachinery.com\/pt\/wp-json\/wp\/v2\/media?parent=4128"}],"wp:term":[{"taxonomy":"product_brand","embeddable":true,"href":"https:\/\/yutaimachinery.com\/pt\/wp-json\/wp\/v2\/product_brand?post=4128"},{"taxonomy":"product_cat","embeddable":true,"href":"https:\/\/yutaimachinery.com\/pt\/wp-json\/wp\/v2\/product_cat?post=4128"},{"taxonomy":"product_tag","embeddable":true,"href":"https:\/\/yutaimachinery.com\/pt\/wp-json\/wp\/v2\/product_tag?post=4128"}],"curies":[{"name":"wp","href":"https:\/\/api.w.org\/{rel}","templated":true}]}}