{"id":4118,"date":"2024-05-23T16:44:59","date_gmt":"2024-05-23T08:44:59","guid":{"rendered":"https:\/\/yutaimachinery.com\/?post_type=product&#038;p=4118"},"modified":"2024-05-23T18:41:01","modified_gmt":"2024-05-23T10:41:01","slug":"cabina-de-projecao-de-esmalte","status":"publish","type":"product","link":"https:\/\/yutaimachinery.com\/pt\/product\/glaze-spray-booth\/","title":{"rendered":"Cabine de Pulveriza\u00e7\u00e3o de Esmalte Autom\u00e1tico de Alta Capacidade 12 Esta\u00e7\u00f5es Esmalta\u00e7\u00e3o de Placa de Caneca"},"content":{"rendered":"<div class=\"wp-block-columns is-layout-flex wp-container-core-columns-is-layout-9d6595d7 wp-block-columns-is-layout-flex\">\n<div class=\"wp-block-column is-layout-flow wp-block-column-is-layout-flow\">\n<h2 class=\"wp-block-heading\"><strong><strong>Cabina de pintura de esmalte<\/strong><\/strong> <strong>Caracter\u00edsticas:<\/strong><\/h2>\n\n\n\n<p>12 Multi-esta\u00e7\u00e3o, equipada com uma pistola de pulveriza\u00e7\u00e3o: podem ser pulverizados v\u00e1rios projectos ao mesmo tempo para melhorar a efici\u00eancia da produ\u00e7\u00e3o.<\/p>\n\n\n\n<p>Rota\u00e7\u00e3o do produto: O suporte inclui um mecanismo de rota\u00e7\u00e3o do produto para garantir uma cobertura uniforme do esmalte em todas as superf\u00edcies, incluindo \u00e1reas de dif\u00edcil acesso.<\/p>\n\n\n\n<p>Interface de f\u00e1cil utiliza\u00e7\u00e3o: O painel de controlo intuitivo permite uma opera\u00e7\u00e3o f\u00e1cil e um ajuste r\u00e1pido das defini\u00e7\u00f5es, reduzindo a curva de aprendizagem do operador.<\/p>\n\n\n\n<p>Versatilidade: Adequado para uma variedade de artigos de cer\u00e2mica, incluindo pratos, tigelas, canecas, etc., adapt\u00e1vel a uma variedade de formas e tamanhos.<\/p>\n\n\n\n<p>Op\u00e7\u00f5es de personaliza\u00e7\u00e3o: A cabina pode ser personalizada de acordo com as necessidades espec\u00edficas de produ\u00e7\u00e3o, incluindo esta\u00e7\u00f5es de trabalho adicionais ou mecanismos de pulveriza\u00e7\u00e3o especializados para satisfazer requisitos de fabrico \u00fanicos.<\/p>\n<\/div>\n\n\n\n<div class=\"wp-block-column is-layout-flow wp-block-column-is-layout-flow\">\n<figure class=\"wp-block-embed is-type-video is-provider-youtube wp-block-embed-youtube wp-embed-aspect-16-9 wp-has-aspect-ratio\"><div class=\"wp-block-embed__wrapper\">\n<iframe title=\"Cabina de pulveriza\u00e7\u00e3o de esmalte para canecas, ta\u00e7as e pratos de cer\u00e2mica -Multi esta\u00e7\u00f5es\" width=\"940\" height=\"529\" src=\"https:\/\/www.youtube.com\/embed\/kso0A4FTmzI?feature=oembed\" frameborder=\"0\" allow=\"accelerometer; autoplay; clipboard-write; encrypted-media; gyroscope; picture-in-picture; web-share\" referrerpolicy=\"strict-origin-when-cross-origin\" allowfullscreen><\/iframe>\n<\/div><\/figure>\n\n\n<div class=\"wp-block-image\">\n<figure class=\"aligncenter size-full is-resized\"><img fetchpriority=\"high\" decoding=\"async\" width=\"568\" height=\"568\" src=\"https:\/\/yutaimachinery.com\/wp-content\/uploads\/2024\/05\/multistations-glaze-spray-booth2.webp\" alt=\"cabina de pulveriza\u00e7\u00e3o de esmaltes multistations\" class=\"wp-image-4120\" style=\"width:333px;height:auto\" title=\"\" srcset=\"https:\/\/yutaimachinery.com\/wp-content\/uploads\/2024\/05\/multistations-glaze-spray-booth2.webp 568w, https:\/\/yutaimachinery.com\/wp-content\/uploads\/2024\/05\/multistations-glaze-spray-booth2-300x300.webp 300w, https:\/\/yutaimachinery.com\/wp-content\/uploads\/2024\/05\/multistations-glaze-spray-booth2-150x150.webp 150w, https:\/\/yutaimachinery.com\/wp-content\/uploads\/2024\/05\/multistations-glaze-spray-booth2-285x285.webp 285w, https:\/\/yutaimachinery.com\/wp-content\/uploads\/2024\/05\/multistations-glaze-spray-booth2-270x270.webp 270w, https:\/\/yutaimachinery.com\/wp-content\/uploads\/2024\/05\/multistations-glaze-spray-booth2-540x540.webp 540w\" sizes=\"(max-width: 568px) 100vw, 568px\" \/><\/figure>\n<\/div><\/div>\n<\/div>","protected":false},"excerpt":{"rendered":"<p>12-Station cabine de pulveriza\u00e7\u00e3o de esmalte maior efici\u00eancia para alcan\u00e7ar copos e pratos de esmalte de pulveriza\u00e7\u00e3o uniforme, pre\u00e7o de f\u00e1brica solu\u00e7\u00f5es personalizadas, fornecer servi\u00e7os de instala\u00e7\u00e3o, bem-vindo ao contactar Yutai fabricante de m\u00e1quinas de cer\u00e2mica.<\/p>\n<h2>Solu\u00e7\u00e3o \u00fanica para cabinas de pintura de esmaltes:<\/h2>\n<ol>\n<li>\n<p>Pre\u00e7o de f\u00e1brica: Como um fabricante de m\u00e1quinas de cer\u00e2mica, n\u00f3s fornecemos cabines de pulveriza\u00e7\u00e3o de esmalte rent\u00e1veis, bem-vindo a contactar-nos para obter o pre\u00e7o de f\u00e1brica.<\/p>\n<\/li>\n<li>\n<p>Apoio t\u00e9cnico: Fornecer orienta\u00e7\u00e3o t\u00e9cnica profissional e instala\u00e7\u00e3o mec\u00e2nica, com guias em v\u00eddeo para garantir uma utiliza\u00e7\u00e3o r\u00e1pida do produto<\/p>\n<\/li>\n<li>\n<p>Pe\u00e7as de substitui\u00e7\u00e3o: Fornecimento de uma gama de pe\u00e7as sobresselentes originais.<\/p>\n<\/li>\n<li>\n<p>Apoio p\u00f3s-venda: Ajuda em linha 24 horas por dia para garantir que est\u00e1 satisfeito com as cabinas de pulveriza\u00e7\u00e3o de esmaltes e que estas s\u00e3o utilizadas sem problemas na sua linha de produ\u00e7\u00e3o.<\/p>\n<\/li>\n<\/ol>","protected":false},"featured_media":4124,"template":"","meta":{"_acf_changed":false},"product_brand":[],"product_cat":[57],"product_tag":[86],"class_list":{"0":"post-4118","1":"product","2":"type-product","3":"status-publish","4":"has-post-thumbnail","6":"product_cat-ceramic-glazing-machine","7":"product_tag-glazing-spray-machine","9":"first","10":"instock","11":"shipping-taxable","12":"product-type-simple"},"acf":{"customization_content":"<h2><\/h2>\r\n<div><\/div>","customization_content_source":{"label":"Customization Content","type":"wysiwyg","formatted_value":"<h2><\/h2>\n<div><\/div>\n"},"why_choose_us_content":"<h2 style=\"text-align: center;\">Why Choose Us as Your Glaze Spray Booth Supplier<\/h2>\r\n\r\n<hr \/>\r\n<p style=\"text-align: center;\">\u00a0Yutai as a ceramic machine manufacturer, maintains strict quality standards and excellent service. Revolutionize your manufacturing processes with cutting-edge automation technology that streamlines forming and enhances efficiency.<\/p>","why_choose_us_content_source":{"label":"Why Choose Us Content","type":"wysiwyg","formatted_value":"<h2 style=\"text-align: center;\">Why Choose Us as Your Glaze Spray Booth Supplier<\/h2>\n<hr \/>\n<p style=\"text-align: center;\">\u00a0Yutai as a ceramic machine manufacturer, maintains strict quality standards and excellent service. Revolutionize your manufacturing processes with cutting-edge automation technology that streamlines forming and enhances efficiency.<\/p>\n"}},"_links":{"self":[{"href":"https:\/\/yutaimachinery.com\/pt\/wp-json\/wp\/v2\/product\/4118","targetHints":{"allow":["GET"]}}],"collection":[{"href":"https:\/\/yutaimachinery.com\/pt\/wp-json\/wp\/v2\/product"}],"about":[{"href":"https:\/\/yutaimachinery.com\/pt\/wp-json\/wp\/v2\/types\/product"}],"version-history":[{"count":0,"href":"https:\/\/yutaimachinery.com\/pt\/wp-json\/wp\/v2\/product\/4118\/revisions"}],"wp:featuredmedia":[{"embeddable":true,"href":"https:\/\/yutaimachinery.com\/pt\/wp-json\/wp\/v2\/media\/4124"}],"wp:attachment":[{"href":"https:\/\/yutaimachinery.com\/pt\/wp-json\/wp\/v2\/media?parent=4118"}],"wp:term":[{"taxonomy":"product_brand","embeddable":true,"href":"https:\/\/yutaimachinery.com\/pt\/wp-json\/wp\/v2\/product_brand?post=4118"},{"taxonomy":"product_cat","embeddable":true,"href":"https:\/\/yutaimachinery.com\/pt\/wp-json\/wp\/v2\/product_cat?post=4118"},{"taxonomy":"product_tag","embeddable":true,"href":"https:\/\/yutaimachinery.com\/pt\/wp-json\/wp\/v2\/product_tag?post=4118"}],"curies":[{"name":"wp","href":"https:\/\/api.w.org\/{rel}","templated":true}]}}