{"id":4110,"date":"2024-05-23T09:39:48","date_gmt":"2024-05-23T01:39:48","guid":{"rendered":"https:\/\/yutaimachinery.com\/?post_type=product&#038;p=4110"},"modified":"2024-05-23T10:21:04","modified_gmt":"2024-05-23T02:21:04","slug":"cabina-de-projecao-de-esmalte-ceramico","status":"publish","type":"product","link":"https:\/\/yutaimachinery.com\/pt\/product\/ceramic-glaze-spray-booth\/","title":{"rendered":"Cabine de Pulveriza\u00e7\u00e3o de Esmalte Cer\u00e2mico Esta\u00e7\u00e3o \u00danica para Tigela de Placa de Cer\u00e2mica"},"content":{"rendered":"<div class=\"wp-block-columns is-layout-flex wp-container-core-columns-is-layout-9d6595d7 wp-block-columns-is-layout-flex\">\n<div class=\"wp-block-column is-layout-flow wp-block-column-is-layout-flow\">\n<h2 class=\"wp-block-heading\"><strong><strong>Cabine de pintura de esmalte cer\u00e2mico<\/strong><\/strong> <strong>Caracter\u00edsticas:<\/strong><\/h2>\n\n\n\n<p>O produto pode ser rodado e a velocidade \u00e9 ajust\u00e1vel, utilizando uma pistola de pulveriza\u00e7\u00e3o manual industrial com uma fun\u00e7\u00e3o de agita\u00e7\u00e3o para evitar a precipita\u00e7\u00e3o do esmalte, um arm\u00e1rio com cortina de \u00e1gua para a remo\u00e7\u00e3o de poeiras, adequado para esmaltar pratos\/ta\u00e7as\/copos\/canecas\/potes de cer\u00e2mica.<\/p>\n<\/div>\n\n\n\n<div class=\"wp-block-column is-layout-flow wp-block-column-is-layout-flow\">\n<figure class=\"wp-block-image size-full\"><img fetchpriority=\"high\" decoding=\"async\" width=\"3024\" height=\"3024\" src=\"https:\/\/yutaimachinery.com\/wp-content\/uploads\/2024\/05\/ceramic-glaze-spray-booth4.webp\" alt=\"cabina de proje\u00e7\u00e3o de esmalte cer\u00e2mico\" class=\"wp-image-4113\" title=\"\" srcset=\"https:\/\/yutaimachinery.com\/wp-content\/uploads\/2024\/05\/ceramic-glaze-spray-booth4.webp 3024w, https:\/\/yutaimachinery.com\/wp-content\/uploads\/2024\/05\/ceramic-glaze-spray-booth4-300x300.webp 300w, https:\/\/yutaimachinery.com\/wp-content\/uploads\/2024\/05\/ceramic-glaze-spray-booth4-150x150.webp 150w, https:\/\/yutaimachinery.com\/wp-content\/uploads\/2024\/05\/ceramic-glaze-spray-booth4-768x768.webp 768w, https:\/\/yutaimachinery.com\/wp-content\/uploads\/2024\/05\/ceramic-glaze-spray-booth4-285x285.webp 285w, https:\/\/yutaimachinery.com\/wp-content\/uploads\/2024\/05\/ceramic-glaze-spray-booth4-1600x1600.webp 1600w, https:\/\/yutaimachinery.com\/wp-content\/uploads\/2024\/05\/ceramic-glaze-spray-booth4-270x270.webp 270w, https:\/\/yutaimachinery.com\/wp-content\/uploads\/2024\/05\/ceramic-glaze-spray-booth4-540x540.webp 540w, https:\/\/yutaimachinery.com\/wp-content\/uploads\/2024\/05\/ceramic-glaze-spray-booth4-660x660.webp 660w\" sizes=\"(max-width: 3024px) 100vw, 3024px\" \/><\/figure>\n<\/div>\n<\/div>\n\n\n\n<h2 class=\"wp-block-heading\"><strong><strong>Cabine de pintura de esmalte cer\u00e2mico<\/strong><\/strong> Par\u00e2metro<\/h2>\n\n\n\n<figure class=\"wp-block-table\"><table><tbody><tr><td>Modelo<\/td><td>Tamanho m\u00e1ximo de forma\u00e7\u00e3o (cm)<\/td><td>Capacidade<\/td><td>Pot\u00eancia (kw)<\/td><td>Dimens\u00e3o (lxwxh)<\/td><td>Peso (kg)<\/td><\/tr><tr><td>Esta\u00e7\u00e3o \u00fanica<\/td><td>Dia 20* 50cm(h)<\/td><td>480pcs\/h<\/td><td>180kw<\/td><td>100X100X200cm<\/td><td>150<\/td><\/tr><\/tbody><\/table><\/figure>","protected":false},"excerpt":{"rendered":"<p>A cabine de esmalte de cer\u00e2mica por atacado da f\u00e1brica pode ajustar a velocidade de rota\u00e7\u00e3o do produto e com fun\u00e7\u00e3o de agita\u00e7\u00e3o para evitar a precipita\u00e7\u00e3o do esmalte, alta configura\u00e7\u00e3o e baixo pre\u00e7o, bem-vindo ao contato com a f\u00e1brica de cer\u00e2mica Yutai para cota\u00e7\u00e3o gratuita.<\/p>\n<h2>Solu\u00e7\u00e3o \u00fanica para cabinas de pintura de esmaltes cer\u00e2micos:<\/h2>\n<ol>\n<li>\n<p>Pre\u00e7o de f\u00e1brica: Como um fabricante de m\u00e1quinas de cer\u00e2mica, n\u00f3s fornecemos cabines de pulveriza\u00e7\u00e3o de esmalte cer\u00e2mico de baixo custo, bem-vindo a contactar-nos para obter o pre\u00e7o de f\u00e1brica.<\/p>\n<\/li>\n<li>\n<p>Apoio t\u00e9cnico: Fornecer orienta\u00e7\u00e3o t\u00e9cnica profissional e instala\u00e7\u00e3o mec\u00e2nica, com guias em v\u00eddeo para garantir uma utiliza\u00e7\u00e3o r\u00e1pida do produto<\/p>\n<\/li>\n<li>\n<p>Pe\u00e7as de substitui\u00e7\u00e3o: Fornecimento de uma gama de pe\u00e7as sobresselentes originais.<\/p>\n<\/li>\n<li>\n<p>Apoio p\u00f3s-venda: Ajuda em linha 24 horas por dia para garantir que est\u00e1 satisfeito com as cabinas de pulveriza\u00e7\u00e3o de esmaltes e que estas s\u00e3o utilizadas sem problemas na sua linha de produ\u00e7\u00e3o.<\/p>\n<\/li>\n<\/ol>","protected":false},"featured_media":4112,"template":"","meta":{"_acf_changed":false},"product_brand":[],"product_cat":[57],"product_tag":[86],"class_list":{"0":"post-4110","1":"product","2":"type-product","3":"status-publish","4":"has-post-thumbnail","6":"product_cat-ceramic-glazing-machine","7":"product_tag-glazing-spray-machine","9":"first","10":"instock","11":"shipping-taxable","12":"product-type-simple"},"acf":{"customization_content":"<h2><\/h2>\r\n<div><\/div>","customization_content_source":{"label":"Customization Content","type":"wysiwyg","formatted_value":"<h2><\/h2>\n<div><\/div>\n"},"why_choose_us_content":"<h2 style=\"text-align: center;\">Why Choose Us as Your Ceramic Glaze Spray Booth Supplier<\/h2>\r\n\r\n<hr \/>\r\n<p style=\"text-align: center;\">\u00a0Yutai as a ceramic machine manufacturer, maintains strict quality standards and excellent service. Revolutionize your manufacturing processes with cutting-edge automation technology that streamlines forming and enhances efficiency.<\/p>","why_choose_us_content_source":{"label":"Why Choose Us Content","type":"wysiwyg","formatted_value":"<h2 style=\"text-align: center;\">Why Choose Us as Your Ceramic Glaze Spray Booth Supplier<\/h2>\n<hr \/>\n<p style=\"text-align: center;\">\u00a0Yutai as a ceramic machine manufacturer, maintains strict quality standards and excellent service. Revolutionize your manufacturing processes with cutting-edge automation technology that streamlines forming and enhances efficiency.<\/p>\n"}},"_links":{"self":[{"href":"https:\/\/yutaimachinery.com\/pt\/wp-json\/wp\/v2\/product\/4110","targetHints":{"allow":["GET"]}}],"collection":[{"href":"https:\/\/yutaimachinery.com\/pt\/wp-json\/wp\/v2\/product"}],"about":[{"href":"https:\/\/yutaimachinery.com\/pt\/wp-json\/wp\/v2\/types\/product"}],"version-history":[{"count":0,"href":"https:\/\/yutaimachinery.com\/pt\/wp-json\/wp\/v2\/product\/4110\/revisions"}],"wp:featuredmedia":[{"embeddable":true,"href":"https:\/\/yutaimachinery.com\/pt\/wp-json\/wp\/v2\/media\/4112"}],"wp:attachment":[{"href":"https:\/\/yutaimachinery.com\/pt\/wp-json\/wp\/v2\/media?parent=4110"}],"wp:term":[{"taxonomy":"product_brand","embeddable":true,"href":"https:\/\/yutaimachinery.com\/pt\/wp-json\/wp\/v2\/product_brand?post=4110"},{"taxonomy":"product_cat","embeddable":true,"href":"https:\/\/yutaimachinery.com\/pt\/wp-json\/wp\/v2\/product_cat?post=4110"},{"taxonomy":"product_tag","embeddable":true,"href":"https:\/\/yutaimachinery.com\/pt\/wp-json\/wp\/v2\/product_tag?post=4110"}],"curies":[{"name":"wp","href":"https:\/\/api.w.org\/{rel}","templated":true}]}}