{"id":4085,"date":"2024-05-17T11:57:19","date_gmt":"2024-05-17T03:57:19","guid":{"rendered":"https:\/\/yutaimachinery.com\/?post_type=product&#038;p=4085"},"modified":"2024-05-17T15:56:26","modified_gmt":"2024-05-17T07:56:26","slug":"maquinas-de-esmaltagem-exterior-para-canecas-de-ceramica-potes-tigelas-2","status":"publish","type":"product","link":"https:\/\/yutaimachinery.com\/pt\/product\/pottery-outside-glazing-machines-for-ceramic-mugs-pots-bowls\/","title":{"rendered":"M\u00e1quinas de esmaltagem exterior para canecas de cer\u00e2mica Potes Tigelas"},"content":{"rendered":"<div class=\"wp-block-columns is-layout-flex wp-container-core-columns-is-layout-9d6595d7 wp-block-columns-is-layout-flex\">\n<div class=\"wp-block-column is-layout-flow wp-block-column-is-layout-flow\">\n<h2 class=\"wp-block-heading\"><strong><strong>M\u00e1quinas de envidra\u00e7amento<\/strong><\/strong> <strong>Caracter\u00edsticas:<\/strong><\/h2>\n\n\n\n<p>Esta m\u00e1quina de esmaltagem semi-autom\u00e1tica pode esmaltar com firmeza e uniformidade o exterior de pequenos produtos de cer\u00e2mica. Adequada para ta\u00e7as, ch\u00e1venas e pires. Melhora a efici\u00eancia da produ\u00e7\u00e3o e economiza custos de m\u00e3o de obra. Oferecemos todos os tipos de m\u00e1quinas de produ\u00e7\u00e3o de cer\u00e2mica e estamos bem cientes das necessidades de constru\u00e7\u00e3o de f\u00e1bricas de cer\u00e2mica para apoiar solu\u00e7\u00f5es para cada cliente.<\/p>\n<\/div>\n\n\n\n<div class=\"wp-block-column is-layout-flow wp-block-column-is-layout-flow\">\n<figure class=\"wp-block-embed is-type-video is-provider-youtube wp-block-embed-youtube wp-embed-aspect-4-3 wp-has-aspect-ratio\"><div class=\"wp-block-embed__wrapper\">\n<iframe title=\"vidros exteriores semi-autom\u00e1ticos\" width=\"940\" height=\"705\" src=\"https:\/\/www.youtube.com\/embed\/iEo_pylQxsU?feature=oembed\" frameborder=\"0\" allow=\"accelerometer; autoplay; clipboard-write; encrypted-media; gyroscope; picture-in-picture; web-share\" referrerpolicy=\"strict-origin-when-cross-origin\" allowfullscreen><\/iframe>\n<\/div><\/figure>\n<\/div>\n<\/div>\n\n\n\n<h2 class=\"wp-block-heading\"><strong><strong>M\u00e1quinas de envidra\u00e7amento<\/strong><\/strong> Par\u00e2metro<\/h2>\n\n\n\n<figure class=\"wp-block-table\"><table><tbody><tr><td>Modelo<\/td><td>Tamanho m\u00e1ximo de forma\u00e7\u00e3o (cm)<\/td><td>Capacidade<\/td><td>Pot\u00eancia (kw)<\/td><td>Dimens\u00e3o (lxwxh)<\/td><td>Peso (kg)<\/td><\/tr><tr><td>Vidros exteriores<\/td><td>Dia 20x 30cm (h)<\/td><td>90-480pcs\/h<\/td><td>0,8kw<\/td><td>130\u00d785 x170 Cm(h)<\/td><td>250<\/td><\/tr><\/tbody><\/table><\/figure>","protected":false},"excerpt":{"rendered":"<p>As m\u00e1quinas autom\u00e1ticas de esmaltagem conseguem a esmaltagem externa de materiais cer\u00e2micos, adequados para tigelas, canecas, pratos e pires de cer\u00e2mica. F\u00e1cil de operar, economiza custos de m\u00e3o de obra. Saiba mais sobre as m\u00e1quinas de esmaltagem Contacte o fabricante e fornecedor de Yutai Ceramic Machinery.<\/p>\n<h2>Solu\u00e7\u00e3o \u00fanica para m\u00e1quinas de envidra\u00e7amento:<\/h2>\n<ol>\n<li>\n<p>Pre\u00e7o de f\u00e1brica: Como um fabricante de m\u00e1quinas de cer\u00e2mica, n\u00f3s fornecemos m\u00e1quinas de envidra\u00e7amento com boa rela\u00e7\u00e3o custo-benef\u00edcio, bem-vindo a contactar-nos para obter o pre\u00e7o de f\u00e1brica.<\/p>\n<\/li>\n<li>\n<p>Apoio t\u00e9cnico: Fornecer orienta\u00e7\u00e3o t\u00e9cnica profissional e instala\u00e7\u00e3o mec\u00e2nica, com guias em v\u00eddeo para garantir uma utiliza\u00e7\u00e3o r\u00e1pida do produto<\/p>\n<\/li>\n<li>\n<p>Pe\u00e7as de substitui\u00e7\u00e3o: Fornecimento de uma gama de pe\u00e7as sobresselentes originais.<\/p>\n<\/li>\n<li>\n<p>Apoio p\u00f3s-venda: Ajuda online 24 horas por dia para garantir que est\u00e1 satisfeito com as m\u00e1quinas de envidra\u00e7amento e que estas s\u00e3o utilizadas sem problemas na sua linha de produ\u00e7\u00e3o.<\/p>\n<\/li>\n<\/ol>","protected":false},"featured_media":4091,"template":"","meta":{"_acf_changed":false},"product_brand":[],"product_cat":[57],"product_tag":[78],"class_list":{"0":"post-4085","1":"product","2":"type-product","3":"status-publish","4":"has-post-thumbnail","6":"product_cat-ceramic-glazing-machine","7":"product_tag-glaze-dipping-machine","9":"first","10":"instock","11":"shipping-taxable","12":"product-type-simple"},"acf":{"customization_content":"<h2><\/h2>\r\n<div><\/div>","customization_content_source":{"label":"Customization Content","type":"wysiwyg","formatted_value":"<h2><\/h2>\n<div><\/div>\n"},"why_choose_us_content":"<h2 style=\"text-align: center;\">Why Choose Us as Your Glazing Machines Supplier<\/h2>\r\n\r\n<hr \/>\r\n<p style=\"text-align: center;\">\u00a0Yutai as a ceramic machine manufacturer, maintains strict quality standards and excellent service. Revolutionize your manufacturing processes with cutting-edge automation technology that streamlines forming and enhances efficiency.<\/p>","why_choose_us_content_source":{"label":"Why Choose Us Content","type":"wysiwyg","formatted_value":"<h2 style=\"text-align: center;\">Why Choose Us as Your Glazing Machines Supplier<\/h2>\n<hr \/>\n<p style=\"text-align: center;\">\u00a0Yutai as a ceramic machine manufacturer, maintains strict quality standards and excellent service. Revolutionize your manufacturing processes with cutting-edge automation technology that streamlines forming and enhances efficiency.<\/p>\n"}},"_links":{"self":[{"href":"https:\/\/yutaimachinery.com\/pt\/wp-json\/wp\/v2\/product\/4085","targetHints":{"allow":["GET"]}}],"collection":[{"href":"https:\/\/yutaimachinery.com\/pt\/wp-json\/wp\/v2\/product"}],"about":[{"href":"https:\/\/yutaimachinery.com\/pt\/wp-json\/wp\/v2\/types\/product"}],"version-history":[{"count":0,"href":"https:\/\/yutaimachinery.com\/pt\/wp-json\/wp\/v2\/product\/4085\/revisions"}],"wp:featuredmedia":[{"embeddable":true,"href":"https:\/\/yutaimachinery.com\/pt\/wp-json\/wp\/v2\/media\/4091"}],"wp:attachment":[{"href":"https:\/\/yutaimachinery.com\/pt\/wp-json\/wp\/v2\/media?parent=4085"}],"wp:term":[{"taxonomy":"product_brand","embeddable":true,"href":"https:\/\/yutaimachinery.com\/pt\/wp-json\/wp\/v2\/product_brand?post=4085"},{"taxonomy":"product_cat","embeddable":true,"href":"https:\/\/yutaimachinery.com\/pt\/wp-json\/wp\/v2\/product_cat?post=4085"},{"taxonomy":"product_tag","embeddable":true,"href":"https:\/\/yutaimachinery.com\/pt\/wp-json\/wp\/v2\/product_tag?post=4085"}],"curies":[{"name":"wp","href":"https:\/\/api.w.org\/{rel}","templated":true}]}}