{"id":4077,"date":"2024-05-16T17:35:26","date_gmt":"2024-05-16T09:35:26","guid":{"rendered":"https:\/\/yutaimachinery.com\/?post_type=product&#038;p=4077"},"modified":"2024-05-17T11:57:04","modified_gmt":"2024-05-17T03:57:04","slug":"maquina-de-imersao","status":"publish","type":"product","link":"https:\/\/yutaimachinery.com\/pt\/product\/dipping-machine\/","title":{"rendered":"M\u00e1quina autom\u00e1tica de imers\u00e3o em cer\u00e2mica Tanque duplo para ta\u00e7as e canecas de vidro"},"content":{"rendered":"<div class=\"wp-block-columns is-layout-flex wp-container-core-columns-is-layout-9d6595d7 wp-block-columns-is-layout-flex\">\n<div class=\"wp-block-column is-layout-flow wp-block-column-is-layout-flow\">\n<h2 class=\"wp-block-heading\"><strong><strong>M\u00e1quina de imers\u00e3o<\/strong><\/strong> <strong>Caracter\u00edsticas:<\/strong><\/h2>\n\n\n\n<p>Design de ranhura dupla: Permite que duas cores ou tipos de esmaltes diferentes sejam esmaltados ao mesmo tempo, proporcionando maior flexibilidade e personaliza\u00e7\u00e3o para os seus produtos.<\/p>\n\n\n\n<p>Maior efici\u00eancia: Os processos de imers\u00e3o automatizados reduzem significativamente o trabalho manual, aceleram os tempos de produ\u00e7\u00e3o e aumentam o rendimento global, tornando-os ideais para a produ\u00e7\u00e3o em massa.<\/p>\n\n\n\n<p>Versatilidade: A m\u00e1quina \u00e9 adequada para v\u00e1rios produtos cer\u00e2micos, tais como tigelas, canecas, vasos, etc. Pode manusear produtos cer\u00e2micos de diferentes formas e tamanhos, pelo que se adapta a uma vasta gama de necessidades de produ\u00e7\u00e3o.<\/p>\n<\/div>\n\n\n\n<div class=\"wp-block-column is-layout-flow wp-block-column-is-layout-flow\">\n<figure class=\"wp-block-embed is-type-video is-provider-youtube wp-block-embed-youtube wp-embed-aspect-16-9 wp-has-aspect-ratio\"><div class=\"wp-block-embed__wrapper\">\n<iframe title=\"m\u00e1quina de imers\u00e3o de esmalte para vasos de cer\u00e2mica\" width=\"940\" height=\"529\" src=\"https:\/\/www.youtube.com\/embed\/N0N9-HTgLno?feature=oembed\" frameborder=\"0\" allow=\"accelerometer; autoplay; clipboard-write; encrypted-media; gyroscope; picture-in-picture; web-share\" referrerpolicy=\"strict-origin-when-cross-origin\" allowfullscreen><\/iframe>\n<\/div><\/figure>\n<\/div>\n<\/div>","protected":false},"excerpt":{"rendered":"<p>M\u00e1quina de cer\u00e2mica Yutai Vendas diretas da f\u00e1brica de m\u00e1quina de imers\u00e3o em cer\u00e2mica de alta qualidade, design de tanque duplo, pode simultaneamente duas cores de esmalte, melhorar a efici\u00eancia da produ\u00e7\u00e3o. Oferecemos servi\u00e7os personalizados e de instala\u00e7\u00e3o t\u00e9cnica, 24 horas online para resolver os seus problemas.<\/p>\n<h2>Solu\u00e7\u00e3o \u00fanica para m\u00e1quinas de imers\u00e3o:<\/h2>\n<ol>\n<li>\n<p>Pre\u00e7o de f\u00e1brica: Como fabricante de m\u00e1quinas de cer\u00e2mica, fornecemos m\u00e1quinas de imers\u00e3o em vidros com boa rela\u00e7\u00e3o custo-benef\u00edcio, entre em contato conosco para obter o pre\u00e7o de f\u00e1brica.<\/p>\n<\/li>\n<li>\n<p>Apoio t\u00e9cnico: Fornecer orienta\u00e7\u00e3o t\u00e9cnica profissional e instala\u00e7\u00e3o mec\u00e2nica, com guias em v\u00eddeo para garantir uma utiliza\u00e7\u00e3o r\u00e1pida do produto<\/p>\n<\/li>\n<li>\n<p>Pe\u00e7as de substitui\u00e7\u00e3o: Fornecimento de uma gama de pe\u00e7as sobresselentes originais.<\/p>\n<\/li>\n<li>\n<p>Apoio p\u00f3s-venda: Ajuda online 24 horas por dia para garantir que est\u00e1 satisfeito com as m\u00e1quinas de imers\u00e3o de vidros e que estas s\u00e3o utilizadas sem problemas na sua linha de produ\u00e7\u00e3o.<\/p>\n<\/li>\n<\/ol>","protected":false},"featured_media":4081,"template":"","meta":{"_acf_changed":false},"product_brand":[],"product_cat":[57],"product_tag":[78],"class_list":{"0":"post-4077","1":"product","2":"type-product","3":"status-publish","4":"has-post-thumbnail","6":"product_cat-ceramic-glazing-machine","7":"product_tag-glaze-dipping-machine","9":"first","10":"instock","11":"shipping-taxable","12":"product-type-simple"},"acf":{"customization_content":"<h2><\/h2>\r\n<div><\/div>","customization_content_source":{"label":"Customization Content","type":"wysiwyg","formatted_value":"<h2><\/h2>\n<div><\/div>\n"},"why_choose_us_content":"<h2 style=\"text-align: center;\">Why Choose Us as Your Glazing Machine Supplier<\/h2>\r\n\r\n<hr \/>\r\n<p style=\"text-align: center;\">\u00a0Yutai as a ceramic machine manufacturer, maintains strict quality standards and excellent service. Revolutionize your manufacturing processes with cutting-edge automation technology that streamlines forming and enhances efficiency.<\/p>","why_choose_us_content_source":{"label":"Why Choose Us Content","type":"wysiwyg","formatted_value":"<h2 style=\"text-align: center;\">Why Choose Us as Your Glazing Machine Supplier<\/h2>\n<hr \/>\n<p style=\"text-align: center;\">\u00a0Yutai as a ceramic machine manufacturer, maintains strict quality standards and excellent service. Revolutionize your manufacturing processes with cutting-edge automation technology that streamlines forming and enhances efficiency.<\/p>\n"}},"_links":{"self":[{"href":"https:\/\/yutaimachinery.com\/pt\/wp-json\/wp\/v2\/product\/4077","targetHints":{"allow":["GET"]}}],"collection":[{"href":"https:\/\/yutaimachinery.com\/pt\/wp-json\/wp\/v2\/product"}],"about":[{"href":"https:\/\/yutaimachinery.com\/pt\/wp-json\/wp\/v2\/types\/product"}],"version-history":[{"count":0,"href":"https:\/\/yutaimachinery.com\/pt\/wp-json\/wp\/v2\/product\/4077\/revisions"}],"wp:featuredmedia":[{"embeddable":true,"href":"https:\/\/yutaimachinery.com\/pt\/wp-json\/wp\/v2\/media\/4081"}],"wp:attachment":[{"href":"https:\/\/yutaimachinery.com\/pt\/wp-json\/wp\/v2\/media?parent=4077"}],"wp:term":[{"taxonomy":"product_brand","embeddable":true,"href":"https:\/\/yutaimachinery.com\/pt\/wp-json\/wp\/v2\/product_brand?post=4077"},{"taxonomy":"product_cat","embeddable":true,"href":"https:\/\/yutaimachinery.com\/pt\/wp-json\/wp\/v2\/product_cat?post=4077"},{"taxonomy":"product_tag","embeddable":true,"href":"https:\/\/yutaimachinery.com\/pt\/wp-json\/wp\/v2\/product_tag?post=4077"}],"curies":[{"name":"wp","href":"https:\/\/api.w.org\/{rel}","templated":true}]}}