{"id":4063,"date":"2024-05-14T11:51:50","date_gmt":"2024-05-14T03:51:50","guid":{"rendered":"https:\/\/yutaimachinery.com\/?post_type=product&#038;p=4063"},"modified":"2024-05-14T14:32:02","modified_gmt":"2024-05-14T06:32:02","slug":"maquina-de-vidragem-de-ceramica","status":"publish","type":"product","link":"https:\/\/yutaimachinery.com\/pt\/product\/pottery-glazing-machine\/","title":{"rendered":"M\u00e1quina autom\u00e1tica de esmaltagem de cer\u00e2mica de 2 cores para canecas de cer\u00e2mica"},"content":{"rendered":"<div class=\"wp-block-columns is-layout-flex wp-container-core-columns-is-layout-9d6595d7 wp-block-columns-is-layout-flex\">\n<div class=\"wp-block-column is-layout-flow wp-block-column-is-layout-flow\">\n<h2 class=\"wp-block-heading\"><strong><strong>M\u00e1quina de esmalte para cer\u00e2mica<\/strong><\/strong> <strong>Caracter\u00edsticas:<\/strong><\/h2>\n\n\n\n<p>Personaliza\u00e7\u00e3o da cor: As m\u00e1quinas de imers\u00e3o de vidros para canecas e ta\u00e7as totalmente autom\u00e1ticas podem fazer uma ou duas cores. \u00c9 uma boa escolha especial para o interior e exterior de cores diferentes.<\/p>\n\n\n\n<p>Integra\u00e7\u00e3o do fluxo de trabalho: Trabalhando com uma linha de conforma\u00e7\u00e3o autom\u00e1tica, obt\u00e9m-se uma linha de produ\u00e7\u00e3o totalmente autom\u00e1tica, desde a conforma\u00e7\u00e3o do corpo verde at\u00e9 ao envidra\u00e7amento.<\/p>\n<\/div>\n\n\n\n<div class=\"wp-block-column is-layout-flow wp-block-column-is-layout-flow\">\n<figure class=\"wp-block-embed is-type-video is-provider-youtube wp-block-embed-youtube wp-embed-aspect-16-9 wp-has-aspect-ratio\"><div class=\"wp-block-embed__wrapper\">\n<iframe title=\"m\u00e1quina autom\u00e1tica de esmaltar canecas de 2 cores\" width=\"940\" height=\"529\" src=\"https:\/\/www.youtube.com\/embed\/eHOMoB5Dcp8?feature=oembed\" frameborder=\"0\" allow=\"accelerometer; autoplay; clipboard-write; encrypted-media; gyroscope; picture-in-picture; web-share\" referrerpolicy=\"strict-origin-when-cross-origin\" allowfullscreen><\/iframe>\n<\/div><\/figure>\n<\/div>\n<\/div>","protected":false},"excerpt":{"rendered":"<p>A m\u00e1quina autom\u00e1tica de vitrifica\u00e7\u00e3o de cer\u00e2mica pode realizar diferentes cores dentro e fora da ta\u00e7a e integra-se perfeitamente com a linha de produ\u00e7\u00e3o de forma\u00e7\u00e3o autom\u00e1tica para atender \u00e0s diferentes necessidades do produto. Fornecemos apoio t\u00e9cnico completo, incluindo instala\u00e7\u00e3o, forma\u00e7\u00e3o e servi\u00e7o completo.<\/p>\n<h2>Solu\u00e7\u00e3o \u00fanica para m\u00e1quina de esmaltagem de cer\u00e2mica:<\/h2>\n<ol>\n<li>\n<p>Pre\u00e7o de f\u00e1brica: Como fabricante de m\u00e1quinas de cer\u00e2mica, fornecemos m\u00e1quinas de esmaltagem de cer\u00e2mica com boa rela\u00e7\u00e3o custo-benef\u00edcio, entre em contato conosco para obter o pre\u00e7o de f\u00e1brica.<\/p>\n<\/li>\n<li>\n<p>Apoio t\u00e9cnico: Fornecer orienta\u00e7\u00e3o t\u00e9cnica profissional e instala\u00e7\u00e3o mec\u00e2nica, com guias em v\u00eddeo para garantir uma utiliza\u00e7\u00e3o r\u00e1pida do produto<\/p>\n<\/li>\n<li>\n<p>Pe\u00e7as de substitui\u00e7\u00e3o: Fornecimento de uma gama de pe\u00e7as sobresselentes originais.<\/p>\n<\/li>\n<li>\n<p>Apoio p\u00f3s-venda: Ajuda online 24 horas por dia para garantir que est\u00e1 satisfeito com as m\u00e1quinas de esmaltagem de cer\u00e2mica e que estas s\u00e3o utilizadas sem problemas na sua linha de produ\u00e7\u00e3o.<\/p>\n<\/li>\n<\/ol>","protected":false},"featured_media":4069,"template":"","meta":{"_acf_changed":false},"product_brand":[],"product_cat":[57],"product_tag":[78],"class_list":{"0":"post-4063","1":"product","2":"type-product","3":"status-publish","4":"has-post-thumbnail","6":"product_cat-ceramic-glazing-machine","7":"product_tag-glaze-dipping-machine","9":"first","10":"instock","11":"shipping-taxable","12":"product-type-simple"},"acf":{"customization_content":"<h2><\/h2>\r\n<div><\/div>","customization_content_source":{"label":"Customization Content","type":"wysiwyg","formatted_value":"<h2><\/h2>\n<div><\/div>\n"},"why_choose_us_content":"<h2 style=\"text-align: center;\">Why Choose Us as Your Pottery Glazing Machine Supplier<\/h2>\r\n\r\n<hr \/>\r\n<p style=\"text-align: center;\">\u00a0Yutai as a ceramic machine manufacturer, maintains strict quality standards and excellent service. Revolutionize your manufacturing processes with cutting-edge automation technology that streamlines forming and enhances efficiency.<\/p>","why_choose_us_content_source":{"label":"Why Choose Us Content","type":"wysiwyg","formatted_value":"<h2 style=\"text-align: center;\">Why Choose Us as Your Pottery Glazing Machine Supplier<\/h2>\n<hr \/>\n<p style=\"text-align: center;\">\u00a0Yutai as a ceramic machine manufacturer, maintains strict quality standards and excellent service. Revolutionize your manufacturing processes with cutting-edge automation technology that streamlines forming and enhances efficiency.<\/p>\n"}},"_links":{"self":[{"href":"https:\/\/yutaimachinery.com\/pt\/wp-json\/wp\/v2\/product\/4063","targetHints":{"allow":["GET"]}}],"collection":[{"href":"https:\/\/yutaimachinery.com\/pt\/wp-json\/wp\/v2\/product"}],"about":[{"href":"https:\/\/yutaimachinery.com\/pt\/wp-json\/wp\/v2\/types\/product"}],"version-history":[{"count":0,"href":"https:\/\/yutaimachinery.com\/pt\/wp-json\/wp\/v2\/product\/4063\/revisions"}],"wp:featuredmedia":[{"embeddable":true,"href":"https:\/\/yutaimachinery.com\/pt\/wp-json\/wp\/v2\/media\/4069"}],"wp:attachment":[{"href":"https:\/\/yutaimachinery.com\/pt\/wp-json\/wp\/v2\/media?parent=4063"}],"wp:term":[{"taxonomy":"product_brand","embeddable":true,"href":"https:\/\/yutaimachinery.com\/pt\/wp-json\/wp\/v2\/product_brand?post=4063"},{"taxonomy":"product_cat","embeddable":true,"href":"https:\/\/yutaimachinery.com\/pt\/wp-json\/wp\/v2\/product_cat?post=4063"},{"taxonomy":"product_tag","embeddable":true,"href":"https:\/\/yutaimachinery.com\/pt\/wp-json\/wp\/v2\/product_tag?post=4063"}],"curies":[{"name":"wp","href":"https:\/\/api.w.org\/{rel}","templated":true}]}}