{"id":4055,"date":"2024-05-14T11:04:57","date_gmt":"2024-05-14T03:04:57","guid":{"rendered":"https:\/\/yutaimachinery.com\/?post_type=product&#038;p=4055"},"modified":"2024-05-14T11:51:19","modified_gmt":"2024-05-14T03:51:19","slug":"equipamento-de-envidracamento","status":"publish","type":"product","link":"https:\/\/yutaimachinery.com\/pt\/product\/glazing-equipment\/","title":{"rendered":"Equipamento de vitrifica\u00e7\u00e3o barato para caneca de cer\u00e2mica interna"},"content":{"rendered":"<div class=\"wp-block-columns is-layout-flex wp-container-core-columns-is-layout-9d6595d7 wp-block-columns-is-layout-flex\">\n<div class=\"wp-block-column is-layout-flow wp-block-column-is-layout-flow\">\n<h2 class=\"wp-block-heading\"><strong><strong>Equipamento de envidra\u00e7amento<\/strong><\/strong> <strong>Caracter\u00edsticas:<\/strong><\/h2>\n\n\n\n<p>F\u00e1cil de utilizar: Design e controlo f\u00e1cil de usar, basta inverter o copo sobre a boca do esmalte para completar o esmalte interno do copo, f\u00e1cil de operar para melhorar a efici\u00eancia.<\/p>\n\n\n\n<p>Custo-benef\u00edcio: Com funcionamento manual, este equipamento oferece uma solu\u00e7\u00e3o econ\u00f3mica para esmaltar canecas de cer\u00e2mica, eliminando a necessidade de sistemas de automa\u00e7\u00e3o complexos e reduzindo os custos de investimento inicial.<\/p>\n<\/div>\n\n\n\n<div class=\"wp-block-column is-layout-flow wp-block-column-is-layout-flow\">\n<figure class=\"wp-block-embed is-type-video is-provider-youtube wp-block-embed-youtube wp-embed-aspect-16-9 wp-has-aspect-ratio\"><div class=\"wp-block-embed__wrapper\">\n<iframe title=\"Como esmaltar as canecas de porcelana no interior e no exterior?\" width=\"940\" height=\"529\" src=\"https:\/\/www.youtube.com\/embed\/Act77sMDPRw?feature=oembed\" frameborder=\"0\" allow=\"accelerometer; autoplay; clipboard-write; encrypted-media; gyroscope; picture-in-picture; web-share\" referrerpolicy=\"strict-origin-when-cross-origin\" allowfullscreen><\/iframe>\n<\/div><\/figure>\n<\/div>\n<\/div>","protected":false},"excerpt":{"rendered":"<p>Equipamento manual de vidragem de cer\u00e2mica, f\u00e1cil de operar, acabamento eficiente da vidragem interna do copo. Adequado para v\u00e1rios modelos e tamanhos de ch\u00e1venas de cer\u00e2mica. \u00c9 uma solu\u00e7\u00e3o econ\u00f3mica de aplica\u00e7\u00e3o m\u00faltipla de vidros cer\u00e2micos.<\/p>\n<h2>Solu\u00e7\u00e3o \u00fanica para equipamentos de envidra\u00e7amento:<\/h2>\n<ol>\n<li>\n<p>Pre\u00e7o de f\u00e1brica: Como um fabricante de m\u00e1quinas de cer\u00e2mica, n\u00f3s fornecemos equipamentos de envidra\u00e7amento com boa rela\u00e7\u00e3o custo-benef\u00edcio, bem-vindo a contactar-nos para obter o pre\u00e7o de f\u00e1brica.<\/p>\n<\/li>\n<li>\n<p>Apoio t\u00e9cnico: Fornecer orienta\u00e7\u00e3o t\u00e9cnica profissional e instala\u00e7\u00e3o mec\u00e2nica, com guias em v\u00eddeo para garantir uma utiliza\u00e7\u00e3o r\u00e1pida do produto<\/p>\n<\/li>\n<li>\n<p>Pe\u00e7as de substitui\u00e7\u00e3o: Fornecimento de uma gama de pe\u00e7as sobresselentes originais.<\/p>\n<\/li>\n<li>\n<p>Apoio p\u00f3s-venda Ajuda em linha 24 horas por dia para garantir a sua satisfa\u00e7\u00e3o com o equipamento de envidra\u00e7amento e a sua utiliza\u00e7\u00e3o sem problemas na sua linha de produ\u00e7\u00e3o.<\/p>\n<\/li>\n<\/ol>","protected":false},"featured_media":4058,"template":"","meta":{"_acf_changed":false},"product_brand":[],"product_cat":[57],"product_tag":[78],"class_list":{"0":"post-4055","1":"product","2":"type-product","3":"status-publish","4":"has-post-thumbnail","6":"product_cat-ceramic-glazing-machine","7":"product_tag-glaze-dipping-machine","9":"first","10":"instock","11":"shipping-taxable","12":"product-type-simple"},"acf":{"customization_content":"<h2><\/h2>\r\n<div><\/div>","customization_content_source":{"label":"Customization Content","type":"wysiwyg","formatted_value":"<h2><\/h2>\n<div><\/div>\n"},"why_choose_us_content":"<h2 style=\"text-align: center;\">Why Choose Us as Your Glazing Equipment Supplier<\/h2>\r\n\r\n<hr \/>\r\n<p style=\"text-align: center;\">\u00a0Yutai as a ceramic machine manufacturer, maintains strict quality standards and excellent service. Revolutionize your manufacturing processes with cutting-edge automation technology that streamlines forming and enhances efficiency.<\/p>","why_choose_us_content_source":{"label":"Why Choose Us Content","type":"wysiwyg","formatted_value":"<h2 style=\"text-align: center;\">Why Choose Us as Your Glazing Equipment Supplier<\/h2>\n<hr \/>\n<p style=\"text-align: center;\">\u00a0Yutai as a ceramic machine manufacturer, maintains strict quality standards and excellent service. Revolutionize your manufacturing processes with cutting-edge automation technology that streamlines forming and enhances efficiency.<\/p>\n"}},"_links":{"self":[{"href":"https:\/\/yutaimachinery.com\/pt\/wp-json\/wp\/v2\/product\/4055","targetHints":{"allow":["GET"]}}],"collection":[{"href":"https:\/\/yutaimachinery.com\/pt\/wp-json\/wp\/v2\/product"}],"about":[{"href":"https:\/\/yutaimachinery.com\/pt\/wp-json\/wp\/v2\/types\/product"}],"version-history":[{"count":0,"href":"https:\/\/yutaimachinery.com\/pt\/wp-json\/wp\/v2\/product\/4055\/revisions"}],"wp:featuredmedia":[{"embeddable":true,"href":"https:\/\/yutaimachinery.com\/pt\/wp-json\/wp\/v2\/media\/4058"}],"wp:attachment":[{"href":"https:\/\/yutaimachinery.com\/pt\/wp-json\/wp\/v2\/media?parent=4055"}],"wp:term":[{"taxonomy":"product_brand","embeddable":true,"href":"https:\/\/yutaimachinery.com\/pt\/wp-json\/wp\/v2\/product_brand?post=4055"},{"taxonomy":"product_cat","embeddable":true,"href":"https:\/\/yutaimachinery.com\/pt\/wp-json\/wp\/v2\/product_cat?post=4055"},{"taxonomy":"product_tag","embeddable":true,"href":"https:\/\/yutaimachinery.com\/pt\/wp-json\/wp\/v2\/product_tag?post=4055"}],"curies":[{"name":"wp","href":"https:\/\/api.w.org\/{rel}","templated":true}]}}