{"id":3958,"date":"2024-04-25T15:32:27","date_gmt":"2024-04-25T07:32:27","guid":{"rendered":"https:\/\/yutaimachinery.com\/?post_type=product&#038;p=3958"},"modified":"2024-05-14T10:52:29","modified_gmt":"2024-05-14T02:52:29","slug":"misturador-de-gesso-por-vacuo-2","status":"publish","type":"product","link":"https:\/\/yutaimachinery.com\/pt\/product\/vacuum-plaster-mixer\/","title":{"rendered":"Misturador de gesso a v\u00e1cuo para moldes de moldagem por rolo e moldes de fundi\u00e7\u00e3o"},"content":{"rendered":"<div class=\"wp-block-columns is-layout-flex wp-container-core-columns-is-layout-9d6595d7 wp-block-columns-is-layout-flex\">\n<div class=\"wp-block-column is-layout-flow wp-block-column-is-layout-flow\">\n<h2 class=\"wp-block-heading\"><strong>Misturador de gesso a v\u00e1cuo Par\u00e2metro:<\/strong><\/h2>\n\n\n\n<figure class=\"wp-block-table\"><table><tbody><tr><td>Modelo<\/td><td>Dimens\u00e3o (lxwxh)<\/td><td>Pot\u00eancia (kw)<\/td><\/tr><tr><td>30<\/td><td>70x60x150cm(h)<\/td><td>0,75kw<\/td><\/tr><tr><td>60<\/td><td>80x65x170 cm(h)<\/td><td>1,5kw<\/td><\/tr><\/tbody><\/table><\/figure>\n<\/div>\n\n\n\n<div class=\"wp-block-column is-layout-flow wp-block-column-is-layout-flow\"><div class=\"wp-block-image\">\n<figure class=\"aligncenter size-full is-resized\"><img fetchpriority=\"high\" decoding=\"async\" width=\"1080\" height=\"1080\" src=\"https:\/\/yutaimachinery.com\/wp-content\/uploads\/2024\/04\/Vacuum-plaster-mixer1.webp\" alt=\"Misturador de gesso por v\u00e1cuo\" class=\"wp-image-3966\" style=\"width:293px;height:auto\" title=\"\" srcset=\"https:\/\/yutaimachinery.com\/wp-content\/uploads\/2024\/04\/Vacuum-plaster-mixer1.webp 1080w, https:\/\/yutaimachinery.com\/wp-content\/uploads\/2024\/04\/Vacuum-plaster-mixer1-300x300.webp 300w, https:\/\/yutaimachinery.com\/wp-content\/uploads\/2024\/04\/Vacuum-plaster-mixer1-150x150.webp 150w, https:\/\/yutaimachinery.com\/wp-content\/uploads\/2024\/04\/Vacuum-plaster-mixer1-768x768.webp 768w, https:\/\/yutaimachinery.com\/wp-content\/uploads\/2024\/04\/Vacuum-plaster-mixer1-285x285.webp 285w, https:\/\/yutaimachinery.com\/wp-content\/uploads\/2024\/04\/Vacuum-plaster-mixer1-270x270.webp 270w, https:\/\/yutaimachinery.com\/wp-content\/uploads\/2024\/04\/Vacuum-plaster-mixer1-540x540.webp 540w, https:\/\/yutaimachinery.com\/wp-content\/uploads\/2024\/04\/Vacuum-plaster-mixer1-660x660.webp 660w\" sizes=\"(max-width: 1080px) 100vw, 1080px\" \/><\/figure>\n<\/div><\/div>\n<\/div>\n\n\n\n<h2 class=\"wp-block-heading\"><strong><strong>Misturador de gesso a v\u00e1cuo <\/strong>Caracter\u00edsticas:<\/strong><\/h2>\n\n\n\n<p><strong>Melhoria da qualidade do gesso: <\/strong>O processo de mistura a v\u00e1cuo aumenta a suavidade e a dureza dos moldes de gesso, resultando em detalhes mais finos e durabilidade do produto final.<\/p>\n\n\n\n<p><strong>Velocidade e tempo de mistura ajust\u00e1veis: <\/strong>Oferece flexibilidade para ajustar a velocidade e a dura\u00e7\u00e3o da mistura, permitindo um controlo preciso da consist\u00eancia do gesso de acordo com requisitos espec\u00edficos.<\/p>\n\n\n\n<p><strong>Constru\u00e7\u00e3o em a\u00e7o inoxid\u00e1vel<\/strong>: O arm\u00e1rio da misturadora \u00e9 feito de a\u00e7o inoxid\u00e1vel, garantindo durabilidade e resist\u00eancia \u00e0 corros\u00e3o, o que \u00e9 essencial para uma utiliza\u00e7\u00e3o a longo prazo num ambiente de fabrico.<\/p>\n\n\n\n<p><strong>C\u00e2mara de alum\u00ednio selada: <\/strong>Possui uma c\u00e2mara de alum\u00ednio fundido com excelentes propriedades de veda\u00e7\u00e3o, protegendo a mistura de contaminantes e assegurando um ambiente de mistura limpo.<\/p>\n\n\n\n<p><strong>Facilidade de utiliza\u00e7\u00e3o: <\/strong>A capacidade de ajustar facilmente a velocidade das l\u00e2minas de mistura e o tempo de mistura torna esta m\u00e1quina f\u00e1cil de utilizar e adapt\u00e1vel a v\u00e1rias necessidades de produ\u00e7\u00e3o.<\/p>\n\n\n\n<div class=\"wp-block-columns is-layout-flex wp-container-core-columns-is-layout-9d6595d7 wp-block-columns-is-layout-flex\">\n<div class=\"wp-block-column is-layout-flow wp-block-column-is-layout-flow\">\n<figure class=\"wp-block-image size-full is-resized\"><img decoding=\"async\" width=\"1276\" height=\"1276\" src=\"https:\/\/yutaimachinery.com\/wp-content\/uploads\/2024\/04\/Vacuum-plaster-mixer5.webp\" alt=\"Misturador de gesso por v\u00e1cuo\" class=\"wp-image-3967\" style=\"width:346px;height:auto\" title=\"\" srcset=\"https:\/\/yutaimachinery.com\/wp-content\/uploads\/2024\/04\/Vacuum-plaster-mixer5.webp 1276w, https:\/\/yutaimachinery.com\/wp-content\/uploads\/2024\/04\/Vacuum-plaster-mixer5-300x300.webp 300w, https:\/\/yutaimachinery.com\/wp-content\/uploads\/2024\/04\/Vacuum-plaster-mixer5-150x150.webp 150w, https:\/\/yutaimachinery.com\/wp-content\/uploads\/2024\/04\/Vacuum-plaster-mixer5-768x768.webp 768w, https:\/\/yutaimachinery.com\/wp-content\/uploads\/2024\/04\/Vacuum-plaster-mixer5-285x285.webp 285w, https:\/\/yutaimachinery.com\/wp-content\/uploads\/2024\/04\/Vacuum-plaster-mixer5-270x270.webp 270w, https:\/\/yutaimachinery.com\/wp-content\/uploads\/2024\/04\/Vacuum-plaster-mixer5-540x540.webp 540w, https:\/\/yutaimachinery.com\/wp-content\/uploads\/2024\/04\/Vacuum-plaster-mixer5-660x660.webp 660w\" sizes=\"(max-width: 1276px) 100vw, 1276px\" \/><\/figure>\n<\/div>\n\n\n\n<div class=\"wp-block-column is-layout-flow wp-block-column-is-layout-flow\">\n<figure class=\"wp-block-image size-full is-resized\"><img decoding=\"async\" width=\"1080\" height=\"1080\" src=\"https:\/\/yutaimachinery.com\/wp-content\/uploads\/2024\/04\/Vacuum-plaster-mixer2.webp\" alt=\"Misturador de gesso por v\u00e1cuo\" class=\"wp-image-3964\" style=\"width:344px;height:auto\" title=\"\" srcset=\"https:\/\/yutaimachinery.com\/wp-content\/uploads\/2024\/04\/Vacuum-plaster-mixer2.webp 1080w, https:\/\/yutaimachinery.com\/wp-content\/uploads\/2024\/04\/Vacuum-plaster-mixer2-300x300.webp 300w, https:\/\/yutaimachinery.com\/wp-content\/uploads\/2024\/04\/Vacuum-plaster-mixer2-150x150.webp 150w, https:\/\/yutaimachinery.com\/wp-content\/uploads\/2024\/04\/Vacuum-plaster-mixer2-768x768.webp 768w, https:\/\/yutaimachinery.com\/wp-content\/uploads\/2024\/04\/Vacuum-plaster-mixer2-285x285.webp 285w, https:\/\/yutaimachinery.com\/wp-content\/uploads\/2024\/04\/Vacuum-plaster-mixer2-270x270.webp 270w, https:\/\/yutaimachinery.com\/wp-content\/uploads\/2024\/04\/Vacuum-plaster-mixer2-540x540.webp 540w, https:\/\/yutaimachinery.com\/wp-content\/uploads\/2024\/04\/Vacuum-plaster-mixer2-660x660.webp 660w\" sizes=\"(max-width: 1080px) 100vw, 1080px\" \/><\/figure>\n<\/div>\n<\/div>","protected":false},"excerpt":{"rendered":"<p>Misturador de gesso a v\u00e1cuo de venda direta na f\u00e1brica, concebido para otimizar a prepara\u00e7\u00e3o do gesso para a cabe\u00e7a do rolo e para os moldes de fundi\u00e7\u00e3o, o que o torna uma ferramenta inestim\u00e1vel para melhorar a efici\u00eancia e a qualidade da produ\u00e7\u00e3o no fabrico de moldes de cer\u00e2mica e gesso.<\/p>\n<h2>Solu\u00e7\u00e3o \u00fanica para misturador de gesso por v\u00e1cuo:<\/h2>\n<ol>\n<li>\n<p>Pre\u00e7o de f\u00e1brica: Como um fabricante de m\u00e1quinas de cer\u00e2mica, n\u00f3s fornecemos m\u00e1quinas de corte de argila com boa rela\u00e7\u00e3o custo-benef\u00edcio, bem-vindo a contactar-nos para obter o pre\u00e7o de f\u00e1brica.<\/p>\n<\/li>\n<li>\n<p>Apoio t\u00e9cnico: Fornecer orienta\u00e7\u00e3o t\u00e9cnica profissional e instala\u00e7\u00e3o mec\u00e2nica, com guias em v\u00eddeo para garantir uma utiliza\u00e7\u00e3o r\u00e1pida do produto<\/p>\n<\/li>\n<li>\n<p>Pe\u00e7as de substitui\u00e7\u00e3o: Fornecimento de uma gama de pe\u00e7as sobresselentes originais.<\/p>\n<\/li>\n<li>\n<p>Apoio p\u00f3s-venda: Ajuda online 24 horas por dia para garantir que est\u00e1 satisfeito com o misturador de gesso a v\u00e1cuo e que este \u00e9 utilizado sem problemas na sua linha de produ\u00e7\u00e3o.<\/p>\n<\/li>\n<\/ol>","protected":false},"featured_media":3963,"template":"","meta":{"_acf_changed":false},"product_brand":[],"product_cat":[55],"product_tag":[84],"class_list":{"0":"post-3958","1":"product","2":"type-product","3":"status-publish","4":"has-post-thumbnail","6":"product_cat-ceramic-forming-machine","7":"product_tag-vacuum-plaster-mixer","9":"first","10":"instock","11":"shipping-taxable","12":"product-type-simple"},"acf":{"customization_content":"<h2><\/h2>\r\n<div><\/div>","customization_content_source":{"label":"Customization Content","type":"wysiwyg","formatted_value":"<h2><\/h2>\n<div><\/div>\n"},"why_choose_us_content":"<h2 style=\"text-align: center;\">Why Choose Us as Your Vacuum Plaster Mixer Supplier<\/h2>\r\n\r\n<hr \/>\r\n<p style=\"text-align: center;\">\u00a0Yutai as a ceramic machine manufacturer, maintains strict quality standards and excellent service. Revolutionize your manufacturing processes with cutting-edge automation technology that streamlines forming and enhances efficiency.<\/p>","why_choose_us_content_source":{"label":"Why Choose Us Content","type":"wysiwyg","formatted_value":"<h2 style=\"text-align: center;\">Why Choose Us as Your Vacuum Plaster Mixer Supplier<\/h2>\n<hr \/>\n<p style=\"text-align: center;\">\u00a0Yutai as a ceramic machine manufacturer, maintains strict quality standards and excellent service. Revolutionize your manufacturing processes with cutting-edge automation technology that streamlines forming and enhances efficiency.<\/p>\n"}},"_links":{"self":[{"href":"https:\/\/yutaimachinery.com\/pt\/wp-json\/wp\/v2\/product\/3958","targetHints":{"allow":["GET"]}}],"collection":[{"href":"https:\/\/yutaimachinery.com\/pt\/wp-json\/wp\/v2\/product"}],"about":[{"href":"https:\/\/yutaimachinery.com\/pt\/wp-json\/wp\/v2\/types\/product"}],"version-history":[{"count":0,"href":"https:\/\/yutaimachinery.com\/pt\/wp-json\/wp\/v2\/product\/3958\/revisions"}],"wp:featuredmedia":[{"embeddable":true,"href":"https:\/\/yutaimachinery.com\/pt\/wp-json\/wp\/v2\/media\/3963"}],"wp:attachment":[{"href":"https:\/\/yutaimachinery.com\/pt\/wp-json\/wp\/v2\/media?parent=3958"}],"wp:term":[{"taxonomy":"product_brand","embeddable":true,"href":"https:\/\/yutaimachinery.com\/pt\/wp-json\/wp\/v2\/product_brand?post=3958"},{"taxonomy":"product_cat","embeddable":true,"href":"https:\/\/yutaimachinery.com\/pt\/wp-json\/wp\/v2\/product_cat?post=3958"},{"taxonomy":"product_tag","embeddable":true,"href":"https:\/\/yutaimachinery.com\/pt\/wp-json\/wp\/v2\/product_tag?post=3958"}],"curies":[{"name":"wp","href":"https:\/\/api.w.org\/{rel}","templated":true}]}}