{"id":3944,"date":"2024-04-25T14:15:57","date_gmt":"2024-04-25T06:15:57","guid":{"rendered":"https:\/\/yutaimachinery.com\/?post_type=product&#038;p=3944"},"modified":"2024-04-25T14:35:12","modified_gmt":"2024-04-25T06:35:12","slug":"bomba-de-diafragma-de-ar","status":"publish","type":"product","link":"https:\/\/yutaimachinery.com\/pt\/product\/air-diaphragm-pump\/","title":{"rendered":"Bomba de diafragma de ar para transporte pneum\u00e1tico de polpa de argila"},"content":{"rendered":"<div class=\"wp-block-columns is-layout-flex wp-container-core-columns-is-layout-9d6595d7 wp-block-columns-is-layout-flex\">\n<div class=\"wp-block-column is-layout-flow wp-block-column-is-layout-flow\">\n<h2 class=\"wp-block-heading\"><strong>Bomba de diafragma de ar Caracter\u00edsticas:<\/strong><\/h2>\n\n\n\n<ol class=\"wp-block-list\">\n<li><strong>Instala\u00e7\u00e3o vers\u00e1til<\/strong>: Ao contr\u00e1rio de algumas bombas, a bomba de diafragma pneum\u00e1tica n\u00e3o necessita de instala\u00e7\u00e3o horizontal, oferecendo flexibilidade na coloca\u00e7\u00e3o em configura\u00e7\u00f5es de produ\u00e7\u00e3o.<\/li>\n\n\n\n<li><strong>Resist\u00eancia a danos<\/strong>: Concebido para suportar longos per\u00edodos de ralenti cont\u00ednuo sem sofrer danos, garantindo um desempenho fi\u00e1vel mesmo durante um funcionamento prolongado.<\/li>\n\n\n\n<li><strong>Aspira\u00e7\u00e3o eficiente<\/strong>: Com uma capacidade de suc\u00e7\u00e3o de 100%, esta bomba aspira eficazmente materiais de esmalte e lama de argila, facilitando o transporte suave e ininterrupto do material.<\/li>\n\n\n\n<li><strong>Aplica\u00e7\u00f5es m\u00faltiplas<\/strong>: Adequado para uma variedade de tarefas, incluindo o transporte de materiais de esmalte e lama de argila, bem como fundi\u00e7\u00e3o por deslizamento sob press\u00e3o, tornando-o uma solu\u00e7\u00e3o vers\u00e1til para diversas necessidades de produ\u00e7\u00e3o.<\/li>\n<\/ol>\n<\/div>\n\n\n\n<div class=\"wp-block-column is-layout-flow wp-block-column-is-layout-flow\">\n<figure class=\"wp-block-image size-full\"><img fetchpriority=\"high\" decoding=\"async\" width=\"696\" height=\"696\" src=\"https:\/\/yutaimachinery.com\/wp-content\/uploads\/2024\/04\/Air-Diaphragm-Pump-5.webp\" alt=\"Bomba de diafragma de ar\" class=\"wp-image-3925\" title=\"\" srcset=\"https:\/\/yutaimachinery.com\/wp-content\/uploads\/2024\/04\/Air-Diaphragm-Pump-5.webp 696w, https:\/\/yutaimachinery.com\/wp-content\/uploads\/2024\/04\/Air-Diaphragm-Pump-5-300x300.webp 300w, https:\/\/yutaimachinery.com\/wp-content\/uploads\/2024\/04\/Air-Diaphragm-Pump-5-150x150.webp 150w, https:\/\/yutaimachinery.com\/wp-content\/uploads\/2024\/04\/Air-Diaphragm-Pump-5-285x285.webp 285w, https:\/\/yutaimachinery.com\/wp-content\/uploads\/2024\/04\/Air-Diaphragm-Pump-5-270x270.webp 270w, https:\/\/yutaimachinery.com\/wp-content\/uploads\/2024\/04\/Air-Diaphragm-Pump-5-540x540.webp 540w, https:\/\/yutaimachinery.com\/wp-content\/uploads\/2024\/04\/Air-Diaphragm-Pump-5-660x660.webp 660w\" sizes=\"(max-width: 696px) 100vw, 696px\" \/><\/figure>\n<\/div>\n<\/div>","protected":false},"excerpt":{"rendered":"<p>Yutai maquinaria fabrica bombas de diafragma de ar por atacado com capacidade de suc\u00e7\u00e3o 100%. Esta bomba \u00e9 utilizada para materiais de esmalte e transportadores de lama de argila, ou fundi\u00e7\u00e3o por deslizamento de press\u00e3o.<\/p>\n<h2>Solu\u00e7\u00e3o \u00fanica para bombas de diafragma de ar:<\/h2>\n<ol>\n<li>\n<p>Pre\u00e7o de f\u00e1brica: Como um fabricante de m\u00e1quinas de cer\u00e2mica, n\u00f3s fornecemos m\u00e1quinas de corte de argila com boa rela\u00e7\u00e3o custo-benef\u00edcio, bem-vindo a contactar-nos para obter o pre\u00e7o de f\u00e1brica.<\/p>\n<\/li>\n<li>\n<p>Apoio t\u00e9cnico: Fornecer orienta\u00e7\u00e3o t\u00e9cnica profissional e instala\u00e7\u00e3o mec\u00e2nica, com guias em v\u00eddeo para garantir uma utiliza\u00e7\u00e3o r\u00e1pida do produto<\/p>\n<\/li>\n<li>\n<p>Pe\u00e7as de substitui\u00e7\u00e3o: Fornecimento de uma gama de pe\u00e7as sobresselentes originais.<\/p>\n<\/li>\n<li>\n<p>Apoio p\u00f3s-venda: Ajuda em linha 24 horas por dia para garantir que est\u00e1 satisfeito com a bomba de diafragma pneum\u00e1tica e que esta \u00e9 utilizada sem problemas na sua linha de produ\u00e7\u00e3o.<\/p>\n<\/li>\n<\/ol>","protected":false},"featured_media":3923,"template":"","meta":{"_acf_changed":false},"product_brand":[],"product_cat":[55],"product_tag":[82],"class_list":{"0":"post-3944","1":"product","2":"type-product","3":"status-publish","4":"has-post-thumbnail","6":"product_cat-ceramic-forming-machine","7":"product_tag-air-diaphragm-pump","9":"first","10":"instock","11":"shipping-taxable","12":"product-type-simple"},"acf":{"customization_content":"<h2><\/h2>\r\n<div><\/div>","customization_content_source":{"label":"Customization Content","type":"wysiwyg","formatted_value":"<h2><\/h2>\n<div><\/div>\n"},"why_choose_us_content":"<h2 style=\"text-align: center;\">Why Choose Us as Your Air Diaphragm Pump Supplier<\/h2>\r\n\r\n<hr \/>\r\n<p style=\"text-align: center;\">\u00a0Yutai as a ceramic machine manufacturer, maintains strict quality standards and excellent service. Revolutionize your manufacturing processes with cutting-edge automation technology that streamlines forming and enhances efficiency.<\/p>","why_choose_us_content_source":{"label":"Why Choose Us Content","type":"wysiwyg","formatted_value":"<h2 style=\"text-align: center;\">Why Choose Us as Your Air Diaphragm Pump Supplier<\/h2>\n<hr \/>\n<p style=\"text-align: center;\">\u00a0Yutai as a ceramic machine manufacturer, maintains strict quality standards and excellent service. Revolutionize your manufacturing processes with cutting-edge automation technology that streamlines forming and enhances efficiency.<\/p>\n"}},"_links":{"self":[{"href":"https:\/\/yutaimachinery.com\/pt\/wp-json\/wp\/v2\/product\/3944","targetHints":{"allow":["GET"]}}],"collection":[{"href":"https:\/\/yutaimachinery.com\/pt\/wp-json\/wp\/v2\/product"}],"about":[{"href":"https:\/\/yutaimachinery.com\/pt\/wp-json\/wp\/v2\/types\/product"}],"version-history":[{"count":0,"href":"https:\/\/yutaimachinery.com\/pt\/wp-json\/wp\/v2\/product\/3944\/revisions"}],"wp:featuredmedia":[{"embeddable":true,"href":"https:\/\/yutaimachinery.com\/pt\/wp-json\/wp\/v2\/media\/3923"}],"wp:attachment":[{"href":"https:\/\/yutaimachinery.com\/pt\/wp-json\/wp\/v2\/media?parent=3944"}],"wp:term":[{"taxonomy":"product_brand","embeddable":true,"href":"https:\/\/yutaimachinery.com\/pt\/wp-json\/wp\/v2\/product_brand?post=3944"},{"taxonomy":"product_cat","embeddable":true,"href":"https:\/\/yutaimachinery.com\/pt\/wp-json\/wp\/v2\/product_cat?post=3944"},{"taxonomy":"product_tag","embeddable":true,"href":"https:\/\/yutaimachinery.com\/pt\/wp-json\/wp\/v2\/product_tag?post=3944"}],"curies":[{"name":"wp","href":"https:\/\/api.w.org\/{rel}","templated":true}]}}