{"id":3920,"date":"2025-12-09T10:21:28","date_gmt":"2025-12-09T02:21:28","guid":{"rendered":"https:\/\/yutaimachinery.com\/?post_type=product&#038;p=3920"},"modified":"2026-01-15T11:35:16","modified_gmt":"2026-01-15T03:35:16","slug":"maquina-de-fundicao-por-deslizamento","status":"publish","type":"product","link":"https:\/\/yutaimachinery.com\/pt\/product\/slip-casting-machine\/","title":{"rendered":"M\u00e1quina de moldagem por deslizamento de alta press\u00e3o para linha de produ\u00e7\u00e3o automatizada de lou\u00e7as cer\u00e2micas"},"content":{"rendered":"<div class=\"wp-block-columns is-layout-flex wp-container-core-columns-is-layout-9d6595d7 wp-block-columns-is-layout-flex\">\n<div class=\"wp-block-column is-layout-flow wp-block-column-is-layout-flow\">\n<h2 class=\"wp-block-heading\">M\u00e1quina de fundi\u00e7\u00e3o por deslizamento Carater\u00edsticas:<\/h2>\n\n\n\n<p><strong>Processo de moldagem por vazamento totalmente automatizado<\/strong><br>Permite a moldagem autom\u00e1tica por deslizamento, incluindo o enchimento e drenagem autom\u00e1ticos dos moldes e a secagem autom\u00e1tica dos moldes. Isto simplifica todo o processo de produ\u00e7\u00e3o.<\/p>\n\n\n\n<p><strong>Capacidade de produ\u00e7\u00e3o multiformato<\/strong><br>Capaz de produzir v\u00e1rios tipos de produtos simultaneamente numa linha automatizada de moldagem por vazamento, aumentando a produtividade e a efici\u00eancia operacional.<\/p>\n\n\n\n<p><strong>Resultados de alta qualidade<\/strong><br>Reduz as bolhas superficiais e evita a deforma\u00e7\u00e3o do produto, garantindo maior qualidade e consist\u00eancia nos itens cer\u00e2micos finais.<\/p>\n\n\n\n<p><strong>Secagem integrada do molde com ar quente<\/strong><br>Possui secagem a ar quente para moldes, acelerando o ciclo de produ\u00e7\u00e3o ao prepar\u00e1-los rapidamente para reutiliza\u00e7\u00e3o e reduzindo os tempos de espera.<\/p>\n\n\n\n<p><strong>Concebido para artigos cer\u00e2micos ocos<\/strong><br>Adequado para garrafas de \u00f3leo, cafeteiras\/bules e produtos complexos ou com formatos especiais.<\/p>\n<\/div>\n\n\n\n<div class=\"wp-block-column is-layout-flow wp-block-column-is-layout-flow\">\n<figure class=\"wp-block-embed is-type-video is-provider-youtube wp-block-embed-youtube wp-embed-aspect-16-9 wp-has-aspect-ratio\"><div class=\"wp-block-embed__wrapper\">\n<iframe title=\"Linha de produ\u00e7\u00e3o de fundi\u00e7\u00e3o cer\u00e2mica totalmente autom\u00e1tica\" width=\"940\" height=\"529\" src=\"https:\/\/www.youtube.com\/embed\/n2QHyzDZy20?feature=oembed\" frameborder=\"0\" allow=\"accelerometer; autoplay; clipboard-write; encrypted-media; gyroscope; picture-in-picture; web-share\" referrerpolicy=\"strict-origin-when-cross-origin\" allowfullscreen><\/iframe>\n<\/div><\/figure>\n<\/div>\n<\/div>\n\n\n\n<div class=\"wp-block-columns is-layout-flex wp-container-core-columns-is-layout-9d6595d7 wp-block-columns-is-layout-flex\">\n<div class=\"wp-block-column is-layout-flow wp-block-column-is-layout-flow\">\n<figure class=\"wp-block-image size-full\"><img fetchpriority=\"high\" decoding=\"async\" width=\"960\" height=\"960\" src=\"https:\/\/yutaimachinery.com\/wp-content\/uploads\/2025\/12\/ceramic-Violent-Bear-making-machine.webp\" alt=\"M\u00e1quina de fabrico de ursos violentos em cer\u00e2mica\" class=\"wp-image-6301\" title=\"\" srcset=\"https:\/\/yutaimachinery.com\/wp-content\/uploads\/2025\/12\/ceramic-Violent-Bear-making-machine.webp 960w, https:\/\/yutaimachinery.com\/wp-content\/uploads\/2025\/12\/ceramic-Violent-Bear-making-machine-300x300.webp 300w, https:\/\/yutaimachinery.com\/wp-content\/uploads\/2025\/12\/ceramic-Violent-Bear-making-machine-150x150.webp 150w, https:\/\/yutaimachinery.com\/wp-content\/uploads\/2025\/12\/ceramic-Violent-Bear-making-machine-768x768.webp 768w, https:\/\/yutaimachinery.com\/wp-content\/uploads\/2025\/12\/ceramic-Violent-Bear-making-machine-12x12.webp 12w, https:\/\/yutaimachinery.com\/wp-content\/uploads\/2025\/12\/ceramic-Violent-Bear-making-machine-285x285.webp 285w, https:\/\/yutaimachinery.com\/wp-content\/uploads\/2025\/12\/ceramic-Violent-Bear-making-machine-270x270.webp 270w, https:\/\/yutaimachinery.com\/wp-content\/uploads\/2025\/12\/ceramic-Violent-Bear-making-machine-540x540.webp 540w, https:\/\/yutaimachinery.com\/wp-content\/uploads\/2025\/12\/ceramic-Violent-Bear-making-machine-660x660.webp 660w\" sizes=\"(max-width: 960px) 100vw, 960px\" \/><\/figure>\n<\/div>\n\n\n\n<div class=\"wp-block-column is-layout-flow wp-block-column-is-layout-flow\">\n<figure class=\"wp-block-image size-large\"><img decoding=\"async\" width=\"800\" height=\"800\" src=\"https:\/\/yutaimachinery.com\/wp-content\/uploads\/2025\/12\/teapot-slip-casting-machine.webp\" alt=\"m\u00e1quina de fundi\u00e7\u00e3o por deslizamento para bules\" class=\"wp-image-6287\" title=\"\" srcset=\"https:\/\/yutaimachinery.com\/wp-content\/uploads\/2025\/12\/teapot-slip-casting-machine.webp 800w, https:\/\/yutaimachinery.com\/wp-content\/uploads\/2025\/12\/teapot-slip-casting-machine-300x300.webp 300w, https:\/\/yutaimachinery.com\/wp-content\/uploads\/2025\/12\/teapot-slip-casting-machine-150x150.webp 150w, https:\/\/yutaimachinery.com\/wp-content\/uploads\/2025\/12\/teapot-slip-casting-machine-768x768.webp 768w, https:\/\/yutaimachinery.com\/wp-content\/uploads\/2025\/12\/teapot-slip-casting-machine-12x12.webp 12w, https:\/\/yutaimachinery.com\/wp-content\/uploads\/2025\/12\/teapot-slip-casting-machine-285x285.webp 285w, https:\/\/yutaimachinery.com\/wp-content\/uploads\/2025\/12\/teapot-slip-casting-machine-270x270.webp 270w, https:\/\/yutaimachinery.com\/wp-content\/uploads\/2025\/12\/teapot-slip-casting-machine-540x540.webp 540w, https:\/\/yutaimachinery.com\/wp-content\/uploads\/2025\/12\/teapot-slip-casting-machine-660x660.webp 660w\" sizes=\"(max-width: 800px) 100vw, 800px\" \/><\/figure>\n<\/div>\n\n\n\n<div class=\"wp-block-column is-layout-flow wp-block-column-is-layout-flow\">\n<figure class=\"wp-block-image size-full is-resized\"><img decoding=\"async\" width=\"266\" height=\"266\" src=\"https:\/\/yutaimachinery.com\/wp-content\/uploads\/2024\/04\/Slip-Casting-Machine-for-Ceramic-Bottle-Pot-Vase-Homerware-Production-3.webp\" alt=\"M\u00e1quina de moldagem por vazamento para produ\u00e7\u00e3o de vasos, jarros e artigos para o lar em cer\u00e2mica\" class=\"wp-image-6147\" style=\"width:500px\" title=\"\" srcset=\"https:\/\/yutaimachinery.com\/wp-content\/uploads\/2024\/04\/Slip-Casting-Machine-for-Ceramic-Bottle-Pot-Vase-Homerware-Production-3.webp 266w, https:\/\/yutaimachinery.com\/wp-content\/uploads\/2024\/04\/Slip-Casting-Machine-for-Ceramic-Bottle-Pot-Vase-Homerware-Production-3-150x150.webp 150w, https:\/\/yutaimachinery.com\/wp-content\/uploads\/2024\/04\/Slip-Casting-Machine-for-Ceramic-Bottle-Pot-Vase-Homerware-Production-3-12x12.webp 12w\" sizes=\"(max-width: 266px) 100vw, 266px\" \/><\/figure>\n<\/div>\n<\/div>\n\n\n\n<div class=\"wp-block-columns is-layout-flex wp-container-core-columns-is-layout-9d6595d7 wp-block-columns-is-layout-flex\">\n<div class=\"wp-block-column is-layout-flow wp-block-column-is-layout-flow\">\n<figure class=\"wp-block-image size-full\"><img loading=\"lazy\" decoding=\"async\" width=\"4032\" height=\"3024\" src=\"https:\/\/yutaimachinery.com\/wp-content\/uploads\/2024\/04\/Hollow-Casting-Machine-slip-casting-machine-3.webp\" alt=\"M\u00e1quina de moldagem por vazamento para produ\u00e7\u00e3o de vasos, jarros e artigos para o lar em cer\u00e2mica\" class=\"wp-image-6150\" title=\"\" srcset=\"https:\/\/yutaimachinery.com\/wp-content\/uploads\/2024\/04\/Hollow-Casting-Machine-slip-casting-machine-3.webp 4032w, https:\/\/yutaimachinery.com\/wp-content\/uploads\/2024\/04\/Hollow-Casting-Machine-slip-casting-machine-3-300x225.webp 300w, https:\/\/yutaimachinery.com\/wp-content\/uploads\/2024\/04\/Hollow-Casting-Machine-slip-casting-machine-3-768x576.webp 768w, https:\/\/yutaimachinery.com\/wp-content\/uploads\/2024\/04\/Hollow-Casting-Machine-slip-casting-machine-3-16x12.webp 16w, https:\/\/yutaimachinery.com\/wp-content\/uploads\/2024\/04\/Hollow-Casting-Machine-slip-casting-machine-3-285x214.webp 285w, https:\/\/yutaimachinery.com\/wp-content\/uploads\/2024\/04\/Hollow-Casting-Machine-slip-casting-machine-3-1600x1200.webp 1600w, https:\/\/yutaimachinery.com\/wp-content\/uploads\/2024\/04\/Hollow-Casting-Machine-slip-casting-machine-3-800x600.webp 800w, https:\/\/yutaimachinery.com\/wp-content\/uploads\/2024\/04\/Hollow-Casting-Machine-slip-casting-machine-3-660x495.webp 660w, https:\/\/yutaimachinery.com\/wp-content\/uploads\/2024\/04\/Hollow-Casting-Machine-slip-casting-machine-3-150x113.webp 150w\" sizes=\"(max-width: 4032px) 100vw, 4032px\" \/><\/figure>\n<\/div>\n\n\n\n<div class=\"wp-block-column is-layout-flow wp-block-column-is-layout-flow\">\n<figure class=\"wp-block-image size-full\"><img loading=\"lazy\" decoding=\"async\" width=\"4032\" height=\"3024\" src=\"https:\/\/yutaimachinery.com\/wp-content\/uploads\/2024\/04\/Hollow-Casting-Machine-slip-casting-machine-4.webp\" alt=\"M\u00e1quina de moldagem por vazamento para produ\u00e7\u00e3o de vasos, jarros e artigos para o lar em cer\u00e2mica\" class=\"wp-image-6151\" title=\"\" srcset=\"https:\/\/yutaimachinery.com\/wp-content\/uploads\/2024\/04\/Hollow-Casting-Machine-slip-casting-machine-4.webp 4032w, https:\/\/yutaimachinery.com\/wp-content\/uploads\/2024\/04\/Hollow-Casting-Machine-slip-casting-machine-4-300x225.webp 300w, https:\/\/yutaimachinery.com\/wp-content\/uploads\/2024\/04\/Hollow-Casting-Machine-slip-casting-machine-4-768x576.webp 768w, https:\/\/yutaimachinery.com\/wp-content\/uploads\/2024\/04\/Hollow-Casting-Machine-slip-casting-machine-4-16x12.webp 16w, https:\/\/yutaimachinery.com\/wp-content\/uploads\/2024\/04\/Hollow-Casting-Machine-slip-casting-machine-4-285x214.webp 285w, https:\/\/yutaimachinery.com\/wp-content\/uploads\/2024\/04\/Hollow-Casting-Machine-slip-casting-machine-4-1600x1200.webp 1600w, https:\/\/yutaimachinery.com\/wp-content\/uploads\/2024\/04\/Hollow-Casting-Machine-slip-casting-machine-4-800x600.webp 800w, https:\/\/yutaimachinery.com\/wp-content\/uploads\/2024\/04\/Hollow-Casting-Machine-slip-casting-machine-4-660x495.webp 660w, https:\/\/yutaimachinery.com\/wp-content\/uploads\/2024\/04\/Hollow-Casting-Machine-slip-casting-machine-4-150x113.webp 150w\" sizes=\"(max-width: 4032px) 100vw, 4032px\" \/><\/figure>\n<\/div>\n<\/div>\n\n\n\n<p><\/p>","protected":false},"excerpt":{"rendered":"<p><strong data-start=\"30\" data-end=\"64\">A m\u00e1quina de fundi\u00e7\u00e3o por deslizamento Yutai<\/strong> \u00e9 uma linha de moldagem cer\u00e2mica totalmente autom\u00e1tica com secagem integrada dos moldes. Produz v\u00e1rias formas simultaneamente com alta efici\u00eancia, tornando-a ideal para a produ\u00e7\u00e3o em massa de cer\u00e2micas ocas irregulares, como garrafas de \u00f3leo, cafeteiras, bules e vasos. Entre em contacto connosco para obter solu\u00e7\u00f5es personalizadas e um or\u00e7amento gratuito.<\/p>\n<h2>Par\u00e2metros da m\u00e1quina de fundi\u00e7\u00e3o por deslizamento<\/h2>\n<table>\n<tbody>\n<tr>\n<td>\n<div class=\"block-editor-rich-text__editable rich-text\" role=\"textbox\" contenteditable=\"true\" aria-multiline=\"true\" aria-readonly=\"false\" aria-label=\"Texto do corpo da c\u00e9lula\"><strong>Dimens\u00e3o<\/strong><\/div>\n<\/td>\n<td>\n<div class=\"block-editor-rich-text__editable rich-text\" role=\"textbox\" contenteditable=\"true\" aria-multiline=\"true\" aria-readonly=\"false\" aria-label=\"Texto do corpo da c\u00e9lula\">1,3 x 30 m (largura x comprimento)<\/div>\n<\/td>\n<\/tr>\n<tr>\n<td>\n<div class=\"block-editor-rich-text__editable rich-text\" role=\"textbox\" contenteditable=\"true\" aria-multiline=\"true\" aria-readonly=\"false\" aria-label=\"Texto do corpo da c\u00e9lula\"><strong>Esta\u00e7\u00e3o de Moldagem<\/strong><\/div>\n<\/td>\n<td>\n<div class=\"block-editor-rich-text__editable rich-text\" role=\"textbox\" contenteditable=\"true\" aria-multiline=\"true\" aria-readonly=\"false\" aria-label=\"Texto do corpo da c\u00e9lula\">380 unidades<\/div>\n<\/td>\n<\/tr>\n<tr>\n<td>\n<div class=\"block-editor-rich-text__editable rich-text\" role=\"textbox\" contenteditable=\"true\" aria-multiline=\"true\" aria-readonly=\"false\" aria-label=\"Texto do corpo da c\u00e9lula\"><strong>Pot\u00eancia (kw)<\/strong><\/div>\n<\/td>\n<td>\n<div class=\"block-editor-rich-text__editable rich-text\" role=\"textbox\" contenteditable=\"true\" aria-multiline=\"true\" aria-readonly=\"false\" aria-label=\"Texto do corpo da c\u00e9lula\">8 kw<\/div>\n<\/td>\n<\/tr>\n<tr>\n<td>\n<div class=\"block-editor-rich-text__editable rich-text\" role=\"textbox\" contenteditable=\"true\" aria-multiline=\"true\" aria-readonly=\"false\" aria-label=\"Texto do corpo da c\u00e9lula\"><strong>Capacidade de produ\u00e7\u00e3o<\/strong><\/div>\n<\/td>\n<td>\n<div class=\"block-editor-rich-text__editable rich-text\" role=\"textbox\" contenteditable=\"true\" aria-multiline=\"true\" aria-readonly=\"false\" aria-label=\"Texto do corpo da c\u00e9lula\">4000-6000 unidades\/24 horas<\/div>\n<\/td>\n<\/tr>\n<tr>\n<td>\n<div class=\"block-editor-rich-text__editable rich-text\" role=\"textbox\" contenteditable=\"true\" aria-multiline=\"true\" aria-readonly=\"false\" aria-label=\"Texto do corpo da c\u00e9lula\"><strong>Configura\u00e7\u00e3o<\/strong><\/div>\n<\/td>\n<td>\n<div class=\"block-editor-rich-text__editable rich-text\" role=\"textbox\" contenteditable=\"true\" aria-multiline=\"true\" aria-readonly=\"false\" aria-label=\"Texto do corpo da c\u00e9lula\">Sistema de ar quente Molde seco<\/div>\n<\/td>\n<\/tr>\n<tr>\n<td>\n<div class=\"block-editor-rich-text__editable rich-text\" role=\"textbox\" contenteditable=\"true\" aria-multiline=\"true\" aria-readonly=\"false\" aria-label=\"Texto do corpo da c\u00e9lula\"><strong>M\u00e9todo do molde<\/strong><\/div>\n<\/td>\n<td>\n<div class=\"block-editor-rich-text__editable rich-text\" role=\"textbox\" contenteditable=\"true\" aria-multiline=\"true\" aria-readonly=\"false\" aria-label=\"Texto do corpo da c\u00e9lula\">Ciclo de abertura ininterrupta do molde, abertura manual do molde \u00e0 esquerda e \u00e0 direita por uma pessoa<\/div>\n<\/td>\n<\/tr>\n<tr>\n<td>\n<div class=\"block-editor-rich-text__editable rich-text\" role=\"textbox\" contenteditable=\"true\" aria-multiline=\"true\" aria-readonly=\"false\" aria-label=\"Texto do corpo da c\u00e9lula\"><strong>Aplica\u00e7\u00f5es<\/strong><\/div>\n<\/td>\n<td>\n<p>Garrafas de \u00f3leo e garrafas de vinagre<br data-rich-text-line-break=\"true\" \/>Cafeteiras e bules<br data-rich-text-line-break=\"true\" \/>Chaleiras e jarros de cer\u00e2mica<br data-rich-text-line-break=\"true\" \/>Artigos decorativos em cer\u00e2mica<br \/>Lou\u00e7a com estruturas ocas<br data-rich-text-line-break=\"true\" \/>Produtos cer\u00e2micos com formatos especiais<br data-rich-text-line-break=\"true\" \/>Cer\u00e2mica dom\u00e9stica e de uso di\u00e1rio<br data-rich-text-line-break=\"true\" \/>Linhas de produ\u00e7\u00e3o de cer\u00e2mica OEM\/ODM<\/p>\n<\/td>\n<\/tr>\n<\/tbody>\n<\/table>\n<h2>Solu\u00e7\u00e3o completa para a m\u00e1quina de fundi\u00e7\u00e3o por vazamento:<\/h2>\n<ol>\n<li><strong>Solu\u00e7\u00f5es completas para linhas de moldagem por vazamento:<\/strong> desde a sele\u00e7\u00e3o de equipamentos at\u00e9 o planeamento completo da linha.<\/li>\n<li><strong>Concep\u00e7\u00e3o e personaliza\u00e7\u00e3o de moldes:<\/strong> adaptado a diferentes formas, tamanhos e estruturas ocas.<\/li>\n<li><strong>Integra\u00e7\u00e3o da linha de produ\u00e7\u00e3o:<\/strong> fundi\u00e7\u00e3o, secagem do molde, esmalta\u00e7\u00e3o e coordena\u00e7\u00e3o da queima.<\/li>\n<li><strong>Instala\u00e7\u00e3o e coloca\u00e7\u00e3o em funcionamento:<\/strong> orienta\u00e7\u00e3o t\u00e9cnica no local ou remota.<\/li>\n<li><strong>Forma\u00e7\u00e3o de operadores:<\/strong> garantindo um funcionamento est\u00e1vel e eficiente.<\/li>\n<li><strong>Suporte t\u00e9cnico p\u00f3s-venda:<\/strong> resposta r\u00e1pida para manuten\u00e7\u00e3o e fornecimento de pe\u00e7as sobressalentes.<\/li>\n<li><strong>Servi\u00e7os de otimiza\u00e7\u00e3o de processos:<\/strong> melhorando a taxa de rendimento, a qualidade da superf\u00edcie e a consist\u00eancia.<\/li>\n<\/ol>","protected":false},"featured_media":6268,"template":"","meta":{"_acf_changed":false},"product_brand":[],"product_cat":[55],"product_tag":[],"class_list":{"0":"post-3920","1":"product","2":"type-product","3":"status-publish","4":"has-post-thumbnail","6":"product_cat-ceramic-forming-machine","8":"first","9":"instock","10":"shipping-taxable","11":"product-type-simple"},"acf":{"customization_content":"<h2><\/h2>\r\n<div><\/div>","customization_content_source":{"label":"Customization Content","type":"wysiwyg","formatted_value":"<h2><\/h2>\n<div><\/div>\n"},"why_choose_us_content":"<h2 style=\"text-align: center;\">Why Choose Us as Your Slip Casting Machine Supplier<\/h2>\r\n\r\n<hr \/>\r\n<p style=\"text-align: center;\">Yutai as a ceramic machine manufacturer, maintains strict quality standards and excellent service. Revolutionize your manufacturing processes with cutting-edge automation technology that streamlines forming and enhances efficiency.<\/p>","why_choose_us_content_source":{"label":"Why Choose Us Content","type":"wysiwyg","formatted_value":"<h2 style=\"text-align: center;\">Why Choose Us as Your Slip Casting Machine Supplier<\/h2>\n<hr \/>\n<p style=\"text-align: center;\">Yutai as a ceramic machine manufacturer, maintains strict quality standards and excellent service. Revolutionize your manufacturing processes with cutting-edge automation technology that streamlines forming and enhances efficiency.<\/p>\n"}},"_links":{"self":[{"href":"https:\/\/yutaimachinery.com\/pt\/wp-json\/wp\/v2\/product\/3920","targetHints":{"allow":["GET"]}}],"collection":[{"href":"https:\/\/yutaimachinery.com\/pt\/wp-json\/wp\/v2\/product"}],"about":[{"href":"https:\/\/yutaimachinery.com\/pt\/wp-json\/wp\/v2\/types\/product"}],"version-history":[{"count":0,"href":"https:\/\/yutaimachinery.com\/pt\/wp-json\/wp\/v2\/product\/3920\/revisions"}],"wp:featuredmedia":[{"embeddable":true,"href":"https:\/\/yutaimachinery.com\/pt\/wp-json\/wp\/v2\/media\/6268"}],"wp:attachment":[{"href":"https:\/\/yutaimachinery.com\/pt\/wp-json\/wp\/v2\/media?parent=3920"}],"wp:term":[{"taxonomy":"product_brand","embeddable":true,"href":"https:\/\/yutaimachinery.com\/pt\/wp-json\/wp\/v2\/product_brand?post=3920"},{"taxonomy":"product_cat","embeddable":true,"href":"https:\/\/yutaimachinery.com\/pt\/wp-json\/wp\/v2\/product_cat?post=3920"},{"taxonomy":"product_tag","embeddable":true,"href":"https:\/\/yutaimachinery.com\/pt\/wp-json\/wp\/v2\/product_tag?post=3920"}],"curies":[{"name":"wp","href":"https:\/\/api.w.org\/{rel}","templated":true}]}}