{"id":3907,"date":"2024-04-24T16:04:47","date_gmt":"2024-04-24T08:04:47","guid":{"rendered":"https:\/\/yutaimachinery.com\/?post_type=product&#038;p=3907"},"modified":"2025-12-14T14:33:50","modified_gmt":"2025-12-14T06:33:50","slug":"ceramic-jigger-machine-2","status":"publish","type":"product","link":"https:\/\/yutaimachinery.com\/pt\/product\/ceramic-jigger-machine-2\/","title":{"rendered":"M\u00e1quina de jigger para cer\u00e2mica M\u00e1quina de autoforma\u00e7\u00e3o vertical hidr\u00e1ulica"},"content":{"rendered":"<div class=\"wp-block-columns is-layout-flex wp-container-core-columns-is-layout-9d6595d7 wp-block-columns-is-layout-flex\">\n<div class=\"wp-block-column is-layout-flow wp-block-column-is-layout-flow\">\n<figure class=\"wp-block-embed is-type-video is-provider-youtube wp-block-embed-youtube wp-embed-aspect-16-9 wp-has-aspect-ratio\"><div class=\"wp-block-embed__wrapper\">\n<iframe title=\"m\u00e1quina de jiggering vertical\" width=\"940\" height=\"529\" src=\"https:\/\/www.youtube.com\/embed\/R7N6SQHSKXI?feature=oembed\" frameborder=\"0\" allow=\"accelerometer; autoplay; clipboard-write; encrypted-media; gyroscope; picture-in-picture; web-share\" referrerpolicy=\"strict-origin-when-cross-origin\" allowfullscreen><\/iframe>\n<\/div><\/figure>\n<\/div>\n\n\n\n<div class=\"wp-block-column is-layout-flow wp-block-column-is-layout-flow\">\n<h2 class=\"wp-block-heading\"><strong>M\u00e1quina de jigger de cer\u00e2mica Carater\u00edsticas:<\/strong><\/h2>\n\n\n\n<p><strong>Controlo de precis\u00e3o: <\/strong>Equipado com um microcomputador PLC para controlo preciso das opera\u00e7\u00f5es, melhorando a consist\u00eancia e a qualidade dos produtos cer\u00e2micos.<\/p>\n\n\n\n<p><strong>Velocidade ajust\u00e1vel: <\/strong>As velocidades de subida e descida da matriz s\u00e3o controladas por regula\u00e7\u00e3o de velocidade de frequ\u00eancia, permitindo ajustes flex\u00edveis que se adaptam \u00e0s diferentes necessidades de produ\u00e7\u00e3o.<\/p>\n\n\n\n<p><strong>Personaliza\u00e7\u00e3o: <\/strong>Os moldes e as cabe\u00e7as de jiggering podem ser personalizados pelos clientes, proporcionando versatilidade para produzir uma ampla gama de itens cer\u00e2micos de acordo com requisitos de design espec\u00edficos.<\/p>\n<\/div>\n<\/div>\n\n\n\n<p><\/p>","protected":false},"excerpt":{"rendered":"<p>A f\u00e1brica de Yutai \u00e9 especializada na produ\u00e7\u00e3o de sacudidores de cer\u00e2mica. Esta m\u00e1quina de jigger de cer\u00e2mica \u00e9 boa para fazer grandes vasos de barro, canecas fundas e vasos de flores. \u00c9 controlada por microcomputador PLC e a velocidade da matriz superior e inferior \u00e9 controlada por convers\u00e3o de frequ\u00eancia. O molde e os cabe\u00e7otes podem ser personalizados de acordo com as necessidades do cliente.<\/p>\n<h2>Solu\u00e7\u00e3o \u00fanica para m\u00e1quina de jigger para cer\u00e2mica:<\/h2>\n<ol>\n<li>\n<p>Pre\u00e7o de f\u00e1brica: Como um fabricante de m\u00e1quinas de cer\u00e2mica, n\u00f3s fornecemos m\u00e1quinas de corte de argila com boa rela\u00e7\u00e3o custo-benef\u00edcio, bem-vindo a contactar-nos para obter o pre\u00e7o de f\u00e1brica.<\/p>\n<\/li>\n<li>\n<p>Apoio t\u00e9cnico: Fornecer orienta\u00e7\u00e3o t\u00e9cnica profissional e instala\u00e7\u00e3o mec\u00e2nica, com guias em v\u00eddeo para garantir uma utiliza\u00e7\u00e3o r\u00e1pida do produto<\/p>\n<\/li>\n<li>\n<p>Pe\u00e7as de substitui\u00e7\u00e3o: Fornecimento de uma gama de pe\u00e7as sobresselentes originais.<\/p>\n<\/li>\n<li>\n<p>Apoio p\u00f3s-venda: Ajuda online 24 horas por dia para garantir que est\u00e1 satisfeito com as m\u00e1quinas de jigger para cer\u00e2mica e que estas s\u00e3o utilizadas sem problemas na sua linha de produ\u00e7\u00e3o.<\/p>\n<\/li>\n<\/ol>","protected":false},"featured_media":3914,"template":"","meta":{"_acf_changed":false},"product_brand":[],"product_cat":[55],"product_tag":[77],"class_list":{"0":"post-3907","1":"product","2":"type-product","3":"status-publish","4":"has-post-thumbnail","6":"product_cat-ceramic-forming-machine","7":"product_tag-jigger-machine","9":"first","10":"instock","11":"shipping-taxable","12":"product-type-simple"},"acf":{"customization_content":"<h2><\/h2>\r\n<div><\/div>","customization_content_source":{"label":"Customization Content","type":"wysiwyg","formatted_value":"<h2><\/h2>\n<div><\/div>\n"},"why_choose_us_content":"<h2 style=\"text-align: center;\">Why Choose Us as Your Ceramic Jigger Machine Supplier<\/h2>\r\n\r\n<hr \/>\r\n<p style=\"text-align: center;\">Yutai as a ceramic machine manufacturer, maintains strict quality standards and excellent service. Revolutionize your manufacturing processes with cutting-edge automation technology that streamlines forming and enhances efficiency.<\/p>","why_choose_us_content_source":{"label":"Why Choose Us Content","type":"wysiwyg","formatted_value":"<h2 style=\"text-align: center;\">Why Choose Us as Your Ceramic Jigger Machine Supplier<\/h2>\n<hr \/>\n<p style=\"text-align: center;\">Yutai as a ceramic machine manufacturer, maintains strict quality standards and excellent service. Revolutionize your manufacturing processes with cutting-edge automation technology that streamlines forming and enhances efficiency.<\/p>\n"}},"_links":{"self":[{"href":"https:\/\/yutaimachinery.com\/pt\/wp-json\/wp\/v2\/product\/3907","targetHints":{"allow":["GET"]}}],"collection":[{"href":"https:\/\/yutaimachinery.com\/pt\/wp-json\/wp\/v2\/product"}],"about":[{"href":"https:\/\/yutaimachinery.com\/pt\/wp-json\/wp\/v2\/types\/product"}],"version-history":[{"count":0,"href":"https:\/\/yutaimachinery.com\/pt\/wp-json\/wp\/v2\/product\/3907\/revisions"}],"wp:featuredmedia":[{"embeddable":true,"href":"https:\/\/yutaimachinery.com\/pt\/wp-json\/wp\/v2\/media\/3914"}],"wp:attachment":[{"href":"https:\/\/yutaimachinery.com\/pt\/wp-json\/wp\/v2\/media?parent=3907"}],"wp:term":[{"taxonomy":"product_brand","embeddable":true,"href":"https:\/\/yutaimachinery.com\/pt\/wp-json\/wp\/v2\/product_brand?post=3907"},{"taxonomy":"product_cat","embeddable":true,"href":"https:\/\/yutaimachinery.com\/pt\/wp-json\/wp\/v2\/product_cat?post=3907"},{"taxonomy":"product_tag","embeddable":true,"href":"https:\/\/yutaimachinery.com\/pt\/wp-json\/wp\/v2\/product_tag?post=3907"}],"curies":[{"name":"wp","href":"https:\/\/api.w.org\/{rel}","templated":true}]}}