{"id":3898,"date":"2024-04-24T15:03:32","date_gmt":"2024-04-24T07:03:32","guid":{"rendered":"https:\/\/yutaimachinery.com\/?post_type=product&#038;p=3898"},"modified":"2024-04-24T16:04:32","modified_gmt":"2024-04-24T08:04:32","slug":"barril-de-vacuo-com-borbulhador-2","status":"publish","type":"product","link":"https:\/\/yutaimachinery.com\/pt\/product\/vacuum-de-bubbling-barrel\/","title":{"rendered":"Barril de desborbulhamento a v\u00e1cuo 1-5T de alta efici\u00eancia"},"content":{"rendered":"<div class=\"wp-block-columns is-layout-flex wp-container-core-columns-is-layout-9d6595d7 wp-block-columns-is-layout-flex\">\n<div class=\"wp-block-column is-layout-flow wp-block-column-is-layout-flow\">\n<h2 class=\"wp-block-heading\"><strong>barris de desborbulhamento por v\u00e1cuo:<\/strong><\/h2>\n\n\n\n<p>O nosso Barril de Borbulhamento Simples a V\u00e1cuo foi concebido para criar uma pasta com excelente fluidez e sem bolhas, ideal para fundi\u00e7\u00e3o por deslizamento. Equipado com fortes capacidades de aspira\u00e7\u00e3o, produz produtos com o m\u00ednimo de furos e uma densidade \u00f3ptima. Totalmente constru\u00eddo em a\u00e7o inoxid\u00e1vel para maior durabilidade, est\u00e1 dispon\u00edvel em v\u00e1rios tamanhos, incluindo 1T, 2T, 3T, 4T e 5T. Personaliz\u00e1vel para satisfazer requisitos espec\u00edficos, adaptamos a m\u00e1quina para se adequar perfeitamente \u00e0s suas necessidades de produ\u00e7\u00e3o.<\/p>\n<\/div>\n\n\n\n<div class=\"wp-block-column is-layout-flow wp-block-column-is-layout-flow\"><div class=\"wp-block-image\">\n<figure class=\"aligncenter size-full is-resized\"><img fetchpriority=\"high\" decoding=\"async\" width=\"3024\" height=\"3024\" src=\"https:\/\/yutaimachinery.com\/wp-content\/uploads\/2024\/04\/Vacuum-de-bubbling-barrels.webp\" alt=\"Barris de desborbulhamento por v\u00e1cuo\" class=\"wp-image-3903\" style=\"width:361px;height:auto\" title=\"\" srcset=\"https:\/\/yutaimachinery.com\/wp-content\/uploads\/2024\/04\/Vacuum-de-bubbling-barrels.webp 3024w, https:\/\/yutaimachinery.com\/wp-content\/uploads\/2024\/04\/Vacuum-de-bubbling-barrels-300x300.webp 300w, https:\/\/yutaimachinery.com\/wp-content\/uploads\/2024\/04\/Vacuum-de-bubbling-barrels-150x150.webp 150w, https:\/\/yutaimachinery.com\/wp-content\/uploads\/2024\/04\/Vacuum-de-bubbling-barrels-768x768.webp 768w, https:\/\/yutaimachinery.com\/wp-content\/uploads\/2024\/04\/Vacuum-de-bubbling-barrels-285x285.webp 285w, https:\/\/yutaimachinery.com\/wp-content\/uploads\/2024\/04\/Vacuum-de-bubbling-barrels-1600x1600.webp 1600w, https:\/\/yutaimachinery.com\/wp-content\/uploads\/2024\/04\/Vacuum-de-bubbling-barrels-270x270.webp 270w, https:\/\/yutaimachinery.com\/wp-content\/uploads\/2024\/04\/Vacuum-de-bubbling-barrels-540x540.webp 540w, https:\/\/yutaimachinery.com\/wp-content\/uploads\/2024\/04\/Vacuum-de-bubbling-barrels-660x660.webp 660w\" sizes=\"(max-width: 3024px) 100vw, 3024px\" \/><\/figure>\n<\/div><\/div>\n<\/div>","protected":false},"excerpt":{"rendered":"<p>Os nossos barris de desborbulhamento a v\u00e1cuo garantem uma excelente fluidez e um m\u00ednimo de bolhas para a fundi\u00e7\u00e3o por deslizamento. Dispon\u00edveis nos tamanhos 1T-5T, personaliz\u00e1veis e fabricados em a\u00e7o inoxid\u00e1vel.<\/p>\n<h2>Solu\u00e7\u00e3o \u00fanica para o desborbulhamento a v\u00e1cuo de barris:<\/h2>\n<ol>\n<li>\n<p>Pre\u00e7o de f\u00e1brica: Como um fabricante de m\u00e1quinas de cer\u00e2mica, n\u00f3s fornecemos m\u00e1quinas de corte de argila com boa rela\u00e7\u00e3o custo-benef\u00edcio, bem-vindo a contactar-nos para obter o pre\u00e7o de f\u00e1brica.<\/p>\n<\/li>\n<li>\n<p>Apoio t\u00e9cnico: Fornecer orienta\u00e7\u00e3o t\u00e9cnica profissional e instala\u00e7\u00e3o mec\u00e2nica, com guias em v\u00eddeo para garantir uma utiliza\u00e7\u00e3o r\u00e1pida do produto<\/p>\n<\/li>\n<li>\n<p>Pe\u00e7as de substitui\u00e7\u00e3o: Fornecimento de uma gama de pe\u00e7as sobresselentes originais.<\/p>\n<\/li>\n<li>\n<p>Apoio p\u00f3s-venda: Ajuda online 24 horas por dia para garantir que est\u00e1 satisfeito com os barris de desborbulhamento a v\u00e1cuo e que \u00e9 utilizado sem problemas na sua linha de produ\u00e7\u00e3o.<\/p>\n<\/li>\n<\/ol>","protected":false},"featured_media":3899,"template":"","meta":{"_acf_changed":false},"product_brand":[],"product_cat":[55],"product_tag":[],"class_list":{"0":"post-3898","1":"product","2":"type-product","3":"status-publish","4":"has-post-thumbnail","6":"product_cat-ceramic-forming-machine","8":"first","9":"instock","10":"shipping-taxable","11":"product-type-simple"},"acf":{"customization_content":"<h2><\/h2>\r\n<div><\/div>","customization_content_source":{"label":"Customization Content","type":"wysiwyg","formatted_value":"<h2><\/h2>\n<div><\/div>\n"},"why_choose_us_content":"<h2 style=\"text-align: center;\">Why Choose Us as Your Vacuum De-Bubbling Barrel Supplier<\/h2>\r\n\r\n<hr \/>\r\n<p style=\"text-align: center;\">Yutai as a ceramic machine manufacturer, maintains strict quality standards and excellent service. Revolutionize your manufacturing processes with cutting-edge automation technology that streamlines forming and enhances efficiency.<\/p>","why_choose_us_content_source":{"label":"Why Choose Us Content","type":"wysiwyg","formatted_value":"<h2 style=\"text-align: center;\">Why Choose Us as Your Vacuum De-Bubbling Barrel Supplier<\/h2>\n<hr \/>\n<p style=\"text-align: center;\">Yutai as a ceramic machine manufacturer, maintains strict quality standards and excellent service. Revolutionize your manufacturing processes with cutting-edge automation technology that streamlines forming and enhances efficiency.<\/p>\n"}},"_links":{"self":[{"href":"https:\/\/yutaimachinery.com\/pt\/wp-json\/wp\/v2\/product\/3898","targetHints":{"allow":["GET"]}}],"collection":[{"href":"https:\/\/yutaimachinery.com\/pt\/wp-json\/wp\/v2\/product"}],"about":[{"href":"https:\/\/yutaimachinery.com\/pt\/wp-json\/wp\/v2\/types\/product"}],"version-history":[{"count":0,"href":"https:\/\/yutaimachinery.com\/pt\/wp-json\/wp\/v2\/product\/3898\/revisions"}],"wp:featuredmedia":[{"embeddable":true,"href":"https:\/\/yutaimachinery.com\/pt\/wp-json\/wp\/v2\/media\/3899"}],"wp:attachment":[{"href":"https:\/\/yutaimachinery.com\/pt\/wp-json\/wp\/v2\/media?parent=3898"}],"wp:term":[{"taxonomy":"product_brand","embeddable":true,"href":"https:\/\/yutaimachinery.com\/pt\/wp-json\/wp\/v2\/product_brand?post=3898"},{"taxonomy":"product_cat","embeddable":true,"href":"https:\/\/yutaimachinery.com\/pt\/wp-json\/wp\/v2\/product_cat?post=3898"},{"taxonomy":"product_tag","embeddable":true,"href":"https:\/\/yutaimachinery.com\/pt\/wp-json\/wp\/v2\/product_tag?post=3898"}],"curies":[{"name":"wp","href":"https:\/\/api.w.org\/{rel}","templated":true}]}}