{"id":3866,"date":"2024-04-17T14:43:37","date_gmt":"2024-04-17T06:43:37","guid":{"rendered":"https:\/\/yutaimachinery.com\/?post_type=product&#038;p=3866"},"modified":"2024-06-24T21:18:08","modified_gmt":"2024-06-24T13:18:08","slug":"clay-cutting-machine","status":"publish","type":"product","link":"https:\/\/yutaimachinery.com\/pt\/product\/clay-cutting-machine\/","title":{"rendered":"M\u00e1quina autom\u00e1tica de corte de argila para moinho Pug"},"content":{"rendered":"<h2 class=\"wp-block-heading\"><strong>M\u00e1quina de corte de argila Par\u00e2metro:<\/strong><\/h2>\n\n\n\n<figure class=\"wp-block-table\"><table><tbody><tr><td>Modelo<\/td><td>Di\u00e2metro m\u00e1x. Di\u00e2metro da argila (cm)<\/td><td>Dimens\u00e3o (lxwxh)<\/td><td>Peso (kg)<\/td><\/tr><tr><td>250<\/td><td>25 cm<\/td><td>190x70x140cm(h)<\/td><td>300<\/td><\/tr><tr><td>350<\/td><td>35 cm<\/td><td>190x80x145cm(h)<\/td><td>400<\/td><\/tr><tr><td>500<\/td><td>50cm<\/td><td>190x100x150cm(h)<\/td><td>500<\/td><\/tr><\/tbody><\/table><\/figure>\n\n\n\n<p><\/p>","protected":false},"excerpt":{"rendered":"<p>A m\u00e1quina de corte de argila autom\u00e1tica por atacado da Yutai Factory, que pode ser combinada com um moinho de pug, \u00e9 uma linha de produ\u00e7\u00e3o de lama cer\u00e2mica eficiente. A m\u00e1quina de corte de argila define o comprimento da argila de acordo com a necessidade, e a m\u00e1quina corta automaticamente para garantir a efici\u00eancia.<\/p>\n<h2>Solu\u00e7\u00e3o \u00fanica para o corte de argila <strong>m\u00e1quina<\/strong>:<\/h2>\n<ol>\n<li>\n<p>Pre\u00e7o de f\u00e1brica: N\u00f3s somos um fabricante de m\u00e1quinas de cer\u00e2mica, fornecendo m\u00e1quinas de fabrica\u00e7\u00e3o de argila cer\u00e2mica de baixo custo, bem-vindo a contactar-nos para obter o pre\u00e7o de f\u00e1brica.<\/p>\n<\/li>\n<li>\n<p>Apoio t\u00e9cnico: Fornecer orienta\u00e7\u00e3o t\u00e9cnica profissional e instala\u00e7\u00e3o mec\u00e2nica, com guias em v\u00eddeo para garantir uma utiliza\u00e7\u00e3o r\u00e1pida do produto<\/p>\n<\/li>\n<li>\n<p>Pe\u00e7as de substitui\u00e7\u00e3o: Fornecimento de uma gama de pe\u00e7as sobresselentes originais.<\/p>\n<\/li>\n<li>\n<p>Apoio p\u00f3s-venda: Ajuda online 24 horas por dia para garantir a satisfa\u00e7\u00e3o do utilizador com o moinho de argila e a sua utiliza\u00e7\u00e3o sem problemas na linha de produ\u00e7\u00e3o.<\/p>\n<\/li>\n<\/ol>","protected":false},"featured_media":3869,"template":"","meta":{"_acf_changed":false},"product_brand":[],"product_cat":[54],"product_tag":[],"class_list":{"0":"post-3866","1":"product","2":"type-product","3":"status-publish","4":"has-post-thumbnail","6":"product_cat-clay-making-machine","8":"first","9":"instock","10":"shipping-taxable","11":"product-type-simple"},"acf":{"customization_content":"<h2><\/h2>\r\n<div><\/div>","customization_content_source":{"label":"Customization Content","type":"wysiwyg","formatted_value":"<h2><\/h2>\n<div><\/div>\n"},"why_choose_us_content":"<h2 style=\"text-align: center;\">Why Choose Us as Your Clay Cutting Machine\u00a0Supplier<\/h2>\r\n\r\n<hr \/>\r\n<p style=\"text-align: center;\">Yutai as a ceramic tableware manufacturer, maintains strict quality standards and excellent service. Revolutionize your manufacturing processes with cutting-edge automation technology that streamlines forming and enhances efficiency.<\/p>","why_choose_us_content_source":{"label":"Why Choose Us Content","type":"wysiwyg","formatted_value":"<h2 style=\"text-align: center;\">Why Choose Us as Your Clay Cutting Machine\u00a0Supplier<\/h2>\n<hr \/>\n<p style=\"text-align: center;\">Yutai as a ceramic tableware manufacturer, maintains strict quality standards and excellent service. Revolutionize your manufacturing processes with cutting-edge automation technology that streamlines forming and enhances efficiency.<\/p>\n"}},"_links":{"self":[{"href":"https:\/\/yutaimachinery.com\/pt\/wp-json\/wp\/v2\/product\/3866","targetHints":{"allow":["GET"]}}],"collection":[{"href":"https:\/\/yutaimachinery.com\/pt\/wp-json\/wp\/v2\/product"}],"about":[{"href":"https:\/\/yutaimachinery.com\/pt\/wp-json\/wp\/v2\/types\/product"}],"version-history":[{"count":0,"href":"https:\/\/yutaimachinery.com\/pt\/wp-json\/wp\/v2\/product\/3866\/revisions"}],"wp:featuredmedia":[{"embeddable":true,"href":"https:\/\/yutaimachinery.com\/pt\/wp-json\/wp\/v2\/media\/3869"}],"wp:attachment":[{"href":"https:\/\/yutaimachinery.com\/pt\/wp-json\/wp\/v2\/media?parent=3866"}],"wp:term":[{"taxonomy":"product_brand","embeddable":true,"href":"https:\/\/yutaimachinery.com\/pt\/wp-json\/wp\/v2\/product_brand?post=3866"},{"taxonomy":"product_cat","embeddable":true,"href":"https:\/\/yutaimachinery.com\/pt\/wp-json\/wp\/v2\/product_cat?post=3866"},{"taxonomy":"product_tag","embeddable":true,"href":"https:\/\/yutaimachinery.com\/pt\/wp-json\/wp\/v2\/product_tag?post=3866"}],"curies":[{"name":"wp","href":"https:\/\/api.w.org\/{rel}","templated":true}]}}