{"id":3848,"date":"2024-04-17T11:18:12","date_gmt":"2024-04-17T03:18:12","guid":{"rendered":"https:\/\/yutaimachinery.com\/?post_type=product&#038;p=3848"},"modified":"2024-04-17T11:53:58","modified_gmt":"2024-04-17T03:53:58","slug":"moinho-de-pug-de-argila","status":"publish","type":"product","link":"https:\/\/yutaimachinery.com\/pt\/product\/clay-pug-mill\/","title":{"rendered":"Misturador de cer\u00e2mica a v\u00e1cuo para moinho de pug de argila de tr\u00eas eixos"},"content":{"rendered":"<div class=\"wp-block-columns is-layout-flex wp-container-core-columns-is-layout-9d6595d7 wp-block-columns-is-layout-flex\">\n<div class=\"wp-block-column is-layout-flow wp-block-column-is-layout-flow\"><div class=\"wp-block-image\">\n<figure class=\"aligncenter size-full is-resized\"><img fetchpriority=\"high\" decoding=\"async\" width=\"3024\" height=\"3024\" src=\"https:\/\/yutaimachinery.com\/wp-content\/uploads\/2024\/04\/clay-pug-mill4.webp\" alt=\"moinho de pug de argila\" class=\"wp-image-3855\" style=\"width:314px;height:auto\" title=\"\" srcset=\"https:\/\/yutaimachinery.com\/wp-content\/uploads\/2024\/04\/clay-pug-mill4.webp 3024w, https:\/\/yutaimachinery.com\/wp-content\/uploads\/2024\/04\/clay-pug-mill4-300x300.webp 300w, https:\/\/yutaimachinery.com\/wp-content\/uploads\/2024\/04\/clay-pug-mill4-150x150.webp 150w, https:\/\/yutaimachinery.com\/wp-content\/uploads\/2024\/04\/clay-pug-mill4-768x768.webp 768w, https:\/\/yutaimachinery.com\/wp-content\/uploads\/2024\/04\/clay-pug-mill4-285x285.webp 285w, https:\/\/yutaimachinery.com\/wp-content\/uploads\/2024\/04\/clay-pug-mill4-1600x1600.webp 1600w, https:\/\/yutaimachinery.com\/wp-content\/uploads\/2024\/04\/clay-pug-mill4-270x270.webp 270w, https:\/\/yutaimachinery.com\/wp-content\/uploads\/2024\/04\/clay-pug-mill4-540x540.webp 540w, https:\/\/yutaimachinery.com\/wp-content\/uploads\/2024\/04\/clay-pug-mill4-660x660.webp 660w\" sizes=\"(max-width: 3024px) 100vw, 3024px\" \/><\/figure>\n<\/div><\/div>\n\n\n\n<div class=\"wp-block-column is-layout-flow wp-block-column-is-layout-flow\">\n<h2 class=\"wp-block-heading\"><strong>Moinho de argila Pug <strong>Caracter\u00edsticas<\/strong>:<\/strong><\/h2>\n\n\n\n<p>Somos um fabricante de maquinaria para cer\u00e2mica, oferecendo uma vasta gama de moinhos pug. Este moinho de pug de argila usa tecnologia de mistura de tr\u00eas eixos e est\u00e1 equipado com uma c\u00e2mara de desgaseifica\u00e7\u00e3o a v\u00e1cuo. Ele pode ser usado para refinar lama com teor de humidade de 18-24%, de modo que a densidade do tecido \u00e9 aumentada e a plasticidade \u00e9 melhorada.<\/p>\n<\/div>\n<\/div>\n\n\n\n<h2 class=\"wp-block-heading\"><strong>Par\u00e2metro do moinho Pug de argila:<\/strong><\/h2>\n\n\n\n<figure class=\"wp-block-table\"><table><tbody><tr><td>Modelo<\/td><td>Tamanho m\u00e1ximo da sa\u00edda (cm)<\/td><td>Capacidade<\/td><td>Pot\u00eancia (kw)<\/td><td>Dimens\u00e3odxwxh)<\/td><td>Peso (kg)<\/td><\/tr><tr><td>150<\/td><td>15 cm<\/td><td>1-2t\/h<\/td><td>7,5kw<\/td><td>280x80x80cm(h)<\/td><td>2500<\/td><\/tr><tr><td>180<\/td><td>18 cm<\/td><td>2-2,5t\/h<\/td><td>11kw<\/td><td>342x90x80cm(h)<\/td><td>3000<\/td><\/tr><tr><td>200<\/td><td>20 cm<\/td><td>3. 5-5t\/h<\/td><td>22kw<\/td><td>506x100x95cm(h)<\/td><td>3500<\/td><\/tr><tr><td>230<\/td><td>23 cm<\/td><td>6-8t\/h<\/td><td>30kw<\/td><td>570x145x110cm(h)<\/td><td>4000<\/td><\/tr><\/tbody><\/table><\/figure>","protected":false},"excerpt":{"rendered":"<p>O moinho de pug de argila da F\u00e1brica de Maquinaria de Cer\u00e2mica da China, equipado com mistura de tr\u00eas eixos e tecnologia de v\u00e1cuo, para garantir argila de processamento de alta qualidade. N\u00f3s fornecemos pre\u00e7o de f\u00e1brica e suporte t\u00e9cnico para cada cliente.<\/p>\n<h2>Solu\u00e7\u00e3o \u00fanica para moinho de pug de argila<strong>\u00a0m\u00e1quina<\/strong>:<\/h2>\n<ol>\n<li>\n<p>Pre\u00e7o de f\u00e1brica: Somos fabricantes de m\u00e1quinas de cer\u00e2mica, fornecendo m\u00e1quina de fazer argila cer\u00e2mica com boa rela\u00e7\u00e3o custo-benef\u00edcio, entre em contato conosco para obter o pre\u00e7o de f\u00e1brica.<\/p>\n<\/li>\n<li>\n<p>Suporte t\u00e9cnico: Fornecer orienta\u00e7\u00e3o e assist\u00eancia t\u00e9cnica profissional, com guias em v\u00eddeo para garantir uma utiliza\u00e7\u00e3o r\u00e1pida do produto<\/p>\n<\/li>\n<li>\n<p>Pe\u00e7as de substitui\u00e7\u00e3o: Fornecimento de uma gama de pe\u00e7as sobresselentes originais.<\/p>\n<\/li>\n<li>\n<p>Apoio p\u00f3s-venda: Ajuda online 24 horas por dia para garantir a satisfa\u00e7\u00e3o do utilizador com o moinho de argila e a sua utiliza\u00e7\u00e3o sem problemas na linha de produ\u00e7\u00e3o.<\/p>\n<\/li>\n<\/ol>","protected":false},"featured_media":3857,"template":"","meta":{"_acf_changed":false},"product_brand":[],"product_cat":[54],"product_tag":[81],"class_list":{"0":"post-3848","1":"product","2":"type-product","3":"status-publish","4":"has-post-thumbnail","6":"product_cat-clay-making-machine","7":"product_tag-pug-mill","9":"first","10":"instock","11":"shipping-taxable","12":"product-type-simple"},"acf":{"customization_content":"<h2><\/h2>\r\n<div><\/div>","customization_content_source":{"label":"Customization Content","type":"wysiwyg","formatted_value":"<h2><\/h2>\n<div><\/div>\n"},"why_choose_us_content":"<h2 style=\"text-align: center;\">Why Choose Us as Your <strong>Clay Pug Mill<\/strong>\u00a0Supplier<\/h2>\r\n\r\n<hr \/>\r\n<p style=\"text-align: center;\">Yutai as a ceramic tableware manufacturer, maintains strict quality standards and excellent service. Revolutionize your manufacturing processes with cutting-edge automation technology that streamlines forming and enhances efficiency.<\/p>","why_choose_us_content_source":{"label":"Why Choose Us Content","type":"wysiwyg","formatted_value":"<h2 style=\"text-align: center;\">Why Choose Us as Your <strong>Clay Pug Mill<\/strong>\u00a0Supplier<\/h2>\n<hr \/>\n<p style=\"text-align: center;\">Yutai as a ceramic tableware manufacturer, maintains strict quality standards and excellent service. Revolutionize your manufacturing processes with cutting-edge automation technology that streamlines forming and enhances efficiency.<\/p>\n"}},"_links":{"self":[{"href":"https:\/\/yutaimachinery.com\/pt\/wp-json\/wp\/v2\/product\/3848","targetHints":{"allow":["GET"]}}],"collection":[{"href":"https:\/\/yutaimachinery.com\/pt\/wp-json\/wp\/v2\/product"}],"about":[{"href":"https:\/\/yutaimachinery.com\/pt\/wp-json\/wp\/v2\/types\/product"}],"version-history":[{"count":0,"href":"https:\/\/yutaimachinery.com\/pt\/wp-json\/wp\/v2\/product\/3848\/revisions"}],"wp:featuredmedia":[{"embeddable":true,"href":"https:\/\/yutaimachinery.com\/pt\/wp-json\/wp\/v2\/media\/3857"}],"wp:attachment":[{"href":"https:\/\/yutaimachinery.com\/pt\/wp-json\/wp\/v2\/media?parent=3848"}],"wp:term":[{"taxonomy":"product_brand","embeddable":true,"href":"https:\/\/yutaimachinery.com\/pt\/wp-json\/wp\/v2\/product_brand?post=3848"},{"taxonomy":"product_cat","embeddable":true,"href":"https:\/\/yutaimachinery.com\/pt\/wp-json\/wp\/v2\/product_cat?post=3848"},{"taxonomy":"product_tag","embeddable":true,"href":"https:\/\/yutaimachinery.com\/pt\/wp-json\/wp\/v2\/product_tag?post=3848"}],"curies":[{"name":"wp","href":"https:\/\/api.w.org\/{rel}","templated":true}]}}