{"id":3847,"date":"2024-04-17T11:08:48","date_gmt":"2024-04-17T03:08:48","guid":{"rendered":"https:\/\/yutaimachinery.com\/?post_type=product&#038;p=3847"},"modified":"2024-04-17T14:43:23","modified_gmt":"2024-04-17T06:43:23","slug":"moinho-pug","status":"publish","type":"product","link":"https:\/\/yutaimachinery.com\/pt\/product\/pug-mill\/","title":{"rendered":"Moinho de Pug a V\u00e1cuo de Arejamento Personalizado para a Ind\u00fastria de Argila"},"content":{"rendered":"<div class=\"wp-block-columns is-layout-flex wp-container-core-columns-is-layout-9d6595d7 wp-block-columns-is-layout-flex\">\n<div class=\"wp-block-column is-layout-flow wp-block-column-is-layout-flow\">\n<figure class=\"wp-block-embed is-type-video is-provider-youtube wp-block-embed-youtube wp-embed-aspect-16-9 wp-has-aspect-ratio\"><div class=\"wp-block-embed__wrapper\">\n<iframe title=\"moinho de barro para cer\u00e2mica 2\" width=\"940\" height=\"529\" src=\"https:\/\/www.youtube.com\/embed\/emffTJAsQJk?feature=oembed\" frameborder=\"0\" allow=\"accelerometer; autoplay; clipboard-write; encrypted-media; gyroscope; picture-in-picture; web-share\" referrerpolicy=\"strict-origin-when-cross-origin\" allowfullscreen><\/iframe>\n<\/div><\/figure>\n<\/div>\n\n\n\n<div class=\"wp-block-column is-layout-flow wp-block-column-is-layout-flow\">\n<h2 class=\"wp-block-heading\"><strong>Moinho Pug <strong>Caracter\u00edsticas<\/strong>:<\/strong><\/h2>\n\n\n\n<p>O moinho de pug a v\u00e1cuo \u00e9 utilizado para o tratamento a v\u00e1cuo de produtos cer\u00e2micos, que pode ser utilizado para praticar o material de lama de 18-24%, quando a lama \u00e9 agitada na lama para dentro da c\u00e2mara de v\u00e1cuo, e conduzir a desgaseifica\u00e7\u00e3o a v\u00e1cuo para descarregar o ar contido no material de lama. Depois de o material ser tratado a v\u00e1cuo, a plasticidade \u00e9 melhorada e tem uma grande densidade, pelo que o produto queimado tem uma pequena deforma\u00e7\u00e3o, alta resist\u00eancia e boa qualidade.<\/p>\n<\/div>\n<\/div>\n\n\n\n<h2 class=\"wp-block-heading\"><strong>Par\u00e2metro do moinho Pug Mill:<\/strong><\/h2>\n\n\n\n<figure class=\"wp-block-table\"><table><tbody><tr><td>Modelo<\/td><td>Tamanho m\u00e1ximo da sa\u00edda (cm)<\/td><td>Capacidade<\/td><td>Pot\u00eancia (kw)<\/td><td>Dimens\u00f5es (lxwxh)<\/td><td>Peso (kg)<\/td><\/tr><tr><td>220<\/td><td>22 cm<\/td><td>2-2,5t\/h<\/td><td>15kw<\/td><td>270x80x140cm(h)<\/td><td>2100<\/td><\/tr><tr><td>250<\/td><td>25 cm<\/td><td>2-5t\/h<\/td><td>22kw<\/td><td>358x86x123cm(h)<\/td><td>2550<\/td><\/tr><tr><td>350<\/td><td>35 cm<\/td><td>4,5-6,5t\/h<\/td><td>37kw<\/td><td>400x190x150cm(h)<\/td><td>6150<\/td><\/tr><\/tbody><\/table><\/figure>","protected":false},"excerpt":{"rendered":"<p>Moinho de pug grande personalizado com mistura multi-espiral e c\u00e2mara de v\u00e1cuo, alta efici\u00eancia e f\u00e1cil opera\u00e7\u00e3o, adequado para a produ\u00e7\u00e3o da ind\u00fastria cer\u00e2mica.<\/p>\n<h2>Solu\u00e7\u00e3o \u00fanica para p<strong>moinho ug<\/strong>:<\/h2>\n<ol>\n<li>\n<p>Solu\u00e7\u00e3o personalizada: o moinho pug pode ser personalizado de acordo com as necessidades do cliente<\/p>\n<\/li>\n<li>\n<p>Apoio t\u00e9cnico: Fornecer orienta\u00e7\u00e3o t\u00e9cnica profissional e instala\u00e7\u00e3o mec\u00e2nica.<\/p>\n<\/li>\n<li>\n<p>Pe\u00e7as de substitui\u00e7\u00e3o: Fornecimento de uma gama de pe\u00e7as sobresselentes originais.<\/p>\n<\/li>\n<li>\n<p>Apoio p\u00f3s-venda Ajuda em linha 24 horas por dia para garantir a sua satisfa\u00e7\u00e3o com o moinho de martelos e a sua utiliza\u00e7\u00e3o sem problemas na sua linha de produ\u00e7\u00e3o.<\/p>\n<\/li>\n<\/ol>","protected":false},"featured_media":3863,"template":"","meta":{"_acf_changed":false},"product_brand":[],"product_cat":[54],"product_tag":[81],"class_list":{"0":"post-3847","1":"product","2":"type-product","3":"status-publish","4":"has-post-thumbnail","6":"product_cat-clay-making-machine","7":"product_tag-pug-mill","9":"first","10":"instock","11":"shipping-taxable","12":"product-type-simple"},"acf":{"customization_content":"<h2><\/h2>\r\n<div><\/div>","customization_content_source":{"label":"Customization Content","type":"wysiwyg","formatted_value":"<h2><\/h2>\n<div><\/div>\n"},"why_choose_us_content":"<h2 style=\"text-align: center;\">Why Choose Us as Your <strong>Pug Mill<\/strong>\u00a0Supplier<\/h2>\r\n\r\n<hr \/>\r\n<p style=\"text-align: center;\">Yutai as a ceramic tableware manufacturer, maintains strict quality standards and excellent service. Revolutionize your manufacturing processes with cutting-edge automation technology that streamlines forming and enhances efficiency.<\/p>","why_choose_us_content_source":{"label":"Why Choose Us Content","type":"wysiwyg","formatted_value":"<h2 style=\"text-align: center;\">Why Choose Us as Your <strong>Pug Mill<\/strong>\u00a0Supplier<\/h2>\n<hr \/>\n<p style=\"text-align: center;\">Yutai as a ceramic tableware manufacturer, maintains strict quality standards and excellent service. Revolutionize your manufacturing processes with cutting-edge automation technology that streamlines forming and enhances efficiency.<\/p>\n"}},"_links":{"self":[{"href":"https:\/\/yutaimachinery.com\/pt\/wp-json\/wp\/v2\/product\/3847","targetHints":{"allow":["GET"]}}],"collection":[{"href":"https:\/\/yutaimachinery.com\/pt\/wp-json\/wp\/v2\/product"}],"about":[{"href":"https:\/\/yutaimachinery.com\/pt\/wp-json\/wp\/v2\/types\/product"}],"version-history":[{"count":0,"href":"https:\/\/yutaimachinery.com\/pt\/wp-json\/wp\/v2\/product\/3847\/revisions"}],"wp:featuredmedia":[{"embeddable":true,"href":"https:\/\/yutaimachinery.com\/pt\/wp-json\/wp\/v2\/media\/3863"}],"wp:attachment":[{"href":"https:\/\/yutaimachinery.com\/pt\/wp-json\/wp\/v2\/media?parent=3847"}],"wp:term":[{"taxonomy":"product_brand","embeddable":true,"href":"https:\/\/yutaimachinery.com\/pt\/wp-json\/wp\/v2\/product_brand?post=3847"},{"taxonomy":"product_cat","embeddable":true,"href":"https:\/\/yutaimachinery.com\/pt\/wp-json\/wp\/v2\/product_cat?post=3847"},{"taxonomy":"product_tag","embeddable":true,"href":"https:\/\/yutaimachinery.com\/pt\/wp-json\/wp\/v2\/product_tag?post=3847"}],"curies":[{"name":"wp","href":"https:\/\/api.w.org\/{rel}","templated":true}]}}