{"id":3821,"date":"2024-04-16T14:58:36","date_gmt":"2024-04-16T06:58:36","guid":{"rendered":"https:\/\/yutaimachinery.com\/?post_type=product&#038;p=3821"},"modified":"2024-04-17T11:08:18","modified_gmt":"2024-04-17T03:08:18","slug":"maquina-de-moagem-pug-2","status":"publish","type":"product","link":"https:\/\/yutaimachinery.com\/pt\/product\/pug-mill-machine\/","title":{"rendered":"M\u00e1quina de moagem a v\u00e1cuo pequena para argila cer\u00e2mica"},"content":{"rendered":"<div class=\"wp-block-columns is-layout-flex wp-container-core-columns-is-layout-9d6595d7 wp-block-columns-is-layout-flex\">\n<div class=\"wp-block-column is-layout-flow wp-block-column-is-layout-flow\">\n<figure class=\"wp-block-embed is-type-video is-provider-youtube wp-block-embed-youtube wp-embed-aspect-16-9 wp-has-aspect-ratio\"><div class=\"wp-block-embed__wrapper\">\n<iframe title=\"Mini moinho pug para fabrico de cer\u00e2mica DIY\" width=\"940\" height=\"529\" src=\"https:\/\/www.youtube.com\/embed\/rRq5qhKmk4s?feature=oembed\" frameborder=\"0\" allow=\"accelerometer; autoplay; clipboard-write; encrypted-media; gyroscope; picture-in-picture; web-share\" referrerpolicy=\"strict-origin-when-cross-origin\" allowfullscreen><\/iframe>\n<\/div><\/figure>\n<\/div>\n\n\n\n<div class=\"wp-block-column is-layout-flow wp-block-column-is-layout-flow\">\n<h2 class=\"wp-block-heading\"><strong>M\u00e1quina de moagem Pug <strong>Caracter\u00edsticas<\/strong>:<\/strong><\/h2>\n\n\n\n<p>A pequena m\u00e1quina de moagem a v\u00e1cuo \u00e9 utilizada para a prepara\u00e7\u00e3o de argila cer\u00e2mica. Utiliza mistura de espiral dupla e desarejamento a v\u00e1cuo para remover o ar preso no interior da argila. Com a sua estrutura compacta e f\u00e1cil mobilidade, \u00e9 normalmente utilizada em laborat\u00f3rios, ambientes educativos, projectos de bricolage e pequenas oficinas de cer\u00e2mica.<\/p>\n<\/div>\n<\/div>\n\n\n\n<h2 class=\"wp-block-heading\"><strong>Par\u00e2metro da m\u00e1quina de moinho Pug Mill:<\/strong><\/h2>\n\n\n\n<figure class=\"wp-block-table\"><table><tbody><tr><td>Modelo<\/td><td>Tamanho m\u00e1ximo da sa\u00edda (cm)<\/td><td>Capacidade<\/td><td>Pot\u00eancia (kw)<\/td><td>Dimens\u00f5es (lxwxh)<\/td><td>Peso (kg)<\/td><\/tr><tr><td>90<\/td><td>7<\/td><td>200-400kg\/h<\/td><td>1,5-2,2kw<\/td><td>1260x400x800cm(h)<\/td><td>140<\/td><\/tr><\/tbody><\/table><\/figure>","protected":false},"excerpt":{"rendered":"<p>Pre\u00e7o de f\u00e1brica por atacado mini m\u00e1quina de moagem pug para argila cer\u00e2mica. Utiliza tecnologia de v\u00e1cuo, a plasticidade da argila processada \u00e9 forte, adequada para casa DIY ou oficina de cer\u00e2mica.<\/p>\n<h2>Solu\u00e7\u00e3o \u00fanica para p<strong>m\u00e1quina de moagem ug<\/strong>:<\/h2>\n<ol>\n<li>\n<p>Pre\u00e7o de f\u00e1brica: Somos fabricantes de m\u00e1quinas de cer\u00e2mica, fornecendo m\u00e1quina de fazer argila cer\u00e2mica com boa rela\u00e7\u00e3o custo-benef\u00edcio, entre em contato conosco para obter o pre\u00e7o de f\u00e1brica.<\/p>\n<\/li>\n<li>\n<p>Suporte t\u00e9cnico: Fornecer orienta\u00e7\u00e3o e assist\u00eancia t\u00e9cnica profissional, com guias em v\u00eddeo para garantir uma utiliza\u00e7\u00e3o r\u00e1pida do produto<\/p>\n<\/li>\n<li>\n<p>Pe\u00e7as de substitui\u00e7\u00e3o: Fornecimento de uma gama de pe\u00e7as sobresselentes originais.<\/p>\n<\/li>\n<li>\n<p>Apoio p\u00f3s-venda: Ajuda online 24 horas por dia para garantir que est\u00e1 satisfeito com a m\u00e1quina de moagem pug e que esta \u00e9 utilizada sem problemas na sua linha de produ\u00e7\u00e3o.<\/p>\n<\/li>\n<\/ol>","protected":false},"featured_media":3841,"template":"","meta":{"_acf_changed":false},"product_brand":[],"product_cat":[54],"product_tag":[81],"class_list":{"0":"post-3821","1":"product","2":"type-product","3":"status-publish","4":"has-post-thumbnail","6":"product_cat-clay-making-machine","7":"product_tag-pug-mill","9":"first","10":"instock","11":"shipping-taxable","12":"product-type-simple"},"acf":{"customization_content":"<h2><\/h2>\r\n<div><\/div>","customization_content_source":{"label":"Customization Content","type":"wysiwyg","formatted_value":"<h2><\/h2>\n<div><\/div>\n"},"why_choose_us_content":"<h2 style=\"text-align: center;\">Why Choose Us as Your <strong>Pug Mill Machine<\/strong> Supplier<\/h2>\r\n\r\n<hr \/>\r\n<p style=\"text-align: center;\">Yutai as a ceramic tableware manufacturer, maintains strict quality standards and excellent service. Revolutionize your manufacturing processes with cutting-edge automation technology that streamlines forming and enhances efficiency.<\/p>","why_choose_us_content_source":{"label":"Why Choose Us Content","type":"wysiwyg","formatted_value":"<h2 style=\"text-align: center;\">Why Choose Us as Your <strong>Pug Mill Machine<\/strong> Supplier<\/h2>\n<hr \/>\n<p style=\"text-align: center;\">Yutai as a ceramic tableware manufacturer, maintains strict quality standards and excellent service. Revolutionize your manufacturing processes with cutting-edge automation technology that streamlines forming and enhances efficiency.<\/p>\n"}},"_links":{"self":[{"href":"https:\/\/yutaimachinery.com\/pt\/wp-json\/wp\/v2\/product\/3821","targetHints":{"allow":["GET"]}}],"collection":[{"href":"https:\/\/yutaimachinery.com\/pt\/wp-json\/wp\/v2\/product"}],"about":[{"href":"https:\/\/yutaimachinery.com\/pt\/wp-json\/wp\/v2\/types\/product"}],"version-history":[{"count":0,"href":"https:\/\/yutaimachinery.com\/pt\/wp-json\/wp\/v2\/product\/3821\/revisions"}],"wp:featuredmedia":[{"embeddable":true,"href":"https:\/\/yutaimachinery.com\/pt\/wp-json\/wp\/v2\/media\/3841"}],"wp:attachment":[{"href":"https:\/\/yutaimachinery.com\/pt\/wp-json\/wp\/v2\/media?parent=3821"}],"wp:term":[{"taxonomy":"product_brand","embeddable":true,"href":"https:\/\/yutaimachinery.com\/pt\/wp-json\/wp\/v2\/product_brand?post=3821"},{"taxonomy":"product_cat","embeddable":true,"href":"https:\/\/yutaimachinery.com\/pt\/wp-json\/wp\/v2\/product_cat?post=3821"},{"taxonomy":"product_tag","embeddable":true,"href":"https:\/\/yutaimachinery.com\/pt\/wp-json\/wp\/v2\/product_tag?post=3821"}],"curies":[{"name":"wp","href":"https:\/\/api.w.org\/{rel}","templated":true}]}}