{"id":3820,"date":"2024-04-16T14:47:13","date_gmt":"2024-04-16T06:47:13","guid":{"rendered":"https:\/\/yutaimachinery.com\/?post_type=product&#038;p=3820"},"modified":"2024-04-16T16:28:56","modified_gmt":"2024-04-16T08:28:56","slug":"bomba-de-pistao","status":"publish","type":"product","link":"https:\/\/yutaimachinery.com\/pt\/product\/piston-pump\/","title":{"rendered":"Bomba de pist\u00e3o hidr\u00e1ulica de alta press\u00e3o de carneiro duplo para transfer\u00eancia de argila"},"content":{"rendered":"<div class=\"wp-block-columns is-layout-flex wp-container-core-columns-is-layout-9d6595d7 wp-block-columns-is-layout-flex\">\n<div class=\"wp-block-column is-layout-flow wp-block-column-is-layout-flow\" style=\"flex-basis:45%\">\n<figure class=\"wp-block-image size-full is-resized\"><img fetchpriority=\"high\" decoding=\"async\" width=\"1080\" height=\"1080\" src=\"https:\/\/yutaimachinery.com\/wp-content\/uploads\/2024\/04\/piston-pump2.jpeg\" alt=\"bomba de pist\u00e3o\" class=\"wp-image-3824\" style=\"width:374px;height:auto\" title=\"\" srcset=\"https:\/\/yutaimachinery.com\/wp-content\/uploads\/2024\/04\/piston-pump2.jpeg 1080w, https:\/\/yutaimachinery.com\/wp-content\/uploads\/2024\/04\/piston-pump2-300x300.jpeg 300w, https:\/\/yutaimachinery.com\/wp-content\/uploads\/2024\/04\/piston-pump2-150x150.jpeg 150w, https:\/\/yutaimachinery.com\/wp-content\/uploads\/2024\/04\/piston-pump2-768x768.jpeg 768w, https:\/\/yutaimachinery.com\/wp-content\/uploads\/2024\/04\/piston-pump2-285x285.jpeg 285w, https:\/\/yutaimachinery.com\/wp-content\/uploads\/2024\/04\/piston-pump2-270x270.jpeg 270w, https:\/\/yutaimachinery.com\/wp-content\/uploads\/2024\/04\/piston-pump2-540x540.jpeg 540w, https:\/\/yutaimachinery.com\/wp-content\/uploads\/2024\/04\/piston-pump2-660x660.jpeg 660w\" sizes=\"(max-width: 1080px) 100vw, 1080px\" \/><\/figure>\n<\/div>\n\n\n\n<div class=\"wp-block-column is-layout-flow wp-block-column-is-layout-flow\">\n<h2 class=\"wp-block-heading\"><strong>Bomba de pist\u00e3o <strong>Caracter\u00edsticas<\/strong><\/strong>:<\/h2>\n\n\n\n<p>A bomba de pist\u00e3o \u00e9 utilizada principalmente para a entrega do reboco de argila ao filtro prensa. Baixo e uniforme teor de \u00e1gua. A bomba \u00e9 acionada hidraulicamente, est\u00e1vel e confi\u00e1vel para operar, com pequeno ru\u00eddo, alta press\u00e3o e pequena flutua\u00e7\u00e3o de press\u00e3o de lama.<\/p>\n\n\n\n<h2 class=\"wp-block-heading\"><strong><strong>Bomba de pist\u00e3o Par\u00e2metro<\/strong>:<\/strong><\/h2>\n\n\n\n<figure class=\"wp-block-table\"><table><tbody><tr><td>Modelo<\/td><td>140<\/td><td>200<\/td><\/tr><tr><td>Max.Mpa<\/td><td>2,5 mpa<\/td><td>2,5 mpa<\/td><\/tr><tr><td>Dia do pist\u00e3o<\/td><td>140 mm<\/td><td>180 mm<\/td><\/tr><tr><td>Pot\u00eancia (kw)<\/td><td>11kw\/380v<\/td><td>18,5kw\/380v<\/td><\/tr><tr><td>Dimens\u00e3o (lxwxh)<\/td><td>195x115x180cm(h)<\/td><td>170x120x190cm(h)<\/td><\/tr><tr><td>Peso (kg)<\/td><td>1300<\/td><td>1500<\/td><\/tr><\/tbody><\/table><\/figure>\n<\/div>\n<\/div>","protected":false},"excerpt":{"rendered":"<p>Bomba de pist\u00e3o hidr\u00e1ulica por atacado, transporta o gesso de argila para o filtro prensa com estabilidade, garantindo um baixo teor de \u00e1gua e um funcionamento fi\u00e1vel.<\/p>\n<h2>Solu\u00e7\u00e3o \u00fanica para bomba de pist\u00e3o:<\/h2>\n<ol>\n<li>\n<p>Solu\u00e7\u00e3o de layout de f\u00e1brica: De acordo com o espa\u00e7o da f\u00e1brica e o plano de produ\u00e7\u00e3o, fornecer sugest\u00f5es profissionais de layout de m\u00e1quinas de cer\u00e2mica.<\/p>\n<\/li>\n<li>\n<p>Suporte t\u00e9cnico: Fornecer orienta\u00e7\u00e3o e assist\u00eancia t\u00e9cnica profissional, com guias em v\u00eddeo para garantir uma utiliza\u00e7\u00e3o r\u00e1pida do produto<\/p>\n<\/li>\n<li>\n<p>Pe\u00e7as de substitui\u00e7\u00e3o: Fornecimento de uma gama de pe\u00e7as sobresselentes originais.<\/p>\n<\/li>\n<li>\n<p>Apoio p\u00f3s-venda: Ajuda em linha 24 horas por dia para garantir que est\u00e1 satisfeito com a bomba de pist\u00e3o e que esta \u00e9 utilizada sem problemas na sua linha de produ\u00e7\u00e3o.<\/p>\n<\/li>\n<\/ol>","protected":false},"featured_media":3822,"template":"","meta":{"_acf_changed":false},"product_brand":[],"product_cat":[54],"product_tag":[],"class_list":{"0":"post-3820","1":"product","2":"type-product","3":"status-publish","4":"has-post-thumbnail","6":"product_cat-clay-making-machine","8":"first","9":"instock","10":"shipping-taxable","11":"product-type-simple"},"acf":{"customization_content":"<h2><\/h2>\r\n<div><\/div>","customization_content_source":{"label":"Customization Content","type":"wysiwyg","formatted_value":"<h2><\/h2>\n<div><\/div>\n"},"why_choose_us_content":"<h2 style=\"text-align: center;\">Why Choose Us as Your Piston Pump Supplier<\/h2>\r\n\r\n<hr \/>\r\n<p style=\"text-align: center;\">Yutai as a ceramic tableware manufacturer, maintains strict quality standards and excellent service. Revolutionize your manufacturing processes with cutting-edge automation technology that streamlines forming and enhances efficiency.<\/p>","why_choose_us_content_source":{"label":"Why Choose Us Content","type":"wysiwyg","formatted_value":"<h2 style=\"text-align: center;\">Why Choose Us as Your Piston Pump Supplier<\/h2>\n<hr \/>\n<p style=\"text-align: center;\">Yutai as a ceramic tableware manufacturer, maintains strict quality standards and excellent service. Revolutionize your manufacturing processes with cutting-edge automation technology that streamlines forming and enhances efficiency.<\/p>\n"}},"_links":{"self":[{"href":"https:\/\/yutaimachinery.com\/pt\/wp-json\/wp\/v2\/product\/3820","targetHints":{"allow":["GET"]}}],"collection":[{"href":"https:\/\/yutaimachinery.com\/pt\/wp-json\/wp\/v2\/product"}],"about":[{"href":"https:\/\/yutaimachinery.com\/pt\/wp-json\/wp\/v2\/types\/product"}],"version-history":[{"count":0,"href":"https:\/\/yutaimachinery.com\/pt\/wp-json\/wp\/v2\/product\/3820\/revisions"}],"wp:featuredmedia":[{"embeddable":true,"href":"https:\/\/yutaimachinery.com\/pt\/wp-json\/wp\/v2\/media\/3822"}],"wp:attachment":[{"href":"https:\/\/yutaimachinery.com\/pt\/wp-json\/wp\/v2\/media?parent=3820"}],"wp:term":[{"taxonomy":"product_brand","embeddable":true,"href":"https:\/\/yutaimachinery.com\/pt\/wp-json\/wp\/v2\/product_brand?post=3820"},{"taxonomy":"product_cat","embeddable":true,"href":"https:\/\/yutaimachinery.com\/pt\/wp-json\/wp\/v2\/product_cat?post=3820"},{"taxonomy":"product_tag","embeddable":true,"href":"https:\/\/yutaimachinery.com\/pt\/wp-json\/wp\/v2\/product_tag?post=3820"}],"curies":[{"name":"wp","href":"https:\/\/api.w.org\/{rel}","templated":true}]}}