{"id":3791,"date":"2024-04-16T11:00:59","date_gmt":"2024-04-16T03:00:59","guid":{"rendered":"https:\/\/yutaimachinery.com\/?post_type=product&#038;p=3791"},"modified":"2024-04-16T11:56:42","modified_gmt":"2024-04-16T03:56:42","slug":"maquina-de-remocao-de-ferro-2","status":"publish","type":"product","link":"https:\/\/yutaimachinery.com\/pt\/product\/iron-removal-machine\/","title":{"rendered":"Pre\u00e7o de F\u00e1brica M\u00e1quina de remo\u00e7\u00e3o de ferro magn\u00e9tica el\u00e9ctrica h\u00famida"},"content":{"rendered":"<h2 class=\"wp-block-heading\"><strong>M\u00e1quina de remo\u00e7\u00e3o de ferro Par\u00e2metro:<\/strong><\/h2>\n\n\n\n<figure class=\"wp-block-table\"><table><tbody><tr><td>Modelo<\/td><td>Densidade do fluxo<\/td><td>Capacidade<\/td><td>Peso (kg)<\/td><\/tr><tr><td>173<\/td><td>2.5t<\/td><td>3-7t\/h<\/td><td>450<\/td><\/tr><tr><td>160<\/td><td>2.5t<\/td><td>2-4t\/h<\/td><td>400<\/td><\/tr><tr><td>100<\/td><td>2.5t<\/td><td>1-2t\/h<\/td><td>350<\/td><\/tr><\/tbody><\/table><\/figure>\n\n\n\n<div class=\"wp-block-columns is-layout-flex wp-container-core-columns-is-layout-9d6595d7 wp-block-columns-is-layout-flex\">\n<div class=\"wp-block-column is-layout-flow wp-block-column-is-layout-flow\">\n<figure class=\"wp-block-image size-full\"><img fetchpriority=\"high\" decoding=\"async\" width=\"1080\" height=\"1080\" src=\"https:\/\/yutaimachinery.com\/wp-content\/uploads\/2024\/04\/iron-removal-machine.webp\" alt=\"m\u00e1quina de remo\u00e7\u00e3o de ferro\" class=\"wp-image-3792\" title=\"\" srcset=\"https:\/\/yutaimachinery.com\/wp-content\/uploads\/2024\/04\/iron-removal-machine.webp 1080w, https:\/\/yutaimachinery.com\/wp-content\/uploads\/2024\/04\/iron-removal-machine-300x300.webp 300w, https:\/\/yutaimachinery.com\/wp-content\/uploads\/2024\/04\/iron-removal-machine-150x150.webp 150w, https:\/\/yutaimachinery.com\/wp-content\/uploads\/2024\/04\/iron-removal-machine-768x768.webp 768w, https:\/\/yutaimachinery.com\/wp-content\/uploads\/2024\/04\/iron-removal-machine-285x285.webp 285w, https:\/\/yutaimachinery.com\/wp-content\/uploads\/2024\/04\/iron-removal-machine-270x270.webp 270w, https:\/\/yutaimachinery.com\/wp-content\/uploads\/2024\/04\/iron-removal-machine-540x540.webp 540w, https:\/\/yutaimachinery.com\/wp-content\/uploads\/2024\/04\/iron-removal-machine-660x660.webp 660w\" sizes=\"(max-width: 1080px) 100vw, 1080px\" \/><\/figure>\n<\/div>\n\n\n\n<div class=\"wp-block-column is-layout-flow wp-block-column-is-layout-flow\">\n<figure class=\"wp-block-image size-full\"><img decoding=\"async\" width=\"1080\" height=\"1080\" src=\"https:\/\/yutaimachinery.com\/wp-content\/uploads\/2024\/04\/iron-removal-machine3.webp\" alt=\"m\u00e1quina de remo\u00e7\u00e3o de ferro\" class=\"wp-image-3794\" title=\"\" srcset=\"https:\/\/yutaimachinery.com\/wp-content\/uploads\/2024\/04\/iron-removal-machine3.webp 1080w, https:\/\/yutaimachinery.com\/wp-content\/uploads\/2024\/04\/iron-removal-machine3-300x300.webp 300w, https:\/\/yutaimachinery.com\/wp-content\/uploads\/2024\/04\/iron-removal-machine3-150x150.webp 150w, https:\/\/yutaimachinery.com\/wp-content\/uploads\/2024\/04\/iron-removal-machine3-768x768.webp 768w, https:\/\/yutaimachinery.com\/wp-content\/uploads\/2024\/04\/iron-removal-machine3-285x285.webp 285w, https:\/\/yutaimachinery.com\/wp-content\/uploads\/2024\/04\/iron-removal-machine3-270x270.webp 270w, https:\/\/yutaimachinery.com\/wp-content\/uploads\/2024\/04\/iron-removal-machine3-540x540.webp 540w, https:\/\/yutaimachinery.com\/wp-content\/uploads\/2024\/04\/iron-removal-machine3-660x660.webp 660w\" sizes=\"(max-width: 1080px) 100vw, 1080px\" \/><\/figure>\n<\/div>\n<\/div>","protected":false},"excerpt":{"rendered":"<p>Vendas directas da f\u00e1brica, distribui\u00e7\u00e3o global. A m\u00e1quina de remo\u00e7\u00e3o de ferro magn\u00e9tico el\u00e9trico h\u00famido remove o ferro das mat\u00e9rias-primas na ind\u00fastria cer\u00e2mica, especialmente para produ\u00e7\u00e3o de pequenos lotes ou utiliza\u00e7\u00e3o em laborat\u00f3rio. F\u00e1cil de limpar e f\u00e1cil de operar.<\/p>\n<h2>Solu\u00e7\u00e3o \u00fanica para m\u00e1quinas de remo\u00e7\u00e3o de ferro:<\/h2>\n<ol>\n<li>\n<p>Solu\u00e7\u00e3o de layout de f\u00e1brica: De acordo com o espa\u00e7o da f\u00e1brica e o plano de produ\u00e7\u00e3o, fornecer sugest\u00f5es profissionais de layout de m\u00e1quinas de cer\u00e2mica.<\/p>\n<\/li>\n<li>\n<p>Suporte t\u00e9cnico: Fornecer orienta\u00e7\u00e3o e assist\u00eancia t\u00e9cnica profissional, com guias em v\u00eddeo para garantir uma utiliza\u00e7\u00e3o r\u00e1pida do produto<\/p>\n<\/li>\n<li>\n<p>Pe\u00e7as de substitui\u00e7\u00e3o: Fornecimento de uma gama de pe\u00e7as sobresselentes originais.<\/p>\n<\/li>\n<li>\n<p>Apoio p\u00f3s-venda: Ajuda online 24 horas por dia para garantir que est\u00e1 satisfeito com a m\u00e1quina de remo\u00e7\u00e3o de ferro e que esta \u00e9 utilizada sem problemas na sua linha de produ\u00e7\u00e3o.<\/p>\n<\/li>\n<\/ol>","protected":false},"featured_media":3792,"template":"","meta":{"_acf_changed":false},"product_brand":[],"product_cat":[54],"product_tag":[],"class_list":{"0":"post-3791","1":"product","2":"type-product","3":"status-publish","4":"has-post-thumbnail","6":"product_cat-clay-making-machine","8":"first","9":"instock","10":"shipping-taxable","11":"product-type-simple"},"acf":{"customization_content":"<h2><\/h2>\r\n<div><\/div>","customization_content_source":{"label":"Customization Content","type":"wysiwyg","formatted_value":"<h2><\/h2>\n<div><\/div>\n"},"why_choose_us_content":"<h2 style=\"text-align: center;\">Why Choose Us as Your Iron Removal Machine Supplier<\/h2>\r\n\r\n<hr \/>\r\n<p style=\"text-align: center;\">Yutai as a ceramic tableware manufacturer, maintains strict quality standards and excellent service. Revolutionize your manufacturing processes with cutting-edge automation technology that streamlines forming and enhances efficiency.<\/p>","why_choose_us_content_source":{"label":"Why Choose Us Content","type":"wysiwyg","formatted_value":"<h2 style=\"text-align: center;\">Why Choose Us as Your Iron Removal Machine Supplier<\/h2>\n<hr \/>\n<p style=\"text-align: center;\">Yutai as a ceramic tableware manufacturer, maintains strict quality standards and excellent service. Revolutionize your manufacturing processes with cutting-edge automation technology that streamlines forming and enhances efficiency.<\/p>\n"}},"_links":{"self":[{"href":"https:\/\/yutaimachinery.com\/pt\/wp-json\/wp\/v2\/product\/3791","targetHints":{"allow":["GET"]}}],"collection":[{"href":"https:\/\/yutaimachinery.com\/pt\/wp-json\/wp\/v2\/product"}],"about":[{"href":"https:\/\/yutaimachinery.com\/pt\/wp-json\/wp\/v2\/types\/product"}],"version-history":[{"count":0,"href":"https:\/\/yutaimachinery.com\/pt\/wp-json\/wp\/v2\/product\/3791\/revisions"}],"wp:featuredmedia":[{"embeddable":true,"href":"https:\/\/yutaimachinery.com\/pt\/wp-json\/wp\/v2\/media\/3792"}],"wp:attachment":[{"href":"https:\/\/yutaimachinery.com\/pt\/wp-json\/wp\/v2\/media?parent=3791"}],"wp:term":[{"taxonomy":"product_brand","embeddable":true,"href":"https:\/\/yutaimachinery.com\/pt\/wp-json\/wp\/v2\/product_brand?post=3791"},{"taxonomy":"product_cat","embeddable":true,"href":"https:\/\/yutaimachinery.com\/pt\/wp-json\/wp\/v2\/product_cat?post=3791"},{"taxonomy":"product_tag","embeddable":true,"href":"https:\/\/yutaimachinery.com\/pt\/wp-json\/wp\/v2\/product_tag?post=3791"}],"curies":[{"name":"wp","href":"https:\/\/api.w.org\/{rel}","templated":true}]}}