{"id":3782,"date":"2024-04-14T23:41:49","date_gmt":"2024-04-14T15:41:49","guid":{"rendered":"https:\/\/yutaimachinery.com\/?post_type=product&#038;p=3782"},"modified":"2024-04-15T00:08:20","modified_gmt":"2024-04-14T16:08:20","slug":"pequeno-forno-de-ceramica","status":"publish","type":"product","link":"https:\/\/yutaimachinery.com\/pt\/product\/small-ceramic-kiln\/","title":{"rendered":"Forno de cer\u00e2mica pequeno personalizado para fabrico de canecas de cer\u00e2mica"},"content":{"rendered":"<div class=\"wp-block-columns is-layout-flex wp-container-core-columns-is-layout-9d6595d7 wp-block-columns-is-layout-flex\">\n<div class=\"wp-block-column is-layout-flow wp-block-column-is-layout-flow\">\n<figure class=\"wp-block-image size-full\"><img fetchpriority=\"high\" decoding=\"async\" width=\"3024\" height=\"3024\" src=\"https:\/\/yutaimachinery.com\/wp-content\/uploads\/2024\/04\/small-ceramic-kiln5.webp\" alt=\"pequeno forno de cer\u00e2mica\" class=\"wp-image-3784\" title=\"\" srcset=\"https:\/\/yutaimachinery.com\/wp-content\/uploads\/2024\/04\/small-ceramic-kiln5.webp 3024w, https:\/\/yutaimachinery.com\/wp-content\/uploads\/2024\/04\/small-ceramic-kiln5-300x300.webp 300w, https:\/\/yutaimachinery.com\/wp-content\/uploads\/2024\/04\/small-ceramic-kiln5-150x150.webp 150w, https:\/\/yutaimachinery.com\/wp-content\/uploads\/2024\/04\/small-ceramic-kiln5-768x768.webp 768w, https:\/\/yutaimachinery.com\/wp-content\/uploads\/2024\/04\/small-ceramic-kiln5-285x285.webp 285w, https:\/\/yutaimachinery.com\/wp-content\/uploads\/2024\/04\/small-ceramic-kiln5-1600x1600.webp 1600w, https:\/\/yutaimachinery.com\/wp-content\/uploads\/2024\/04\/small-ceramic-kiln5-270x270.webp 270w, https:\/\/yutaimachinery.com\/wp-content\/uploads\/2024\/04\/small-ceramic-kiln5-540x540.webp 540w, https:\/\/yutaimachinery.com\/wp-content\/uploads\/2024\/04\/small-ceramic-kiln5-660x660.webp 660w\" sizes=\"(max-width: 3024px) 100vw, 3024px\" \/><\/figure>\n<\/div>\n\n\n\n<div class=\"wp-block-column is-layout-flow wp-block-column-is-layout-flow\">\n<h2 class=\"wp-block-heading\"><strong>Carater\u00edsticas de <\/strong>Forno de cer\u00e2mica pequeno<\/h2>\n\n\n\n<p>A vantagem dos nossos pequenos fornos de cer\u00e2mica \u00e9 o seu design compacto e especifica\u00e7\u00f5es personaliz\u00e1veis, tornando-os adequados para produ\u00e7\u00e3o em pequena escala e utiliza\u00e7\u00e3o em est\u00fadio. Com controlo preciso da temperatura e portas de forno fechadas automaticamente, \u00e9 f\u00e1cil de operar e fi\u00e1vel e dur\u00e1vel. Al\u00e9m disso, \u00e9 adquirido diretamente da f\u00e1brica para garantir a qualidade e pre\u00e7os acess\u00edveis.<\/p>\n<\/div>\n<\/div>\n\n\n\n<div class=\"wp-block-columns is-layout-flex wp-container-core-columns-is-layout-9d6595d7 wp-block-columns-is-layout-flex\">\n<div class=\"wp-block-column is-layout-flow wp-block-column-is-layout-flow\">\n<figure class=\"wp-block-image size-full\"><img decoding=\"async\" width=\"474\" height=\"474\" src=\"https:\/\/yutaimachinery.com\/wp-content\/uploads\/2024\/04\/small-ceramic-kiln6.webp\" alt=\"pequeno forno de cer\u00e2mica\" class=\"wp-image-3783\" title=\"\" srcset=\"https:\/\/yutaimachinery.com\/wp-content\/uploads\/2024\/04\/small-ceramic-kiln6.webp 474w, https:\/\/yutaimachinery.com\/wp-content\/uploads\/2024\/04\/small-ceramic-kiln6-300x300.webp 300w, https:\/\/yutaimachinery.com\/wp-content\/uploads\/2024\/04\/small-ceramic-kiln6-150x150.webp 150w, https:\/\/yutaimachinery.com\/wp-content\/uploads\/2024\/04\/small-ceramic-kiln6-285x285.webp 285w, https:\/\/yutaimachinery.com\/wp-content\/uploads\/2024\/04\/small-ceramic-kiln6-270x270.webp 270w\" sizes=\"(max-width: 474px) 100vw, 474px\" \/><\/figure>\n<\/div>\n\n\n\n<div class=\"wp-block-column is-layout-flow wp-block-column-is-layout-flow\">\n<figure class=\"wp-block-image size-full\"><img decoding=\"async\" width=\"800\" height=\"800\" src=\"https:\/\/yutaimachinery.com\/wp-content\/uploads\/2024\/04\/small-ceramic-kiln.webp\" alt=\"pequeno forno de cer\u00e2mica\" class=\"wp-image-3788\" title=\"\" srcset=\"https:\/\/yutaimachinery.com\/wp-content\/uploads\/2024\/04\/small-ceramic-kiln.webp 800w, https:\/\/yutaimachinery.com\/wp-content\/uploads\/2024\/04\/small-ceramic-kiln-300x300.webp 300w, https:\/\/yutaimachinery.com\/wp-content\/uploads\/2024\/04\/small-ceramic-kiln-150x150.webp 150w, https:\/\/yutaimachinery.com\/wp-content\/uploads\/2024\/04\/small-ceramic-kiln-768x768.webp 768w, https:\/\/yutaimachinery.com\/wp-content\/uploads\/2024\/04\/small-ceramic-kiln-285x285.webp 285w, https:\/\/yutaimachinery.com\/wp-content\/uploads\/2024\/04\/small-ceramic-kiln-270x270.webp 270w, https:\/\/yutaimachinery.com\/wp-content\/uploads\/2024\/04\/small-ceramic-kiln-540x540.webp 540w, https:\/\/yutaimachinery.com\/wp-content\/uploads\/2024\/04\/small-ceramic-kiln-660x660.webp 660w\" sizes=\"(max-width: 800px) 100vw, 800px\" \/><\/figure>\n<\/div>\n<\/div>","protected":false},"excerpt":{"rendered":"<p>Vendas diretas da f\u00e1brica, o pequeno forno de cer\u00e2mica pode ser personalizado de acordo com as especifica\u00e7\u00f5es, adequado para copos de cer\u00e2mica de queima vegetariana. A qualidade e a acessibilidade s\u00e3o garantidas.<\/p>\n<h2>Solu\u00e7\u00e3o \u00fanica para pequenos fornos de cer\u00e2mica:<\/h2>\n<ol>\n<li>\n<p>Solu\u00e7\u00e3o de layout de f\u00e1brica: De acordo com o espa\u00e7o da f\u00e1brica e o plano de produ\u00e7\u00e3o, fornecer sugest\u00f5es profissionais de layout de m\u00e1quinas de cer\u00e2mica.<\/p>\n<\/li>\n<li>\n<p>Suporte t\u00e9cnico: Fornecer orienta\u00e7\u00e3o e assist\u00eancia t\u00e9cnica profissional, com guias em v\u00eddeo para garantir uma utiliza\u00e7\u00e3o r\u00e1pida do produto<\/p>\n<\/li>\n<li>\n<p>Pe\u00e7as de substitui\u00e7\u00e3o: Fornecimento de uma gama de pe\u00e7as sobresselentes originais.<\/p>\n<\/li>\n<li>\n<p>Apoio p\u00f3s-venda: Ajuda online 24 horas por dia para garantir que est\u00e1 satisfeito com o pequeno forno de cer\u00e2mica e que este \u00e9 utilizado sem problemas na sua linha de produ\u00e7\u00e3o.<\/p>\n<\/li>\n<\/ol>","protected":false},"featured_media":3787,"template":"","meta":{"_acf_changed":false},"product_brand":[],"product_cat":[58],"product_tag":[80],"class_list":{"0":"post-3782","1":"product","2":"type-product","3":"status-publish","4":"has-post-thumbnail","6":"product_cat-ceramic-kiln","7":"product_tag-small-ceramic-kiln","9":"first","10":"instock","11":"shipping-taxable","12":"product-type-simple"},"acf":{"customization_content":"<h2><\/h2>\r\n<div><\/div>","customization_content_source":{"label":"Customization Content","type":"wysiwyg","formatted_value":"<h2><\/h2>\n<div><\/div>\n"},"why_choose_us_content":"<h2 style=\"text-align: center;\">Why Choose Us as Your Ceramic Kiln\u00a0Supplier<\/h2>\r\n\r\n<hr \/>\r\n<p style=\"text-align: center;\">Yutai as a ceramic tableware manufacturer, maintains strict quality standards and excellent service. Revolutionize your manufacturing processes with cutting-edge automation technology that streamlines forming and enhances efficiency.<\/p>","why_choose_us_content_source":{"label":"Why Choose Us Content","type":"wysiwyg","formatted_value":"<h2 style=\"text-align: center;\">Why Choose Us as Your Ceramic Kiln\u00a0Supplier<\/h2>\n<hr \/>\n<p style=\"text-align: center;\">Yutai as a ceramic tableware manufacturer, maintains strict quality standards and excellent service. Revolutionize your manufacturing processes with cutting-edge automation technology that streamlines forming and enhances efficiency.<\/p>\n"}},"_links":{"self":[{"href":"https:\/\/yutaimachinery.com\/pt\/wp-json\/wp\/v2\/product\/3782","targetHints":{"allow":["GET"]}}],"collection":[{"href":"https:\/\/yutaimachinery.com\/pt\/wp-json\/wp\/v2\/product"}],"about":[{"href":"https:\/\/yutaimachinery.com\/pt\/wp-json\/wp\/v2\/types\/product"}],"version-history":[{"count":0,"href":"https:\/\/yutaimachinery.com\/pt\/wp-json\/wp\/v2\/product\/3782\/revisions"}],"wp:featuredmedia":[{"embeddable":true,"href":"https:\/\/yutaimachinery.com\/pt\/wp-json\/wp\/v2\/media\/3787"}],"wp:attachment":[{"href":"https:\/\/yutaimachinery.com\/pt\/wp-json\/wp\/v2\/media?parent=3782"}],"wp:term":[{"taxonomy":"product_brand","embeddable":true,"href":"https:\/\/yutaimachinery.com\/pt\/wp-json\/wp\/v2\/product_brand?post=3782"},{"taxonomy":"product_cat","embeddable":true,"href":"https:\/\/yutaimachinery.com\/pt\/wp-json\/wp\/v2\/product_cat?post=3782"},{"taxonomy":"product_tag","embeddable":true,"href":"https:\/\/yutaimachinery.com\/pt\/wp-json\/wp\/v2\/product_tag?post=3782"}],"curies":[{"name":"wp","href":"https:\/\/api.w.org\/{rel}","templated":true}]}}